{"id":217,"date":"2018-04-26T09:05:27","date_gmt":"2018-04-26T02:05:27","guid":{"rendered":"https:\/\/demo.bmconnect.vn\/bienchucdanh\/?post_type=product&#038;p=217"},"modified":"2018-04-26T10:08:39","modified_gmt":"2018-04-26T03:08:39","slug":"the-sinh-vien-05","status":"publish","type":"product","link":"https:\/\/demo.bmconnect.vn\/bienchucdanh\/san-pham\/the-sinh-vien-05\/","title":{"rendered":"Th\u1ebb Sinh Vi\u00ean 05"},"content":{"rendered":"<h4>C\u00f4ng ty TNHH \u0110\u1ea7u t\u01b0 v\u00e0 D\u1ecbch v\u1ee5 \u0110\u1ea1i D\u01b0\u01a1ng Xanh l\u00e0 c\u00f4ng ty chuy\u00ean v\u1ec1 l\u0129nh v\u1ef1c<\/h4>\n<h4>in th\u1ebb nh\u1ef1a, th\u1ebb nh\u00e2n vi\u00ean, th\u1ebb thay t\u00ean nh\u00e2n vi\u00ean, th\u1ebb VIP, th\u1ebb nh\u00e2n vi\u00ean b\u1eb1ng nh\u1ef1a, th\u1ebb<\/h4>\n<h4>sinh vi\u00ean, th\u1ebb h\u1ed9i vi\u00ean, th\u1ebb kh\u00e1ch h\u00e0ng, th\u1ebb ra v\u00e0o,bi\u1ec3n t\u00ean nh\u00e2n vi\u00ean \u2026<\/h4>\n<h4>-Th\u1ebb sinh vi\u00ean, th\u1ebb h\u1ecdc sinh nh\u1ef1a PVC, m\u1eabu th\u1ebb sinh vi\u00ean, h\u1ecdc sinh \u0111\u01b0\u1ee3c s\u1ea3n xu\u1ea5t c\u00f4ng ngh\u1ec7 \u00e9p<\/h4>\n<h4>cao t\u1ea7n,<\/h4>\n<h4>-Thi\u1ebft k\u1ebf th\u1ebb sinh vi\u00ean, h\u1ecdc sinh ph\u00f9 h\u1ee3p v\u1edbi m\u00f4i tr\u01b0\u1eddng gi\u00e1o d\u1ee5c, gi\u00fap nh\u00e0 tr\u01b0\u1eddng c\u00f3 th\u1ec3 nh\u1eadn di\u1ec7n sinh vi\u00ean, h\u1ecdc sinh tr\u01b0\u1eddng m\u00ecnh m\u1ed9t c\u00e1ch d\u1ec5 d\u00e0ng h\u01a1n<\/h4>\n<h4>-Ch\u00fang t\u00f4i lu\u00f4n cung c\u1ea5p cho nh\u00e0 tr\u01b0\u1eddng nh\u1eefng chi\u1ebfc th\u1ebb sinh vi\u00ean, h\u1ecdc sinh nh\u1eefng chi\u1ebfc th\u1ebb tinh x\u1ea3o v\u00e0<\/h4>\n<h4>\u1ea5n t\u01b0\u1ee3ng nh\u1ea5t. Kh\u00f4ng ch\u1ec9 l\u00e0 m\u1ed9t chi\u1ebfc th\u1ebb sinh vi\u00ean, h\u1ecdc sinh \u0111\u01a1n thu\u1ea7n m\u00e0 c\u00f2n l\u00e0 m\u1ed9t ngh\u1ec7 thu\u1eadt<\/h4>\n<h4>ri\u00eang bi\u1ec7t cho qu\u00fd nh\u00e0 tr\u01b0\u1eddng, l\u00e0 s\u1ef1 t\u00e2m huy\u1ebft v\u00e0 t\u1ec9 m\u1ec9 trong t\u1eebng s\u1ea3n ph\u1ea9m. S\u1ea3n ph\u1ea9m \u0111\u01b0\u1ee3c s\u1ea3n xu\u1ea5t \u0111\u1ed3ng<\/h4>\n<h4>b\u1ed9 v\u1edbi thi\u1ebft k\u1ebf ho\u00e0n m\u1ef9 nh\u1ea5t s\u1ebd g\u00f3p ph\u1ea7n l\u00e0m n\u00ean b\u1ed9 m\u1eb7t c\u1ee7a nh\u00e0 tr\u01b0\u1eddng<\/h4>\n<figure id=\"attachment_2334\" class=\"thumbnail wp-caption aligncenter\"><a href=\"http:\/\/www.bienchucdanh.vn\/san-pham\/the-sinh-vien-05\/the-nhua\/\" rel=\"attachment wp-att-2334\"><img loading=\"lazy\" class=\"size-large wp-image-2334\" src=\"http:\/\/www.bienchucdanh.vn\/wp-content\/uploads\/2017\/05\/the-nhua-247x400.jpg\" sizes=\"(max-width: 247px) 100vw, 247px\" srcset=\"http:\/\/www.bienchucdanh.vn\/wp-content\/uploads\/2017\/05\/the-nhua.jpg 247w, http:\/\/www.bienchucdanh.vn\/wp-content\/uploads\/2017\/05\/the-nhua-154x250.jpg 154w\" alt=\"th\u1ebb nh\u1ef1a\" width=\"247\" height=\"400\" \/><\/a><figcaption class=\"caption wp-caption-text\">th\u1ebb nh\u1ef1a<\/figcaption><\/figure>\n<h4><\/h4>\n<h4>Gi\u1edbi thi\u1ec7u v\u1ec1 tr\u01b0\u1eddng Cao \u0110\u1eb3ng Ngh\u1ec1 C\u01a1 Kh\u00ed N\u00f4ng Nghi\u1ec7p<\/h4>\n<h4>\u2013 V\u1edbi truy\u1ec1n th\u1ed1ng g\u1ea7n 50 n\u0103m x\u00e2y d\u1ef1ng v\u00e0 ph\u00e1t tri\u1ec3n, Tr\u01b0\u1eddng \u0111\u00e3 x\u00e2y d\u1ef1ng \u0111\u01b0\u1ee3c \u0111\u1ed9i ng\u0169 gi\u00e1o vi\u00ean \u0111o\u00e0n k\u1ebft m\u1ed9t l\u00f2ng, c\u00f3 ki\u1ebfn th\u1ee9c, c\u00f3 tay ngh\u1ec1 cao, lu\u00f4n lu\u00f4n \u0111\u1ed5i m\u1edbi v\u00e0 t\u00e2m huy\u1ebft v\u1edbi ngh\u1ec1. \u0110\u00e3 \u0111\u00e0o t\u1ea1o \u0111\u01b0\u1ee3c nhi\u1ec1u th\u1ebf h\u1ec7 HSSV v\u1edbi nh\u1eefng ki\u1ebfn th\u1ee9c v\u00e0 k\u1ef9 n\u0103ng c\u1ea7n thi\u1ebft \u0111\u1ec3 kh\u1eb3ng \u0111\u1ecbnh \u0111\u01b0\u1ee3c m\u00ecnh. X\u00e2y d\u1ef1ng \u0111\u01b0\u1ee3c th\u01b0\u01a1ng hi\u1ec7u c\u1ee7a Tr\u01b0\u1eddng v\u00e0 lu\u00f4n c\u00f3 v\u1ecb th\u1ebf x\u1ee9ng \u0111\u00e1ng trong ng\u00e0nh N\u00f4ng nghi\u1ec7p &amp; PTNT, t\u1ec9nh V\u0129nh Ph\u00fac v\u00e0 khu v\u1ef1c.<\/h4>\n<h4>Tr\u01b0\u1eddng \u0111\u00e3 t\u1ea1o l\u1eadp \u0111\u01b0\u1ee3c kh\u00f4ng gian v\u0103n h\u00f3a ri\u00eang \u0111\u1ea3m b\u1ea3o \u0111i\u1ec1u ki\u1ec7n t\u1ed1t nh\u1ea5t \u0111\u1ec3 c\u00e1n b\u1ed9 gi\u00e1o vi\u00ean ph\u00e1t huy h\u1ebft n\u1ed9i l\u1ef1c v\u00e0 c\u1ed1ng hi\u1ebfn cho s\u1ef1 nghi\u1ec7p chung c\u1ee7a tr\u01b0\u1eddng<\/h4>\n<h4>M\u1ecdi ch\u1ecb ti\u1ebft v\u1ec1 s\u1ea3n ph\u1ea9m xin vui l\u00f2ng li\u00ean h\u1ec7 :<\/h4>\n<h4>Mr Tr\u01b0\u1eddng<\/h4>\n<h4>Mobile:\u00a00965.558.728<\/h4>\n<h4>C\u00f4ng ty TNHH \u0110\u1ea7u t\u01b0 v\u00e0 D\u1ecbch v\u1ee5 \u0110\u1ea1i D\u01b0\u01a1ng Xanh<\/h4>\n<h4>\u0110C: s\u1ed1 14 ng\u00e1ch 83\/51\/27, ng\u00f5 83, \u0111\u01b0\u1eddng T\u00e2n Tri\u1ec1u, x\u00e3 T\u00e2n Tri\u1ec1u, huy\u1ec7n Thanh Tr\u00ec, TP. H\u00e0 N\u1ed9i<\/h4>\n<h4>VP: S\u1ed1 1 ngh\u00e1ch 2 ng\u00f5 277 V\u0169 T\u00f4ng Phan, Kh\u01b0\u01a1ng \u0110\u00ecnh, Thanh Xu\u00e2n, H\u00e0 N\u1ed9i<\/h4>\n<h4>MST: 0106665244<\/h4>\n<h4>TK: 0741100430002 \u2013 T\u1ea1i ng\u00e2n h\u00e0ng TMCP Qu\u00e2n \u0111\u1ed9i \u2013 CN Th\u0103ng Long<\/h4>\n","protected":false},"excerpt":{"rendered":"<h3>Th\u00f4ng tin v\u1ec1\u00a0th\u1ebb sinh vi\u00ean<\/h3>\n<h3>\u2013 Ch\u1ea5t li\u1ec7u:\u00a0nh\u1ef1a pvc<\/h3>\n<h3>\u2013 C\u00f4ng ngh\u1ec7 in: in tr\u1ef1c ti\u1ebfp tr\u00ean nh\u1ef1a pvc \u00e9p 4 l\u1edbp cao t\u1ea7ng<\/h3>\n<h3>\u2013 K\u00edch th\u01b0\u1edbc:\u00a086\u00d754 (mm)<\/h3>\n","protected":false},"featured_media":218,"comment_status":"open","ping_status":"closed","template":"","meta":[],"product_cat":[20],"product_tag":[],"_links":{"self":[{"href":"https:\/\/demo.bmconnect.vn\/bienchucdanh\/wp-json\/wp\/v2\/product\/217"}],"collection":[{"href":"https:\/\/demo.bmconnect.vn\/bienchucdanh\/wp-json\/wp\/v2\/product"}],"about":[{"href":"https:\/\/demo.bmconnect.vn\/bienchucdanh\/wp-json\/wp\/v2\/types\/product"}],"replies":[{"embeddable":true,"href":"https:\/\/demo.bmconnect.vn\/bienchucdanh\/wp-json\/wp\/v2\/comments?post=217"}],"wp:featuredmedia":[{"embeddable":true,"href":"https:\/\/demo.bmconnect.vn\/bienchucdanh\/wp-json\/wp\/v2\/media\/218"}],"wp:attachment":[{"href":"https:\/\/demo.bmconnect.vn\/bienchucdanh\/wp-json\/wp\/v2\/media?parent=217"}],"wp:term":[{"taxonomy":"product_cat","embeddable":true,"href":"https:\/\/demo.bmconnect.vn\/bienchucdanh\/wp-json\/wp\/v2\/product_cat?post=217"},{"taxonomy":"product_tag","embeddable":true,"href":"https:\/\/demo.bmconnect.vn\/bienchucdanh\/wp-json\/wp\/v2\/product_tag?post=217"}],"curies":[{"name":"wp","href":"https:\/\/api.w.org\/{rel}","templated":true}]}}