{"id":215,"date":"2018-04-26T09:04:38","date_gmt":"2018-04-26T02:04:38","guid":{"rendered":"https:\/\/demo.bmconnect.vn\/bienchucdanh\/?post_type=product&#038;p=215"},"modified":"2018-04-26T10:08:21","modified_gmt":"2018-04-26T03:08:21","slug":"the-sinh-vien-06","status":"publish","type":"product","link":"https:\/\/demo.bmconnect.vn\/bienchucdanh\/san-pham\/the-sinh-vien-06\/","title":{"rendered":"Th\u1ebb Sinh Vi\u00ean 06"},"content":{"rendered":"<h4>C\u00f4ng ty TNHH Th\u01b0\u01a1ng m\u1ea1i v\u00e0 D\u1ecbch v\u1ee5 \u0110\u1ea1i D\u01b0\u01a1ng Xanh r\u1ea5t hoan ngh\u00eanh b\u1ea1n \u0111\u00e3 truy c\u1eadp v\u00e0o bienchucdanh.vn<\/h4>\n<h4>\u0110\u1ea1i D\u01b0\u01a1ng Xanh l\u00e0 c\u00f4ng ty chuy\u00ean in \u1ea5n, thi\u1ebft k\u1ebf b\u1ed9 nh\u1eadn di\u1ec7n th\u01b0\u01a1ng hi\u1ec7u. Ch\u00fang t\u00f4i tr\u1ef1c ti\u1ebfp s\u1ea3n xu\u1ea5t th\u1ebb nh\u00e2n vi\u00ean, th\u1ebb h\u1ecdc sinh, th\u1ebb sinh vi\u00ean\u2026vv. T\u1eadn d\u1ee5ng nh\u1eefng l\u1ee3i th\u1ebf s\u1eb5n c\u00f3 v\u1ec1 c\u00f4ng ngh\u1ec7 in h\u00e0ng \u0111\u1ea7u hi\u1ec7n nay v\u00e0 \u0111\u1ed9i ng\u0169 designer chuy\u00ean nghi\u1ec7p, ch\u00fang t\u00f4i cam k\u1ebft s\u1ebd mang t\u1edbi cho qu\u00fd kh\u00e1ch nh\u1eefng m\u1eabu thi\u1ebft k\u1ebf \u0111\u1eb9p nh\u1ea5t, ch\u1ea5t l\u01b0\u1ee3ng t\u1ed1t nh\u1ea5t, ki\u1ec3u d\u00e1ng ph\u00f9 h\u1ee3p nh\u1ea5t cho \u0111\u01a1n v\u1ecb m\u00ecnh<\/h4>\n<figure id=\"attachment_2338\" class=\"thumbnail wp-caption aligncenter\"><a href=\"http:\/\/www.bienchucdanh.vn\/san-pham\/mau-the-sinh-vien-06\/01-1-533x400\/\" rel=\"attachment wp-att-2338\"><img loading=\"lazy\" class=\"size-large wp-image-2338\" src=\"http:\/\/www.bienchucdanh.vn\/wp-content\/uploads\/2017\/05\/01-1-533x400-1-533x400.jpg\" sizes=\"(max-width: 533px) 100vw, 533px\" srcset=\"http:\/\/www.bienchucdanh.vn\/wp-content\/uploads\/2017\/05\/01-1-533x400-1.jpg 533w, http:\/\/www.bienchucdanh.vn\/wp-content\/uploads\/2017\/05\/01-1-533x400-1-333x250.jpg 333w\" alt=\"th\u1ebb sinh vi\u00ean\" width=\"533\" height=\"400\" \/><\/a><figcaption class=\"caption wp-caption-text\">Th\u1ebb sinh vi\u00ean<\/figcaption><\/figure>\n<h4>M\u00f4 t\u1ea3 th\u1ebb sinh vi\u00ean\u00a0:<\/h4>\n<h4>\u0110\u01b0\u1ee3c in tr\u1ef1c ti\u1ebfp tr\u00ean gi\u1ea5y nh\u1ef1a pvc<\/p>\n<p>B\u1ec1 m\u1eb7t ph\u1ee7 l\u1edbp b\u00eca nh\u1ef1a b\u00f3ng<\/p>\n<p>K\u00edch th\u01b0\u1edbc 86\u00d754 (mm)<\/p>\n<p>C\u00f3 th\u1ec3 in hai m\u1eb7t<\/p>\n<p>Ch\u1ea5t li\u1ec7u ph\u00f4i th\u1ebb sinh\u00a0vi\u00ean :<\/h4>\n<h4>Ph\u00f4i nh\u1ef1a pvc<\/p>\n<p>\u0110\u1eb7c \u0111i\u1ec3m n\u1ed5i b\u1eadt th\u1ebb\u00a0sinh\u00a0vi\u00ean :<\/h4>\n<h4>C\u00f3 th\u1ec3 in nhi\u1ec1u m\u00e0u<\/p>\n<p>C\u00f3 th\u1ec3 in m\u00e3 v\u1ea1ch<\/p>\n<p>\u0110\u1ed9 b\u1ec1n cao<\/p>\n<p>Gi\u00fap \u0111\u01a1n v\u1ecb\u00a0di\u1ec7n d\u1ec5 d\u00e0ng\u00a0qu\u1ea3n l\u00fd sinh vi\u00ean<\/p>\n<p>V\u1edbi \u0111\u1ed9i ng\u0169 thi\u1ebft k\u1ebf chuy\u00ean nghi\u1ec7p v\u00e0 d\u00e0y d\u1eb7n kinh nghi\u1ec7m l\u00e0m vi\u1ec7c, \u0110\u1ea1i D\u01b0\u01a1ng<\/h4>\n<h4>Xanh t\u1ef1 h\u00e0o l\u00e0 \u0111\u01a1n v\u1ecb s\u1ea3n xu\u1ea5t v\u00e0 ph\u00e2n ph\u1ed1i th\u1ebb sinh\u00a0vi\u00ean h\u00e0ng \u0111\u1ea7u c\u1ea3 n\u01b0\u1edbc<\/h4>\n<h4>Ch\u00fang t\u00f4i cam k\u1ebft s\u1ebd mang t\u1edbi cho qu\u00fd \u0111\u01a1n v\u1ecb\u00a0nh\u1eefng m\u1eabu thi\u1ebft k\u1ebf \u0111\u1eb9p nh\u1ea5t, ki\u1ec3u d\u00e1ng<\/h4>\n<h4>ph\u00f9 h\u1ee3p nh\u1ea5t cho \u0111\u01a1n v\u1ecb m\u00ecnh.<\/h4>\n<h4>M\u1ecdi ch\u1ecb ti\u1ebft v\u1ec1 s\u1ea3n ph\u1ea9m xin vui l\u00f2ng li\u00ean h\u1ec7 :<\/h4>\n<h4>C\u00f4ng ty TNHH \u0110\u1ea7u t\u01b0 v\u00e0 D\u1ecbch v\u1ee5 \u0110\u1ea1i D\u01b0\u01a1ng Xanh<\/h4>\n<h4><\/h4>\n<h4>\u0110C: s\u1ed1 14 ng\u00e1ch 83\/51\/27, ng\u00f5 83, \u0111\u01b0\u1eddng T\u00e2n Tri\u1ec1u, x\u00e3 T\u00e2n Tri\u1ec1u, huy\u1ec7n Thanh Tr\u00ec, TP. H\u00e0<\/h4>\n<h4>N\u1ed9i<\/h4>\n<h4>VP: S\u1ed1 1 ng\u00e1ch 2 ng\u00f5 277 V\u0169 T\u00f4ng Phan, Kh\u01b0\u01a1ng \u0110\u00ecnh, Thanh Xu\u00e2n, H\u00e0 N\u1ed9i<\/h4>\n<h4>MST: 0106665244<\/h4>\n<h4>TK: 0741100430002 \u2013 T\u1ea1i ng\u00e2n h\u00e0ng TMCP Qu\u00e2n \u0111\u1ed9i \u2013 CN Th\u0103ng Long<\/h4>\n","protected":false},"excerpt":{"rendered":"<h4>Th\u00f4ng tin v\u1ec1 th\u1ebb sinh vi\u00ean<\/h4>\n<h4>\u2013 Ch\u1ea5t li\u1ec7u:\u00a0nh\u1ef1a pvc<\/h4>\n<h4>\u2013 C\u00f4ng ngh\u1ec7 in: in \u00e9p nhi\u1ec7t cao t\u1ea7ng.<\/h4>\n<h4>\u2013 K\u00edch th\u01b0\u1edbc: 86\u00d754 mm<\/h4>\n<h4>M\u1ecdi ch\u1ecb ti\u1ebft v\u1ec1 s\u1ea3n ph\u1ea9m xin vui l\u00f2ng li\u00ean h\u1ec7 :<\/h4>\n","protected":false},"featured_media":216,"comment_status":"open","ping_status":"closed","template":"","meta":[],"product_cat":[20],"product_tag":[],"_links":{"self":[{"href":"https:\/\/demo.bmconnect.vn\/bienchucdanh\/wp-json\/wp\/v2\/product\/215"}],"collection":[{"href":"https:\/\/demo.bmconnect.vn\/bienchucdanh\/wp-json\/wp\/v2\/product"}],"about":[{"href":"https:\/\/demo.bmconnect.vn\/bienchucdanh\/wp-json\/wp\/v2\/types\/product"}],"replies":[{"embeddable":true,"href":"https:\/\/demo.bmconnect.vn\/bienchucdanh\/wp-json\/wp\/v2\/comments?post=215"}],"wp:featuredmedia":[{"embeddable":true,"href":"https:\/\/demo.bmconnect.vn\/bienchucdanh\/wp-json\/wp\/v2\/media\/216"}],"wp:attachment":[{"href":"https:\/\/demo.bmconnect.vn\/bienchucdanh\/wp-json\/wp\/v2\/media?parent=215"}],"wp:term":[{"taxonomy":"product_cat","embeddable":true,"href":"https:\/\/demo.bmconnect.vn\/bienchucdanh\/wp-json\/wp\/v2\/product_cat?post=215"},{"taxonomy":"product_tag","embeddable":true,"href":"https:\/\/demo.bmconnect.vn\/bienchucdanh\/wp-json\/wp\/v2\/product_tag?post=215"}],"curies":[{"name":"wp","href":"https:\/\/api.w.org\/{rel}","templated":true}]}}