{"id":211,"date":"2018-04-26T09:02:49","date_gmt":"2018-04-26T02:02:49","guid":{"rendered":"https:\/\/demo.bmconnect.vn\/bienchucdanh\/?post_type=product&#038;p=211"},"modified":"2018-04-26T10:03:19","modified_gmt":"2018-04-26T03:03:19","slug":"the-nhan-vien-07","status":"publish","type":"product","link":"https:\/\/demo.bmconnect.vn\/bienchucdanh\/san-pham\/the-nhan-vien-07\/","title":{"rendered":"Th\u1ebb Nh\u00e2n Vi\u00ean 07"},"content":{"rendered":"<p>In th\u1ebb nh\u00e2n vi\u00ean \u2013 C\u00f4ng ty TNHH \u0110\u1ea7u t\u01b0 v\u00e0 D\u1ecbch v\u1ee5 \u0110\u1ea1i D\u01b0\u01a1ng Xanh chuy\u00ean in th\u1ebb nh\u1ef1a, in th\u1ebb nh\u00e2n vi\u00ean, th\u1ebb h\u1ecdc sinh, th\u1ebb sinh vi\u00ean v\u00e0 c\u00e1c lo\u1ea1i bi\u1ec3n t\u00ean nh\u00e2n vi\u00ean, th\u1ebb thay t\u00ean nh\u00e2n vi\u00ean<\/p>\n<p>1. Th\u1ebb nh\u00e2n vi\u00ean l\u00e0 g\u00ec v\u00e0 v\u00ec sao l\u00ean in th\u1ebb nh\u00e2n vi\u00ean<\/p>\n<p>Th\u1ebb nh\u00e2n vi\u00ean l\u00e0 t\u1ea5m th\u1ebb \u0111\u01b0\u1ee3c c\u00e1c c\u00f4ng ty v\u00e0 doanh nghi\u1ec7p ph\u00e1t cho nh\u00e2n vi\u00ean c\u1ee7a m\u00ecnh. Ngo\u00e0i c\u00f4ng d\u1ee5ng l\u00e0 \u0111\u1ec3 c\u00e1c th\u00e0nh vi\u00ean trong c\u00f4ng ty nhanh ch\u00f3ng x\u00e1c \u0111\u1ecbnh \u0111\u01b0\u1ee3c t\u00ean, ch\u1ee9c v\u1ee5 v\u00e0 ph\u00f2ng ban c\u1ee7a \u0111\u1ed3ng nghi\u1ec7p\u2026 th\u00ec th\u1ebb nh\u00e2n vi\u00ean c\u00f2n l\u00e0 c\u00e1ch \u0111\u1ec3 c\u00f4ng ty hay doanh nghi\u1ec7p qu\u1ea3ng c\u00e1o \u0111\u01b0\u1ee3c th\u01b0\u01a1ng hi\u1ec7u, \u0111\u1eb7c tr\u01b0ng, t\u00ednh chuy\u00ean nghi\u1ec7p c\u1ee7a m\u00ecnh \u0111\u1ebfn kh\u00e1ch h\u00e0ng n\u00f3i ri\u00eang v\u00e0 t\u1ea5t c\u1ea3 m\u1ecdi ng\u01b0\u1eddi n\u00f3i chung khi nh\u00ecn h\u1ecd th\u1ea5y ch\u00fang.<\/p>\n<p>\u0110eo th\u1ebb nh\u00e2n vi\u00ean c\u00f2n gi\u00fap nh\u00e2n vi\u00ean c\u1ea3m th\u1ea5y t\u1ef1 tin, th\u1ec3 hi\u1ec7n \u0111\u01b0\u1ee3c s\u1ef1 t\u00f4n tr\u1ecdng, nghi\u00eam t\u00fac c\u1ee7a h\u1ecd v\u1edbi c\u00f4ng ty.<\/p>\n<p>th\u1ebb nh\u1ef1a<\/p>\n<p>th\u1ebb nh\u1ef1a<\/p>\n<p>2. M\u00f4 t\u1ea3 th\u1ebb nh\u00e2n vi\u00ean, c\u00e1ch th\u1ee9c in th\u1ebb nh\u00e2n vi\u00ean<\/p>\n<p>T\u00f9y v\u00e0o \u0111\u1eb7c \u0111i\u1ec3m c\u00f4ng ty hay \u0111\u1eb7c th\u00f9 c\u00f4ng vi\u1ec7c m\u00e0 m\u1ed7i c\u00f4ng ty hay doanh nghi\u1ec7p s\u1ebd c\u00f3 y\u00eau c\u1ea7u kh\u00e1c nhau v\u1ec1 k\u00edch th\u01b0\u1edbc hay ch\u1ea5t li\u1ec7u c\u1ee7a th\u1ebb nh\u00e2n vi\u00ean. V\u00e0 ch\u1ea5t li\u1ec7u \u0111\u01b0\u1ee3c ch\u1ecdn nhi\u1ec1u nh\u1ea5t v\u1eabn l\u00e0 PVC. K\u00edch th\u01b0\u1edbc 86x54mm l\u00e0 k\u00edch th\u01b0\u1edbc ti\u00eau chu\u1ea9n c\u1ee7a ch\u00e2u \u00e2u<\/p>\n<p>Th\u1ebb nh\u00e2n vi\u00ean \u0111\u01b0\u1ee3c in tr\u1ef1c ti\u1ebfp tr\u00ean b\u1ec1 m\u1eb7t nh\u1ef1a pvc, \u00e9p 4 l\u1edbp cao t\u1ea7ng. C\u00f3 th\u1ec3 in \u1ea3nh, t\u00ean, ch\u1ee9c v\u1ee5, ph\u00f2ng ban, th\u00f4ng tin v\u1ec1 c\u01a1 quan, c\u00f4ng ty hay doanh nghi\u1ec7p l\u00e0 nh\u1eefng ph\u1ea7n c\u01a1 b\u1ea3n nh\u1ea5t tr\u00ean m\u1ed9t t\u1ea5m th\u1ebb nh\u00e2n vi\u00ean. B\u1ec1 m\u1eb7t th\u1ebb \u0111\u01b0\u1ee3c ph\u1ee7 m\u1ed9t l\u1edbp b\u00eca nh\u1ef1a b\u00f3ng t\u1ea1o cho ng\u01b0\u1eddi \u0111eo t\u1ea5m th\u1ebb s\u1ef1 chuy\u00ean nghi\u1ec7p, n\u0103ng \u0111\u1ed9ng,<\/p>\n<p>M\u1ecdi th\u00f4ng tin v\u1ec1 th\u1ebb nh\u00e2n vi\u00ean xin vui l\u00f2ng li\u00ean h\u1ec7<\/p>\n<p>Mr Tr\u01b0\u1eddng<\/p>\n<p>Mobile: 0965.558.728<\/p>\n<p>Email: bienchucdanh01@gmail.com<\/p>\n<p>Website 1: bienchucdanh.vn<\/p>\n<p>Website 2: thenhanvien-thevip.com<\/p>\n<p>C\u00f4ng ty TNHH \u0110\u1ea7u t\u01b0 v\u00e0 D\u1ecbch v\u1ee5 \u0110\u1ea1i D\u01b0\u01a1ng Xanh<\/p>\n<p>\u0110C: s\u1ed1 14 ng\u00e1ch 83\/51\/27, ng\u00f5 83, \u0111\u01b0\u1eddng T\u00e2n Tri\u1ec1u, x\u00e3 T\u00e2n Tri\u1ec1u, huy\u1ec7n Thanh Tr\u00ec, TP. H\u00e0<\/p>\n<p>N\u1ed9i<\/p>\n<p>VP: S\u1ed1 1 ng\u00e1ch 2 ng\u00f5 277 V\u0169 T\u00f4ng Phan, Kh\u01b0\u01a1ng \u0110\u00ecnh, Thanh Xu\u00e2n, H\u00e0 N\u1ed9i<\/p>\n<p>MST: 0106665244<\/p>\n<p>TK: 0741100430002 \u2013 T\u1ea1i ng\u00e2n h\u00e0ng TMCP Qu\u00e2n \u0111\u1ed9i \u2013 CN Th\u0103ng Long<\/p>\n","protected":false},"excerpt":{"rendered":"<p>Th\u00f4ng tin v\u1ec1 th\u1ebb nh\u00e2n vi\u00ean<\/p>\n<p>\u2013 Ch\u1ea5t li\u1ec7u: nh\u1ef1a pvc<\/p>\n<p>\u2013 C\u00f4ng ngh\u1ec7 in: in th\u1ebb nh\u00e2n vi\u00ean tr\u1ef1c ti\u1ebfp tr\u00ean nh\u1ef1a pvc \u00e9p 4 l\u1edbp cao t\u1ea7ng<\/p>\n<p>\u2013 K\u00edch th\u01b0\u1edbc: 86\u00d754 (mm)<\/p>\n","protected":false},"featured_media":212,"comment_status":"open","ping_status":"closed","template":"","meta":[],"product_cat":[20],"product_tag":[],"_links":{"self":[{"href":"https:\/\/demo.bmconnect.vn\/bienchucdanh\/wp-json\/wp\/v2\/product\/211"}],"collection":[{"href":"https:\/\/demo.bmconnect.vn\/bienchucdanh\/wp-json\/wp\/v2\/product"}],"about":[{"href":"https:\/\/demo.bmconnect.vn\/bienchucdanh\/wp-json\/wp\/v2\/types\/product"}],"replies":[{"embeddable":true,"href":"https:\/\/demo.bmconnect.vn\/bienchucdanh\/wp-json\/wp\/v2\/comments?post=211"}],"wp:featuredmedia":[{"embeddable":true,"href":"https:\/\/demo.bmconnect.vn\/bienchucdanh\/wp-json\/wp\/v2\/media\/212"}],"wp:attachment":[{"href":"https:\/\/demo.bmconnect.vn\/bienchucdanh\/wp-json\/wp\/v2\/media?parent=211"}],"wp:term":[{"taxonomy":"product_cat","embeddable":true,"href":"https:\/\/demo.bmconnect.vn\/bienchucdanh\/wp-json\/wp\/v2\/product_cat?post=211"},{"taxonomy":"product_tag","embeddable":true,"href":"https:\/\/demo.bmconnect.vn\/bienchucdanh\/wp-json\/wp\/v2\/product_tag?post=211"}],"curies":[{"name":"wp","href":"https:\/\/api.w.org\/{rel}","templated":true}]}}