{"id":209,"date":"2018-04-26T09:01:20","date_gmt":"2018-04-26T02:01:20","guid":{"rendered":"https:\/\/demo.bmconnect.vn\/bienchucdanh\/?post_type=product&#038;p=209"},"modified":"2018-04-26T10:03:00","modified_gmt":"2018-04-26T03:03:00","slug":"tem-mac-kim-loai-04-2","status":"publish","type":"product","link":"https:\/\/demo.bmconnect.vn\/bienchucdanh\/san-pham\/tem-mac-kim-loai-04-2\/","title":{"rendered":"Tem M\u00e1c Kim Lo\u1ea1i 04"},"content":{"rendered":"<p>M\u1eabu m\u00e1c, tem kim lo\u1ea1i<\/p>\n<p>\u0110a d\u1ea1ng m\u1ecdi k\u00edch th\u01b0\u1edbc<\/p>\n<p>Ch\u1ea5t li\u1ec7u \u0111\u1ed3ng \u0103n m\u00f2n, kim lo\u1ea1i \u0103n m\u00f2n, inox \u0103n m\u00f2n<\/p>\n<p>G\u1ecdi ngay 0965.558.728 \u0111\u1ec3 \u0111\u01b0\u1ee3c t\u01b0 v\u1ea5n<\/p>\n","protected":false},"excerpt":{"rendered":"<p>M\u1eabu m\u00e1c, tem kim lo\u1ea1i<\/p>\n<p>\u0110a d\u1ea1ng m\u1ecdi k\u00edch th\u01b0\u1edbc<\/p>\n<p>Ch\u1ea5t li\u1ec7u \u0111\u1ed3ng \u0103n m\u00f2n, kim lo\u1ea1i \u0103n m\u00f2n, inox \u0103n m\u00f2n<\/p>\n<p>G\u1ecdi ngay 0965.558.728 \u0111\u1ec3 \u0111\u01b0\u1ee3c t\u01b0 v\u1ea5n<\/p>\n","protected":false},"featured_media":210,"comment_status":"open","ping_status":"closed","template":"","meta":[],"product_cat":[23],"product_tag":[],"_links":{"self":[{"href":"https:\/\/demo.bmconnect.vn\/bienchucdanh\/wp-json\/wp\/v2\/product\/209"}],"collection":[{"href":"https:\/\/demo.bmconnect.vn\/bienchucdanh\/wp-json\/wp\/v2\/product"}],"about":[{"href":"https:\/\/demo.bmconnect.vn\/bienchucdanh\/wp-json\/wp\/v2\/types\/product"}],"replies":[{"embeddable":true,"href":"https:\/\/demo.bmconnect.vn\/bienchucdanh\/wp-json\/wp\/v2\/comments?post=209"}],"wp:featuredmedia":[{"embeddable":true,"href":"https:\/\/demo.bmconnect.vn\/bienchucdanh\/wp-json\/wp\/v2\/media\/210"}],"wp:attachment":[{"href":"https:\/\/demo.bmconnect.vn\/bienchucdanh\/wp-json\/wp\/v2\/media?parent=209"}],"wp:term":[{"taxonomy":"product_cat","embeddable":true,"href":"https:\/\/demo.bmconnect.vn\/bienchucdanh\/wp-json\/wp\/v2\/product_cat?post=209"},{"taxonomy":"product_tag","embeddable":true,"href":"https:\/\/demo.bmconnect.vn\/bienchucdanh\/wp-json\/wp\/v2\/product_tag?post=209"}],"curies":[{"name":"wp","href":"https:\/\/api.w.org\/{rel}","templated":true}]}}