{"id":163,"date":"2019-04-23T07:33:15","date_gmt":"2019-04-23T07:33:15","guid":{"rendered":"http:\/\/demo.bmconnect.vn\/bds7\/?post_type=product&#038;p=163"},"modified":"2019-04-23T07:44:36","modified_gmt":"2019-04-23T07:44:36","slug":"du-an-can-ho-golden-star-quan-7","status":"publish","type":"product","link":"https:\/\/demo.bmconnect.vn\/bds7\/du-an\/du-an-can-ho-golden-star-quan-7\/","title":{"rendered":"D\u1ef0 \u00c1N C\u0102N H\u1ed8 GOLDEN STAR QU\u1eacN 7 Tp.HCM"},"content":{"rendered":"<p><strong>D\u1ef1 \u00c1n Golden Star<\/strong>\u00a0l\u00e0 m\u1ed9t d\u1ef1 \u00e1n c\u0103n h\u1ed9 ph\u1ee9c h\u1ee3p cao c\u1ea5p to\u1ea1 l\u1ea1c t\u1ea1i trung t\u00e2m Qu\u1eadn 7, n\u01a1i hi\u1ec7n h\u1eefu \u0111\u1ea7y \u0111\u1ee7 c\u00e1c ti\u1ec7n \u00edch h\u00e0ng \u0111\u1ea7u khu Nam S\u00e0i G\u00f2n. \u0110\u1ed1i v\u1edbi th\u1ecb tr\u01b0\u1eddng B\u1ea5t \u0111\u1ed9ng s\u1ea3n \u0111ang b\u00f9ng n\u1ed5 nh\u01b0 hi\u1ec7n nay, vi\u1ec7c s\u1edf h\u1eefu c\u0103n h\u1ed9 ngay khu trung t\u00e2m v\u1edbi \u0111\u1ea7y \u0111\u1ee7 ti\u1ec7n nghi nh\u01b0ng m\u1ee9c gi\u00e1 c\u1ea1nh tranh l\u00e0 vi\u1ec7c v\u00f4 c\u00f9ng kh\u00f3 kh\u0103n. C\u0103n h\u1ed9 Golden Star<strong>\u00a0<\/strong>l\u00e0 d\u1ef1 \u00e1n\u00a0d\u00f2ng cao c\u1ea5p qu\u1eadn 7 c\u1ee7a Ch\u1ee7 \u0111\u1ea7u t\u01b0 H\u01b0ng L\u1ed9c Ph\u00e1t. D\u1ef1 \u00e1n Golden Star \u0111\u01b0\u1ee3c kh\u1edfi c\u00f4ng t\u1eeb 2015 v\u00e0 \u0111\u00e3 b\u00e0n giao cho kh\u00e1ch h\u00e0ng t\u1eeb th\u00e1ng 6\/ 2018.<\/p>\n<h2><strong>1.Th\u00f4ng tin d\u1ef1 \u00e1n The Golden Star:<\/strong><\/h2>\n<p>\u2013 T\u00ean d\u1ef1 \u00e1n: The Golden Star.<\/p>\n<p>\u2013 Ch\u1ee7 \u0111\u1ea7u t\u01b0: C\u00f4ng ty C\u1ed5 ph\u1ea7n \u0110\u1ea7u t\u01b0 B\u1ea5t \u0111\u1ed9ng s\u1ea3n H\u01b0ng L\u1ed9c Ph\u00e1t.<\/p>\n<p>\u2013 V\u1ecb tr\u00ed: Nguy\u1ec5n Th\u1ecb Th\u1eadp, Ph\u01b0\u1eddng B\u00ecnh Thu\u1eadn, Qu\u1eadn 7, Tp HCM.<\/p>\n<p>\u2013 T\u1ed5ng th\u1ea7u: H\u00f2a B\u00ecnh.<\/p>\n<p>\u2013 C\u00f4ng ty thi\u1ebft k\u1ebf: Ong &amp; Ong Singapore.<\/p>\n<p>\u2013 C\u00f4ng ty gi\u00e1m s\u00e1t: Artelia Ph\u00e1p.<\/p>\n<p>\u2013 Ng\u00e2n h\u00e0ng b\u1ea3o l\u00e3nh: Vietcombank.<\/p>\n<p>\u2013 S\u1ed5 h\u1ed3ng: S\u1edf h\u1eefu l\u00e2u d\u00e0i.<\/p>\n<p>\u2013 Di\u1ec7n t\u00edch khu \u0111\u1ea5t: 9.229m2.<\/p>\n<p>\u2013 Di\u1ec7n t\u00edch th\u01b0\u01a1ng m\u1ea1i d\u1ecbch v\u1ee5: 5.365m2.<\/p>\n<p>\u2013 1 t\u1ea7ng\u00a0 h\u1ea7m v\u00e0 ch\u1ed7 \u0111\u1ec3 xe \u1edf t\u1ea7ng 2, t\u1ea7ng 3.<\/p>\n<p>\u2013 Qui m\u00f4 c\u0103n h\u1ed9: 2 Block, 26 t\u1ea7ng, 478 c\u0103n h\u1ed9 cao c\u1ea5p, c\u00f3 penthouse.<\/p>\n<p>\u2013 Di\u1ec7n t\u00edch c\u0103n h\u1ed9: t\u1eeb 50.75m2 \u0111\u1ebfn 83.13m2 (1 ph\u00f2ng ng\u1ee7, 2 ph\u00f2ng ng\u1ee7, 3 ph\u00f2ng ng\u1ee7).<\/p>\n<p>\u2013 N\u1ed9i th\u1ea5t b\u00e0n giao: kho\u1ea3ng 70% n\u1ed9i th\u1ea5t cao c\u1ea5p, g\u00f3i n\u1ed9i th\u1ea5t b\u00e0n giao tr\u1ecb gi\u00e1 kho\u1ea3ng 340 tri\u1ec7u.<\/p>\n<h2><strong>2.L\u00fd do n\u00ean ch\u1ecdn d\u1ef1 \u00e1n Golden Star<\/strong><\/h2>\n<p>+ D\u1ef1 \u00e1n Golden Star s\u1edf h\u1eefu v\u1ecb tr\u00ed g\u1ea7n ngay trung t\u00e2m Qu\u1eadn 7. Th\u1eeba h\u01b0\u1edfng to\u00e0n b\u1ed9 l\u1ee3i th\u1ebf c\u1ee7a khu trung t\u00e2m Nam S\u00e0i G\u00f2n.<\/p>\n<p>+ C\u0103n h\u1ed9 Golden Star \u0111\u01b0\u1ee3c \u0111\u1ea7u t\u01b0, ph\u00e1t tri\u1ec3n b\u1edfi ch\u1ee7 \u0111\u1ea7u t\u01b0 H\u01b0ng L\u1ed9c Ph\u00e1t, m\u1ed9t ch\u1ee7 \u0111\u1ea7u t\u01b0 uy t\u00edn v\u1edbi c\u00e1c d\u1ef1 \u00e1n \u0111\u00e3 ho\u00e0n thi\u1ec7n v\u00e0 b\u00e0n giao.<\/p>\n<p>+ D\u1ef1 \u00e1n s\u1edf h\u1eefu h\u00e0ng lo\u1ea1t c\u00e1c ti\u1ec7n \u00edch n\u1ed9i khu \u0111\u1eb3ng c\u1ea5p, \u0111\u01b0\u1ee3c thi\u1ebft k\u1ebf theo phong c\u00e1ch resort 5 sao. \u0110\u1ea3m b\u1ea3o c\u1ea3 v\u1ec1 v\u1eadt ch\u1ea5t l\u1eabn tinh th\u1ea7n cho qu\u00fd c\u01b0 d\u00e2n.<\/p>\n<p>+ Ch\u1ee7 \u0111\u1ea7u t\u01b0 c\u1ef1c k\u1ef3 quan t\u00e2m \u0111\u1ebfn s\u1ee9c kh\u1ecfe c\u1ee7a c\u01b0 d\u00e2n, th\u00f4ng qua vi\u1ec7c \u0111\u1ea7u t\u01b0 c\u00e1c ti\u1ec7n \u00edch b\u00ean trong c\u0103n h\u1ed9 Golden Star nh\u01b0: h\u1ec7 th\u1ed1ng l\u1ecdc n\u01b0\u1edbc trung t\u00e2m, thi\u1ebft k\u1ebf c\u0103n h\u1ed9 th\u00f4ng gi\u00f3 t\u1ef1 nhi\u00ean, s\u1eed d\u1ee5ng k\u00ednh c\u1ea3n nhi\u1ec7t, s\u1eed d\u1ee5ng gi\u1ea3i ph\u00e1p c\u00e1ch \u00e2m \u01b0u vi\u1ec7t\u2026<\/p>\n<p>+ C\u1ed9ng \u0111\u1ed3ng c\u01b0 d\u00e2n v\u0103n minh, \u0111\u1eb3ng c\u1ea5p.<\/p>\n<h2><strong>3.V\u1ecb tr\u00ed:<\/strong><\/h2>\n<p>V\u1ecb tr\u00ed c\u0103n h\u1ed9 The Golden Star\u00a0t\u1ecda l\u1ea1c ngay tr\u00ean m\u1eb7t ti\u1ec1n \u0111\u01b0\u1eddng Nguy\u1ec5n Th\u1ecb Th\u1eadp, \u0111\u1ed1i di\u1ec7n trung t\u00e2m th\u01b0\u01a1ng m\u1ea1i Big C. D\u1ef1 \u00e1n ti\u1ebfp gi\u00e1p tr\u1ef1c ti\u1ebfp v\u1edbi tr\u1ee5c \u0111\u01b0\u1eddng huy\u1ebft m\u1ea1ch B\u1eafc Nam S\u00e0i G\u00f2n Nguy\u1ec5n H\u1eefu Th\u1ecd \u2013 Nguy\u1ec5n V\u0103n Linh, v\u00e0 n\u1eb1m g\u1ea7n tuy\u1ebfn \u0111\u01b0\u1eddng s\u1eaft s\u1ed1 4, tuy\u1ebfn Metro B\u1eafc Nam hi\u1ec7n \u0111\u1ea1i s\u1eafp s\u1eeda \u0111\u01b0\u1ee3c ho\u00e0n th\u00e0nh.<\/p>\n<p>Ti\u1ec7n \u00edch hi\u1ec7n \u0111\u1ea1i b\u1eadc nh\u1ea5t hi\u1ec7u h\u1eefu t\u1ea1i khu Nam.<\/p>\n<p>=&gt; C\u00e1ch Lotte Mart ch\u1ec9 1,5km.<\/p>\n<p>=&gt; C\u00e1ch Khu \u0111\u00f4 th\u1ecb Ph\u00fa M\u1ef9 H\u01b0ng ch\u1ec9 500m \u2013 T\u1eadn h\u01b0\u1edfng t\u1ea5t c\u1ea3 nh\u01b0ng ti\u1ec7n \u00edch ph\u1ee9c h\u1ee3p t\u1ea1i khu \u0111\u00f4 th\u1ecb n\u00e0y.<\/p>\n<p>=&gt; H\u1ec7 th\u1ed1ng gi\u00e1o d\u1ee5c hi\u1ec7n \u0111\u1ea1i: Tr\u01b0\u1eddng Qu\u1ed1c t\u1ebf RMIT, \u0110\u1ea1i h\u1ecdc T\u00f4n \u0110\u1ee9c Th\u1eafng\u2026.<\/p>\n<p>V\u1ecb tr\u00ed c\u0103n h\u1ed9 Golden Star c\u00f2n l\u00e0 n\u00fat giao th\u00f4ng quan tr\u1ecdng c\u1ee7a tr\u1ee5c giao th\u00f4ng mi\u1ec1n Nam bao g\u1ed3m c\u1ea3 \u0111\u01b0\u1eddng b\u1ed9 l\u1eabn \u0111\u01b0\u1eddng thu\u1ef7.<\/p>\n<p>T\u1eeb v\u1ecb tr\u00ed n\u00e0y, c\u01b0 d\u00e2n s\u1ebd r\u1ea5t d\u1ec5 d\u00e0ng \u0111\u1ec3 di chuy\u1ec3n \u0111\u1ebfn c\u00e1c khu trung t\u00e2m kh\u00e1c c\u1ee7a Th\u00e0nh ph\u1ed1 nh\u01b0 Qu\u1eadn 1, Qu\u1eadn 8, Qu\u1eadn 2, Nh\u00e0 B\u00e8; ho\u1eb7c c\u00e1c t\u1ec9nh 2 mi\u1ec1n \u0110\u00f4ng \u2013 T\u00e2y nh\u01b0 \u0110\u1ed3ng Nai, B\u00ecnh D\u01b0\u01a1ng, Long An, Ti\u1ec1n Giang..<\/p>\n<p>Vi\u1ec7c s\u1edf h\u1eefu v\u1ecb tr\u00ed \u0111\u1eafc \u0111\u1ecba nh\u01b0 v\u1eady \u0111\u00e3 mang \u0111\u1ebfn cho H\u01b0ng Ph\u00e1t Golden Star nh\u01b0ng l\u1ee3i th\u1ebf m\u00e0 ko m\u1ed9t d\u1ef1 \u00e1n n\u00e0o c\u00f3 th\u1ec3 c\u00f3 \u0111\u01b0\u1ee3c. K\u1ebft n\u1ed1i c\u01a1 s\u1edf h\u1ea1 t\u1ea7ng giao th\u00f4ng, k\u1ebft n\u1ed1i v\u1edbi ti\u1ec7n \u00edch cu\u1ed9c s\u1ed1ng.<\/p>\n<h2><strong>4.Ti\u1ec7n \u00edch d\u1ef1 \u00e1n The Golden Star:<\/strong><\/h2>\n<p>+ Ti\u1ec7n \u00edch n\u1ed9i khu:<\/p>\n<p>\u0110\u01b0\u1ee3c thi\u1ebft k\u1ebf b\u1edfi Ong&amp;Ong Singapore, The Golden Star l\u00e0 s\u1ef1 k\u1ebft h\u1ee3p h\u00e0i h\u00f2a gi\u1eefa ki\u1ebfn tr\u00fac hi\u1ec7n \u0111\u1ea1i c\u1ee7a Ch\u00e2u \u00c2u v\u00e0 phong c\u00e1ch s\u1ed1ng c\u1ee7a ng\u01b0\u1eddi \u00c1 \u0110\u00f4ng. C\u0103n h\u1ed9 Golden Star mang \u0111\u1ebfn cho b\u1ea1n m\u1ed9t cu\u1ed9c s\u1ed1ng ho\u00e0n h\u1ea3o, x\u1ee9ng t\u1ea7m \u0111\u1eb3ng c\u1ea5p 5 sao.<\/p>\n<ul>\n<li>S\u1edf h\u1eefu h\u1ed3 b\u01a1i tr\u00e0n Skyview h\u01a1n 500m2 t\u1ea1i t\u1ea7ng 21 \u2013 L\u00e0 h\u1ed3 b\u01a1i t\u1ef1 \u0111i\u1ec1u ch\u1ec9nh nhi\u1ec7t \u0111\u1ed9 theo th\u1eddi ti\u1ebft \u0111\u1ea7u ti\u00ean t\u1ea1i TP HCM.<\/li>\n<li>S\u1edf h\u1eefu h\u1ec7 th\u1ed1ng trung t\u00e2m th\u01b0\u01a1ng m\u1ea1i t\u1ea1i t\u1ea7ng tr\u1ec7t. N\u01a1i h\u1ed9i t\u1ee5 nh\u1eefng th\u01b0\u01a1ng hi\u1ec7u t\u1ea7m c\u1ee1 qu\u1ed1c t\u1ebf, n\u01a1i b\u1ea1n th\u1ecfa m\u00e3n \u0111am m\u00ea mua s\u1eafm.<\/li>\n<li>Kh\u00f4ng gian ti\u1ec7n \u00edch 5 sao \u0111\u0103ng c\u1ea5p: BBQ, ph\u00f2ng GYMs, khu Cafe h\u1ed3 b\u01a1i k\u1ebft h\u1ee3p s\u00e2n v\u01b0\u1eddn treo tr\u00ean cao.<\/li>\n<li>H\u1ec7 th\u1ed1ng c\u00f4ng vi\u00ean xanh bao quanh d\u1ef1 \u00e1n v\u1edbi th\u00e1c n\u01b0\u1edbc nh\u00e2n t\u1ea1o hi\u1ec7n \u0111\u1ea1i, t\u1ea1o kh\u00f4ng gian s\u1ed1ng trong l\u00e0nh, g\u1ea7n g\u1ee7i v\u1edbi thi\u00ean nhi\u00ean.<\/li>\n<li>Nh\u00e0 tr\u1ebb theo ti\u00eau chu\u1ea9n Qu\u1ed1c t\u1ebf ngay t\u1ea1i t\u1ea7ng tr\u1ec7t c\u1ee7a t\u00f2a nh\u00e0.<\/li>\n<li>C\u0103n h\u1ed9 s\u1edf h\u1eefu s\u1ea3nh Lounge theo ti\u00eau chu\u1ea9n kh\u00e1ch s\u1ea1n 5 sao cao c\u1ea5p.<\/li>\n<\/ul>\n<p>+ Ti\u1ec7n \u00edch ngo\u1ea1i khu:<\/p>\n<ul>\n<li>K\u1ebft n\u1ed1i d\u1ec5 d\u00e0ng v\u1edbi \u0111\u01b0\u1eddng Nguy\u1ec5n V\u0103n Linh: di chuy\u1ec3n \u0111\u1ebfn khu \u0111\u00f4 th\u1ecb Ph\u00fa M\u1ef9 H\u01b0ng ch\u1ec9 5 ph\u00fat.<\/li>\n<li>Di chuy\u1ec3n v\u00e0o trung t\u00e2m d\u1ec5 d\u00e0ng ho\u1eb7c \u0111i v\u1ec1 c\u00e1c t\u1ec9nh mi\u1ec1n T\u00e2y c\u0169ng v\u00f4 c\u00f9ng thu\u1eadn ti\u1ec7n nh\u1edd k\u1ebft n\u1ed1i tr\u1ef1c ti\u1ebfp v\u1edbi tr\u1ee5c \u0111\u01b0\u1eddng Nguy\u1ec5n H\u1eefu Th\u1ecd.<br \/>\nC\u00e1ch khu mua s\u1eafm Vivo City, Lotter Mart, Parkson Paragon, Crescent Mall, CoopMart,\u2026 ch\u1ec9 5 ph\u00fat.<\/li>\n<li>C\u00e1ch h\u1ec7 th\u1ed1ng tr\u01b0\u1eddng gi\u00e1o d\u1ee5c qu\u1ed1c t\u1ebf ch\u1ec9 v\u00e0i ph\u00fat \u0111i xe: tr\u01b0\u1eddng qu\u1ed1c t\u1ebf Vstar, tr\u01b0\u1eddng ti\u1ec3u h\u1ecdc \u0110inh Thi\u1ec7n L\u00fd, tr\u01b0\u1eddng \u0111\u1ea1i h\u1ecdc T\u00f4n \u0110\u1ee9c Th\u1eafng, tr\u01b0\u1eddng \u0111\u1ea1i h\u1ecdc Rmit\u2026<\/li>\n<li>Th\u1eeba h\u01b0\u1edfng h\u1ec7 th\u1ed1ng y t\u1ebf v\u01b0\u1ee3t tr\u1ed9i trong khu v\u1ef1c: B\u1ec7nh vi\u1ec7n Ph\u00e1p Vi\u1ec7t, b\u1ec7nh vi\u1ec7n tim T\u00e2m \u0110\u1ee9c.<\/li>\n<\/ul>\n<h2><strong>5. \u0110\u00e1nh Gi\u00e1 Uy T\u00edn CDT H\u01b0ng L\u1ed9c Ph\u00e1t:<\/strong><\/h2>\n<ul>\n<li>H\u01b0ng L\u1ed9c Ph\u00e1t l\u00e0 doanh nghi\u1ec7p ti\u00ean phong trong l\u0129nh v\u1ef1c khai th\u00e1c, mua b\u00e1n v\u1eadt li\u1ec7u x\u00e2y d\u1ef1ng \u0111\u00e1 \u1ed1p l\u00e1t cao c\u1ea5p \u0111\u00e1 Marble and Granite t\u1ea1i Vi\u1ec7t Nam.<\/li>\n<li>C\u00e1c d\u1ef1 \u00e1n c\u1ee7a H\u01b0ng L\u1ed9c Ph\u00e1t \u0111\u00e3 b\u00e0n giao, \u0111\u01b0\u1ee3c kh\u00e1ch h\u00e0ng \u0111\u00e1nh gi\u00e1 t\u1ed1t v\u1ec1: ti\u1ebfn \u0111\u1ed9 thi c\u00f4ng, ch\u1ea5t l\u01b0\u1ee3ng x\u00e2y d\u1ef1ng, n\u1ed9i th\u1ea5t b\u00e0n giao.<\/li>\n<li>C\u00f9ng v\u1edbi \u0111\u00f3 l\u00e0 h\u1ec7 th\u1ed1ng ti\u1ec7n \u00edch \u0111\u01b0\u1ee3c \u0111\u1ea7u t\u01b0 trau chu\u1ed1t, \u0111\u1eb9p nh\u01b0 h\u00ecnh ph\u1ed1i c\u1ea3nh 3D gi\u1edbi thi\u1ec7u ban \u0111\u1ea7u. Kh\u00e2u d\u1ecbch v\u1ee5 qu\u1ea3n l\u00fd, v\u1eadn h\u00e0nh sau b\u00e0n giao c\u0169ng \u0111\u01b0\u1ee3c th\u1ef1c hi\u1ec7n r\u1ea5t t\u1ed1t.<\/li>\n<li>Qu\u00fd kh\u00e1ch h\u00e0ng c\u00f3 th\u1ec3 c\u1ea3m nh\u1eadn \u0111\u01b0\u1ee3c uy t\u00edn, ch\u1ea5t l\u01b0\u1ee3ng c\u00e1c d\u1ef1 \u00e1n c\u1ee7a H\u01b0ng L\u1ed9c Ph\u00e1t b\u1eb1ng vi\u1ec7c \u0111\u1ebfn, v\u00e0 tr\u1ea3i nghi\u1ec7m c\u00e1c c\u0103n h\u1ed9 \u0111\u00e3 b\u00e0n giao nh\u01b0 H\u01b0ng Ph\u00e1t 1, H\u01b0ng Ph\u00e1t Silver Star c\u0169ng nh\u01b0 Golden Star<\/li>\n<li>Ngo\u00e0i c\u00e1c d\u1ef1 \u00e1n \u0111\u00e3 b\u00e0n giao hi\u1ec7n t\u1ea1i CDT c\u00f2n \u0111ang chu\u1ea9n b\u1ecb \u0111\u1ea7u t\u01b0, ph\u00e1t tri\u1ec3n 2 d\u1ef1 \u00e1n khu \u0111\u00f4 th\u1ecb l\u1edbn t\u1ea1i Qu\u1eadn 7 bi\u1ec7t th\u1ef1 v\u00e0 d\u1ef1 \u00e1n c\u0103n h\u1ed9 cao c\u1ea5p Green Star Sky Garden v\u00e0 Blue Star.<\/li>\n<\/ul>\n<h2><strong>6.\u0110\u00e1nh gi\u00e1 m\u1eb7t b\u1eb1ng gi\u00e1 c\u1ee7a d\u1ef1 \u00e1n The Golden Star so v\u1edbi c\u00e1c c\u0103n h\u1ed9 t\u1ea1i Qu\u1eadn 7:<\/strong><\/h2>\n<p>Gi\u00e1 d\u1ef1 \u00e1n c\u0103n h\u1ed9 Golden Star t\u1eeb 29 \u0111\u1ebfn 31tr\/m2 ( G\u1ed2M VAT)<\/p>\n<p>Gi\u00e1 tham kh\u1ea3o m\u1ed9t s\u1ed1 d\u1ef1 \u00e1n c\u0103n h\u1ed9 cao c\u1ea5p qu\u1eadn 7 c\u00f3 v\u1ecb tr\u00ed g\u1ea7n t\u01b0\u01a1ng \u0111\u01b0\u01a1ng:<\/p>\n<ul>\n<li>C\u0103n h\u1ed9 Dockland gi\u00e1 t\u1eeb 35 \u0111\u1ebfn 40tr\/m2, giao nh\u00e0 th\u00f4.<\/li>\n<li>C\u0103n h\u1ed9 River Panorama gi\u00e1 t\u1eeb 33 \u0111\u1ebfn 36tr\/m2, giao nh\u00e0 ho\u00e0n thi\u1ec7n, ch\u01b0a Vat.<\/li>\n<li>D\u1ef1 \u00e1n Sky 89 gi\u00e1 t\u1eeb 35-40tr\/m2, giao nh\u00e0 ho\u00e0n thi\u1ec7n, ch\u01b0a Vat.<\/li>\n<li>D\u1ef1 \u00e1n Ecogreen S\u00e0i G\u00f2n gi\u00e1 t\u1eeb 43-48 tr\/m2, giao nh\u00e0 ho\u00e0n thi\u1ec7n, ch\u01b0a Vat.<\/li>\n<\/ul>\n","protected":false},"excerpt":{"rendered":"<p>\u2013 S\u1ed5 h\u1ed3ng: S\u1edf h\u1eefu l\u00e2u d\u00e0i.<\/p>\n<p>\u2013 Di\u1ec7n t\u00edch khu \u0111\u1ea5t: 9.229m2.<\/p>\n<p>\u2013 Di\u1ec7n t\u00edch th\u01b0\u01a1ng m\u1ea1i d\u1ecbch v\u1ee5: 5.365m2.<\/p>\n<p>\u2013 1 t\u1ea7ng\u00a0 h\u1ea7m v\u00e0 ch\u1ed7 \u0111\u1ec3 xe \u1edf t\u1ea7ng 2, t\u1ea7ng 3.<\/p>\n<p>\u2013 Qui m\u00f4 c\u0103n h\u1ed9: 2 Block, 26 t\u1ea7ng, 478 c\u0103n h\u1ed9 cao c\u1ea5p, c\u00f3 penthouse.<\/p>\n<p>\u2013 Di\u1ec7n t\u00edch c\u0103n h\u1ed9: t\u1eeb 50.75m2 \u0111\u1ebfn 83.13m2 (1 ph\u00f2ng ng\u1ee7, 2 ph\u00f2ng ng\u1ee7, 3 ph\u00f2ng ng\u1ee7).<\/p>\n","protected":false},"featured_media":164,"comment_status":"open","ping_status":"closed","template":"","meta":[],"product_cat":[16],"product_tag":[],"_links":{"self":[{"href":"https:\/\/demo.bmconnect.vn\/bds7\/wp-json\/wp\/v2\/product\/163"}],"collection":[{"href":"https:\/\/demo.bmconnect.vn\/bds7\/wp-json\/wp\/v2\/product"}],"about":[{"href":"https:\/\/demo.bmconnect.vn\/bds7\/wp-json\/wp\/v2\/types\/product"}],"replies":[{"embeddable":true,"href":"https:\/\/demo.bmconnect.vn\/bds7\/wp-json\/wp\/v2\/comments?post=163"}],"wp:featuredmedia":[{"embeddable":true,"href":"https:\/\/demo.bmconnect.vn\/bds7\/wp-json\/wp\/v2\/media\/164"}],"wp:attachment":[{"href":"https:\/\/demo.bmconnect.vn\/bds7\/wp-json\/wp\/v2\/media?parent=163"}],"wp:term":[{"taxonomy":"product_cat","embeddable":true,"href":"https:\/\/demo.bmconnect.vn\/bds7\/wp-json\/wp\/v2\/product_cat?post=163"},{"taxonomy":"product_tag","embeddable":true,"href":"https:\/\/demo.bmconnect.vn\/bds7\/wp-json\/wp\/v2\/product_tag?post=163"}],"curies":[{"name":"wp","href":"https:\/\/api.w.org\/{rel}","templated":true}]}}