{"id":161,"date":"2019-04-23T07:32:17","date_gmt":"2019-04-23T07:32:17","guid":{"rendered":"http:\/\/demo.bmconnect.vn\/bds7\/?post_type=product&#038;p=161"},"modified":"2019-04-23T07:45:26","modified_gmt":"2019-04-23T07:45:26","slug":"du-an-can-ho-green-star-quan-7","status":"publish","type":"product","link":"https:\/\/demo.bmconnect.vn\/bds7\/du-an\/du-an-can-ho-green-star-quan-7\/","title":{"rendered":"D\u1ef0 \u00c1N C\u0102N H\u1ed8 GREEN STAR T\u1ea0I QU\u1eacN 7 TP.HCM"},"content":{"rendered":"<p>L\u00e0 d\u1ef1 \u00e1n c\u0103n h\u1ed9 v\u1ec1 Healthy and Detox \u0111\u1ea7u ti\u00ean t\u1ea1i qu\u1eadn 7. D\u1ef1 \u00e1n Green Star Sky Garden c\u1ee7a H\u01b0ng L\u1ed9c Ph\u00e1t v\u1edbi ti\u00eau chu\u1ea9n xanh g\u1ed3m bi\u1ec7t th\u1ef1, nh\u00e0 ph\u1ed1 &amp; c\u0103n h\u1ed9 cao c\u1ea5p\u00a0th\u1ee9 4 c\u1ee7a ch\u1ee7 \u0111\u1ea7u t\u01b0 n\u00e0y \u0111\u00e3 &amp; \u0111ang thu h\u00fat kh\u00e1 nhi\u1ec1u kh\u00e1ch h\u00e0ng mua \u0111\u1ea7u t\u01b0 hay \u1edf th\u1ef1c.<\/p>\n<ol>\n<li>\n<h2><strong>V\u1ecb tr\u00ed d\u1ef1 \u00e1n Green Star Sky Garden:<\/strong><\/h2>\n<\/li>\n<\/ol>\n<p>T\u1ecda l\u1ea1c ngay g\u00f3c \u0111\u01b0\u1eddng Ph\u1ea1m H\u1eefu L\u1ea7u v\u00e0 Nguy\u1ec5n L\u01b0\u01a1ng B\u1eb1ng Qu\u1eadn 7, d\u1ef1 \u00e1n Green Star th\u1eeba h\u01b0\u1edfng \u0111\u1ea7y \u0111\u1ee7 c\u00e1c ti\u1ec7n \u00edch khu \u0111\u00f4 th\u1ecb Ph\u00fa M\u1ef9 H\u01b0ng. Khu \u0111\u00f4 th\u1ecb ki\u1ec3u m\u1eabu c\u1ee7a Th\u00e0nh Ph\u1ed1<\/p>\n<ul>\n<li>\u0110\u01b0\u1eddng Nguy\u1ec5n L\u01b0\u01a1ng B\u1eb1ng n\u1ed1i d\u00e0i k\u1ebft n\u1ed1i v\u1edbi Ph\u00fa M\u1ef9 H\u01b0ng ch\u1ec9 m\u1ea5t 5 ph\u00fat \u0111i xe. Khu \u0111\u00f4 th\u1ecb ki\u1ec3u m\u1eabu t\u1ea1i Nam S\u00e0i G\u00f2n v\u1edbi v\u00f4 v\u00e0n ti\u1ec7n \u00edch vui ch\u01a1i gi\u1ea3i tr\u00ed, mua s\u1eafm, \u1ea9m th\u1ef1c h\u00e0ng \u0111\u1ea7u t\u1ea1i Qu\u1eadn 7. N\u01a1i t\u1eadp trung nhi\u1ec1u chuy\u1ec7n gia n\u01b0\u1edbc ngo\u00e0i nh\u1ea5t t\u1ea1i khu Nam.<\/li>\n<li>C\u0103n h\u1ed9 Green Star c\u00e1ch \u0111\u01b0\u1eddng Nguy\u1ec5n V\u0103n Linh ch\u1ec9 10 ph\u00fat \u0111i xe, l\u00e0 tr\u1ee5c \u0111\u01b0\u1eddng huy\u1ebft m\u1ea1ch k\u1ebft n\u1ed1i v\u1edbi c\u00e1c Qu\u1eadn trung t\u00e2m, c\u00e1c t\u1ec9nh Mi\u1ec1n T\u00e2y<\/li>\n<li>Ngo\u00e0i ra d\u1ef1 \u00e1n c\u00f2n k\u1ebft n\u1ed1i v\u1edbi c\u00e1c trung t\u00e2m ch\u0103m s\u00f3c s\u1ee9c kh\u1ecfe h\u00e0ng \u0111\u1ea7u t\u1ea1i khu \u0111\u00f4 th\u1ecb Ph\u00fa M\u1ef9 H\u01b0ng. Nh\u01b0: B\u1ec7nh vi\u00ean Qu\u1ed1c t\u1ebf FV, B\u1ec7nh vi\u1ec7n Tim T\u00e2m \u0110\u1ee9c.<\/li>\n<\/ul>\n<ul>\n<li>HOTLINE 0924.046.746<\/li>\n<\/ul>\n<ol start=\"2\">\n<li>\n<h2><strong>Th\u00f4ng tin t\u1ed5ng quan c\u1ee7a d\u1ef1 \u00e1n Green Star Sky Garden:<\/strong><\/h2>\n<\/li>\n<\/ol>\n<ul>\n<li>T\u00ean d\u1ef1 \u00e1n: d\u1ef1 \u00e1n Green Star Sky Garden<\/li>\n<li>Ch\u1ee7 \u0111\u1ea7u t\u01b0: C\u00f4ng ty TNHH X\u00e2y d\u1ef1ng v\u00e0 S\u1ea3n xu\u1ea5t H\u01b0ng L\u1ed9c Ph\u00e1t<\/li>\n<li>V\u1ecb tr\u00ed: Nguy\u1ec5n L\u01b0\u01a1ng B\u1eb1ng (15B) v\u00e0 m\u1eb7t ti\u1ec1n s\u1ed1 80 \u0111\u01b0\u1eddng Ph\u1ea1m H\u1eefu L\u1ea7u, P. Ph\u00fa M\u1ef9, qu\u1eadn 7.<\/li>\n<li>\u0110\u01a1n v\u1ecb thi c\u00f4ng: T\u1ed5ng th\u1ea7u H\u00f2a B\u00ecnh<\/li>\n<li>\u0110\u01a1n v\u1ecb thi\u1ebft k\u1ebf: Dinh Phat<\/li>\n<li>Ti\u1ebfn \u0111\u1ed9: \u0110ang thi c\u00f4ng c\u1ecdc m\u00f3ng, \u0111\u00e3 thi c\u00f4ng xong khu h\u1ed3 \u0111i\u1ec1u h\u00f2a.<\/li>\n<li>Giao nh\u00e0 d\u1ef1 ki\u1ebfn: 10\/2020<\/li>\n<li>Ng\u00e2n h\u00e0ng b\u1ea3o l\u00e3nh, h\u1ed7 tr\u1ee3 vay v\u1ed1n: Vietcombank<\/li>\n<li>Quy m\u00f4 \u00a0: Di\u1ec7n t\u00edch \u0111\u1ea5t 52.649 m2 \u00a0V\u1edbi 111 c\u0103n th\u1ea5p t\u1ea7ng \u2013 917 c\u0103n h\u00f4 v\u00e0 h\u01a1n 200 c\u0103n TMDV g\u1ed3m shop house \u2013 Officetel \u2013 m\u1eb7t b\u1eb1ng kinh doanh caf\u00e9 \u2013 \u0103n u\u1ed1ng.<\/li>\n<\/ul>\n<p>&nbsp;<\/p>\n<p>&nbsp;<\/p>\n<p><img loading=\"lazy\" class=\"alignnone wp-image-258 aligncenter\" src=\"https:\/\/hunglocphatland.com.vn\/wp-content\/uploads\/2018\/11\/ho-boi-tang-5-300x210.jpg\" sizes=\"(max-width: 549px) 100vw, 549px\" srcset=\"https:\/\/hunglocphatland.com.vn\/wp-content\/uploads\/2018\/11\/ho-boi-tang-5-300x210.jpg 300w, https:\/\/hunglocphatland.com.vn\/wp-content\/uploads\/2018\/11\/ho-boi-tang-5-768x538.jpg 768w, https:\/\/hunglocphatland.com.vn\/wp-content\/uploads\/2018\/11\/ho-boi-tang-5-600x420.jpg 600w, https:\/\/hunglocphatland.com.vn\/wp-content\/uploads\/2018\/11\/ho-boi-tang-5.jpg 1000w\" alt=\"Ph\u1ed1i c\u1ea3nh d\u1ef1 \u00e1n Green Star t\u1eeb tr\u00ean cao\" width=\"549\" height=\"384\" \/><\/p>\n<ul>\n<li>D\u1ef1 \u00e1n Chia l\u00e0m 2 khu :<\/li>\n<\/ul>\n<p>+ Khu Th\u1ea5p t\u1ea7ng l\u00e0 c\u00e1c bi\u1ec7t th\u1ef1 ph\u1ed1 c\u00f3 111 c\u0103n<\/p>\n<p>+ Khu cao t\u1ea7ng:\u00a0C\u0103n h\u1ed9, th\u01b0\u01a1ng m\u1ea1i d\u1ecbch v\u1ee5, m\u1eb7t b\u1eb1ng kinh doanh v\u00e0 c\u00e1c ti\u1ec7n \u00edch<\/p>\n<ol start=\"3\">\n<li>\n<h2><strong>Khu ti\u1ec7n \u00edch \u0111\u1eb3ng c\u1ea5p ch\u1ec9 c\u00f3 duy nh\u1ea5t t\u1ea1i d\u1ef1 \u00e1n Green Star Sky Garden:<\/strong><\/h2>\n<\/li>\n<\/ol>\n<p><em><strong>C\u0103n h\u1ed9 Green Star c\u00f3 c\u00e1c ti\u1ec7n \u00edch n\u1ed5i b\u1eadt \u0111\u1ea1t chu\u1ea9n 5 sao:<\/strong><\/em><\/p>\n<ul>\n<li>Khu v\u01b0\u1eddn h\u1eb9n \u01b0\u1edbc<\/li>\n<li>\u1ed0c \u0111\u1ea3o t\u00ecnh y\u00eau<\/li>\n<li>V\u01b0\u1eddn d\u01b0\u1ee1ng sinh<\/li>\n<li>C\u1ea7u m\u1eb7t tr\u1eddi<\/li>\n<li>H\u1ed3 hoa s\u00fang<\/li>\n<li>V\u01b0\u1eddn h\u01b0\u1edbng d\u01b0\u01a1ng<\/li>\n<li>V\u01b0\u1eddn t\u00ecnh y\u00eau<\/li>\n<li>Khu\u00f4n vi\u00ean ven h\u1ed3<\/li>\n<li>L\u1ed1i \u0111i b\u1ed9<\/li>\n<li>\u0110\u1ed3i hoa<\/li>\n<li>T\u1eebng c\u00e2y leo<\/li>\n<li>S\u00e2n \u0111a n\u0103ng<\/li>\n<li>Gh\u1ebf ng\u1ed3i th\u01b0 gi\u00e3n d\u1ecdc c\u00f4ng vi\u00ean h\u1ed3<\/li>\n<li>C\u00f4ng vi\u00ean hoa s\u1ee9<\/li>\n<li>C\u00f4ng vi\u00ean ven h\u1ed3<\/li>\n<li>Khu caf\u00e9 v\u00e0 \u1ea9m th\u1ef1c<\/li>\n<li>V\u01b0\u1eddn \u0111\u01b0\u01a1ng \u0111\u1ea1i<\/li>\n<li>L\u1ed1i v\u00e0o qu\u1ea3ng tr\u1eebng Diamond<\/li>\n<li>C\u00f4ng vi\u00ean n\u01b0\u1edbc cho tr\u1ebb con<\/li>\n<li>Khu vui ch\u01a1i tr\u1ebb em<\/li>\n<li>V\u01b0\u1eddn ng\u1eafm sao<\/li>\n<li>C\u1ea7u t\u00ecnh y\u00eau<\/li>\n<li>Khu th\u01b0 gi\u1ea3n d\u00e0nh cho ng\u01b0\u1eddi l\u1edbn tu\u1ed5i<\/li>\n<li>H\u1ed3 Luna<\/li>\n<li>C\u00f4ng vi\u00ean hoa ng\u0169 s\u1eafc<\/li>\n<li>Hoa vi\u00ean<\/li>\n<li>H\u1ed3 b\u01a1i skyview<\/li>\n<li>Gh\u1ebf th\u01b0 gi\u00e3n<\/li>\n<li>B\u1ed3n Jacuzzi<\/li>\n<li>V\u01b0\u1eddn \u0111\u1ecba \u0111\u00e0ng<\/li>\n<li>Ph\u1ed1 \u0111i b\u1ed9 V\u01b0\u1eddn th\u01b0\u1ee3ng uy\u1ec3n<\/li>\n<li>Qu\u1ea7y bar<\/li>\n<li>\u0110\u00e0i phun n\u01b0\u1edbc<\/li>\n<li>V\u01b0\u1eddn c\u00e2y th\u1ea5p<\/li>\n<li>Th\u1ea3m c\u1ecf<\/li>\n<li>Nh\u00e0 h\u00e0ng<\/li>\n<li>Gym<\/li>\n<li>Khu SHC\u0110<\/li>\n<li>C\u1eeda h\u00e0ng ti\u1ec7n \u00edch<\/li>\n<li>T\u1ea1i khu th\u01b0\u01a1ng m\u1ea1i t\u1ea7ng 1 c\u00f3 nh\u1eefng c\u1eeda h\u00e0ng v\u00e0 d\u1ecbch v\u1ee5 nh\u01b0:\n<ul>\n<li>S\u1ea3nh \u0111\u00f3n<\/li>\n<li>C\u1eeda h\u00e0ng ti\u1ec7n \u00edch<\/li>\n<li>Caf\u00e9 \u2013 \u1ea9m th\u1ef1c<\/li>\n<li>Dich v\u1ee5 gi\u1eb7c \u1ee7i<\/li>\n<li>D\u1ecbch v\u1ee5 l\u00e0m \u0111\u1eb9p<\/li>\n<li>D\u1ecbch v\u1ee5 t\u00f3c v\u00e0 nail<\/li>\n<li>Nh\u00e0 thu\u1ed1c<\/li>\n<li>C\u1eeda h\u00e0ng th\u1ee9c \u0103n nhanh<\/li>\n<li>C\u1eeda h\u00e0ng th\u1eddi trang<\/li>\n<li>C\u1eeda h\u00e0ng m\u1ef9 ph\u1ea9m<\/li>\n<li>C\u1eeda h\u00e0ng s\u1ee9c kh\u1ecfe &amp; s\u1eafc \u0111\u1eb9p<\/li>\n<li>C\u1eeda h\u00e0ng Food Mark<\/li>\n<li>V\u00e0 c\u00e1c c\u1eeda h\u00e0ng ph\u1ee5c v\u1ee5 cho gi\u1edbi tr\u1ebb \u2013 ng\u01b0\u1eddi l\u1edbn tu\u1ed5i \u2013 tr\u1ebb con \u2013 nam n\u1eef<\/li>\n<\/ul>\n<\/li>\n<\/ul>\n<p><img loading=\"lazy\" class=\"aligncenter wp-image-285\" src=\"https:\/\/hunglocphatland.com.vn\/wp-content\/uploads\/2018\/11\/efa0f965ad124e4c1703-300x182.png\" sizes=\"(max-width: 675px) 100vw, 675px\" srcset=\"https:\/\/hunglocphatland.com.vn\/wp-content\/uploads\/2018\/11\/efa0f965ad124e4c1703-300x182.png 300w, https:\/\/hunglocphatland.com.vn\/wp-content\/uploads\/2018\/11\/efa0f965ad124e4c1703-768x467.png 768w, https:\/\/hunglocphatland.com.vn\/wp-content\/uploads\/2018\/11\/efa0f965ad124e4c1703-600x365.png 600w, https:\/\/hunglocphatland.com.vn\/wp-content\/uploads\/2018\/11\/efa0f965ad124e4c1703.png 1000w\" alt=\"Ti\u1ec7n \u00edch m\u1eb7t b\u1eb1ng t\u1ea7ng 5 d\u1ef1 \u00e1n Green Star Sky Garden\" width=\"675\" height=\"410\" \/><\/p>\n<p>&nbsp;<\/p>\n<p>&nbsp;<\/p>\n<ul>\n<li>T\u1ea1i t\u1ea7ng 5 l\u00e0 h\u1ed3 b\u01a1i tr\u00e0n b\u1edd ng\u01b0\u1eddi l\u1edbn v\u1edbi t\u1ea7m nh\u00ecn skyview \u2013 h\u1ed3 b\u01a1i cho tr\u1ebb con \u2013 h\u1ed3 Jacuzzi \u2013 ph\u00f2ng thay \u0111\u1ed3 \u2013 Gym \u2013 caf\u00e9 \u2013 nh\u00e0 h\u00e0ng \u2013 c\u1eeda h\u00e0ng \u2013 khu th\u01b0 gi\u00e3n \u2013 s\u00e2n ch\u01a1i tr\u1ebb con \u2013 v\u01b0\u1eddn c\u00e2y c\u1ea3nh<\/li>\n<li>V\u1edbi mong mu\u1ed1n mang l\u1ea1i cho c\u01b0 d\u00e2n n\u01a1i \u0111\u00e2y ko ch\u1ec9 m\u1ed9t c\u0103n h\u1ed9 \u0111\u1ec3 sinh s\u1ed1ng, m\u00e0 c\u00f2n ch\u0103m ch\u00fat \u0111\u1ebfn m\u00f4i tr\u01b0\u1eddng, s\u1ee9c kh\u1ecfe c\u1ee7a m\u1ed7i th\u00e0nh vi\u00ean khi \u0111\u00e3 l\u00e0 th\u00e0nh vi\u00ean c\u1ee7a c\u0103n h\u1ed9 Green Star. Khi sinh s\u1ed1ng t\u1ea1i \u0111\u00e2y, c\u01b0 d\u00e2n c\u1ee7a d\u1ef1 \u00e1n Green Star s\u1ebd \u0111\u01b0\u1ee3c ch\u0103m ch\u00fat n\u00e2ng cao s\u1ee9c kh\u1ecfe, gi\u00fap tinh th\u1ea7n tho\u1ea3i m\u00e1i m\u1ed7i ng\u00e0y, m\u1ed7i gi\u1edd ch\u1ee7 \u0111\u1ea7u t\u01b0 H\u01b0ng L\u1ed9c Ph\u00e1t \u0111\u00e3 \u0111\u1eb7c bi\u1ec7t ch\u00fa \u00fd \u0111\u1ebfn c\u00e1c ti\u1ec7n \u00edch b\u00ean trong .<\/li>\n<li>\u0110\u1eb7c bi\u1ec7t,\u00a0<strong>H\u01b0ng Ph\u00e1t Green Star<\/strong>\u00a0n\u1ed5i b\u1eadt h\u01a1n v\u1edbi\u00a0khu c\u00f4ng vi\u00ean c\u00e2y xanh c\u00f3 di\u1ec7n t\u00edch h\u01a1n 7.000 m2 v\u00e0 h\u1ed3 c\u1ea3nh quan r\u1ed9ng g\u1ea7n 4.000 m2. C\u00f3 th\u1ec3 n\u00f3i\u00a0Ch\u1ee7 \u0111\u1ea7u t\u01b0 H\u01b0ng L\u1ed9c Ph\u00e1t ki\u1ebfn t\u1ea1o m\u1ed9t kh\u00f4ng gian s\u1ed1ng xanh, c\u1ef1c tho\u00e1ng m\u00e1t v\u1edbi \u0111\u1ea7y \u0111\u1ee7\u00a0c\u00e1c\u00a0ti\u1ec7n \u00edch ph\u1ee5c v\u1ee5 m\u1ecdi m\u1eb7t cho cu\u1ed9c s\u1ed1ng c\u1ee7a c\u01b0 d\u00e2n t\u1ea1i \u0111\u00e2y.<\/li>\n<\/ul>\n<ol start=\"4\">\n<li>\n<h2><strong>Th\u00f4ng tin Ch\u1ee7 \u0110\u1ea7u T\u01b0:<\/strong><\/h2>\n<\/li>\n<\/ol>\n<p>&nbsp;<\/p>\n<p><img loading=\"lazy\" class=\"alignnone wp-image-245 aligncenter\" src=\"https:\/\/hunglocphatland.com.vn\/wp-content\/uploads\/2018\/11\/l%E1%BB%85-k%C3%BD-k%E1%BA%BFt-h%E1%BB%A3p-t%C3%A1c-v%E1%BB%9Bi-H%C3%B2a-B%C3%ACnh-d%E1%BB%B1-%C3%A1n-Green-Star-qu%E1%BA%ADn-7-300x211.jpeg\" sizes=\"(max-width: 535px) 100vw, 535px\" srcset=\"https:\/\/hunglocphatland.com.vn\/wp-content\/uploads\/2018\/11\/l\u1ec5-k\u00fd-k\u1ebft-h\u1ee3p-t\u00e1c-v\u1edbi-H\u00f2a-B\u00ecnh-d\u1ef1-\u00e1n-Green-Star-qu\u1eadn-7-300x211.jpeg 300w, https:\/\/hunglocphatland.com.vn\/wp-content\/uploads\/2018\/11\/l\u1ec5-k\u00fd-k\u1ebft-h\u1ee3p-t\u00e1c-v\u1edbi-H\u00f2a-B\u00ecnh-d\u1ef1-\u00e1n-Green-Star-qu\u1eadn-7-600x423.jpeg 600w, https:\/\/hunglocphatland.com.vn\/wp-content\/uploads\/2018\/11\/l\u1ec5-k\u00fd-k\u1ebft-h\u1ee3p-t\u00e1c-v\u1edbi-H\u00f2a-B\u00ecnh-d\u1ef1-\u00e1n-Green-Star-qu\u1eadn-7.jpeg 700w\" alt=\"L\u1ec5 k\u00fd k\u1ebft h\u1ee3p t\u00e1c v\u1edbi H\u00f2a B\u00ecnh d\u1ef1 \u00e1n Green Star\" width=\"535\" height=\"376\" \/><\/p>\n<ul>\n<li>C\u0103n h\u1ed9 H\u01b0ng Ph\u00e1t 1 \u0111\u01b0\u1eddng L\u00ea V\u0103n L\u01b0\u01a1ng Nh\u00e0 B\u00e8: giao nh\u00e0 \u0111\u00fang ti\u1ebfn \u0111\u1ed9 v\u00e0 ch\u1ea5t l\u01b0\u1ee3ng trong n\u0103m 2013 d\u00f9 cho th\u1eddi \u0111i\u1ec3m n\u00e0y b\u1ea5t \u0111\u1ed9ng s\u1ea3n \u0111ang \u0111\u00f3ng b\u0103ng<\/li>\n<li>D\u1ef1 \u00e1n H\u01b0ng Ph\u00e1t Silver Star giao nh\u00e0 \u0111\u00fang ti\u1ebfn \u0111\u1ed9 th\u00e1ng 12\/2017. Hi\u1ec7n t\u1ea1i th\u1ecb tr\u01b0\u1eddng th\u1ee9 c\u1ea5p (chuy\u1ec3n nh\u01b0\u1ee3ng) kh\u00e1 s\u00f4i \u0111\u1ed9ng v\u1edbi gi\u00e1 ch\u00eanh kho\u1ea3ng 300-500tr so v\u1edbi gi\u00e1 g\u1ed1c \u0111\u1ee3t 1 do hi\u1ec7u \u1ee9ng t\u1eeb vi\u1ec7c Ch\u1ee7 \u0111\u1ea7u t\u01b0 giao kh\u00e1 \u0111\u1eb9p v\u00e0 sang.<\/li>\n<li>D\u1ef1 \u00e1n C\u0103n H\u1ed9 The Golden Star t\u1ed5ng th\u1ea7u H\u00f2a B\u00ecnh \u0111ang thi c\u00f4ng \u0111\u00fang ti\u1ebfn \u0111\u1ed9, \u0111\u00e3 giao nh\u00e0 th\u00e1ng 8\/2018. V\u00e0 Kh\u00e1ch h\u00e0ng ch\u1ecdn mua \u0111\u1ea7u t\u01b0 d\u1ef1u \u00e1n n\u00e0y r\u1ea5t h\u00e0i l\u00f2ng v\u1ec1 ch\u1ea5t l\u01b0\u1ee3ng c\u0169ng nh\u01b0 thanh kho\u1ea3n ra h\u00e0ng c\u1ee7a d\u1ef1 \u00e1n n\u00e0y. Gi\u00e1 ch\u00eanh khonagr 300 \u2013 700tr \/ c\u0103n khi mua \u0111\u1ee3t \u0111\u1ea7u<\/li>\n<li>H\u01b0ng L\u1ed9c Ph\u00e1t \u0111\u00e3 t\u1ea1o \u0111\u01b0\u1ee3c th\u01b0\u01a1ng hi\u1ec7u h\u01a1n 15 n\u0103m v\u00e0 c\u00f3 th\u1ecb ph\u1ea7n l\u1edbn nh\u1ea5t th\u1ecb tr\u01b0\u1eddng Vi\u1ec7t Nam \u1edf m\u1ea3ng v\u1eadt li\u1ec7u x\u00e2y d\u1ef1ng nh\u01b0 \u0110\u00e1 Marble, Granite, B\u00ea t\u00f4ng tr\u1ed9n\u2026Do \u0111\u00f3 Ch\u1ee7 \u0111\u1ea7u t\u01b0 \u0111\u00e3 d\u1ef1 tr\u1eef \u0111\u01b0\u1ee3c ngu\u1ed3n v\u1ed1n d\u1ed3i d\u00e0o v\u00e0 ch\u1ee7 \u0111\u1ed9ng \u0111\u01b0\u1ee3c ph\u1ea7n nguy\u00ean v\u1eadt li\u1ec7u t\u1ed1t v\u1edbi gi\u00e1 r\u1ebb nh\u1ea5t cho c\u00e1c d\u1ef1 \u00e1n b\u1ea5t \u0111\u1ed9ng s\u1ea3n.<\/li>\n<li><em><strong>M\u1eb6T B\u1eb0NG D\u1ef0 \u00c1N GREEN STAR:<\/strong><\/em><\/li>\n<\/ul>\n<p><img loading=\"lazy\" class=\" wp-image-252 aligncenter\" src=\"https:\/\/hunglocphatland.com.vn\/wp-content\/uploads\/2018\/11\/MAT-BANG-TANG-DIEN-HINH-300x199.jpg\" sizes=\"(max-width: 502px) 100vw, 502px\" srcset=\"https:\/\/hunglocphatland.com.vn\/wp-content\/uploads\/2018\/11\/MAT-BANG-TANG-DIEN-HINH-300x199.jpg 300w, https:\/\/hunglocphatland.com.vn\/wp-content\/uploads\/2018\/11\/MAT-BANG-TANG-DIEN-HINH-768x509.jpg 768w, https:\/\/hunglocphatland.com.vn\/wp-content\/uploads\/2018\/11\/MAT-BANG-TANG-DIEN-HINH-600x398.jpg 600w, https:\/\/hunglocphatland.com.vn\/wp-content\/uploads\/2018\/11\/MAT-BANG-TANG-DIEN-HINH.jpg 1000w\" alt=\"M\u1eb7t b\u1eb1ng t\u1ea7ng d\u1ef1 \u00e1n Green Star\" width=\"502\" height=\"333\" \/><\/p>\n<p>&nbsp;<\/p>\n<p><img loading=\"lazy\" class=\" wp-image-237 aligncenter\" src=\"https:\/\/hunglocphatland.com.vn\/wp-content\/uploads\/2018\/11\/A1.1-300x212.png\" sizes=\"(max-width: 641px) 100vw, 641px\" srcset=\"https:\/\/hunglocphatland.com.vn\/wp-content\/uploads\/2018\/11\/A1.1-300x212.png 300w, https:\/\/hunglocphatland.com.vn\/wp-content\/uploads\/2018\/11\/A1.1-768x543.png 768w, https:\/\/hunglocphatland.com.vn\/wp-content\/uploads\/2018\/11\/A1.1-600x424.png 600w, https:\/\/hunglocphatland.com.vn\/wp-content\/uploads\/2018\/11\/A1.1.png 1000w\" alt=\"Thi\u1ebft k\u1ebf c\u0103n h\u1ed9 m\u1eabu A1 d\u1ef1 \u00e1n Green Star\" width=\"641\" height=\"453\" \/><\/p>\n<p><img loading=\"lazy\" class=\" wp-image-238 aligncenter\" src=\"https:\/\/hunglocphatland.com.vn\/wp-content\/uploads\/2018\/11\/A3.3-300x212.png\" sizes=\"(max-width: 621px) 100vw, 621px\" srcset=\"https:\/\/hunglocphatland.com.vn\/wp-content\/uploads\/2018\/11\/A3.3-300x212.png 300w, https:\/\/hunglocphatland.com.vn\/wp-content\/uploads\/2018\/11\/A3.3-768x543.png 768w, https:\/\/hunglocphatland.com.vn\/wp-content\/uploads\/2018\/11\/A3.3-600x424.png 600w, https:\/\/hunglocphatland.com.vn\/wp-content\/uploads\/2018\/11\/A3.3.png 1000w\" alt=\"Thi\u1ebft k\u1ebf c\u0103n h\u1ed9 m\u1eabu A3 d\u1ef1 \u00e1n Green Star\" width=\"621\" height=\"439\" \/><\/p>\n<p><img loading=\"lazy\" class=\" wp-image-240 aligncenter\" src=\"https:\/\/hunglocphatland.com.vn\/wp-content\/uploads\/2018\/11\/B4B.4B-300x212.png\" sizes=\"(max-width: 617px) 100vw, 617px\" srcset=\"https:\/\/hunglocphatland.com.vn\/wp-content\/uploads\/2018\/11\/B4B.4B-300x212.png 300w, https:\/\/hunglocphatland.com.vn\/wp-content\/uploads\/2018\/11\/B4B.4B-768x543.png 768w, https:\/\/hunglocphatland.com.vn\/wp-content\/uploads\/2018\/11\/B4B.4B-600x424.png 600w, https:\/\/hunglocphatland.com.vn\/wp-content\/uploads\/2018\/11\/B4B.4B.png 1000w\" alt=\"Thi\u1ebft k\u1ebf c\u0103n h\u1ed9 m\u1eabu B4B d\u1ef1 \u00e1n Green Star\" width=\"617\" height=\"436\" \/><\/p>\n","protected":false},"excerpt":{"rendered":"<p>L\u00e0 d\u1ef1 \u00e1n c\u0103n h\u1ed9 v\u1ec1 Healthy and Detox \u0111\u1ea7u ti\u00ean t\u1ea1i qu\u1eadn 7. D\u1ef1 \u00e1n Green Star Sky Garden c\u1ee7a H\u01b0ng L\u1ed9c Ph\u00e1t v\u1edbi ti\u00eau chu\u1ea9n xanh g\u1ed3m bi\u1ec7t th\u1ef1, nh\u00e0 ph\u1ed1 &amp; c\u0103n h\u1ed9 cao c\u1ea5p\u00a0th\u1ee9 4 c\u1ee7a ch\u1ee7 \u0111\u1ea7u t\u01b0 n\u00e0y \u0111\u00e3 &amp; \u0111ang thu h\u00fat kh\u00e1 nhi\u1ec1u kh\u00e1ch h\u00e0ng mua \u0111\u1ea7u t\u01b0 hay \u1edf th\u1ef1c.<\/p>\n","protected":false},"featured_media":162,"comment_status":"open","ping_status":"closed","template":"","meta":[],"product_cat":[16],"product_tag":[],"_links":{"self":[{"href":"https:\/\/demo.bmconnect.vn\/bds7\/wp-json\/wp\/v2\/product\/161"}],"collection":[{"href":"https:\/\/demo.bmconnect.vn\/bds7\/wp-json\/wp\/v2\/product"}],"about":[{"href":"https:\/\/demo.bmconnect.vn\/bds7\/wp-json\/wp\/v2\/types\/product"}],"replies":[{"embeddable":true,"href":"https:\/\/demo.bmconnect.vn\/bds7\/wp-json\/wp\/v2\/comments?post=161"}],"wp:featuredmedia":[{"embeddable":true,"href":"https:\/\/demo.bmconnect.vn\/bds7\/wp-json\/wp\/v2\/media\/162"}],"wp:attachment":[{"href":"https:\/\/demo.bmconnect.vn\/bds7\/wp-json\/wp\/v2\/media?parent=161"}],"wp:term":[{"taxonomy":"product_cat","embeddable":true,"href":"https:\/\/demo.bmconnect.vn\/bds7\/wp-json\/wp\/v2\/product_cat?post=161"},{"taxonomy":"product_tag","embeddable":true,"href":"https:\/\/demo.bmconnect.vn\/bds7\/wp-json\/wp\/v2\/product_tag?post=161"}],"curies":[{"name":"wp","href":"https:\/\/api.w.org\/{rel}","templated":true}]}}