{"id":159,"date":"2019-04-23T07:30:52","date_gmt":"2019-04-23T07:30:52","guid":{"rendered":"http:\/\/demo.bmconnect.vn\/bds7\/?post_type=product&#038;p=159"},"modified":"2019-04-23T07:45:47","modified_gmt":"2019-04-23T07:45:47","slug":"du-an-can-ho-blue-star-quan-7","status":"publish","type":"product","link":"https:\/\/demo.bmconnect.vn\/bds7\/du-an\/du-an-can-ho-blue-star-quan-7\/","title":{"rendered":"D\u1ef0 \u00c1N C\u0102N H\u1ed8 BLUE STAR QU\u1eacN 7 TP.HCM M\u1edaI NH\u1ea4T"},"content":{"rendered":"<p><em><strong>D\u1ef1 \u00e1n Blue Star<\/strong><\/em>\u00a0l\u00e0 d\u1ef1 \u00e1n c\u0103n h\u1ed9 cao c\u1ea5p m\u1edbi nh\u1ea5t c\u1ee7a ch\u1ee7 \u0111\u1ea7u t\u01b0 H\u01b0ng L\u1ed9c Ph\u00e1t v\u1ecb tr\u00ed ngay \u0111i\u1ec3m giao Nguy\u1ec5n Th\u1ecb Th\u1eadp v\u00e0 Nguy\u1ec5n V\u0103n Linh Qu\u1eadn 7 s\u1ebd \u0111\u01b0\u1ee3c tri\u1ec3n khai v\u00e0o \u0111\u1ea7u n\u0103m 2019.<strong>C\u0103n H\u1ed9 Blue Star<em>\u00a0<\/em><\/strong>l\u00e0 khu ph\u1ee9c h\u1ee3p th\u01b0\u01a1ng m\u1ea1i nh\u00e0 \u1edf, g\u1ed3m c\u00f3 chung c\u01b0 cao c\u1ea5p, trung t\u00e2m th\u01b0\u01a1ng mai v\u00e0 c\u00e1c d\u1ecbch v\u1ee5 ti\u1ec7n \u00edch, gi\u1ea3i tr\u00ed cao c\u1ea5p, m\u1eb7t ti\u1ec1n Nguy\u1ec5n Th\u1ecb Th\u1eadp ngay li\u1ec1n k\u1ec1 giao l\u1ed9 Nguy\u1ec5n V\u0103n Linh v\u00e0 Nguy\u1ec5n Th\u1ecb Th\u1eadp.<\/p>\n<p>&nbsp;<\/p>\n<p><span class=\"ImgClickToBig\"><img loading=\"lazy\" title=\"d\u1ef1 \u00e1n c\u0103n h\u1ed9 blue star qu\u1eadn 7\" src=\"https:\/\/www.hunglocphatland.vn\/uploads\/du-an-can-ho-blue-star-quan-7.png\" alt=\"d\u1ef1 \u00e1n c\u0103n h\u1ed9 blue star qu\u1eadn 7\" width=\"536\" height=\"457\" \/><\/span><\/p>\n<h2><strong>1. T\u1ed5ng Quan Th\u00f4ng Tin\u00a0<em>D\u1ef1 \u00c1n\u00a0The Blue Sta<\/em>r\u00a0Qu\u1eadn 7:<\/strong><\/h2>\n<ul>\n<li>Ch\u1ee7 \u0111\u1ea7u t\u01b0: C\u00f4ng ty H\u01b0ng L\u1ed9c Ph\u00e1t<\/li>\n<li>V\u1ecb tr\u00ed: Khu ph\u1ed1 3, P B\u00ecnh Thu\u1eadn, Qu\u1eadn 7, TPHCM<\/li>\n<li>\u0110\u01a1n v\u1ecb thi c\u00f4ng d\u1ef1 ki\u1ebfn: T\u1ed5ng th\u1ea7u H\u00f2a B\u00ecnh<\/li>\n<li>Quy m\u00f4: 37.170 m2, 1600 c\u0103n, 31-32 t\u1ea7ng<\/li>\n<li>Ng\u00e2n h\u00e0ng b\u1ea3o l\u00e3nh v\u00e0 cho vay d\u1ef1 ki\u1ebfn: Vietcombank<\/li>\n<li>Th\u1eddi gian m\u1edf b\u00e1n: \u0111ang c\u1eadp nh\u1eadt<\/li>\n<li>Th\u1eddi gian kh\u1edfi c\u00f4ng d\u1ef1 ki\u1ebfn: \u0111\u1ea7u n\u0103m 2019<\/li>\n<li>Th\u1eddi gian giao nh\u00e0 d\u1ef1 ki\u1ebfn: \u0111ang c\u1eadp nh\u1eadt<\/li>\n<li>M\u1eadt \u0111\u1ed9 x\u00e2y d\u1ef1ng: d\u01b0\u1edbi 40%<\/li>\n<li>H\u00ecnh th\u1ee9c s\u1edf h\u1eefu: L\u00e2u d\u00e0i<\/li>\n<\/ul>\n<p>\u0110\u1ebfn v\u1edbi\u00a0<em>d\u1ef1 \u00e1n<\/em>\u00a0<em>Blue Star<\/em>\u00a0b\u1ea1n s\u1ebd \u0111\u01b0\u1ee3c th\u1ecfa m\u00ecnh trong khu c\u00f4ng vi\u00ean xanh m\u01b0\u1edbt m\u1eaft, thi\u00ean nhi\u00ean trong tr\u1ebbo qu\u00ean h\u1ebft bao m\u1ec7t nh\u1ecdc c\u0169ng nh\u01b0 kh\u00f3i b\u1ee5i ngo\u00e0i kia. C\u00f9ng v\u1edbi nh\u1eefng ti\u1ec7n \u00edch t\u1eadp trung v\u1ec1 m\u00f4i tr\u01b0\u1eddng v\u00e0 s\u1ee9c kh\u1ecfe CDT H\u01b0ng L\u1ed9c Ph\u00e1t s\u1ebd mang l\u1ea1i cho b\u1ea1n v\u00e0 gia \u0111\u00ecnh nh\u1eefng gi\u00e2y ph\u00fat th\u01b0 gi\u00e3n \u0111\u00fang ngh\u0129a sau ng\u00e0y d\u00e0i m\u1ec7t m\u1ecfi<\/p>\n<p>V\u1edbi m\u1eadt \u0111\u1ed9 x\u00e2y d\u1ef1ng th\u1ea5p, khu c\u0103n h\u1ed9<em>\u00a0Blue Star<\/em>\u00a0\u1edf h\u1eefu m\u1ed9t kh\u00f4ng gian tho\u00e1ng \u0111\u00e3ng v\u1edbi nhi\u1ec1u ti\u1ec7n \u00edch hi\u1ec7n \u0111\u1ea1i.<\/p>\n<h2><strong>2.\u00a0 V\u1ecb tr\u00ed d\u1ef1 \u00e1n:<\/strong><\/h2>\n<p><em>D\u1ef1 \u00e1n\u00a0Blue Star<\/em>\u00a0n\u1eb1m ngay khu \u0111\u1ea5t v\u00e0ng qu\u1eadn 7, C\u0103n H\u1ed9 Blue Star\u00a0n\u1eb1m ven s\u00f4ng r\u1ea1ch c\u1ea3 c\u1ea5m, ngay n\u00fat giao Nguy\u1ec5n V\u0103n Linh v\u00e0 Nguy\u1ec5n Th\u1ecb Th\u1eadp. Hi\u1ec7n t\u1ea1i qu\u1ef9 \u0111\u1ea5t v\u00e0ng nh\u01b0 c\u0103n h\u1ed9\u00a0<em>Blue Star<\/em>\u00a0c\u00f2n l\u1ea1i r\u1ea5t hi\u1ebfm. Thu\u1eadn l\u1ee3i c\u1ea3 an c\u01b0, \u0111\u1ea7u t\u01b0 \u0111\u1ebfn th\u1eddi \u0111i\u1ec3m hi\u1ec7n t\u1ea1i<\/p>\n<p><img loading=\"lazy\" class=\" wp-image-130 aligncenter\" src=\"https:\/\/hunglocphatland.com.vn\/wp-content\/uploads\/2018\/11\/vi-tri-du-an-can-ho-blue-star-quan-7-hung-loc-phat-1-300x225.png\" sizes=\"(max-width: 563px) 100vw, 563px\" srcset=\"https:\/\/hunglocphatland.com.vn\/wp-content\/uploads\/2018\/11\/vi-tri-du-an-can-ho-blue-star-quan-7-hung-loc-phat-1-300x225.png 300w, https:\/\/hunglocphatland.com.vn\/wp-content\/uploads\/2018\/11\/vi-tri-du-an-can-ho-blue-star-quan-7-hung-loc-phat-1-768x575.png 768w, https:\/\/hunglocphatland.com.vn\/wp-content\/uploads\/2018\/11\/vi-tri-du-an-can-ho-blue-star-quan-7-hung-loc-phat-1-600x449.png 600w, https:\/\/hunglocphatland.com.vn\/wp-content\/uploads\/2018\/11\/vi-tri-du-an-can-ho-blue-star-quan-7-hung-loc-phat-1.png 797w\" alt=\"\" width=\"563\" height=\"422\" \/><\/p>\n<p>&nbsp;<\/p>\n<p>Ngo\u00e0i ra\u00a0<em>c\u0103n h\u1ed9\u00a0Blue Star<\/em>\u00a0n\u1eb1m trong c\u00e1c con \u0111\u01b0\u1eddng tr\u1ecdng \u0111i\u1ec3m k\u1ebft n\u1ed1i nh\u01b0:<\/p>\n<p>\u2013 Tr\u1ee5c \u0111\u01b0\u1eddng Nguy\u1ec5n H\u1eefu Th\u1ecd: k\u1ebft n\u1ed1i huy\u1ec7n Nh\u00e0 B\u00e8 v\u1edbi c\u00e1c qu\u1eadn trung t\u00e2m c\u1ee7a th\u00e0nh ph\u1ed1 nh\u01b0 Qu\u1eadn 1, Qu\u1eadn 3, Qu\u1eadn 5,.. th\u00f4ng qua c\u1ea7u K\u00eanh T\u1ebb, c\u1ea7u Nguy\u1ec5n V\u0103n C\u1eeb, c\u1ea7u Kh\u00e1nh H\u1ed9i,\u2026<\/p>\n<p>\u2013 Tr\u1ee5c \u0111\u01b0\u1eddng Hu\u1ef3nh T\u1ea5n Ph\u00e1t: k\u1ebft n\u1ed1i huy\u1ec7n Nh\u00e0 B\u00e8 \u0111\u1ebfn khu Nam Long, Qu\u1eadn 2 th\u00f4ng qua c\u1ea7u Ph\u00fa M\u1ef9, Qu\u1eadn 4 qua c\u1ea7u T\u00e2n Thu\u1eadn 1, 2,\u2026<\/p>\n<p>\u2013 \u0110i \u0111\u1ebfn \u0110\u00f4 th\u1ecb Ph\u00fa M\u1ef9 H\u01b0ng nhanh ch\u00f3ng qua tuy\u1ebfn \u0111\u01b0\u1eddng Nguy\u1ec5n V\u0103n Linh, Nguy\u1ec5n L\u01b0\u01a1ng B\u1eb1ng, Hu\u1ef3nh T\u1ea5n Ph\u00e1t,\u2026<\/p>\n<p>\u2013 \u0110i c\u00e1c T\u1ec9nh mi\u1ec1n T\u00e2y qua \u0110\u1ea1i l\u1ed9 V\u00f5 V\u0103n Ki\u1ec7t, \u0111\u1ebfn c\u00e1c T\u1ec9nh mi\u1ec1n \u0110\u00f4ng qua Xa l\u1ed9 H\u00e0 N\u1ed9i, cao t\u1ed1c Long Th\u00e0nh \u2013 D\u1ea7u Gi\u00e2y,\u2026<\/p>\n<p>\u2013 \u0110i c\u00e1c t\u1ec9nh mi\u1ec1n \u0110\u00f4ng \u2013 T\u00e2y nh\u01b0 \u0110\u1ed3ng Nai, B\u00ecnh D\u01b0\u01a1ng, Long An, Ti\u1ec1n Giang,\u2026 th\u00f4ng qua \u0111\u01b0\u1eddng Nguy\u1ec5n H\u1eefu Th\u1ecd, Nguy\u1ec5n V\u0103n Linh, \u0111\u1ea1i l\u1ed9 Mai Ch\u00ed Th\u1ecd, c\u1ea7u Ph\u00fa M\u1ef9, Qu\u1ed1c l\u1ed9 1A,\u2026<\/p>\n<h2><strong>3.Ti\u1ec7n \u00edch \u0110\u1eb3ng C\u1ea5p Ch\u1ec9 C\u00f3 T\u1ea1i C<em>\u0103n H\u1ed9\u00a0Blue Star<\/em><\/strong><\/h2>\n<p><em><strong>N\u1ed9i Khu:<\/strong><\/em><\/p>\n<p>\u2013 S\u1ea3nh \u0111\u00f3n kh\u00e1ch v\u00e0 S\u1ea3nh ch\u1edd sang tr\u1ecdng, hi\u1ec7n \u0111\u1ea1i<\/p>\n<p>\u2013 C\u00f4ng vi\u00ean c\u00e2y xanh r\u1ed9ng l\u1edbn<\/p>\n<p>\u2013 H\u1ed3 b\u01a1i tr\u00e0n view c\u1ef1c tho\u00e1ng t\u1eeb tr\u00ean cao<\/p>\n<p>\u2013 Khu\u00f4n vi\u00ean \u0111i b\u1ed9 quanh b\u1edd h\u1ed3 v\u00e0 c\u00e1c l\u1ed1i \u0111i b\u1ed9 \u0111\u01b0\u1ee3c trang b\u1ecb c\u00e1c thi\u1ebft b\u1ecb m\u00e1y t\u1eadp th\u1ec3 d\u1ee5c \u0111\u1ec3 r\u00e8n luy\u1ec7n s\u1ee9c kh\u1ecfe<\/p>\n<p>\u2013 Khu th\u1ec3 d\u1ee5c th\u1ec3 thao \u0111a n\u0103ng<\/p>\n<p>\u2013 Ph\u00f2ng Gym, Yoga, Spa, Thi\u1ec1n,..<\/p>\n<p>\u2013 Trung t\u00e2m th\u01b0\u01a1ng m\u1ea1i v\u1edbi nhi\u1ec1u h\u00e3ng n\u1ed5i ti\u1ebfng nh\u01b0: Gucci, Chanel, LV, Burberry, Hermes; c\u00e1c c\u1eeda h\u00e0ng ti\u1ec7n l\u1ee3i ph\u1ee5c v\u1ee5 m\u1ecdi nhu c\u1ea7u sinh ho\u1ea1t c\u1ee7a kh\u00e1ch h\u00e0ng<\/p>\n<p>\u2013 Nh\u00e0 h\u00e0ng, Coffe, Sky club,\u2026<\/p>\n<p>\u2013 Nh\u00e0 tr\u1ebb cho c\u00e1c gia \u0111\u00ecnh, c\u00e1c l\u1edbp h\u1ecdc ngo\u1ea1i ng\u1eef cho tr\u1ebb t\u1ea1i ch\u00ednh n\u01a1i \u1edf c\u1ee7a b\u1ea1n<\/p>\n<p>\u2013 Khu vui ch\u01a1i tr\u1ebb em, h\u1ed3 b\u01a1i ri\u00eang d\u00e0nh cho tr\u1ebb em.<\/p>\n<p><strong><em>Ngo\u1ea1i Khu:<\/em><\/strong><\/p>\n<p>C\u01b0 d\u00e2n c\u0103n h\u1ed9\u00a0<em>Blue Star<\/em>\u00a0\u0111\u01b0\u1ee3c h\u01b0\u1edfng tr\u1ecdn h\u1ec7 sinh th\u00e1i ti\u1ec7n t\u00edch c\u1ed9ng \u0111\u1ed3ng ho\u00e0n ch\u1ec9nh v\u00e0 t\u1ed1t nh\u1ea5t \u1edf TPHCM, Ph\u00fa M\u1ef9 H\u01b0ng. C\u00e1c ti\u1ec7n \u00edch ngo\u1ea1i khu trong v\u00f2ng b\u00e1n k\u00ednh 5 ph\u00fat t\u1eeb Green Star H\u01b0ng L\u1ed9c Ph\u00e1t:<\/p>\n<ul>\n<li>H\u1ec7 th\u1ed1ng tr\u01b0\u1eddng h\u1ecdc t\u1eeb m\u1ea7m non \u0111\u1ebfn \u0111\u1ea1i h\u1ecdc: Tr\u01b0\u1eddng Nam S\u00e0i G\u00f2n, qu\u1ed1c t\u1ebf Canada, tr\u01b0\u1eddng Nh\u1eadt B\u1ea3n, H\u00e0n Qu\u1ed1c, \u0110\u00e0i Loan, Tr\u01b0\u1eddng RMIT, T\u00f4n \u0110\u1ee9c Th\u1eafng,\u2026<\/li>\n<li>H\u1ec7 th\u1ed1ng ch\u0103m s\u00f3c s\u1ee9c kh\u1ecfe: BV Tim T\u00e2m \u0110\u1ee9c, BV Vi\u1ec7t Ph\u00e1p,\u2026<\/li>\n<li>Mua s\u1eafm, vui ch\u01a1i gi\u1ea3i tr\u00ed: Crescent Mall, SC Vivo City, Lotte, Ch\u1ee3 T\u00e2n M\u1ef9, H\u1ed3 B\u00e1n Nguy\u1ec7t, C\u1ea7u \u00c1nh Sao,\u2026<\/li>\n<\/ul>\n<h2><strong>4. Thi\u1ebft k\u1ebf c\u1ee7a\u00a0<em>D\u1ef1 \u00c1n<\/em>\u00a0<em>Blue Star<\/em>\u00a0tinh t\u1ebf, th\u00f4ng minh<\/strong><\/h2>\n<ul>\n<li><em>C\u0103n h\u1ed9 Blue Star<\/em>\u00a0\u0111\u01b0\u1ee3c thi\u1ebft k\u1ebf th\u00f4ng tho\u00e1ng, t\u1eebng ph\u00f2ng trong nh\u00e0 \u0111\u01b0\u1ee3c b\u1ed1 tr\u00ed c\u0169ng nh\u01b0 thi\u1ebft k\u1ebf di\u1ec7n t\u00edch c\u1ef1c k\u00ec h\u1ee3p l\u00fd \u0111\u1ec3 kh\u00f4ng t\u1ea1o ra g\u00f3c ch\u1ebft, m\u1ecdi kh\u00f4ng gian trong c\u0103n h\u1ed9 \u0111\u1ec1u \u0111\u01b0\u1ee3c t\u1ed1i \u01b0u h\u00f3a ch\u1ee9c n\u0103ng gi\u00fap ti\u1ebft ki\u1ec7m chi ph\u00ed nh\u1ea5t nh\u01b0ng l\u1ea1i ph\u00f9 h\u1ee3p v\u1edbi nhu c\u1ea7u cu\u1ed9c s\u1ed1ng thu\u1ea7n Vi\u1ec7t ch\u00fang ta.<\/li>\n<li>C\u0103n h\u1ed9 c\u00f3 di\u1ec7n t\u00edch r\u1ea5t \u0111a d\u1ea1ng t\u1eeb 60-73m2, t\u1eeb 2-3 ph\u00f2ng ng\u1ee7, ngo\u00e0i ra c\u00f3 c\u1ea3 ban c\u00f4ng v\u00e0 s\u00e2n ph\u01a1i trong thi\u1ebft k\u1ebf\u00a0<em>Blue Star<\/em><strong>.\u00a0<\/strong>\u0110\u1ec3 c\u0103n h\u1ed9 c\u00f3 th\u1ec3 \u0111\u00f3n n\u1eafng, \u0111\u00f3n gi\u00f3 th\u00f4ng tho\u00e1ng ch\u1ee7 \u0111\u1ea7u t\u01b0 \u0111\u00e3 thi\u1ebft k\u1ebf theo h\u01b0\u1edbng t\u1ea1o kh\u00f4ng gian tr\u1ed1ng nhi\u1ec1u nh\u1ea5t cho to\u00e0n t\u00f2a nh\u00e0, mang phong c\u00e1ch hi\u1ec7n \u0111\u1ea1i tinh t\u1ebf nh\u01b0ng v\u1eabn gi\u1eef b\u1ea3n ch\u1ea5t v\u0103n h\u00f3a thu\u1ea7n Vi\u1ec7t.<\/li>\n<\/ul>\n<h2><strong>5. B\u1ea3ng gi\u00e1 c\u0103n h\u1ed9 Blue Star<\/strong><\/h2>\n<p>\u0110ang c\u1eadp nh\u1eadt<\/p>\n<h2><strong>6. Ph\u01b0\u01a1ng Th\u1ee9c Thanh To\u00e1n C\u0103n H\u1ed9 Blue Star<\/strong><\/h2>\n<p>\u0110ang c\u1eadp nh\u1eadt<\/p>\n<h2><strong>7. Ti\u1ebfn \u0110\u1ed9 X\u00e2y D\u1ef1ng D\u1ef1 \u00c1n C\u0103n H\u1ed9 The Blue Star<\/strong><\/h2>\n<p>\u0110ang c\u1eadp nh\u1eadt<\/p>\n<h2><strong>8. Uy T\u00edn V\u00e0 Ti\u1ec1m N\u0103ng CDT H\u01b0ng L\u1ed9c Ph\u00e1t<\/strong><\/h2>\n<p>T\u1eeb n\u0103m 2001 H\u01b0ng L\u1ed9c Ph\u00e1t \u0111\u01b0\u1ee3c th\u00e0nh l\u1eadp v\u00e0 tr\u1edf th\u00e0nh doanh nghi\u1ec7p ti\u00ean phong trong l\u0129nh v\u1ef1c khai th\u00e1c, mua b\u00e1n v\u1eadt li\u1ec7u x\u00e2y d\u1ef1ng \u0111\u00e1 \u1ed1p l\u00e1t cao c\u1ea5p \u0111\u00e1 Marble and Granite t\u1ea1i Vi\u1ec7t Nam.<\/p>\n<p>D\u1ea5u m\u1ed1c b\u01b0\u1edbc ch\u00e2n v\u00e0o BDS:<\/p>\n<ul>\n<li>\u0110\u1ea7u n\u0103m 2010 v\u1edbi d\u1ef1 \u00e1n \u0111\u1ea7u tay b\u00e0n giao \u0111\u00fang ti\u1ebfn \u0111\u1ed3 v\u00e0 \u0111\u00e3 c\u00f3 s\u1ed5 cho kh\u00e1ch h\u00e0ng d\u1ef1 \u00e1n H\u01b0ng Ph\u00e1t 1<\/li>\n<li>N\u0103m 2015 CDT H\u01b0ng L\u1ed9c Ph\u00e1t ti\u1ebfp t\u1ee5c c\u00f4ng b\u1ed1 th\u00e0nh c\u00f4ng d\u1ef1 \u00e1n H\u01b0ng Ph\u00e1t Silver Star (Ngay m\u1eb7t ti\u1ec1n \u0111\u01b0\u1eddng Nguy\u1ec5n H\u1eefu Th\u1ecd) v\u00e0 ti\u1ebfp t\u1ee5c \u0111\u01b0\u1ee3c kh\u00e1ch h\u00e0ng \u0111\u00f3n nh\u1eadn nh\u1edd s\u1ef1 uy t\u00edn c\u1ee7a CDT.<\/li>\n<li>\u0110\u1ebfn n\u0103m 2016 \u0111i\u1ec3m th\u00eam tr\u00ean con \u0111\u01b0\u1eddng an c\u01b0. CDT H\u01b0ng L\u1ed9c Ph\u00e1t ti\u1ebfp t\u1ee5c tri\u1ec3n khai th\u00e0nh c\u00f4ng d\u1ef1 \u00e1n The Golden Star.<\/li>\n<li>\u0110\u1ebfn n\u0103m 2018 tri\u1ec3n khai th\u00eam c\u0103n h\u1ed9 v\u1ec1 Healthy and Detox \u0111\u1ea7u ti\u00ean t\u1ea1i qu\u1eadn 7 Green Star.<\/li>\n<\/ul>\n<p>C\u0169ng trong n\u0103m 2018 l\u1ecdt v\u00e0o top 10 Doanh Nghi\u1ec7p Uy T\u00edn Nh\u1ea5t Vi\u1ec7t Nam.<\/p>\n<p>Nh\u01b0 v\u1eady v\u1edbi c\u00e1c ti\u1ec1m n\u0103ng v\u1ec1 v\u1eadn h\u00e0nh v\u00e0 x\u00e2y d\u1ef1ng. CDT H\u01b0ng L\u1ed9c Ph\u00e1t ng\u00e0y c\u00e0ng kh\u1eb3ng \u0111\u1ecbnh v\u1ecb th\u1ebf c\u1ee7a m\u00ecnh tr\u00ean th\u1ecb tr\u01b0\u1eddng BDS khu v\u1ef1c. \u0110em l\u1ea1i th\u1ebf m\u1ea1nh v\u00e0 ni\u1ec1m tin cho kh\u00e1ch h\u00e0ng.<\/p>\n","protected":false},"excerpt":{"rendered":"<ul>\n<li>T\u00ean d\u1ef1 \u00e1n: d\u1ef1 \u00e1n c\u0103n h\u1ed9 Blue Star<\/li>\n<li>V\u1ecb tr\u00ed: m\u1eb7t ti\u1ec1n \u0111\u01b0\u1eddng Nguy\u1ec5n Th\u1ecb Th\u1eadp, Qu\u1eadn 7, TP HCM<\/li>\n<li>Ch\u1ee7 \u0111\u1ea7u t\u01b0: H\u01afNG L\u1ed8C PH\u00c1T<\/li>\n<li>Thi c\u00f4ng: H\u00f2a B\u00ecnh<\/li>\n<li>Thi\u1ebft k\u1ebf: ARTELIA, Quy m\u00f4 d\u1ef1 \u00e1n: 2 block cao 32 t\u1ea7ng, 1600 c\u0103n h\u1ed9<\/li>\n<li>Th\u1eddi gian kh\u1edfi c\u00f4ng: 2019<\/li>\n<li>Th\u1eddi gian giao nh\u00e0: qu\u00fd II\/2021<\/li>\n<\/ul>\n","protected":false},"featured_media":160,"comment_status":"open","ping_status":"closed","template":"","meta":[],"product_cat":[16],"product_tag":[],"_links":{"self":[{"href":"https:\/\/demo.bmconnect.vn\/bds7\/wp-json\/wp\/v2\/product\/159"}],"collection":[{"href":"https:\/\/demo.bmconnect.vn\/bds7\/wp-json\/wp\/v2\/product"}],"about":[{"href":"https:\/\/demo.bmconnect.vn\/bds7\/wp-json\/wp\/v2\/types\/product"}],"replies":[{"embeddable":true,"href":"https:\/\/demo.bmconnect.vn\/bds7\/wp-json\/wp\/v2\/comments?post=159"}],"wp:featuredmedia":[{"embeddable":true,"href":"https:\/\/demo.bmconnect.vn\/bds7\/wp-json\/wp\/v2\/media\/160"}],"wp:attachment":[{"href":"https:\/\/demo.bmconnect.vn\/bds7\/wp-json\/wp\/v2\/media?parent=159"}],"wp:term":[{"taxonomy":"product_cat","embeddable":true,"href":"https:\/\/demo.bmconnect.vn\/bds7\/wp-json\/wp\/v2\/product_cat?post=159"},{"taxonomy":"product_tag","embeddable":true,"href":"https:\/\/demo.bmconnect.vn\/bds7\/wp-json\/wp\/v2\/product_tag?post=159"}],"curies":[{"name":"wp","href":"https:\/\/api.w.org\/{rel}","templated":true}]}}