{"id":157,"date":"2019-04-23T07:29:48","date_gmt":"2019-04-23T07:29:48","guid":{"rendered":"http:\/\/demo.bmconnect.vn\/bds7\/?post_type=product&#038;p=157"},"modified":"2019-04-23T07:29:48","modified_gmt":"2019-04-23T07:29:48","slug":"du-an-can-ho-hung-phat-silver-star-nha-be","status":"publish","type":"product","link":"https:\/\/demo.bmconnect.vn\/bds7\/du-an\/du-an-can-ho-hung-phat-silver-star-nha-be\/","title":{"rendered":"D\u1ef0 \u00c1N C\u0102N H\u1ed8 H\u01afNG PH\u00c1T SILVER STAR NH\u00c0 B\u00c8"},"content":{"rendered":"<p>S\u1edf h\u1eefu kh\u00f4ng gian xanh r\u1ed9ng l\u1edbn, v\u1ecb tr\u00ed \u0111\u1eafc \u0111\u1ecba h\u00e0ng \u0111\u1ea7u khu v\u1ef1c, thi\u1ebft k\u1ebf sang tr\u1ecdng, \u0111\u1ea7y \u0111\u1ee7 ti\u1ec7n \u00edch n\u1ed9i ngo\u1ea1i khu hi\u1ec7n \u0111\u1ea1i, d\u1ef1 \u00e1n c\u0103n h\u1ed9 Silver Star l\u00e0 khu \u0111\u00f4 th\u1ecb tr\u1ecdng \u0111i\u1ec3m c\u1ee7a th\u00e0nh ph\u1ed1 v\u00e0 \u0111\u01b0\u1ee3c ph\u00e1t tri\u1ec3n b\u1edfi nh\u00e0 \u0111\u1ea7u t\u01b0 nhi\u1ec1u kinh nghi\u1ec7m v\u00e0 uy t\u00edn l\u00e0 nh\u1eefng y\u1ebfu t\u1ed1 t\u1ea1o n\u00ean gi\u00e1 tr\u1ecb v\u00e0ng v\u00e0 gi\u00e1 tr\u1ecb gia t\u0103ng l\u1edbn sau n\u00e0y t\u1ea1i khu Nam c\u1ee7a Th\u00e0nh Ph\u1ed1.<\/p>\n<ol>\n<li>\n<h2><strong>T\u1ed5ng quan d\u1ef1 \u00e1n:<img class=\"aligncenter\" src=\"https:\/\/hunglocphatland.com.vn\/wp-content\/uploads\/2019\/03\/can-ho-hung-phat-silver-star-quan-7.jpg\" \/><\/strong><\/h2>\n<\/li>\n<\/ol>\n<p>+ Ch\u1ee7 \u0111\u1ea7u t\u01b0: C\u00f4ng ty C\u1ed5 ph\u1ea7n \u0110\u1ea7u t\u01b0 B\u1ea5t \u0111\u1ed9ng s\u1ea3n H\u01b0ng L\u1ed9c Ph\u00e1t<\/p>\n<p>+ Ng\u00e2n h\u00e0ng b\u1ea3o l\u00e3nh: Vietinbank<\/p>\n<p>+ Ng\u00e2n h\u00e0ng h\u1ed7 tr\u1ee3 vay v\u1ed1n: Vietcombank, Vietinbank, Vp Bank<\/p>\n<p>+ Nh\u00e0 th\u1ea7u thi c\u00f4ng: CC1 (T\u1ed5ng C\u00f4ng ty X\u00e2y d\u1ef1ng S\u1ed1 1)<\/p>\n<p>+ T\u1ed5ng di\u1ec7n t\u00edch: 8.956m2<\/p>\n<p>+ Block A: 205 c\u0103n (24 t\u1ea7ng)<br \/>\n+ Block B: 144 c\u0103n (21 t\u1ea7ng)<br \/>\n+ Block C: 98 c\u0103n (16 t\u1ea7ng)<br \/>\n+ M\u1eadt \u0111\u1ed9 x\u00e2y d\u1ef1ng: 32.82%.<\/p>\n<p>+ H\u1ed3 b\u01a1i t\u1ea7ng 5, c\u00f4ng vi\u00ean t\u1ea7ng 2<\/p>\n<ol start=\"2\">\n<li>\n<h2><strong>V\u1ec1 v\u1ecb tr\u00ed d\u1ef1 \u00e1n H\u01b0ng Ph\u00e1t Silver Star<\/strong><\/h2>\n<\/li>\n<\/ol>\n<p>V\u1edbi v\u1ecb tr\u00ed v\u00e0ng d\u1ef1 \u00e1n c\u0103n h\u1ed9 Silver Star c\u1ee7a CDT H\u01b0ng L\u1ed9c Ph\u00e1t n\u1eb1m ngay m\u1eb7t ti\u1ec1n \u0111\u01b0\u1eddng Nguy\u1ec5n H\u1eefu Th\u1ecd ngay trung t\u00e2m qu\u1eadn 7, tr\u1ee5c giao th\u00f4ng huy\u1ebft m\u1ea1ch n\u1ed1i khu \u0111\u00f4 th\u1ecb c\u1ea3ng Hi\u1ec7p Ph\u01b0\u1edbc (Nam S\u00e0i G\u00f2n) v\u1edbi c\u00e1c qu\u1eadn trung t\u00e2m th\u00e0nh ph\u1ed1 v\u00e0 li\u1ec1n k\u1ec1 Khu \u0111\u00f4 th\u1ecb m\u1edbi Ph\u00fa M\u1ef9 H\u01b0ng. Ngay trung t\u00e2m th\u01b0\u01a1ng m\u1ea1i Lotte Mart Qu\u1eadn 7 ti\u1ec7n l\u1ee3i di chuy\u1ec3n v\u00e0 s\u1eed d\u1ee5ng.<\/p>\n<p>Ph\u00eda \u0110\u00f4ng: gi\u00e1p m\u1eb7t ti\u1ec1n \u0111\u01b0\u1eddng Nguy\u1ec5n H\u1eefu Th\u1ecd.<br \/>\nPh\u00eda T\u00e2y: gi\u00e1p KDC L\u00e0ng \u0111\u1ea1i h\u1ecdc.<br \/>\nPh\u00eda Nam: gi\u00e1p KDC L\u00e0ng \u0111\u1ea1i h\u1ecdc.<br \/>\nPh\u00eda B\u1eafc: gi\u00e1p KDC hi\u1ec7n h\u1eefu.<img class=\"aligncenter\" src=\"https:\/\/hunglocphatland.com.vn\/wp-content\/uploads\/2019\/03\/BAN-DO-VI-TRI-HUNG-PAT-SILVER-STAR-NB-1-222.jpg\" \/><\/p>\n<p>C\u1ed9ng v\u1edbi ti\u1ec1m n\u0103ng v\u1ec1 c\u01a1 s\u1edf h\u1ea1 t\u1ea7ng quoanh khu v\u1ef1c nh\u01b0 \u0111\u01b0\u1eddng cao t\u1ed1c B\u1ebfn L\u1ee9c \u2013 Long Th\u00e0nh, n\u00fat giao th\u00f4ng Nguy\u1ec5n H\u1eefu Th\u1ecd \u2013 Nguy\u1ec5n V\u0103n Linh, c\u1ea7u R\u1ea1ch \u0110\u0129a, c\u1ea7u Long Ki\u1ec3ng, c\u1ea7u K\u00eanh T\u1ebb 2\u2026s\u1ebd s\u1edbm tri\u1ec3n khai v\u00e0 \u0111\u01b0a v\u00e0o s\u1eed d\u1ee5ng mang l\u1ea1i l\u1ee3i th\u1ebf r\u1ea5t l\u1edbn cho c\u01b0 d\u00e2n sinh s\u1ed1ng t\u1ea1i d\u1ef1 \u00e1n c\u0103n h\u1ed9 Silver Star.<\/p>\n<ol start=\"3\">\n<li>\n<h2><strong>Ti\u1ec7n \u00edch d\u1ef1 \u00e1n H\u01b0ng Ph\u00e1t Silver Star:<\/strong><img class=\"aligncenter\" src=\"https:\/\/hunglocphatland.com.vn\/wp-content\/uploads\/2019\/03\/can-ho-hung-phat-silver-star-222.jpg\" \/><\/h2>\n<\/li>\n<\/ol>\n<h3><strong><em><u>Ti\u1ec7n \u00edch n\u1ed9i khu:<\/u><\/em><\/strong><\/h3>\n<ul>\n<li><strong>An ninh 24\/24:<\/strong><\/li>\n<\/ul>\n<p>T\u1ea1i d\u1ef1 \u00e1n\u00a0<strong>H\u01b0ng Ph\u00e1t Silver Star<\/strong>\u00a0h\u1ec7 th\u1ed1ng an ninh hi\u1ec7n \u0111\u1ea1i v\u00e0 an ninh 24\/24<\/p>\n<ul>\n<li><strong>Qu\u1ea3ng tr\u01b0\u1eddng &amp; c\u00f4ng vi\u00ean c\u00e2y xanh:<\/strong><\/li>\n<li><strong>H\u1ed3 b\u01a1i tr\u00e0n \u0111\u1ed9c \u0111\u00e1o: \u0110\u01b0\u1ee3c b\u1ed1 tr\u00ed t\u1ea1i t\u1ea7ng 5<img class=\"aligncenter\" src=\"https:\/\/hunglocphatland.com.vn\/wp-content\/uploads\/2019\/03\/h%E1%BB%93-b%C6%A1i-silver-01-222.jpg\" \/><\/strong><\/li>\n<li><strong>Khu th\u1ec3 d\u1ee5c, th\u1ec3 thao<\/strong><\/li>\n<li><strong>Trung t\u00e2m th\u01b0\u01a1ng mai s\u1ea7m u\u1ea5t:<\/strong><\/li>\n<\/ul>\n<p>H\u1ec7 th\u1ed1ng ti\u1ec7n \u00edch th\u01b0\u01a1ng m\u1ea1i\u00a0 ho\u00e0n ch\u1ec9nh t\u1eeb t\u1ea7ng 1 \u0111\u1ebfn t\u1ea7ng 5 v\u1edbi h\u00e0ng tr\u0103m gian h\u00e0ng ph\u1ee5c v\u1ee5 m\u1ecdi nhu c\u1ea7u sinh ho\u1ea1t c\u1ee7a b\u1ea1n s\u1ebd \u0111\u01b0\u1ee3c \u0111\u00e1p \u1ee9ng ch\u1ec9 trong v\u00e0i b\u01b0\u1edbc ch\u00e2n.<\/p>\n<ul>\n<li><strong>Gym \u2013 Spa \u2013 Beauty salon:<\/strong><\/li>\n<\/ul>\n<p>V\u1edbi h\u1ec7 th\u1ed1ng ph\u00f2ng t\u1eadp Gym \u0111\u01b0\u1ee3c \u0111\u1ea7u t\u01b0 \u0111\u1ea7y \u0111\u1ee7 trang thi\u1ebft b\u1ecb m\u00e1y m\u00f3c hi\u1ec7n \u0111\u1ea1i, h\u1ee9a\u00a0 h\u1eb9n s\u1ebd l\u00e0 m\u1ed9t \u0111i\u1ec3m \u0111\u1ebfn y\u00eau th\u00edch cho m\u1ecdi c\u01b0 d\u00e2n kh\u00f4ng ch\u1ec9 gi\u00fap b\u1ea1n ph\u1ee5c h\u1ed3i s\u1ee9c kh\u1ecfe, ch\u0103m s\u00f3c s\u1eafc \u0111\u1eb9p.<\/p>\n<ul>\n<li><strong>Tr\u01b0\u1eddng m\u1ea7m non ngay trong khu\u00f4n vi\u00ean d\u1ef1 \u00e1n:<\/strong><\/li>\n<\/ul>\n<p>Tr\u01b0\u1eddng m\u1ea7m non c\u1ee7a d\u1ef1 \u00e1n c\u0103n h\u1ed9 Silver Star \u0111\u01b0\u1ee3c b\u1ed1 tr\u00ed t\u1ea1i t\u1ea7ng 2. M\u1ecdi lo toan v\u1ec1 vi\u1ec7c \u0111\u01b0a \u0111\u00f3n con c\u00e1i \u0111\u1ebfn tr\u01b0\u1eddng xa nh\u00e0 s\u1ebd \u0111\u01b0\u1ee3c x\u00f3a tan t\u1ea1i c\u0103n h\u1ed9 H\u01b0ng Ph\u00e1t Silver Star.<\/p>\n<ul>\n<li><strong>Thang m\u00e1y c\u1ee9u h\u1ecfa v\u00e0 h\u00e0nh lang ch\u1ed1ng ch\u00e1y an to\u00e0n:<\/strong><\/li>\n<\/ul>\n<p>T\u1eeb khu v\u1ef1c c\u00f4ng c\u1ed9ng cho \u0111\u1ebfn to\u00e0n c\u0103n h\u1ed9 chung c\u01b0 \u0111\u1ec1u \u0111\u01b0\u1ee3c trang b\u1ecb h\u1ec7 th\u1ed1ng b\u00e1o ch\u00e1y, b\u00e1o kh\u00f3i, phun n\u01b0\u1edbc t\u1ef1 \u0111\u1ed9ng, h\u1ec7 th\u1ed1ng thang m\u00e1y ch\u1ed1ng ch\u00e1y 2 l\u1edbp c\u1eeda c\u1ee7a Mitsubishi \u0111\u01b0\u1ee3c b\u1ed1 tr\u00ed ri\u00eang bi\u1ec7t, v\u1eadn h\u00e0nh b\u1edfi ngu\u1ed3n \u0111i\u1ec7n \u01b0u ti\u00ean nh\u1eb1m \u0111\u1ea3m b\u1ea3o kh\u00f4ng b\u1ecb gi\u00e1n \u0111o\u1ea1n hay \u1ea3nh h\u01b0\u1edfng khi m\u1ea5t \u0111i\u1ec7n. C\u01b0 d\u00e2n n\u01a1i \u0111\u00e2y s\u1ebd kh\u00f4ng c\u1ea7n ph\u1ea3i lo l\u1eafng khi x\u1ea3y ra s\u1ef1 c\u1ed1.<\/p>\n<ul>\n<li>Trung t\u00e2m th\u01b0\u01a1ng m\u1ea1i 3 t\u1ea7ng (t\u1ea7ng 1-3 v\u00e0 1 ph\u1ea7n t\u1ea7ng 5): 8.022 m<sup>2<\/sup><\/li>\n<li>Si\u00eau th\u1ecb mini.<\/li>\n<li>Khu nh\u00e0 h\u00e0ng \u2013 cafe.<\/li>\n<li>Ph\u00f2ng t\u1eadp Gym \u2013 Spa.<\/li>\n<li>H\u1ed3 b\u01a1i gi\u1eefa 02 block.<\/li>\n<li>Nh\u00e0 tr\u1ebb \u2013 m\u1ea7m non.<\/li>\n<li>C\u00f4ng vi\u00ean c\u00e2y xanh tr\u01b0\u1edbc d\u1ef1 \u00e1n.<\/li>\n<li>Nh\u00e0 sinh ho\u1ea1t c\u1ed9ng \u0111\u1ed3ng.<\/li>\n<li>An ninh 24\/7 v\u1edbi h\u1ec7 th\u1ed1ng thang m\u00e1y th\u1ebb t\u1eeb.<\/li>\n<li>B\u00e3i \u0111\u1ed7 xe r\u1ed9ng r\u00e3i (t\u1ea7ng h\u1ea7m, tr\u1ec7t, ngo\u00e0i tr\u1eddi): 8.437 m<sup>2<\/sup><\/li>\n<\/ul>\n<h3><strong><em><u>Ti\u1ec7n \u00edch ngo\u1ea1i khu:<\/u><\/em><\/strong><\/h3>\n<ul>\n<li>B\u1ec7nh vi\u1ec7n Nh\u00e0 B\u00e8, b\u1ec7nh vi\u1ec7n Ph\u00e1o Vi\u1ec7t, b\u1ec7nh vi\u1ec7n tim T\u00e2m \u0110\u1ee9c.<\/li>\n<li>\u0110\u1ea1i h\u1ecdc T\u00f4n \u0110\u1ee9c Th\u1eafng, Rmit.<\/li>\n<li>Trung t\u00e2m th\u01b0\u01a1ng m\u1ea1i Vivo City, Lotte, Parkson, Crescent mall, khu vui ch\u01a1i tr\u1ebb em VIETTOPIA.<\/li>\n<li>Ng\u00e2n h\u00e0ng ACB, Vietcom, Viettin, Sacom\u2026<\/li>\n<li>V\u00e0 kh\u1ea3 n\u0103ng k\u1ebft n\u1ed1i t\u1ed1i \u01b0u \u0111\u1ebfn nhi\u1ec1u \u0111\u1ecba \u0111i\u1ec3m l\u1edbn trong v\u00e0 ngo\u00e0i th\u00e0nh ph\u1ed1 th\u00f4ng qua c\u00e1c tuy\u1ebfn giao th\u00f4ng tr\u1ecdng \u0111i\u1ec3m nh\u01b0:<\/li>\n<li>Tuy\u1ebfn metro s\u1ed1 4 tr\u1ee5c B\u1eafc Nam d\u00e0i 39km.<\/li>\n<li>Tr\u1ee5c \u0111\u01b0\u1eddng Mai Ch\u00ed Th\u1ecd k\u1ebft n\u1ed1i khu Nam v\u1edbi Ph\u00fa M\u1ef9 H\u01b0ng.<\/li>\n<li>Tr\u1ee5c \u0111\u01b0\u1eddng Nguy\u1ec5n V\u0103n Linh, \u0111i\u1ec3m k\u1ebft n\u1ed1i \u0111\u01b0\u1eddng cao t\u1ed1c Long Th\u00e0nh \u2013 D\u1ea7u Gi\u00e2y.<\/li>\n<\/ul>\n<ol start=\"4\">\n<li>\n<h2><strong>N\u1ed9i th\u1ea5t cao c\u1ea5p b\u00e0n giao b\u00ean trong c\u0103n h\u1ed9 H\u01b0ng Ph\u00e1t Silver Star:<\/strong><\/h2>\n<\/li>\n<\/ol>\n<p>C\u0103n h\u1ed9 H\u01b0ng Ph\u00e1t Silver Star \u0111\u01b0\u1ee3c b\u00e0n giao v\u1edbi ch\u1ea5t l\u01b0\u1ee3ng v\u01b0\u1ee3t tr\u1ed9i c\u00f9ng th\u1eddi gian giao nh\u00e0 \u0111\u00fang ti\u1ebfn \u0111\u1ed9 l\u00e0m th\u1ecfa m\u00e3n v\u00e0 h\u00e0i l\u00f2ng m\u1ecdi kh\u00e1ch h\u00e0ng sinh s\u1ed1ng t\u1ea1i \u0111\u00e2y.<\/p>\n<ul>\n<li><strong>V\u1ec1 thi\u1ebft k\u1ebf c\u0103n h\u1ed9 H\u01b0ng Ph\u00e1t Silver Star<\/strong>: t\u1ea5t c\u1ea3 ph\u00f2ng ng\u1ee7, ph\u00f2ng kh\u00e1ch \u0111\u1ec1u c\u00f3 c\u1eeda s\u1ed5 h\u01b0\u1edbng ra ngo\u00e0i s\u00e1ng, h\u00e0ng lang r\u1ed9ng tho\u00e1ng, c\u00f3 3-5 thang m\u00e1y cho 1 block c\u0103n h\u1ed9 ch\u1ec9 cao t\u1eeb 16 \u0111\u1ebfn 24 l\u1ea7u, ch\u1ec9 c\u00f3 t\u1eeb 8 \u0111\u1ebfn 10 c\u0103n tr\u00ean 1 m\u1eb7t b\u1eb1ng t\u1ea7ng,\u2026<\/li>\n<li><strong>V\u1ec1 n\u1ed9i th\u1ea5t b\u00ean trong c\u0103n h\u1ed9 H\u01b0ng Ph\u00e1t Silver Star<\/strong>: full b\u1ebfp c\u00f3 bao g\u1ed3m b\u1ebfp \u0111i\u1ec7n t\u1eeb v\u00e0 m\u00e1y h\u00fat m\u00f9i Malloca, Full ph\u00f2ng t\u1eafm, s\u00e0n g\u1ed7 ph\u00f2ng ng\u1ee7, s\u00e0n g\u1ea1ch ceramic cao c\u1ea5p ph\u00f2ng kh\u00e1ch, c\u00f3 tr\u1ea7n th\u1ea1ch cao, \u0111\u00e8n chi\u1ebfu s\u00e1ng,\u2026<\/li>\n<\/ul>\n<ol start=\"5\">\n<li>\n<h2><strong>V\u1ec1 Ch\u1ee7 \u0110\u1ea7u T\u01b0 H\u01b0ng L\u1ed9c Ph\u00e1t:<\/strong><\/h2>\n<\/li>\n<\/ol>\n<p>Ch\u1ee7 \u0110\u1ea7u T\u01b0 \u00a0d\u1ef1 \u00e1n c\u0103n h\u1ed9 Silver Star l\u00e0 H\u01b0ng L\u1ed9c Ph\u00e1t. H\u01b0ng L\u1ed9c Ph\u00e1t \u0111\u00e3 tri\u1ec3n khai h\u01a1n 4 d\u1ef1 \u00e1n c\u0103n h\u1ed9 + bi\u1ec7t th\u1ef1 nh\u00e0 ph\u1ed1 trong \u0111\u00f3 \u0111\u00e3 b\u00e0n giao v\u00e0 \u0111i v\u00e0o s\u1eed d\u1ee5ng ph\u1ee5c v\u1ee5 c\u01b0 d\u00e2n l\u00e0 3 d\u1ef1 \u00e1n H\u01b0ng Ph\u00e1t 1, H\u01b0ng Ph\u00e1t Silver Star v\u00e0 H\u01b0ng Ph\u00e1t Golden Star v\u1edbi ch\u1ea5t l\u01b0\u1ee3ng c\u00f4ng tr\u00ecnh b\u00e0n giao \u0111\u01b0\u1ee3c \u0111\u00e1nh gi\u00e1 l\u00e0 t\u1ed1t so v\u1edbi c\u00e1c d\u1ef1 \u00e1n khu v\u1ef1c. Hi\u1ec7n t\u1ea1i \u0111ang tri\u1ec3n khai th\u00eam d\u1ef1 \u00e1n Green Star Sky Garden. V\u00e0 s\u1eafp t\u1edbi l\u00e0 d\u1ef1 \u00e1n Blue Star \u0111\u1eb7c bi\u1ec7t d\u1ef1 \u00e1n Summer Land Resort Phan Thi\u1ebft l\u00e0 ph\u00e2n kh\u00fac ngh\u1ec9 d\u01b0\u1ee1ng H\u01b0ng L\u1ed9c Ph\u00e1t tri\u1ec3n khai trong th\u00e1ng 5 t\u1edbi.<\/p>\n","protected":false},"excerpt":{"rendered":"<p>S\u1edf h\u1eefu kh\u00f4ng gian xanh r\u1ed9ng l\u1edbn, v\u1ecb tr\u00ed \u0111\u1eafc \u0111\u1ecba h\u00e0ng \u0111\u1ea7u khu v\u1ef1c, thi\u1ebft k\u1ebf sang tr\u1ecdng, \u0111\u1ea7y \u0111\u1ee7 ti\u1ec7n \u00edch n\u1ed9i ngo\u1ea1i khu hi\u1ec7n \u0111\u1ea1i, d\u1ef1 \u00e1n c\u0103n h\u1ed9 Silver Star l\u00e0 khu \u0111\u00f4 th\u1ecb tr\u1ecdng \u0111i\u1ec3m c\u1ee7a th\u00e0nh ph\u1ed1 v\u00e0 \u0111\u01b0\u1ee3c ph\u00e1t tri\u1ec3n b\u1edfi nh\u00e0 \u0111\u1ea7u t\u01b0 nhi\u1ec1u kinh nghi\u1ec7m v\u00e0 uy t\u00edn l\u00e0 nh\u1eefng y\u1ebfu t\u1ed1 t\u1ea1o n\u00ean gi\u00e1 tr\u1ecb v\u00e0ng v\u00e0 gi\u00e1 tr\u1ecb gia t\u0103ng l\u1edbn sau n\u00e0y t\u1ea1i khu Nam c\u1ee7a Th\u00e0nh Ph\u1ed1.<\/p>\n","protected":false},"featured_media":158,"comment_status":"open","ping_status":"closed","template":"","meta":[],"product_cat":[16],"product_tag":[],"_links":{"self":[{"href":"https:\/\/demo.bmconnect.vn\/bds7\/wp-json\/wp\/v2\/product\/157"}],"collection":[{"href":"https:\/\/demo.bmconnect.vn\/bds7\/wp-json\/wp\/v2\/product"}],"about":[{"href":"https:\/\/demo.bmconnect.vn\/bds7\/wp-json\/wp\/v2\/types\/product"}],"replies":[{"embeddable":true,"href":"https:\/\/demo.bmconnect.vn\/bds7\/wp-json\/wp\/v2\/comments?post=157"}],"wp:featuredmedia":[{"embeddable":true,"href":"https:\/\/demo.bmconnect.vn\/bds7\/wp-json\/wp\/v2\/media\/158"}],"wp:attachment":[{"href":"https:\/\/demo.bmconnect.vn\/bds7\/wp-json\/wp\/v2\/media?parent=157"}],"wp:term":[{"taxonomy":"product_cat","embeddable":true,"href":"https:\/\/demo.bmconnect.vn\/bds7\/wp-json\/wp\/v2\/product_cat?post=157"},{"taxonomy":"product_tag","embeddable":true,"href":"https:\/\/demo.bmconnect.vn\/bds7\/wp-json\/wp\/v2\/product_tag?post=157"}],"curies":[{"name":"wp","href":"https:\/\/api.w.org\/{rel}","templated":true}]}}