{"id":155,"date":"2019-04-23T07:28:58","date_gmt":"2019-04-23T07:28:58","guid":{"rendered":"http:\/\/demo.bmconnect.vn\/bds7\/?post_type=product&#038;p=155"},"modified":"2019-04-23T07:28:58","modified_gmt":"2019-04-23T07:28:58","slug":"du-an-summer-land-resort-hung-loc-phat","status":"publish","type":"product","link":"https:\/\/demo.bmconnect.vn\/bds7\/du-an\/du-an-summer-land-resort-hung-loc-phat\/","title":{"rendered":"D\u1ef0 \u00c1N SUMMER LAND RESORT H\u01afNG L\u1ed8C PH\u00c1T"},"content":{"rendered":"<p>V\u1edbi nh\u1eefng thu\u1eadn l\u1ee3i v\u1ec1 m\u1eb7t ngh\u1ec9 d\u01b0\u1ee1ng ch\u1ec9 ri\u00eang Phan Thi\u1ebft \u2013 B\u00ecnh Thu\u1eadn m\u1edbi c\u00f3 nh\u01b0 c\u00f3 s\u1ed1 gi\u1edd n\u1eafng m\u1ed7i n\u0103m t\u1eeb 2500 \u0111\u1ebfn tr\u00ean 3000 gi\u1edd, m\u1ed7i n\u0103m kh\u00f4ng c\u00f3 thi\u00ean tai, kh\u00ed h\u1eadu \u00f4n h\u00f2a thu\u1eadn ti\u1ec7n ph\u00e1t tri\u1ec3n du l\u1ecbch quanh n\u0103m. Nhi\u1ec1u \u0111i\u1ec3m du l\u1ecbch h\u1ea5p d\u1eabn nh\u01b0 H\u00f2n R\u01a1m, \u0110\u1ed3i C\u00e1t H\u1ed3ng, H\u00f2n Gh\u1ec1nh, Su\u1ed1i Ti\u00ean,\u2026 th\u00ec hi\u1ec7n t\u1ea1i M\u0169i N\u00e9 Phan Thi\u1ebft l\u00e0 m\u1ed9t \u0111\u1ecba \u0111i\u1ec3m du l\u1ecbch kh\u00f4ng th\u1ec3 b\u1ecf qua. C\u00f9ng v\u1edbi \u0111\u00f3 th\u1ecb tr\u01b0\u1eddng b\u1ea5t \u0111\u1ed9ng s\u1ea3n M\u0169i N\u00e9 \u2013 Phan Thi\u1ebft n\u0103m 2019 \u0111\u01b0\u1ee3c d\u1ef1 \u0111o\u00e1n s\u1ebd ph\u00e1t tri\u1ec3n m\u1ea1nh v\u1edbi h\u00e0ng lo\u1ea1t si\u00eau d\u1ef1 \u00e1n. Ph\u1ea7n l\u1edbn c\u00e1c d\u1ef1 \u00e1n n\u00e0y thu\u1ed9c v\u1ec1 nh\u1eefng \u0111\u1ea1i gia \u0111\u1ecba \u1ed1c l\u1ea7n \u0111\u1ea7u ti\u00ean \u0111\u1eb7t ch\u00e2n \u0111\u1ebfn Phan Thi\u1ebft nh\u01b0 Novaland, H\u01b0ng L\u1ed9c Ph\u00e1t, L\u1ed9c T\u00fa, N\u00f4ng th\u1ecb Dubai Vi\u1ec7t Nam, FLC, TMS, Capital Verte\u2026<\/p>\n<p><img class=\"aligncenter\" src=\"https:\/\/hunglocphatland.com.vn\/wp-content\/uploads\/2019\/03\/190914_phanthiet_122.jpg\" \/><\/p>\n<p>Trong \u0111\u00f3 c\u00f4ng b\u1ed1 s\u1edbm nh\u1ea5t trong n\u0103m 2019 l\u00e0 d\u1ef1 \u00e1n Summer Land resort c\u1ee7a H\u01b0ng L\u1ed9c Ph\u00e1t.<\/p>\n<ol>\n<li>\n<h2><strong>T\u1ed5ng quan d\u1ef1 \u00e1n Summer Land Resort H\u01b0ng L\u1ed9c Ph\u00e1t:<\/strong><\/h2>\n<\/li>\n<\/ol>\n<ul>\n<li>\u0110\u1ea5t \u1edf c\u00f3 t\u1ed5ng di\u1ec7n t\u00edch 150.377,3 m2 g\u1ed3m: Bi\u1ec7t th\u1ef1 \u0111\u01a1n l\u1eadp 18.680,4 m2 , Bi\u1ec7t th\u1ef1 song l\u1eadp 9.202,2 m2, Nh\u00e0 ph\u1ed1 37.334 m2, Nh\u00e0 ph\u1ed1 k\u1ebft h\u1ee3p th\u01b0\u01a1ng m\u1ea1i 20.578,4 m2, C\u0103n h\u1ed9 cao t\u1ea7ng 17.273,8 m2, \u0110\u1ea5t \u1edf k\u1ebft h\u1ee3p d\u1ecbch v\u1ee5 du l\u1ecbch 16.921,6 m2 nh\u00e0 \u1edf x\u00e3 h\u1ed9i 30.386,9 m2;<\/li>\n<li>\u0110\u1ea5t c\u00f4ng tr\u00ecnh c\u00f4ng c\u1ed9ng c\u00f3 t\u1ed5ng di\u1ec7n t\u00edch 6.596,7 m2 g\u1ed3m: Tr\u01b0\u1eddng m\u1ea7m non 6.102,1 m2, H\u1ed9i tr\u01b0\u1eddng khu ph\u1ed1 494,6 m2;<\/li>\n<li>\u0110\u1ea5t c\u00f4ng vi\u00ean c\u00e2y xanh qu\u1ea3ng tr\u01b0\u1eddng c\u00f3 t\u1ed5ng di\u1ec7n t\u00edch 42.136,2 m2;<\/li>\n<li>\u0110\u1ea5t giao th\u00f4ng c\u00f3 t\u1ed5ng di\u1ec7n t\u00edch 116.234,3 m2.<\/li>\n<\/ul>\n<ol start=\"2\">\n<li>\n<h2><strong>V\u1ecb tr\u00ed d\u1ef1 \u00e1n Summer Land resort Phan Thi\u1ebft \u2013 M\u0169i n\u00e9:<\/strong><img class=\"aligncenter\" src=\"https:\/\/hunglocphatland.com.vn\/wp-content\/uploads\/2019\/03\/hunglocphatphanthiet-1547808221-22.jpg\" \/><\/h2>\n<\/li>\n<\/ol>\n<p>D\u1ef1 \u00e1n Summer land resort t\u1ecda l\u1ea1c t\u1ea1i m\u1eb7t ti\u1ec1n \u0111\u01b0\u1eddng V\u00f5 Nguy\u00ean Gi\u00e1p (706B) , v\u1ecb tr\u00ed v\u00e0ng gi\u00e1p v\u1edbi Nguy\u1ec5n Th\u00f4ng. Tuy\u1ebfn \u0111\u01b0\u1eddng k\u1ebft n\u1ed1i t\u1eeb trung t\u00e2m th\u00e0nh ph\u1ed1 Phan Thi\u1ebft ra t\u1edbi M\u0169i N\u00e9. Li\u1ec1n k\u1ec1 v\u1edbi khu ph\u1ed1 t\u00e2y s\u1ea7m u\u1ea5t Nguy\u1ec5n \u0110\u00ecnh Chi\u1ec3u, L\u1ea7u \u00d4ng Ho\u00e0ng, Th\u00e1p Ch\u00e0m Poh Sa Inu,.. v\u00e0 nhi\u1ec1u \u0111\u1ecba \u0111i\u1ec3m du l\u1ecbch kh\u00e1c.<\/p>\n<p>T\u1eeb v\u1ecb tr\u00ed d\u1ef1 \u00e1n Summer land resort \u0111\u1ebfn M\u0169i N\u00e9 Th\u1ee7 \u0111\u00f4 resort c\u1ee7a Vi\u1ec7t Nam ch\u1ec9 15 ph\u00fat<\/p>\n<p>\u0110\u1ebfn TT Th\u00e0nh Ph\u1ed1 Phan Thi\u1ebft ch\u1ec9 5 ph\u00fat<\/p>\n<p>\u0110\u1ebfn Th\u00e1p Ch\u00e0m Poh Sa Inu ch\u1ec9 5 Ph\u00fat<\/p>\n<p>\u0110\u1ebfn L\u1ea7u \u00d4ng Ho\u00e0ng ch\u1ec9 5 ph\u00fat<\/p>\n<p>\u0110\u1ebfn S\u00e2n bay Phan Thi\u1ebft, \u0110\u1ea1i h\u1ecdc Phan Thi\u1ebft ch\u1ec9 5 ph\u00fat<\/p>\n<ol start=\"3\">\n<li>\n<h2><strong>Ti\u1ebfn \u0111\u1ed9 tri\u1ec3n khai c\u1ee7a d\u1ef1 \u00e1n Summer Land Resort<\/strong><\/h2>\n<\/li>\n<\/ol>\n<ul>\n<li>Giai \u0111o\u1ea1n 1 (th\u00e1ng 1\/2019 \u2013 th\u00e1ng 1\/2020): \u0110\u1ea7u t\u01b0 x\u00e2y d\u1ef1ng h\u1ec7 th\u1ed1ng giao th\u00f4ng v\u00e0 h\u1ea1 t\u1ea7ng k\u1ef9 thu\u1eadt k\u00e8m theo; khu qu\u1ea3ng tr\u01b0\u1eddng trung t\u00e2m.<\/li>\n<li>Giai \u0111o\u1ea1n 2 (th\u00e1ng 2\/2020 \u2013 th\u00e1ng 2\/2022): X\u00e2y d\u1ef1ng khu nh\u00e0 bi\u1ec7t th\u1ef1 \u0111\u01a1n l\u1eadp, khu nh\u00e0 bi\u1ec7t th\u1ef1 song l\u1eadp, khu nh\u00e0 ph\u1ed1, khu nh\u00e0 ph\u1ed1 k\u1ebft h\u1ee3p th\u01b0\u01a1ng m\u1ea1i, khu \u1edf k\u1ebft h\u1ee3p d\u1ecbch v\u1ee5 du l\u1ecbch.<\/li>\n<li>Giai \u0111o\u1ea1n 3 (th\u00e1ng 3\/2022 \u2013 th\u00e1ng 2\/2024): X\u00e2y d\u1ef1ng v\u00e0 ho\u00e0n thi\u1ec7n c\u00e1c h\u1ea1ng m\u1ee5c c\u00f2n l\u1ea1i.<\/li>\n<\/ul>\n<p>Khu \u0111\u00f4 th\u1ecb d\u1ecbch v\u1ee5 du l\u1ecbch c\u00f3 ph\u00eda \u0110\u00f4ng gi\u00e1p \u0111\u1ea5t \u1edf k\u1ebft h\u1ee3p th\u01b0\u01a1ng m\u1ea1i d\u1ecbch v\u1ee5 theo quy ho\u1ea1ch, ph\u00eda T\u00e2y gi\u00e1p \u0111\u1ea5t d\u1ef1 \u00e1n Khu th\u01b0\u01a1ng m\u1ea1i d\u1ecbch v\u1ee5 v\u00e0 d\u00e2n c\u01b0 T\u00e2n Vi\u1ec7t Ph\u00e1t 2, ph\u00eda Nam gi\u00e1p \u0111\u01b0\u1eddng \u0110T.706B, ph\u00eda B\u1eafc gi\u00e1p \u0111\u1ea5t c\u00e2y xanh c\u00e1ch ly theo quy ho\u1ea1ch.<\/p>\n<p><strong>Hotline 0924 046 746<\/strong><\/p>\n<ol start=\"4\">\n<li>\n<h2><strong>Thi\u1ebft k\u1ebf tinh t\u1ebf, t\u1ed1i \u01b0u c\u00f4ng n\u0103ng s\u1eed d\u1ee5ng:<\/strong><\/h2>\n<\/li>\n<\/ol>\n<p>D\u1ef1 \u00e1n Summer Land Resort c\u1ee7a CDT H\u01b0ng L\u1ed9c Ph\u00e1t ch\u0103m ch\u00fat v\u1ec1 m\u1eb7t thi\u1ebft k\u1ebf, \u0111\u1ea3m b\u1ea3o c\u00f4ng n\u0103ng s\u1eed d\u1ee5ng \u0111\u1ed3ng th\u1eddi mang t\u00ednh th\u1ea9m m\u1ef9 cao s\u1ebd mang l\u1ea1i cho qu\u00fd kh\u00e1ch h\u00e0ng c\u1ea3m gi\u00e1c h\u00e0i l\u00f2ng.<\/p>\n<p><img class=\"aligncenter\" src=\"https:\/\/hunglocphatland.com.vn\/wp-content\/uploads\/2019\/03\/bai-tam-o-mui-ne.jpg\" \/><\/p>\n<p>Nh\u00e0 ph\u1ed1 th\u01b0\u01a1ng m\u1ea1i v\u1edbi thi\u1ebft k\u1ebf th\u00f4ng tho\u00e1ng, sang tr\u1ecdng<\/p>\n<p>Bi\u1ec7t th\u1ef1 tri\u1ec1n \u0111\u1ed3i view Bi\u1ec3n Summer Land Resort v\u1edbi thi\u1ebft k\u1ebf \u0111\u1ed9c \u0111\u00e1o gi\u00fap gia ch\u1ee7 c\u00f3 th\u1ec3 nh\u00ecn \u0111\u01b0\u1ee3c view Bi\u1ec3n to\u00e0n khu<\/p>\n<p>Bi\u1ec7t th\u1ef1 view \u0111\u1ed3i c\u1ea3nh quan v\u1edbi c\u00e1t tr\u1eafng n\u1eafng v\u00e0ng \u0111\u1ea3m b\u1ea3o mang l\u1ea1i cho gia \u0111\u00ecnh c\u1ea3m gi\u00e1c th\u01b0 gi\u00e3n tho\u1ea3i m\u00e1i<\/p>\n<ol start=\"5\">\n<li>\n<h2><strong>Ti\u1ec1m n\u0103ng d\u1ef1 \u00e1n Summer Land Resort Phan Thi\u1ebft:<\/strong><\/h2>\n<\/li>\n<\/ol>\n<ul>\n<li>C\u01a1 s\u1edf h\u1ea1 t\u1ea7ng ng\u00e0y m\u1ed9t ho\u00e0n thi\u1ec7n t\u1ea1i Phan Thi\u1ebft h\u1ee9a h\u1eb9n s\u1ebd \u0111\u01b0a d\u1ef1 \u00e1n Summer Land Resort tr\u1edf th\u00e0nh m\u1ed9t \u0111i\u1ec3m n\u00f3ng \u0111\u1ea7u t\u01b0 c\u0169ng nh\u01b0 ngh\u1ec9 d\u01b0\u1ee1ng t\u1ea1i th\u00e0nh ph\u1ed1 bi\u1ec3n xinh \u0111\u1eb9p trong n\u0103m 2019.<\/li>\n<li>V\u1ec1 thi\u00ean th\u1eddi: Phan Thi\u1ebft \u2013 M\u0169i N\u00e9 v\u1ed1n n\u1ed5i ti\u1ebfng v\u1edbi nh\u1eefng b\u00e3i bi\u1ec3n tuy\u1ec7t \u0111\u1eb9p, nh\u1eefng \u0111\u1ed3i c\u00e1t bi\u1ebfn h\u00ecnh, kh\u00ed h\u1eadu nhi\u1ec7t \u0111\u1edbi quanh n\u0103m chan h\u00f2a \u00e1nh n\u1eafng v\u00e0 kh\u00f4ng c\u00f3 kho\u1ea3ng th\u1eddi gian ch\u1ebft m\u00f9a \u0110\u00f4ng hay m\u00f9a m\u01b0a nh\u01b0 c\u00e1c th\u00e0nh ph\u1ed1 bi\u1ec3n Mi\u1ec1n B\u1eafc hay Nha Trang \u2013 \u0110\u00e0 N\u1eb5ng \u2013 Ph\u00fa Qu\u1ed1c. M\u1eb7t kh\u00e1c, v\u1ec1 v\u1ecb tr\u00ed \u0111\u1ecba l\u00fd, Phan Thi\u1ebft \u2013 M\u0169i N\u00e9 ch\u1ec9 c\u00e1ch TP. H\u1ed3 Ch\u00ed Minh 2 gi\u1edd ch\u1ea1y xe, n\u00ean khai th\u00e1c \u0111\u01b0\u1ee3c l\u01b0\u1ee3ng kh\u00e1ch kh\u1ed5ng l\u1ed3 c\u1ee7a th\u1ecb tr\u01b0\u1eddng n\u00e0y.<\/li>\n<li>Ng\u00e0y 18\/12\/2018, Th\u1ee7 t\u01b0\u1edbng Ch\u00ednh ph\u1ee7 \u0111\u00e3 ph\u00ea duy\u1ec7t Quy ho\u1ea1ch t\u1ed5ng th\u1ec3 ph\u00e1t tri\u1ec3n Khu du l\u1ecbch qu\u1ed1c gia M\u0169i N\u00e9. Theo Quy ho\u1ea1ch, M\u0169i N\u00e9 s\u1ebd tr\u1edf th\u00e0nh \u0111i\u1ec3m \u0111\u1ebfn h\u00e0ng \u0111\u1ea7u trong khu v\u1ef1c Ch\u00e2u \u00c1 \u2013 Th\u00e1i B\u00ecnh D\u01b0\u01a1ng \u0111\u1ebfn n\u0103m 2025, ph\u1ea5n \u0111\u1ea5u \u0111\u1ebfn n\u0103m 2030.<\/li>\n<li><img class=\"aligncenter\" src=\"https:\/\/hunglocphatland.com.vn\/wp-content\/uploads\/2019\/03\/91-1.jpg\" \/>V\u1ec1 \u0111\u1ecba l\u1ee3i : ngo\u00e0i s\u00e2n bay, tuy\u1ebfn cao t\u1ed1c D\u1ea7u Gi\u00e2y \u2013 Phan Thi\u1ebft \u2013 Nha Trang \u2013 Li\u00ean Kh\u01b0\u01a1ng c\u0169ng \u0111\u01b0\u1ee3c \u0111\u1ea9y nhanh x\u00e2y d\u1ef1ng. K\u1ebft n\u1ed1i Phan Thi\u1ebft \u2013 Nha Trang \u2013 \u0110\u00e0 L\u1ea1t t\u1ea1o th\u00e0nh tam gi\u00e1c v\u00e0ng du l\u1ecbch.<\/li>\n<li>V\u1ec1 Nh\u00e2n H\u00f2a: Phan Thi\u1ebft- M\u0169i N\u00e9 v\u1ed1n l\u00e0 n\u01a1i sinh s\u1ed1ng c\u1ee7a ng\u01b0\u1eddi Ch\u0103m, n\u1ed5i ti\u1ebfng v\u1edbi v\u0103n h\u00f3a Ch\u0103m Pa c\u1ed5 c\u0169ng l\u00e0 m\u1ed9t y\u1ebfu t\u1ed1 gi\u00fap thu h\u00fat kh\u00e1ch du l\u1ecbch.<\/li>\n<\/ul>\n<p>V\u1edbi 3 y\u1ebfu t\u1ed1 thu\u1eadn l\u1ee3i thi\u00ean th\u1eddi \u2013 \u0111\u1ecba l\u1ee3i \u2013 nh\u00e2n h\u00f2a ch\u1eafc ch\u1eafn \u0111\u01b0a Phan Thi\u1ebft c\u0169ng nh\u01b0 d\u1ef1 \u00e1n summer land resort tr\u1edf th\u00e0nh \u0111i\u1ec3m s\u00e1ng \u0111\u1ea7u t\u01b0 du l\u1ecbch trong n\u0103m 2019.<\/p>\n<ol start=\"6\">\n<li>\n<h2><strong>Ch\u1ee7 \u0111\u1ea7u t\u01b0 d\u1ef1 \u00e1n Summer Land resort Phan Thi\u1ebft:<\/strong><\/h2>\n<\/li>\n<\/ol>\n<ul>\n<li>Ch\u1ee7 \u0111\u1ea7u t\u01b0 H\u01b0ng L\u1ed9c Ph\u00e1t ti\u1ec1n th\u00e2n l\u00e0 doanh nghi\u1ec7p v\u1eadt li\u1ec7u x\u00e2y d\u1ef1ng, \u0111\u1ebfn n\u0103m 2010 chuy\u1ec3n sang \u0111\u1ea7u t\u01b0 d\u1ef1 \u00e1n \u0111\u1ea7u ti\u00ean l\u00e0 chung c\u01b0 H\u01b0ng Ph\u00e1t t\u1ea1i Nh\u00e0 B\u00e8, n\u0103m 2015 doanh nghi\u1ec7p n\u00e0y x\u00e2y d\u1ef1<img class=\"alignleft\" src=\"https:\/\/hunglocphatland.com.vn\/wp-admin\/admin-ajax.php?action=imgedit-preview&amp;_ajax_nonce=6a7ab2ce77&amp;postid=245&amp;rand=34896\" \/>ng chung c\u01b0 th\u1ee9 2 l\u00e0 Sliver Star t\u1ea1i qu\u1eadn 7 v\u00e0 n\u0103m 2016 l\u00e0 Golden Star.\u00a0 V\u00e0 s\u1eafp t\u1edbi l\u00e0 d\u1ef1\u00a0\u00e1n The Blue Star, hi\u1ec7n c\u1ea3 3 chung c\u01b0 n\u00e0y \u0111\u1ec1u \u0111\u00e3 ho\u00e0n thi\u1ec7n b\u00e0n giao cho kh\u00e1ch h\u00e0ng \u0111\u00fang ti\u1ebfn \u0111\u1ed9 c\u0169ng nh\u01b0 cam k\u1ebft v\u1ec1 ch\u1ea5t l\u01b0\u1ee3ng ban \u0111\u1ea7u.<\/li>\n<li><img src=\"https:\/\/hunglocphatland.com.vn\/wp-content\/uploads\/2018\/11\/can-ho-golden-star-phoi-canh.jpg\" \/><\/li>\n<\/ul>\n","protected":false},"excerpt":{"rendered":"<ol>\n<li>T\u00ean d\u1ef1 \u00e1n: D\u1ef1 \u00e1n Summer Land Resort (D\u1ef1 \u00e1n H\u01b0ng Ph\u00e1t M\u0169i N\u00e9 Phan Thi\u1ebft)<\/li>\n<li>V\u1ecb tr\u00ed: \u0110\u01b0\u1eddng V\u00f5 Nguy\u00ean Gi\u00e1p, Ph\u01b0\u1eddng Ph\u00fa H\u1ea3i, M\u0169i N\u00e9 Phan Thi\u1ebft<\/li>\n<li>Ch\u1ee7 \u0111\u1ea7u t\u01b0: H\u01b0ng L\u1ed9c Ph\u00e1t<\/li>\n<li>Lo\u1ea1i h\u00ecnh: nh\u00e0 ph\u1ed1, nh\u00e0 ph\u1ed1 k\u1ebft h\u1ee3p th\u01b0\u01a1ng m\u1ea1i, bi\u1ec7t th\u1ef1 \u0111\u01a1n l\u1eadp, bi\u1ec7t th\u1ef1 song l\u1eadp, c\u0103n h\u1ed9.<\/li>\n<li>Quy m\u00f4: kho\u1ea3ng 31.5 ha trong \u0111\u00f3 3 l\u00f4 \u0111\u1ea5t s\u1ed1 21, 22, 23 c\u00f3 di\u1ec7n t\u00edch 25.8 ha v\u00e0 \u0111\u1ea5t giao th\u00f4ng xung quanh 5.7 ha<\/li>\n<\/ol>\n","protected":false},"featured_media":156,"comment_status":"open","ping_status":"closed","template":"","meta":[],"product_cat":[16],"product_tag":[],"_links":{"self":[{"href":"https:\/\/demo.bmconnect.vn\/bds7\/wp-json\/wp\/v2\/product\/155"}],"collection":[{"href":"https:\/\/demo.bmconnect.vn\/bds7\/wp-json\/wp\/v2\/product"}],"about":[{"href":"https:\/\/demo.bmconnect.vn\/bds7\/wp-json\/wp\/v2\/types\/product"}],"replies":[{"embeddable":true,"href":"https:\/\/demo.bmconnect.vn\/bds7\/wp-json\/wp\/v2\/comments?post=155"}],"wp:featuredmedia":[{"embeddable":true,"href":"https:\/\/demo.bmconnect.vn\/bds7\/wp-json\/wp\/v2\/media\/156"}],"wp:attachment":[{"href":"https:\/\/demo.bmconnect.vn\/bds7\/wp-json\/wp\/v2\/media?parent=155"}],"wp:term":[{"taxonomy":"product_cat","embeddable":true,"href":"https:\/\/demo.bmconnect.vn\/bds7\/wp-json\/wp\/v2\/product_cat?post=155"},{"taxonomy":"product_tag","embeddable":true,"href":"https:\/\/demo.bmconnect.vn\/bds7\/wp-json\/wp\/v2\/product_tag?post=155"}],"curies":[{"name":"wp","href":"https:\/\/api.w.org\/{rel}","templated":true}]}}