{"id":43,"date":"2019-04-22T10:01:29","date_gmt":"2019-04-22T10:01:29","guid":{"rendered":"http:\/\/demo.bmconnect.vn\/bds7\/?page_id=43"},"modified":"2019-04-23T09:45:31","modified_gmt":"2019-04-23T09:45:31","slug":"lien-he","status":"publish","type":"page","link":"https:\/\/demo.bmconnect.vn\/bds7\/lien-he\/","title":{"rendered":"Li\u00ean h\u1ec7"},"content":{"rendered":"<header class=\"entry-header text-center\">\n<h1 class=\"entry-title\"><strong style=\"color: #555555; font-size: 14.4px;\">PH\u00d2NG KINH DOANH B\u1ea4T \u0110\u1ed8NG S\u1ea2N<\/strong><\/h1>\n<\/header>\n<div class=\"entry-content\">\n<ul>\n<li><strong>Hotline:<\/strong>\u00a0<strong>0939 541 337<\/strong><\/li>\n<li><strong>Email:<\/strong>\u00a0<a href=\"mailto:congtydanhkhoireal@gmail.com\">congtydanhkhoireal@gmail.com<\/a><\/li>\n<li><strong>Website:<\/strong>\u00a0<a href=\"https:\/\/danhkhoireal.vn\/\">www.danhkhoireal.vn<\/a><\/li>\n<\/ul>\n<p>C\u1ea7n h\u1ed7 tr\u1ee3 t\u1eeb ch\u00ednh ch\u1ee7 \u0111\u1ea7u t\u01b0 DanhKhoiReal.VN, h\u00e3y g\u1eedi y\u00eau c\u1ea7u cho ch\u00fang t\u00f4i theo Form th\u00f4ng tin b\u00ean d\u01b0\u1edbi. Ch\u00fang t\u00f4i s\u1ebd ph\u1ea3n h\u1ed3i th\u00f4ng tin cho qu\u00fd kh\u00e1ch h\u00e0ng trong th\u1eddi gian 1 ph\u00fat sau.<\/p>\n<\/div>\n","protected":false},"excerpt":{"rendered":"<p>PH\u00d2NG KINH DOANH B\u1ea4T \u0110\u1ed8NG S\u1ea2N Hotline:\u00a00939 541 337 Email:\u00a0congtydanhkhoireal@gmail.com Website:\u00a0www.danhkhoireal.vn C\u1ea7n h\u1ed7 tr\u1ee3 t\u1eeb ch\u00ednh ch\u1ee7 \u0111\u1ea7u t\u01b0 DanhKhoiReal.VN, h\u00e3y g\u1eedi y\u00eau c\u1ea7u cho ch\u00fang t\u00f4i theo Form th\u00f4ng tin b\u00ean d\u01b0\u1edbi. Ch\u00fang t\u00f4i s\u1ebd ph\u1ea3n h\u1ed3i th\u00f4ng tin cho qu\u00fd kh\u00e1ch h\u00e0ng trong th\u1eddi gian 1 ph\u00fat sau.<\/p>\n","protected":false},"author":1,"featured_media":0,"parent":0,"menu_order":0,"comment_status":"closed","ping_status":"closed","template":"page-blank-title-center.php","meta":[],"_links":{"self":[{"href":"https:\/\/demo.bmconnect.vn\/bds7\/wp-json\/wp\/v2\/pages\/43"}],"collection":[{"href":"https:\/\/demo.bmconnect.vn\/bds7\/wp-json\/wp\/v2\/pages"}],"about":[{"href":"https:\/\/demo.bmconnect.vn\/bds7\/wp-json\/wp\/v2\/types\/page"}],"author":[{"embeddable":true,"href":"https:\/\/demo.bmconnect.vn\/bds7\/wp-json\/wp\/v2\/users\/1"}],"replies":[{"embeddable":true,"href":"https:\/\/demo.bmconnect.vn\/bds7\/wp-json\/wp\/v2\/comments?post=43"}],"version-history":[{"count":0,"href":"https:\/\/demo.bmconnect.vn\/bds7\/wp-json\/wp\/v2\/pages\/43\/revisions"}],"wp:attachment":[{"href":"https:\/\/demo.bmconnect.vn\/bds7\/wp-json\/wp\/v2\/media?parent=43"}],"curies":[{"name":"wp","href":"https:\/\/api.w.org\/{rel}","templated":true}]}}