{"id":476,"date":"2018-05-03T10:05:32","date_gmt":"2018-05-03T03:05:32","guid":{"rendered":"https:\/\/demo.bmconnect.vn\/bds3\/?page_id=476"},"modified":"2018-05-03T10:05:49","modified_gmt":"2018-05-03T03:05:49","slug":"tai-lieu","status":"publish","type":"page","link":"https:\/\/demo.bmconnect.vn\/bds3\/tai-lieu\/","title":{"rendered":"T\u00e0i li\u1ec7u"},"content":{"rendered":"\n  \n    <div class=\"row large-columns-3 medium-columns-1 small-columns-1 row-small\">\n  \t\t<div class=\"col post-item\" >\n\t\t\t<div class=\"col-inner\">\n\t\t\t<a href=\"https:\/\/demo.bmconnect.vn\/bds3\/co-hoi-cuoi-cung-so-huu-cuoc-song-nghi-duong-chuan-sinh-thai\/\" class=\"plain\">\n\t\t\t\t<div class=\"box box-normal box-text-bottom box-blog-post has-hover\">\n            \t\t\t\t\t<div class=\"box-image\" >\n  \t\t\t\t\t\t<div class=\"image-cover\" style=\"padding-top:56.25%;\">\n  \t\t\t\t\t\t\t<img width=\"600\" height=\"284\" src=\"https:\/\/demo.bmconnect.vn\/bds3\/wp-content\/uploads\/2018\/05\/VHMT_2-01.jpg\" class=\"attachment-medium size-medium wp-post-image\" alt=\"\" loading=\"lazy\" \/>  \t\t\t\t\t\t\t  \t\t\t\t\t\t\t  \t\t\t\t\t\t<\/div>\n  \t\t\t\t\t\t  \t\t\t\t\t<\/div><!-- .box-image -->\n          \t\t\t\t\t<div class=\"box-text text-left\" >\n\t\t\t\t\t<div class=\"box-text-inner blog-post-inner\">\n\n\t\t\t\t\t\n\t\t\t\t\t\t\t\t\t\t<h5 class=\"post-title is-large \">C\u01a1 h\u1ed9i cu\u1ed1i c\u00f9ng s\u1edf h\u1eefu cu\u1ed9c s\u1ed1ng ngh\u1ec9 d\u01b0\u1ee1ng chu\u1ea9n sinh th\u00e1i<\/h5>\n\t\t\t\t\t\t\t\t\t\t<div class=\"is-divider\"><\/div>\n\t\t\t\t\t\t\t\t\t\t<p class=\"from_the_blog_excerpt \">C\u00f3 \u01b0u th\u1ebf v\u1ec1 v\u1ecb tr\u00ed, thi\u1ebft k\u1ebf \u1ea5n t\u01b0\u1ee3ng, \u0111\u1eb7c bi\u1ec7t l\u00e0 l\u1ee3i th\u1ebf [...]\t\t\t\t\t<\/p>\n\t\t\t\t\t                    \n\t\t\t\t\t\n\t\t\t\t\t\n\t\t\t\t\t<\/div><!-- .box-text-inner -->\n\t\t\t\t\t<\/div><!-- .box-text -->\n\t\t\t\t\t\t\t\t\t<\/div><!-- .box -->\n\t\t\t\t<\/a><!-- .link -->\n\t\t\t<\/div><!-- .col-inner -->\n\t\t<\/div><!-- .col -->\n\t\t<div class=\"col post-item\" >\n\t\t\t<div class=\"col-inner\">\n\t\t\t<a href=\"https:\/\/demo.bmconnect.vn\/bds3\/chinh-sach-ban-hang-du-an-vinhomes-riverside-the-harmony\/\" class=\"plain\">\n\t\t\t\t<div class=\"box box-normal box-text-bottom box-blog-post has-hover\">\n            \t\t\t\t\t<div class=\"box-image\" >\n  \t\t\t\t\t\t<div class=\"image-cover\" style=\"padding-top:56.25%;\">\n  \t\t\t\t\t\t\t<img width=\"500\" height=\"375\" src=\"https:\/\/demo.bmconnect.vn\/bds3\/wp-content\/uploads\/2018\/05\/nhung-loi-phong-thuy-nha-o-khien-ban-mai-ngheo-hen.jpg\" class=\"attachment-medium size-medium wp-post-image\" alt=\"\" loading=\"lazy\" \/>  \t\t\t\t\t\t\t  \t\t\t\t\t\t\t  \t\t\t\t\t\t<\/div>\n  \t\t\t\t\t\t  \t\t\t\t\t<\/div><!-- .box-image -->\n          \t\t\t\t\t<div class=\"box-text text-left\" >\n\t\t\t\t\t<div class=\"box-text-inner blog-post-inner\">\n\n\t\t\t\t\t\n\t\t\t\t\t\t\t\t\t\t<h5 class=\"post-title is-large \">Ch\u00ednh s\u00e1ch b\u00e1n h\u00e0ng d\u1ef1 \u00e1n Vinhomes Riverside &#8211; The Harmony<\/h5>\n\t\t\t\t\t\t\t\t\t\t<div class=\"is-divider\"><\/div>\n\t\t\t\t\t\t\t\t\t\t<p class=\"from_the_blog_excerpt \">Xin ch\u00e0o b\u1ea1n \u2013 \u0111\u1ed9c gi\u1ea3 c\u1ee7a\u00a0Webdesign.com, L\u1eddi \u0111\u1ea7u ti\u00ean, cho ph\u00e9p WEBDESIGN \u0111\u01b0\u1ee3c g\u1eedi [...]\t\t\t\t\t<\/p>\n\t\t\t\t\t                    \n\t\t\t\t\t\n\t\t\t\t\t\n\t\t\t\t\t<\/div><!-- .box-text-inner -->\n\t\t\t\t\t<\/div><!-- .box-text -->\n\t\t\t\t\t\t\t\t\t<\/div><!-- .box -->\n\t\t\t\t<\/a><!-- .link -->\n\t\t\t<\/div><!-- .col-inner -->\n\t\t<\/div><!-- .col -->\n\t\t<div class=\"col post-item\" >\n\t\t\t<div class=\"col-inner\">\n\t\t\t<a href=\"https:\/\/demo.bmconnect.vn\/bds3\/cap-nhat-tien-do-thi-cong-du-an-vinhomes-riverside-the-harmony-thang-7-2017\/\" class=\"plain\">\n\t\t\t\t<div class=\"box box-normal box-text-bottom box-blog-post has-hover\">\n            \t\t\t\t\t<div class=\"box-image\" >\n  \t\t\t\t\t\t<div class=\"image-cover\" style=\"padding-top:56.25%;\">\n  \t\t\t\t\t\t\t<img width=\"400\" height=\"225\" src=\"https:\/\/demo.bmconnect.vn\/bds3\/wp-content\/uploads\/2018\/05\/90.jpg\" class=\"attachment-medium size-medium wp-post-image\" alt=\"\" loading=\"lazy\" \/>  \t\t\t\t\t\t\t  \t\t\t\t\t\t\t  \t\t\t\t\t\t<\/div>\n  \t\t\t\t\t\t  \t\t\t\t\t<\/div><!-- .box-image -->\n          \t\t\t\t\t<div class=\"box-text text-left\" >\n\t\t\t\t\t<div class=\"box-text-inner blog-post-inner\">\n\n\t\t\t\t\t\n\t\t\t\t\t\t\t\t\t\t<h5 class=\"post-title is-large \">C\u1eadp nh\u1eadt ti\u1ebfn \u0111\u1ed9 thi c\u00f4ng d\u1ef1 \u00e1n Vinhomes Riverside the Harmony<\/h5>\n\t\t\t\t\t\t\t\t\t\t<div class=\"is-divider\"><\/div>\n\t\t\t\t\t\t\t\t\t\t<p class=\"from_the_blog_excerpt \">Vietstarland xin c\u1eadp nh\u1eadt m\u1ed9t s\u1ed1 h\u00ecnh \u1ea3nh v\u1ec1 ti\u1ebfn \u0111\u1ed9 thi c\u00f4ng d\u1ef1 \u00e1n [...]\t\t\t\t\t<\/p>\n\t\t\t\t\t                    \n\t\t\t\t\t\n\t\t\t\t\t\n\t\t\t\t\t<\/div><!-- .box-text-inner -->\n\t\t\t\t\t<\/div><!-- .box-text -->\n\t\t\t\t\t\t\t\t\t<\/div><!-- .box -->\n\t\t\t\t<\/a><!-- .link -->\n\t\t\t<\/div><!-- .col-inner -->\n\t\t<\/div><!-- .col -->\n<\/div>\n","protected":false},"excerpt":{"rendered":"","protected":false},"author":1,"featured_media":0,"parent":0,"menu_order":0,"comment_status":"closed","ping_status":"closed","template":"page-left-sidebar.php","meta":[],"_links":{"self":[{"href":"https:\/\/demo.bmconnect.vn\/bds3\/wp-json\/wp\/v2\/pages\/476"}],"collection":[{"href":"https:\/\/demo.bmconnect.vn\/bds3\/wp-json\/wp\/v2\/pages"}],"about":[{"href":"https:\/\/demo.bmconnect.vn\/bds3\/wp-json\/wp\/v2\/types\/page"}],"author":[{"embeddable":true,"href":"https:\/\/demo.bmconnect.vn\/bds3\/wp-json\/wp\/v2\/users\/1"}],"replies":[{"embeddable":true,"href":"https:\/\/demo.bmconnect.vn\/bds3\/wp-json\/wp\/v2\/comments?post=476"}],"version-history":[{"count":0,"href":"https:\/\/demo.bmconnect.vn\/bds3\/wp-json\/wp\/v2\/pages\/476\/revisions"}],"wp:attachment":[{"href":"https:\/\/demo.bmconnect.vn\/bds3\/wp-json\/wp\/v2\/media?parent=476"}],"curies":[{"name":"wp","href":"https:\/\/api.w.org\/{rel}","templated":true}]}}