{"id":463,"date":"2018-05-03T10:01:20","date_gmt":"2018-05-03T03:01:20","guid":{"rendered":"https:\/\/demo.bmconnect.vn\/bds3\/?page_id=463"},"modified":"2018-05-03T10:01:37","modified_gmt":"2018-05-03T03:01:37","slug":"phong-thuy","status":"publish","type":"page","link":"https:\/\/demo.bmconnect.vn\/bds3\/phong-thuy\/","title":{"rendered":"Phong th\u1ee7y"},"content":{"rendered":"\n  \n    <div class=\"row large-columns-3 medium-columns-1 small-columns-1 row-small\">\n  \t\t<div class=\"col post-item\" >\n\t\t\t<div class=\"col-inner\">\n\t\t\t<a href=\"https:\/\/demo.bmconnect.vn\/bds3\/4-kieng-ky-phong-bep-cam-pham-phai-de-khong-tien-mat-tat-mang\/\" class=\"plain\">\n\t\t\t\t<div class=\"box box-normal box-text-bottom box-blog-post has-hover\">\n            \t\t\t\t\t<div class=\"box-image\" >\n  \t\t\t\t\t\t<div class=\"image-cover\" style=\"padding-top:56.25%;\">\n  \t\t\t\t\t\t\t<img width=\"500\" height=\"355\" src=\"https:\/\/demo.bmconnect.vn\/bds3\/wp-content\/uploads\/2018\/05\/4-kieng-ky-phong-bep-cam-pham-phai-de-khong-tien-mat-tat-mang.jpg\" class=\"attachment-medium size-medium wp-post-image\" alt=\"\" loading=\"lazy\" \/>  \t\t\t\t\t\t\t  \t\t\t\t\t\t\t  \t\t\t\t\t\t<\/div>\n  \t\t\t\t\t\t  \t\t\t\t\t<\/div><!-- .box-image -->\n          \t\t\t\t\t<div class=\"box-text text-left\" >\n\t\t\t\t\t<div class=\"box-text-inner blog-post-inner\">\n\n\t\t\t\t\t\n\t\t\t\t\t\t\t\t\t\t<h5 class=\"post-title is-large \">4 ki\u00eang k\u1ef5 ph\u00f2ng b\u1ebfp c\u1ea5m ph\u1ea1m ph\u1ea3i \u0111\u1ec3 kh\u00f4ng ti\u1ec1n m\u1ea5t t\u1eadt mang<\/h5>\n\t\t\t\t\t\t\t\t\t\t<div class=\"is-divider\"><\/div>\n\t\t\t\t\t\t\t\t\t\t<p class=\"from_the_blog_excerpt \">Ph\u00f2ng b\u1ebfp l\u00e0 m\u1ed9t trong nh\u1eefng n\u01a1i c\u00f3 \u00fd ngh\u0129a phong th\u1ee7y quan tr\u1ecdng c\u1ee7a [...]\t\t\t\t\t<\/p>\n\t\t\t\t\t                    \n\t\t\t\t\t\n\t\t\t\t\t\n\t\t\t\t\t<\/div><!-- .box-text-inner -->\n\t\t\t\t\t<\/div><!-- .box-text -->\n\t\t\t\t\t\t\t\t\t<\/div><!-- .box -->\n\t\t\t\t<\/a><!-- .link -->\n\t\t\t<\/div><!-- .col-inner -->\n\t\t<\/div><!-- .col -->\n\t\t<div class=\"col post-item\" >\n\t\t\t<div class=\"col-inner\">\n\t\t\t<a href=\"https:\/\/demo.bmconnect.vn\/bds3\/nhung-loi-phong-thuy-nha-o-khien-ban-mai-ngheo-hen\/\" class=\"plain\">\n\t\t\t\t<div class=\"box box-normal box-text-bottom box-blog-post has-hover\">\n            \t\t\t\t\t<div class=\"box-image\" >\n  \t\t\t\t\t\t<div class=\"image-cover\" style=\"padding-top:56.25%;\">\n  \t\t\t\t\t\t\t<img width=\"500\" height=\"375\" src=\"https:\/\/demo.bmconnect.vn\/bds3\/wp-content\/uploads\/2018\/05\/nhung-loi-phong-thuy-nha-o-khien-ban-mai-ngheo-hen.jpg\" class=\"attachment-medium size-medium wp-post-image\" alt=\"\" loading=\"lazy\" \/>  \t\t\t\t\t\t\t  \t\t\t\t\t\t\t  \t\t\t\t\t\t<\/div>\n  \t\t\t\t\t\t  \t\t\t\t\t<\/div><!-- .box-image -->\n          \t\t\t\t\t<div class=\"box-text text-left\" >\n\t\t\t\t\t<div class=\"box-text-inner blog-post-inner\">\n\n\t\t\t\t\t\n\t\t\t\t\t\t\t\t\t\t<h5 class=\"post-title is-large \">Nh\u1eefng l\u1ed7i phong th\u1ee7y nh\u00e0 \u1edf khi\u1ebfn b\u1ea1n m\u00e3i ngh\u00e8o h\u00e8n<\/h5>\n\t\t\t\t\t\t\t\t\t\t<div class=\"is-divider\"><\/div>\n\t\t\t\t\t\t\t\t\t\t<p class=\"from_the_blog_excerpt \">Vi\u1ec7c gi\u00e0u ngh\u00e8o ngo\u00e0i s\u1ed1 m\u1ec7nh thi\u00ean \u0111\u1ecbnh, c\u1ed9ng th\u00eam t\u00e0i n\u0103ng, n\u1ed7 l\u1ef1c kh\u00f4ng [...]\t\t\t\t\t<\/p>\n\t\t\t\t\t                    \n\t\t\t\t\t\n\t\t\t\t\t\n\t\t\t\t\t<\/div><!-- .box-text-inner -->\n\t\t\t\t\t<\/div><!-- .box-text -->\n\t\t\t\t\t\t\t\t\t<\/div><!-- .box -->\n\t\t\t\t<\/a><!-- .link -->\n\t\t\t<\/div><!-- .col-inner -->\n\t\t<\/div><!-- .col -->\n\t\t<div class=\"col post-item\" >\n\t\t\t<div class=\"col-inner\">\n\t\t\t<a href=\"https:\/\/demo.bmconnect.vn\/bds3\/nhung-luu-y-ve-phong-thuy-nha-o-huu-ich-ma-khong-phai-ai-cung-biet\/\" class=\"plain\">\n\t\t\t\t<div class=\"box box-normal box-text-bottom box-blog-post has-hover\">\n            \t\t\t\t\t<div class=\"box-image\" >\n  \t\t\t\t\t\t<div class=\"image-cover\" style=\"padding-top:56.25%;\">\n  \t\t\t\t\t\t\t<img width=\"260\" height=\"194\" src=\"https:\/\/demo.bmconnect.vn\/bds3\/wp-content\/uploads\/2018\/05\/t\u1ea3i-xu\u1ed1ng.jpg\" class=\"attachment-medium size-medium wp-post-image\" alt=\"\" loading=\"lazy\" \/>  \t\t\t\t\t\t\t  \t\t\t\t\t\t\t  \t\t\t\t\t\t<\/div>\n  \t\t\t\t\t\t  \t\t\t\t\t<\/div><!-- .box-image -->\n          \t\t\t\t\t<div class=\"box-text text-left\" >\n\t\t\t\t\t<div class=\"box-text-inner blog-post-inner\">\n\n\t\t\t\t\t\n\t\t\t\t\t\t\t\t\t\t<h5 class=\"post-title is-large \">Nh\u1eefng l\u01b0u \u00fd v\u1ec1 phong th\u1ee7y nh\u00e0 \u1edf h\u1eefu \u00edch m\u00e0 kh\u00f4ng ph\u1ea3i ai c\u0169ng bi\u1ebft<\/h5>\n\t\t\t\t\t\t\t\t\t\t<div class=\"is-divider\"><\/div>\n\t\t\t\t\t\t\t\t\t\t<p class=\"from_the_blog_excerpt \">Nh\u1eefng l\u01b0u \u00fd v\u1ec1 phong th\u1ee7y nh\u00e0 \u1edf h\u1eefu \u00edch m\u00e0 kh\u00f4ng ph\u1ea3i ai c\u0169ng [...]\t\t\t\t\t<\/p>\n\t\t\t\t\t                    \n\t\t\t\t\t\n\t\t\t\t\t\n\t\t\t\t\t<\/div><!-- .box-text-inner -->\n\t\t\t\t\t<\/div><!-- .box-text -->\n\t\t\t\t\t\t\t\t\t<\/div><!-- .box -->\n\t\t\t\t<\/a><!-- .link -->\n\t\t\t<\/div><!-- .col-inner -->\n\t\t<\/div><!-- .col -->\n<\/div>\n","protected":false},"excerpt":{"rendered":"","protected":false},"author":1,"featured_media":0,"parent":0,"menu_order":0,"comment_status":"closed","ping_status":"closed","template":"page-left-sidebar.php","meta":[],"_links":{"self":[{"href":"https:\/\/demo.bmconnect.vn\/bds3\/wp-json\/wp\/v2\/pages\/463"}],"collection":[{"href":"https:\/\/demo.bmconnect.vn\/bds3\/wp-json\/wp\/v2\/pages"}],"about":[{"href":"https:\/\/demo.bmconnect.vn\/bds3\/wp-json\/wp\/v2\/types\/page"}],"author":[{"embeddable":true,"href":"https:\/\/demo.bmconnect.vn\/bds3\/wp-json\/wp\/v2\/users\/1"}],"replies":[{"embeddable":true,"href":"https:\/\/demo.bmconnect.vn\/bds3\/wp-json\/wp\/v2\/comments?post=463"}],"version-history":[{"count":0,"href":"https:\/\/demo.bmconnect.vn\/bds3\/wp-json\/wp\/v2\/pages\/463\/revisions"}],"wp:attachment":[{"href":"https:\/\/demo.bmconnect.vn\/bds3\/wp-json\/wp\/v2\/media?parent=463"}],"curies":[{"name":"wp","href":"https:\/\/api.w.org\/{rel}","templated":true}]}}