{"id":79,"date":"2017-08-25T23:11:06","date_gmt":"2017-08-25T16:11:06","guid":{"rendered":"https:\/\/demo.bmconnect.vn\/bds\/?post_type=product&#038;p=79"},"modified":"2017-08-26T09:39:47","modified_gmt":"2017-08-26T02:39:47","slug":"roman-plaza","status":"publish","type":"product","link":"https:\/\/demo.bmconnect.vn\/bds\/shop\/roman-plaza\/","title":{"rendered":"ROMAN PLAZA"},"content":{"rendered":"<p><strong>T\u1ed4NG QUAN D\u1ef0 \u00c1N ROMAN PLAZA<\/strong><\/p>\n<p><img loading=\"lazy\" class=\"alignnone size-medium wp-image-1108\" src=\"http:\/\/batdongsandxmb.net\/wp-content\/uploads\/2017\/06\/o-o-t-o-du-om-pl-711x400.jpg\" sizes=\"(max-width: 711px) 100vw, 711px\" srcset=\"http:\/\/batdongsandxmb.net\/wp-content\/uploads\/2017\/06\/o-o-t-o-du-om-pl-711x400.jpg 711w, http:\/\/batdongsandxmb.net\/wp-content\/uploads\/2017\/06\/o-o-t-o-du-om-pl-768x432.jpg 768w, http:\/\/batdongsandxmb.net\/wp-content\/uploads\/2017\/06\/o-o-t-o-du-om-pl.jpg 800w\" alt=\"\" width=\"711\" height=\"400\" \/><\/p>\n<p>Roman Plaza l\u00e0 t\u1ed5 h\u1ee3p trung t\u00e2m th\u01b0\u01a1ng m\u1ea1i, bi\u1ec7t th\u1ef1 li\u1ec1n k\u1ec1 v\u00e0 c\u0103n h\u1ed9 cao c\u1ea5p n\u1eb1m tr\u00ean tr\u1ee5c \u0111\u01b0\u1eddng L\u00ea V\u0103n L\u01b0\u01a1ng k\u00e9o d\u00e0i. D\u1ef1 \u00e1n c\u00f3 v\u1ecb tr\u00ed chi\u1ebfn l\u01b0\u1ee3c khi n\u1eb1m t\u1ea1i trung t\u00e2m tr\u1ee5c giao thoa gi\u1eefa c\u00e1c qu\u1eadn Thanh Xu\u00e2n, \u0110\u1ed1ng \u0110a, Nam T\u1eeb Li\u00eam, B\u1eafc T\u1eeb Li\u00eam. Roman Plaza c\u00f3 di\u1ec7n t\u00edch g\u1ea7n 4 ha bao g\u1ed3m trung t\u00e2m th\u01b0\u01a1ng m\u1ea1i, bi\u1ec7t th\u1ef1 li\u1ec1n k\u1ec1, nh\u00e0 ph\u1ed1 th\u01b0\u01a1ng m\u1ea1i v\u00e0 c\u0103n h\u1ed9 cao c\u1ea5p.<\/p>\n<p>Ph\u1ed1i c\u1ea3nh t\u1ed5ng th\u1ec3 d\u1ef1 \u00e1n Roman Plaza.<\/p>\n<p>Nh\u1eefng l\u00fd do b\u1ea1n n\u00ean s\u1edf h\u1eefu c\u0103n h\u1ed9 Roman Plaza<\/p>\n<p>V\u1ecb tr\u00ed thu\u1eadn ti\u1ec7n: N\u1eb1m tr\u00ean tr\u1ee5c \u0111\u01b0\u1eddng T\u1ed1 H\u1eefu \u2013 L\u00ea V\u0103n L\u01b0\u01a1ng, khu v\u1ef1c c\u00f3 t\u1ed1c \u0111\u1ed9 ph\u00e1t tri\u1ec3n nhanh nh\u1ea5t t\u1ea1i H\u00e0 N\u1ed9i. D\u1ec5 d\u00e0ng k\u1ebft n\u1ed1i giao th\u00f4ng v\u00e0o trung t\u00e2m v\u00e0 c\u00e1c khu v\u1ef1c n\u1ed9i th\u00e0nh kh\u00e1c.<\/p>\n<p>H\u1ec7 th\u1ed1ng ti\u1ec7n \u00edch: B\u00ean c\u1ea1nh h\u1ec7 th\u1ed1ng ti\u1ec7n \u00edch c\u1ee7a d\u1ef1 \u00e1n nh\u01b0 b\u1ec3 b\u01a1i, ph\u00f2ng t\u1eadp gym, c\u00f4ng vi\u00ean c\u00e2y xanh, trung t\u00e2m th\u01b0\u01a1ng m\u1ea1i,\u2026 d\u1ef1 \u00e1n c\u00f2n \u0111\u01b0\u1ee3c th\u1ee5 h\u01b0\u1edfng h\u1ea1 t\u1ea7ng khu v\u1ef1c kh\u00e1c.<\/p>\n<p>C\u0103n h\u1ed9 \u0111a d\u1ea1ng: v\u1edbi di\u1ec7n t\u00edch t\u1eeb 69 \u2013 238 m2 v\u1edbi nhi\u1ec1u lo\u1ea1i c\u0103n h\u1ed9 t\u1eeb c\u01a1 b\u1ea3n, duplex, penthouse,\u2026 kh\u00e1ch h\u00e0ng d\u1ec5 d\u00e0ng l\u1ef1a ch\u1ecdn c\u0103n h\u1ed9 ph\u00f9 h\u1ee3p v\u1edbi t\u00e0i ch\u00ednh v\u00e0 nhu c\u1ea7u s\u1eed d\u1ee5ng.<\/p>\n<p>Ch\u1ee7 \u0111\u1ea7u t\u01b0 uy t\u00edn: \u0110\u01b0\u1ee3c ph\u00e1t tri\u1ec3n b\u1edfi T\u1eadp \u0111o\u00e0n H\u1ea3i Ph\u00e1t. T\u1eadp \u0111o\u00e0n \u0111ang t\u1ea1o c\u1ee5c di\u1ec7n m\u1edbi tr\u00ean \u0111\u01b0\u1eddng T\u1ed1 H\u1eefu v\u1edbi h\u00e0ng lo\u1ea1t d\u1ef1 \u00e1n b\u1ea5t \u0111\u1ed9ng s\u1ea3n kh\u1ee7ng ch\u1ea1y d\u1ecdc cung \u0111\u01b0\u1eddng T\u1ed1 H\u1eefu \u2013 L\u00ea V\u0103n L\u01b0\u01a1ng: T\u00e2n T\u00e2y \u0110\u00f4, T\u00f2a nh\u00e0 The Pride, Khu \u0111\u00f4 th\u1ecb V\u0103n Ph\u00fa \u2013 H\u00e0 \u0110\u00f4ng,\u2026 \u0111\u1ea3m b\u1ea3o ti\u1ebfn \u0111\u1ed9 x\u00e2y d\u1ef1ng c\u00f9ng ch\u1ea5t l\u01b0\u1ee3ng c\u00f4ng tr\u00ecnh.<\/p>\n","protected":false},"excerpt":{"rendered":"<p>T\u00ean d\u1ef1 \u00e1n: Roman Plaza<\/p>\n<p>V\u1ecb tr\u00ed: \u0110\u1ea1i M\u1ed7, Nam T\u1eeb Li\u00eam<\/p>\n<p>Ch\u1ee7 \u0111\u1ea7u t\u01b0: C\u00f4ng ty c\u1ed5 ph\u1ea7n \u0111\u1ea7u t\u01b0 H\u1ea3i Ph\u00e1t<\/p>\n<p>Di\u1ec7n t\u00edch: 35.900 m2<\/p>\n<p>Di\u1ec7n t\u00edch \u0111\u1ea5t x\u00e2y d\u1ef1ng: 12.468 m2<\/p>\n<p>M\u1eadt \u0111\u1ed9 x\u00e2y d\u1ef1ng: 40%<\/p>\n<p>Lo\u1ea1i h\u00ecnh ph\u00e1t tri\u1ec3n: Trung t\u00e2m th\u01b0\u01a1ng m\u1ea1i, bi\u1ec7t th\u1ef1 li\u1ec1n k\u1ec1 v\u00e0 c\u0103n h\u1ed9 cao c\u1ea5p<\/p>\n<p>Quy m\u00f4 d\u1ef1 \u00e1n: T\u1ed5 h\u1ee3p khu bi\u1ec7t th\u1ef1 li\u1ec1n k\u1ec1 v\u00e0 2 th\u00e1p c\u0103n h\u1ed9 cao 25 t\u1ea7ng, 03 t\u1ea7ng h\u1ea7m<\/p>\n<p>Ph\u00e2n khu ch\u1ee9c n\u0103ng: Trung t\u00e2m th\u01b0\u01a1ng m\u1ea1i, d\u1ecbch v\u1ee5 v\u0103n ph\u00f2ng &amp; c\u0103n h\u1ed9 cao c\u1ea5p<\/p>\n<p>S\u1ed1 l\u01b0\u1ee3ng: 804 c\u0103n h\u1ed9 cao c\u1ea5p, 39 c\u0103n li\u1ec1n k\u1ec1, 4 c\u0103n bi\u1ec7t th\u1ef1 \u0111\u01a1n l\u1eadp v\u00e0 16 c\u0103n bi\u1ec7t th\u1ef1 song l\u1eadp<\/p>\n<p>Di\u1ec7n t\u00edch c\u0103n h\u1ed9: 69 \u2013 238 m2<\/p>\n","protected":false},"featured_media":268,"comment_status":"open","ping_status":"closed","template":"","meta":[],"product_cat":[16],"product_tag":[],"_links":{"self":[{"href":"https:\/\/demo.bmconnect.vn\/bds\/wp-json\/wp\/v2\/product\/79"}],"collection":[{"href":"https:\/\/demo.bmconnect.vn\/bds\/wp-json\/wp\/v2\/product"}],"about":[{"href":"https:\/\/demo.bmconnect.vn\/bds\/wp-json\/wp\/v2\/types\/product"}],"replies":[{"embeddable":true,"href":"https:\/\/demo.bmconnect.vn\/bds\/wp-json\/wp\/v2\/comments?post=79"}],"wp:featuredmedia":[{"embeddable":true,"href":"https:\/\/demo.bmconnect.vn\/bds\/wp-json\/wp\/v2\/media\/268"}],"wp:attachment":[{"href":"https:\/\/demo.bmconnect.vn\/bds\/wp-json\/wp\/v2\/media?parent=79"}],"wp:term":[{"taxonomy":"product_cat","embeddable":true,"href":"https:\/\/demo.bmconnect.vn\/bds\/wp-json\/wp\/v2\/product_cat?post=79"},{"taxonomy":"product_tag","embeddable":true,"href":"https:\/\/demo.bmconnect.vn\/bds\/wp-json\/wp\/v2\/product_tag?post=79"}],"curies":[{"name":"wp","href":"https:\/\/api.w.org\/{rel}","templated":true}]}}