{"id":137,"date":"2017-08-25T23:56:24","date_gmt":"2017-08-25T16:56:24","guid":{"rendered":"https:\/\/demo.bmconnect.vn\/bds\/?post_type=product&#038;p=137"},"modified":"2017-08-25T23:56:24","modified_gmt":"2017-08-25T16:56:24","slug":"hateco-apollo-xuan-phuong","status":"publish","type":"product","link":"https:\/\/demo.bmconnect.vn\/bds\/shop\/hateco-apollo-xuan-phuong\/","title":{"rendered":"HATECO APOLLO XU\u00c2N PH\u01af\u01a0NG"},"content":{"rendered":"<p>D\u1ef1 \u00e1n Hateco Xu\u00e2n Ph\u01b0\u01a1ng \u0111\u01b0\u1ee3c quy ho\u1ea1ch x\u00e2y d\u1ef1ng tr\u00ean khu \u0111\u1ea5t c\u00f3 t\u1ed5ng di\u1ec7n t\u00edch h\u01a1n 3,4 ha do u\u1ef7 ban nh\u00e2n d\u00e2n TP. H\u00e0 N\u1ed9i ph\u00ea duy\u1ec7t theo quy\u1ebft \u0111\u1ecbnh s\u1ed1 6233\/Q\u0110-UBND n\u1eb1m t\u1ea1i qu\u1eadn Nam T\u1eeb Li\u00eam, H\u00e0 N\u1ed9i.<\/p>\n<p>S\u1edf h\u1eefu v\u1ecb tr\u00ed giao th\u00f4ng kh\u00e1 thu\u1eadn l\u1ee3i khi ti\u1ebfp gi\u00e1p v\u1edbi c\u00e1c tuy\u1ebfn \u0111\u01b0\u1eddng giao th\u00f4ng huy\u1ebft m\u1ea1ch c\u1ee7a Th\u1ee7 \u0111\u00f4 nh\u01b0: v\u00e0nh \u0111ai 3 t\u1edbi M\u1ef9 \u0110\u00ecnh \u2013 Xu\u00e2n Ph\u01b0\u01a1ng, qu\u1ed1c l\u1ed9 32 \u0111\u01b0\u1eddng 70 \u0111i xu\u1ed1ng H\u00e0 \u0110\u00f4ng v\u00e0 tuy\u1ebfn \u0111\u01b0\u1eddng s\u1eaft Qu\u1ed1c gia gi\u00fap cho vi\u1ec7c k\u1ebft n\u1ed1i khu v\u1ef1c trung t\u00e2m hay \u0111i ra c\u00e1c t\u1ec9nh s\u1ebd r\u1ea5t thu\u1eadn ti\u1ec7n.<\/p>\n<p>D\u1ef1 \u00e1n l\u00e0 s\u1ef1 k\u1ebft h\u1ee3p ho\u00e0n h\u1ea3o gi\u1eefa nh\u00f3m nh\u00e0 \u1edf th\u1ea5p t\u1ea7ng li\u1ec1n k\u1ec1, bi\u1ec7t th\u1ef1 v\u00e0 kh\u1ed1i c\u0103n h\u1ed9 chung c\u01b0 Hateco Xu\u00e2n Ph\u01b0\u01a1ng bao g\u1ed3m 3 to\u00e0 th\u00e1p cao 25 t\u1ea7ng \u0111\u01b0\u1ee3c thi\u1ebft k\u1ebf hi\u1ec7n \u0111\u1ea1i v\u1edbi c\u1ea3nh quan xanh bao tr\u00f9m mang \u0111\u1ebfn kh\u00f4ng gian s\u1ed1ng tho\u00e1ng \u0111\u00e3ng th\u00e2n thi\u1ec7n v\u1edbi m\u00f4i tr\u01b0\u1eddng t\u1ef1 nhi\u00ean.<\/p>\n<p>\u0110\u00e2y l\u00e0 khu \u0111\u00f4 th\u1ecb do c\u00f4ng ty c\u1ed5 ph\u1ea7n \u0111\u1ea7u t\u01b0 h\u1ea1 t\u1ea7ng ki\u1ebfn tr\u00fac H\u00e0 N\u1ed9i (Hateco) v\u00e0 \u0111\u01b0\u1ee3c ng\u00e2n h\u00e0ng Vietcombank cam k\u1ebft t\u00e0i tr\u1ee3 v\u1ed1n x\u00e2y d\u1ef1ng cho d\u1ef1 \u00e1n \u0111\u1ea3m b\u1ea3o sau khi ho\u00e0n thi\u1ec7n t\u1ea1o \u0111i\u1ec3m nh\u1ea5n v\u00e0 thay \u0111\u1ed5i h\u1ea1 t\u1ea7ng \u0111\u00f4 th\u1ecb qu\u1eadn Nam T\u1eeb Li\u00eam.<\/p>\n<p>&nbsp;<\/p>\n","protected":false},"excerpt":{"rendered":"<p>T\u00ean d\u1ef1 \u00e1n: Hateco Apollo Xu\u00e2n Ph\u01b0\u01a1ng<\/p>\n<p>V\u1ecb tr\u00ed: M\u1eb7t \u0111\u01b0\u1eddng QL 70 (giao \u0111\u01b0\u1eddng Tr\u1ea7n H\u1eefu D\u1ef1c), Nam T\u1eeb Li\u00eam, HN<\/p>\n<p>Ch\u1ee7 \u0111\u1ea7u t\u01b0: Hateco JSC<\/p>\n<p>Qu\u1ea3n l\u00fd &amp; t\u01b0 v\u1ea5n gi\u00e1m s\u00e1t: C\u00f4ng ty CP TEXO<\/p>\n<p>Di\u1ec7n t\u00edch \u0111\u1ea5t nghi\u00ean c\u1ee9u: 34.812 m2<\/p>\n<p>Di\u1ec7n t\u00edch \u0111\u1ea5t x\u00e2y d\u1ef1ng: 12.277 m2<\/p>\n<p>M\u1eadt \u0111\u1ed9 x\u00e2y d\u1ef1ng: 35,3%<\/p>\n<p>Quy m\u00f4 d\u1ef1 \u00e1n:<\/p>\n<p>3 t\u00f2a nh\u00e0 chung c\u01b0 25 t\u1ea7ng (2 h\u1ea7m \u0111\u1ec3 xe, 2 t\u1ea7ng TTTM, t\u1ea7ng 3 tr\u1edf l\u00ean g\u1ed3m 1300 c\u0103n h\u1ed9).<\/p>\n<p>120 c\u0103n bi\u1ec7t th\u1ef1 li\u1ec1n k\u1ec1.<\/p>\n<p>1 h\u1ed3 \u0111i\u1ec1u h\u00f2a r\u1ed9ng 7000m2 n\u1eb1m trong l\u00f2ng d\u1ef1 \u00e1n.<\/p>\n<p>Di\u1ec7n t\u00edch c\u0103n h\u1ed9: t\u1eeb 50m2 \u0111\u1ebfn 90m2 (2-3 PN).<\/p>\n","protected":false},"featured_media":138,"comment_status":"open","ping_status":"closed","template":"","meta":[],"product_cat":[16],"product_tag":[],"_links":{"self":[{"href":"https:\/\/demo.bmconnect.vn\/bds\/wp-json\/wp\/v2\/product\/137"}],"collection":[{"href":"https:\/\/demo.bmconnect.vn\/bds\/wp-json\/wp\/v2\/product"}],"about":[{"href":"https:\/\/demo.bmconnect.vn\/bds\/wp-json\/wp\/v2\/types\/product"}],"replies":[{"embeddable":true,"href":"https:\/\/demo.bmconnect.vn\/bds\/wp-json\/wp\/v2\/comments?post=137"}],"wp:featuredmedia":[{"embeddable":true,"href":"https:\/\/demo.bmconnect.vn\/bds\/wp-json\/wp\/v2\/media\/138"}],"wp:attachment":[{"href":"https:\/\/demo.bmconnect.vn\/bds\/wp-json\/wp\/v2\/media?parent=137"}],"wp:term":[{"taxonomy":"product_cat","embeddable":true,"href":"https:\/\/demo.bmconnect.vn\/bds\/wp-json\/wp\/v2\/product_cat?post=137"},{"taxonomy":"product_tag","embeddable":true,"href":"https:\/\/demo.bmconnect.vn\/bds\/wp-json\/wp\/v2\/product_tag?post=137"}],"curies":[{"name":"wp","href":"https:\/\/api.w.org\/{rel}","templated":true}]}}