{"id":128,"date":"2017-08-25T23:51:46","date_gmt":"2017-08-25T16:51:46","guid":{"rendered":"https:\/\/demo.bmconnect.vn\/bds\/?post_type=product&#038;p=128"},"modified":"2017-08-25T23:51:46","modified_gmt":"2017-08-25T16:51:46","slug":"vinhomes-green-bay","status":"publish","type":"product","link":"https:\/\/demo.bmconnect.vn\/bds\/shop\/vinhomes-green-bay\/","title":{"rendered":"VINHOMES GREEN BAY"},"content":{"rendered":"<p>Vinhomes Green Bay l\u00e0 khu \u0111\u00f4 th\u1ecb \u0111\u1eb3ng c\u1ea5p t\u1ecda l\u1ea1c tr\u00ean \u0110\u1ea1i l\u1ed9 Th\u0103ng Long, trung t\u00e2m Qu\u1eadn T\u1eeb Li\u00eam, H\u00e0 N\u1ed9i. S\u1edf h\u1eefu v\u1ecb tr\u00ed \u0111\u1eafc \u0111\u1ecba ph\u00eda T\u00e2y H\u00e0 N\u1ed9i, Vinhomes M\u1ec5 Tr\u00ec th\u1eeba h\u01b0\u1edfng h\u1ea1 t\u1ea7ng ti\u1ec7n \u00edch hi\u1ec7n \u0111\u1ea1i c\u1ee7a khu v\u1ef1c c\u0169ng nh\u01b0 ngay trong khu \u0111\u00f4 th\u1ecb bao g\u1ed3m b\u1ec7nh vi\u1ec7n, tr\u01b0\u1eddng h\u1ecdc, th\u01b0\u01a1ng m\u1ea1i, gi\u1ea3i tr\u00ed, c\u00f4ng vi\u00ean h\u1ed3 \u0111i\u1ec1u h\u00f2a\u2026 V\u1edbi quy m\u00f4 h\u01a1n 31,8 ha, d\u1ef1 \u00e1n cung c\u1ea5p cho th\u1ecb tr\u01b0\u1eddng 110 c\u0103n li\u1ec1n k\u1ec1, 270 l\u00f4 bi\u1ec7t th\u1ef1 c\u00f9ng 3 t\u00f2a chung c\u01b0 h\u01a1n 2.000 c\u0103n h\u1ed9.<\/p>\n<p>Ph\u1ed1i c\u1ea3nh t\u1ed5ng th\u1ec3 Vinhomes Green Bay.<\/p>\n<p>T\u1ea1i sao b\u1ea1n n\u00ean mua c\u0103n h\u1ed9 Vinhomes Green Bay<\/p>\n<p>V\u1ecb tr\u00ed trung t\u00e2m ph\u00eda T\u00e2y: T\u1ecda l\u1ea1c t\u1ea1i s\u1ed1 7 \u0110\u1ea1i l\u1ed9 Th\u0103ng Long c\u00e1ch Trung t\u00e2m H\u1ed9i ngh\u1ecb qu\u1ed1c gia 3 ph\u00fat l\u00e1i xe, k\u1ebft n\u1ed1i tr\u1ef1c ti\u1ebfp t\u1edbi \u0110\u01b0\u1eddng V\u00e0nh \u0111ai 3, Tr\u1ea7n Duy H\u01b0ng, M\u1ec5 Tr\u00ec.<\/p>\n<p>S\u1ea3n ph\u1ea9m \u0111a d\u1ea1ng &amp; \u0111\u1eb3ng c\u1ea5p: Vinhomes Green Bay l\u00e0 K\u0110T bi\u1ec7t l\u1eadp v\u1edbi c\u00e1c c\u0103n li\u1ec1n k\u1ec1, shophouse, bi\u1ec7t th\u1ef1 v\u00e0 c\u0103n h\u1ed9 chung c\u01b0 thi\u1ebft k\u1ebf sang tr\u1ecdng trong qu\u1ea7n th\u1ec3 c\u1ea3nh quan v\u00e0 ti\u1ec7n \u00edch hi\u1ec7n \u0111\u1ea1i.<\/p>\n<p>H\u1ed3 \u0111i\u1ec1u h\u00f2a h\u01a1n 10 ha: N\u1eb1m s\u00e1t c\u00f4ng vi\u00ean h\u1ed3 \u0111i\u1ec1u h\u00f2a M\u1ec5 Tr\u00ec, c\u0103n h\u1ed9 Vinhomes Green Bay c\u00f3 t\u1ea7m nh\u00ecn xanh ng\u00e1t \u0111\u00e1ng m\u01a1 \u01b0\u1edbc c\u00f9ng kh\u00f4ng gian s\u1ed1ng m\u00e1t m\u1ebb, d\u1ec5 ch\u1ecbu gi\u1eefa l\u00f2ng th\u1ee7 \u0111\u00f4.<\/p>\n<p>Ti\u1ec7n \u00edch 5* kh\u00e9p k\u00edn: Tr\u01b0\u1eddng qu\u1ed1c t\u1ebf Vinschool, khu vui ch\u01a1i gi\u1ea3i tr\u00ed, c\u00f9ng chu\u1ed7i ti\u1ec7n \u00edch th\u01b0\u01a1ng m\u1ea1i, d\u1ecbch v\u1ee5 \u0111a d\u1ea1ng th\u01b0\u01a1ng hi\u1ec7u Vinhomes t\u1ea1o ra qu\u1ea7n th\u1ec3 \u0111\u00f4 th\u1ecb kh\u00e9p k\u00edn v\u1edbi \u0111\u1ea7y \u0111\u1ee7 ti\u1ec7n nghi cho c\u00e1c c\u01b0 d\u00e2n.<\/p>\n<p>Ch\u1ee7 \u0111\u1ea7u t\u01b0 uy t\u00edn: L\u00e0 th\u01b0\u01a1ng hi\u1ec7u h\u00e0ng \u0111\u1ea7u trong l\u0129nh v\u1ef1c x\u00e2y d\u1ef1ng, ph\u00e1t tri\u1ec3n b\u1ea5t \u0111\u1ed9ng s\u1ea3n, Vinhomes Green Bay l\u00e0 s\u1ea3n ph\u1ea9m ti\u1ebfp theo \u0111\u01b0\u1ee3c C\u0110T Vinhomes tri\u1ec3n khai t\u1ea1i th\u1ecb tr\u01b0\u1eddng ph\u00eda T\u00e2y.<\/p>\n<p>C\u01a1 h\u1ed9i \u0111\u1ea7u t\u01b0 h\u1ea5p d\u1eabn: H\u1ed9i t\u1ee5 nh\u1eefng y\u1ebfu t\u1ed1 v\u00e0ng v\u1ec1 v\u1ecb tr\u00ed, thi\u1ebft k\u1ebf, ti\u1ec7n \u00edch, Vinhomes Green Bay s\u1edf h\u1eefu ti\u1ec1m n\u0103ng t\u0103ng gi\u00e1 tr\u1ecb h\u1ea5p d\u1eabn m\u00e0 b\u1ea5t k\u00ec nh\u00e0 \u0111\u1ea7u t\u01b0 n\u00e0o \u0111ang t\u00ecm ki\u1ebfm.<\/p>\n","protected":false},"excerpt":{"rendered":"<p>T\u00ean d\u1ef1 \u00e1n: Vinhomes Green Bay<\/p>\n<p>Ch\u1ee7 \u0111\u1ea7u t\u01b0: T\u1eadp \u0111o\u00e0n Vingroup<\/p>\n<p>V\u1ecb tr\u00ed: S\u1ed1 7 \u0110\u1ea1i l\u1ed9 Th\u0103ng Long, Nam T\u1eeb Li\u00eam, H\u00e0 N\u1ed9i<\/p>\n<p>T\u1ed5ng di\u1ec7n t\u00edch: 31,8 ha<\/p>\n<p>Di\u1ec7n t\u00edch x\u00e2y d\u1ef1ng: 6,1 ha<\/p>\n<p>M\u1eadt \u0111\u1ed9 x\u00e2y d\u1ef1ng: 19,3%<\/p>\n<p>Lo\u1ea1i h\u00ecnh s\u1ea3n ph\u1ea9m: bi\u1ec7t th\u1ef1 sang tr\u1ecdng, c\u0103n h\u1ed9 \u0111\u1eb3ng c\u1ea5p<\/p>\n<p>3 Ph\u00e2n khu: M\u1ed9c Lan, Ho\u00e0ng Lan, Th\u1ea1ch Th\u1ea3o<\/p>\n<p>T\u01b0 v\u1ea5n thi\u1ebft k\u1ebf: SRSS (M\u1ef9)<\/p>\n<p>Di\u1ec7n t\u00edch c\u0103n h\u1ed9: 42 \u2013 130 m2 t\u1eeb 1 \u0111\u1ebfn 4 PN<\/p>\n<p>D\u1ef1 ki\u1ebfn b\u00e0n giao: 2018<\/p>\n","protected":false},"featured_media":129,"comment_status":"open","ping_status":"closed","template":"","meta":[],"product_cat":[16],"product_tag":[],"_links":{"self":[{"href":"https:\/\/demo.bmconnect.vn\/bds\/wp-json\/wp\/v2\/product\/128"}],"collection":[{"href":"https:\/\/demo.bmconnect.vn\/bds\/wp-json\/wp\/v2\/product"}],"about":[{"href":"https:\/\/demo.bmconnect.vn\/bds\/wp-json\/wp\/v2\/types\/product"}],"replies":[{"embeddable":true,"href":"https:\/\/demo.bmconnect.vn\/bds\/wp-json\/wp\/v2\/comments?post=128"}],"wp:featuredmedia":[{"embeddable":true,"href":"https:\/\/demo.bmconnect.vn\/bds\/wp-json\/wp\/v2\/media\/129"}],"wp:attachment":[{"href":"https:\/\/demo.bmconnect.vn\/bds\/wp-json\/wp\/v2\/media?parent=128"}],"wp:term":[{"taxonomy":"product_cat","embeddable":true,"href":"https:\/\/demo.bmconnect.vn\/bds\/wp-json\/wp\/v2\/product_cat?post=128"},{"taxonomy":"product_tag","embeddable":true,"href":"https:\/\/demo.bmconnect.vn\/bds\/wp-json\/wp\/v2\/product_tag?post=128"}],"curies":[{"name":"wp","href":"https:\/\/api.w.org\/{rel}","templated":true}]}}