{"id":118,"date":"2017-08-25T23:45:10","date_gmt":"2017-08-25T16:45:10","guid":{"rendered":"https:\/\/demo.bmconnect.vn\/bds\/?post_type=product&#038;p=118"},"modified":"2017-08-25T23:45:53","modified_gmt":"2017-08-25T16:45:53","slug":"tt-riverview","status":"publish","type":"product","link":"https:\/\/demo.bmconnect.vn\/bds\/shop\/tt-riverview\/","title":{"rendered":"T&#038;T RIVERVIEW"},"content":{"rendered":"<p><strong>Chung c\u01b0 T&amp;T Riverview<\/strong> t\u1ecda l\u1ea1c t\u1ea1i trung t\u00e2m Qu\u1eadn Ho\u00e0ng Mai, c\u00e1ch Times City ch\u1ec9 1,2 km, s\u1edf h\u1eefu k\u1ebft n\u1ed1i thu\u1eadn ti\u1ec7n t\u1edbi trung t\u00e2m th\u00e0nh ph\u1ed1 v\u00e0 c\u00e1c \u0111i\u1ec3m ti\u1ec7n \u00edch hi\u1ec7n \u0111\u1ea1i c\u1ee7a khu v\u1ef1c. \u0110\u01b0\u1ee3c x\u00e2y d\u1ef1ng tr\u00ean khu \u0111\u1ea5t r\u1ed9ng 8.260 m2, ch\u1ee7 \u0111\u1ea7u t\u01b0 T&amp;T Group d\u00e0nh t\u1edbi h\u01a1n 55% di\u1ec7n t\u00edch d\u00e0nh cho c\u00e2y xanh, h\u1ed3 \u0111i\u1ec1u h\u00f2a v\u00e0 \u0111\u01b0\u1eddng giao th\u00f4ng t\u1ea1o ra kh\u00f4ng gian s\u1ed1ng tho\u00e1ng \u0111\u00e3ng, y\u00ean b\u00ecnh cho c\u00e1c c\u01b0 d\u00e2n.<\/p>\n<div id=\"attachment_2480\" class=\"wp-caption aligncenter\">\n<p><img loading=\"lazy\" class=\"wp-image-2480 size-full\" src=\"http:\/\/diaocvinahomes.vn\/wp-content\/uploads\/2017\/03\/3.png\" sizes=\"(max-width: 1200px) 100vw, 1200px\" srcset=\"http:\/\/diaocvinahomes.vn\/wp-content\/uploads\/2017\/03\/3.png 1200w, http:\/\/diaocvinahomes.vn\/wp-content\/uploads\/2017\/03\/3-768x474.png 768w, http:\/\/diaocvinahomes.vn\/wp-content\/uploads\/2017\/03\/3-500x309.png 500w\" alt=\"\" width=\"1200\" height=\"741\" \/><\/p>\n<p class=\"wp-caption-text\">Ph\u1ed1i c\u1ea3nh t\u1ed5ng th\u1ec3 d\u1ef1 \u00e1n T&amp;T Riverview.<\/p>\n<\/div>\n","protected":false},"excerpt":{"rendered":"<p>T\u00ean \u0111\u1ea7y \u0111\u1ee7: T\u00f2a Nh\u00e0 H\u1ed7n H\u1ee3p D\u1ecbch V\u1ee5, Th\u01b0\u01a1ng M\u1ea1i V\u00e0 C\u0103n H\u1ed9 Chung c\u01b0 T&amp;T Riverview<\/p>\n<p>Ch\u1ee7 \u0111\u1ea7u t\u01b0: T\u1eadp \u0111o\u00e0n T&amp;T<\/p>\n<p>V\u1ecb tr\u00ed: s\u1ed1 440 V\u0129nh H\u01b0ng, Ho\u00e0ng Mai, H\u00e0 N\u1ed9i<\/p>\n<p>T\u01b0 v\u1ea5n thi\u1ebft k\u1ebf: C\u00f4ng ty C\u1ed5 ph\u1ea7n T\u01b0 v\u1ea5n Ki\u1ebfn tr\u00fac \u0110\u00f4 th\u1ecb H\u00e0 N\u1ed9i<\/p>\n<p>T\u1ed5ng th\u1ea7u thi c\u00f4ng: C\u00f4ng ty c\u1ed5 ph\u1ea7n x\u00e2y d\u1ef1ng COTEC<\/p>\n<p>T\u1ed5ng di\u1ec7n t\u00edch D\u1ef1 \u00e1n: 8.260 m2<\/p>\n<p>Di\u1ec7n t\u00edch \u0111\u1ea5t x\u00e2y d\u1ef1ng: tr\u00ean 4.000 m2<\/p>\n<p>T\u1ed5ng di\u1ec7n t\u00edch s\u00e0n x\u00e2y d\u1ef1ng: 98.673 m2<\/p>\n<p>T\u1ed5ng v\u1ed1n \u0111\u1ea7u t\u01b0: 836 t\u1ef7 \u0111\u1ed3ng<\/p>\n<p>Quy m\u00f4 d\u1ef1 \u00e1n: T\u00f2a nh\u00e0 v\u1edbi 23 t\u1ea7ng n\u1ed5i, 2 t\u1ea7ng h\u1ea7m<\/p>\n<p>B\u00e0n Giao: Qu\u00fd II\/2017<\/p>\n","protected":false},"featured_media":119,"comment_status":"open","ping_status":"closed","template":"","meta":[],"product_cat":[16],"product_tag":[],"_links":{"self":[{"href":"https:\/\/demo.bmconnect.vn\/bds\/wp-json\/wp\/v2\/product\/118"}],"collection":[{"href":"https:\/\/demo.bmconnect.vn\/bds\/wp-json\/wp\/v2\/product"}],"about":[{"href":"https:\/\/demo.bmconnect.vn\/bds\/wp-json\/wp\/v2\/types\/product"}],"replies":[{"embeddable":true,"href":"https:\/\/demo.bmconnect.vn\/bds\/wp-json\/wp\/v2\/comments?post=118"}],"wp:featuredmedia":[{"embeddable":true,"href":"https:\/\/demo.bmconnect.vn\/bds\/wp-json\/wp\/v2\/media\/119"}],"wp:attachment":[{"href":"https:\/\/demo.bmconnect.vn\/bds\/wp-json\/wp\/v2\/media?parent=118"}],"wp:term":[{"taxonomy":"product_cat","embeddable":true,"href":"https:\/\/demo.bmconnect.vn\/bds\/wp-json\/wp\/v2\/product_cat?post=118"},{"taxonomy":"product_tag","embeddable":true,"href":"https:\/\/demo.bmconnect.vn\/bds\/wp-json\/wp\/v2\/product_tag?post=118"}],"curies":[{"name":"wp","href":"https:\/\/api.w.org\/{rel}","templated":true}]}}