{"id":31,"date":"2017-08-25T22:40:14","date_gmt":"2017-08-25T15:40:14","guid":{"rendered":"https:\/\/demo.bmconnect.vn\/bds\/?page_id=31"},"modified":"2017-08-26T09:24:56","modified_gmt":"2017-08-26T02:24:56","slug":"gioi-thieu","status":"publish","type":"page","link":"https:\/\/demo.bmconnect.vn\/bds\/gioi-thieu\/","title":{"rendered":"Gi\u1edbi thi\u1ec7u"},"content":{"rendered":"<div id=\"row-1813493562\" class=\"row\">\n<p><strong>\u0110\u1ea6U T\u01af TH\u00d4NG MINH \u2013 AN C\u01af TR\u1eccN V\u1eb8N<\/strong><\/p>\n<p>Ch\u00fang t\u00f4i mang \u0111\u1ebfn b\u1ea1n c\u01a1 h\u1ed9i s\u1edf h\u1eefu b\u1ea5t \u0111\u1ed9ng s\u1ea3n tr\u00ean to\u00e0n qu\u1ed1c v\u1edbi ch\u1ea5t l\u01b0\u1ee3ng cao c\u1ea5p v\u00e0 m\u1ee9c gi\u00e1 t\u1ed1t. S\u1ea3n ph\u1ea9m \u0111a d\u1ea1ng \u2013 d\u1ecbch v\u1ee5 \u0111\u1ed3ng b\u1ed9 \u2013 \u0111\u1ed1i t\u00e1c uy t\u00edn l\u00e0 l\u1eddi cam k\u1ebft\u00a0Vinahomes\u00a0d\u00e0nh cho qu\u00fd kh\u00e1ch h\u00e0ng.<\/p>\n<div><\/div>\n<\/div>\n<div><img src=\"http:\/\/diaocvinahomes.vn\/wp-content\/themes\/bsd\/images\/gt1.jpg\" \/><\/div>\n<div><\/div>\n<div>\n<div>\n<div class=\"content-section\">\n<div class=\"row\">\n<div>\n<p><strong>L\u0128NH V\u1ef0C HO\u1ea0T \u0110\u1ed8NG<\/strong><\/p>\n<p>Ng\u00e0y 01\/03\/2016,\u00a0C\u00f4ng ty c\u1ed5 ph\u1ea7n D\u1ecbch v\u1ee5 v\u00e0 \u0110\u1ecba \u1ed1c Vinahomes\u00a0ch\u00ednh th\u1ee9c ra \u0111\u1eddi, ho\u1ea1t \u0111\u1ed9ng trong l\u0129nh v\u1ef1c ph\u00e2n ph\u1ed1i, qu\u1ea3n l\u00fd b\u1ea5t \u0111\u1ed9ng s\u1ea3n trung v\u00e0 cao c\u1ea5p ch\u1ee7 y\u1ebfu t\u1ea1i th\u1ecb tr\u01b0\u1eddng ph\u00eda B\u1eafc. Tr\u1ef1c thu\u1ed9c h\u1ec7 th\u1ed1ng kinh doanh c\u1ee7a T\u1eadp \u0111o\u00e0n \u0110\u1ea5t Xanh \u2013 \u0110\u1ea5t Xanh Mi\u1ec1n B\u1eafc, ch\u00fang t\u00f4i\u00a0th\u1eeba h\u01b0\u1edfng qu\u1ef9 s\u1ea3n ph\u1ea9m \u0111a d\u1ea1ng tr\u00ean nhi\u1ec1u ph\u00e2n kh\u00fac c\u00f9ng h\u1ec7 th\u1ed1ng t\u01b0 v\u1ea5n, h\u1ed7 tr\u1ee3 th\u1ee7 t\u1ee5c chuy\u00ean nghi\u1ec7p.<\/p>\n<p><strong>D\u1ef0 \u00c1N \u0110\u00c3 PH\u00c2N PH\u1ed0I<\/strong><\/p>\n<p>Vinahomes\u00a0ph\u00e2n ph\u1ed1i ch\u00ednh th\u1ee9c nhi\u1ec1u s\u1ea3n ph\u1ea9m c\u1ee7a ch\u1ee7 \u0111\u1ea7u t\u01b0 uy t\u00edn nh\u01b0 Vingroup, Sun Group, MIK Group, PCC1\u2026 \u00a0t\u1ea1o n\u00ean nhi\u1ec1u k\u1ec9 l\u1ee5c giao d\u1ecbch tr\u00ean th\u1ecb tr\u01b0\u1eddng b\u1ea5t \u0111\u1ed9ng s\u1ea3n th\u1eddi gian qua.<\/p>\n<\/div>\n<\/div>\n<\/div>\n<\/div>\n<\/div>\n","protected":false},"excerpt":{"rendered":"<p>\u0110\u1ea6U T\u01af TH\u00d4NG MINH \u2013 AN C\u01af TR\u1eccN V\u1eb8N Ch\u00fang t\u00f4i mang \u0111\u1ebfn b\u1ea1n c\u01a1 h\u1ed9i s\u1edf h\u1eefu b\u1ea5t \u0111\u1ed9ng s\u1ea3n tr\u00ean to\u00e0n qu\u1ed1c v\u1edbi ch\u1ea5t l\u01b0\u1ee3ng cao c\u1ea5p v\u00e0 m\u1ee9c gi\u00e1 t\u1ed1t. S\u1ea3n ph\u1ea9m \u0111a d\u1ea1ng \u2013 d\u1ecbch v\u1ee5 \u0111\u1ed3ng b\u1ed9 \u2013 \u0111\u1ed1i t\u00e1c uy t\u00edn l\u00e0 l\u1eddi cam k\u1ebft\u00a0Vinahomes\u00a0d\u00e0nh cho qu\u00fd kh\u00e1ch h\u00e0ng. [&#8230;]\n","protected":false},"author":1,"featured_media":169,"parent":0,"menu_order":0,"comment_status":"closed","ping_status":"closed","template":"","meta":[],"_links":{"self":[{"href":"https:\/\/demo.bmconnect.vn\/bds\/wp-json\/wp\/v2\/pages\/31"}],"collection":[{"href":"https:\/\/demo.bmconnect.vn\/bds\/wp-json\/wp\/v2\/pages"}],"about":[{"href":"https:\/\/demo.bmconnect.vn\/bds\/wp-json\/wp\/v2\/types\/page"}],"author":[{"embeddable":true,"href":"https:\/\/demo.bmconnect.vn\/bds\/wp-json\/wp\/v2\/users\/1"}],"replies":[{"embeddable":true,"href":"https:\/\/demo.bmconnect.vn\/bds\/wp-json\/wp\/v2\/comments?post=31"}],"version-history":[{"count":2,"href":"https:\/\/demo.bmconnect.vn\/bds\/wp-json\/wp\/v2\/pages\/31\/revisions"}],"predecessor-version":[{"id":249,"href":"https:\/\/demo.bmconnect.vn\/bds\/wp-json\/wp\/v2\/pages\/31\/revisions\/249"}],"wp:featuredmedia":[{"embeddable":true,"href":"https:\/\/demo.bmconnect.vn\/bds\/wp-json\/wp\/v2\/media\/169"}],"wp:attachment":[{"href":"https:\/\/demo.bmconnect.vn\/bds\/wp-json\/wp\/v2\/media?parent=31"}],"curies":[{"name":"wp","href":"https:\/\/api.w.org\/{rel}","templated":true}]}}