{"id":246,"date":"2017-08-26T09:22:39","date_gmt":"2017-08-26T02:22:39","guid":{"rendered":"https:\/\/demo.bmconnect.vn\/bds\/?page_id=246"},"modified":"2017-08-26T09:26:13","modified_gmt":"2017-08-26T02:26:13","slug":"tuyen-dung","status":"publish","type":"page","link":"https:\/\/demo.bmconnect.vn\/bds\/tuyen-dung\/","title":{"rendered":"Tuy\u1ec3n d\u1ee5ng"},"content":{"rendered":"<p>S\u1ed1 l\u01b0\u1ee3ng c\u1ea7n tuy\u1ec3n: 50 nh\u00e2n s\u1ef1<\/p>\n<p><strong>B\u1ea0N C\u00d3 \u0110\u01af\u1ee2C G\u00cc KHI L\u00c0M VI\u1ec6C T\u1ea0I VINAHOMES?<\/strong><\/p>\n<p>1. M\u1ee8C L\u01af\u01a0NG: Nh\u00e2n vi\u00ean kinh doanh B\u0110S th\u00f4ng th\u01b0\u1eddng kh\u00f4ng c\u00f3 l\u01b0\u01a1ng c\u1ee9ng ho\u1eb7c ch\u1ec9 c\u00f3 khi ho\u00e0n th\u00e0nh ch\u1ec9 ti\u00eau nh\u01b0ng \u1edf Vinahomes th\u00ec kh\u00e1c: B\u1ea1n s\u1ebd \u0111\u01b0\u1ee3c tr\u1ea3 l\u01b0\u01a1ng v\u00e0 ph\u1ee5 c\u1ea5p c\u1ee9ng k\u1ec3 c\u1ea3 khi \u0111ang trong giai \u0111o\u1ea1n h\u1ecdc vi\u1ec7c v\u00e0 th\u1eed vi\u1ec7c theo quy \u0111\u1ecbnh c\u1ee7a Lu\u1eadt Lao \u0111\u1ed9ng. Vinahomes t\u1ef1 h\u00e0o khi \u0111\u01b0\u1ee3c \u0111\u00e1nh gi\u00e1 l\u00e0 1 trong nh\u1eefng c\u00f4ng ty B\u0110S c\u00f3 ch\u1ebf \u0111\u1ed9 ph\u00fac l\u1ee3i cho ng\u01b0\u1eddi lao \u0111\u1ed9ng t\u1ed1t nh\u1ea5t.<\/p>\n<p><img loading=\"lazy\" class=\" wp-image-1935 aligncenter\" src=\"http:\/\/diaocvinahomes.vn\/wp-content\/uploads\/2017\/04\/IMG_1534.jpg\" sizes=\"(max-width: 849px) 100vw, 849px\" srcset=\"http:\/\/diaocvinahomes.vn\/wp-content\/uploads\/2017\/04\/IMG_1534.jpg 5472w, http:\/\/diaocvinahomes.vn\/wp-content\/uploads\/2017\/04\/IMG_1534-768x512.jpg 768w, http:\/\/diaocvinahomes.vn\/wp-content\/uploads\/2017\/04\/IMG_1534-500x333.jpg 500w\" alt=\"\" width=\"849\" height=\"566\" \/><\/p>\n<p>\u2013 L\u01af\u01a0NG C\u1ee8NG + PH\u1ee4 C\u1ea4P: T\u1eeb 5 tri\u1ec7u \u0111\u1ed3ng tr\u1edf l\u00ean\/ 1th\u00e1ng (C\u00e1c b\u1ea1n nh\u1eadn v\u1eabn \u0111\u01b0\u1ee3c l\u01b0\u01a1ng v\u00e0 ph\u1ee5 c\u1ea5p c\u1ea3 khi kh\u00f4ng ho\u00e0n th\u00e0nh doanh s\u1ed1)<\/p>\n<p>\u2013 HOA H\u1ed2NG : T\u1eeb 25% \/1 giao d\u1ecbch (Th\u00f4ng th\u01b0\u1eddng t\u1eeb 12 tri\u1ec7u \u0111\u1ed3ng)<\/p>\n<p>\u2013 TH\u01af\u1edeNG N\u00d3NG: Ngo\u00e0i hoa h\u1ed3ng 25% b\u1ea1n c\u00f2n \u0111\u01b0\u1ee3c TH\u01af\u1edeNG KH\u1ee6NG<\/p>\n<p>2. \u0110\u01b0\u1ee3c mua nh\u00e0 \u01b0u \u0111\u00e3i gi\u1ea3m gi\u00e1 \u0111\u1eb7c bi\u1ec7t.<\/p>\n<p>3. \u0110\u00f3ng c\u00e1c kho\u1ea3n BHXH, BHYT, BHTN cho ng\u01b0\u1eddi lao \u0111\u1ed9ng theo quy \u0111\u1ecbnh (kh\u00f4ng gian l\u1eadn b\u1ea5t k\u1ef3 1 tr\u01b0\u1eddng h\u1ee3p n\u00e0o);<\/p>\n<p>4. Ch\u00ednh s\u00e1ch ph\u00fac l\u1ee3i r\u1ea5t t\u1ed1t: Kh\u00e1m ch\u1eefa b\u1ec7nh cho NL\u0110 h\u00e0ng n\u0103m; du l\u1ecbch, ngh\u1ec9 m\u00e1t, team building 1-2 l\u1ea7n\/ n\u0103m; l\u01b0\u01a1ng th\u00e1ng 13 v\u00e0 l\u00e0 1 trong nh\u1eefng c\u00f4ng ty c\u00f3 TH\u01af\u1edeNG T\u1ebeT CAO- l\u00ean \u0111\u1ebfn 5 th\u00e1ng l\u01b0\u01a1ng.<\/p>\n<p>5. M\u00f4i tr\u01b0\u1eddng l\u00e0m vi\u1ec7c tr\u1ebb trung, hi\u1ec7n \u0111\u1ea1i, n\u0103ng \u0111\u1ed9ng v\u00e0 chuy\u00ean nghi\u1ec7p;<\/p>\n<p>6. Ch\u1ebf \u0111\u1ed9 \u0111\u00e0o t\u1ea1o, h\u1ed7 tr\u1ee3 truy\u1ec1n th\u00f4ng t\u1ed1t nh\u1ea5t;<\/p>\n<p>7. C\u00e1c ho\u1ea1t \u0111\u1ed9ng t\u1eadp th\u1ec3 th\u01b0\u1eddng xuy\u00ean: Teambuilding, Outing, B\u00f3ng \u0111\u00e1\u2026<\/p>\n<p><strong>VINAHOMES K\u1ef2 V\u1eccNG G\u00cc \u1ede C\u00c1C B\u1ea0N?<\/strong><\/p>\n<ul>\n<li>M\u1edf r\u1ed9ng danh s\u00e1ch kh\u00e1ch h\u00e0ng, ch\u0103m s\u00f3c t\u1ed1t kh\u00e1ch h\u00e0ng \u0111\u00e3 c\u00f3, kh\u00e1ch h\u00e0ng ph\u00e1t sinh.<\/li>\n<li>L\u1eadp k\u1ebf ho\u1ea1ch kinh doanh cho c\u00e1 nh\u00e2n theo tu\u1ea7n, th\u00e1ng, qu\u00fd \u0111\u00e1p \u1ee9ng \u0111\u01b0\u1ee3c c\u00e1c y\u00eau c\u1ea7u c\u1ee7a C\u00f4ng ty.<\/li>\n<li>L\u00e0 ng\u01b0\u1eddi \u0111\u1ea1i di\u1ec7n chuy\u00ean nghi\u1ec7p c\u1ee7a Vinahomes h\u1ed7 tr\u1ee3 kh\u00e1ch h\u00e0ng t\u1ed1t nh\u1ea5t.<\/li>\n<li>Ho\u00e0n th\u00e0nh, v\u01b0\u1ee3t xa c\u00e1c ch\u1ec9 ti\u00eau \u0111\u01b0\u1ee3c giao.<\/li>\n<\/ul>\n<p><strong>B\u1ea0N S\u1ebc PH\u00d9 H\u1ee2P V\u1edaI V\u1eca TR\u00cd N\u00c0Y N\u1ebeU B\u1ea0N:<\/strong><\/p>\n<ul>\n<li>C\u00f3 \u00edt nh\u1ea5t 1 n\u0103m kinh nghi\u1ec7m trong l\u0129nh v\u1ef1c kinh doanh.<\/li>\n<li>Khao kh\u00e1t th\u00e0nh c\u00f4ng, d\u00e1m ngh\u0129, d\u00e1m l\u00e0m.<\/li>\n<li>Vui v\u1ebb, th\u00e2n thi\u1ec7n, trung th\u1ef1c, ki\u00ean tr\u00ec.<\/li>\n<li>C\u00f3 kh\u1ea3 n\u0103ng th\u00edch nghi v\u00e0 l\u00e0m vi\u1ec7c nh\u00f3m t\u1ed1t.<\/li>\n<li>\u0110am m\u00ea b\u1ea5t \u0111\u1ed9ng s\u1ea3n.<\/li>\n<\/ul>\n<p><strong>\u0110\u1ecaA \u0110I\u1ec2M L\u00c0M VI\u1ec6C :<\/strong><\/p>\n<ul>\n<li>Qu\u1eadn Ba \u0110\u00ecnh<\/li>\n<li>Qu\u1eadn Hai B\u00e0 Tr\u01b0ng<\/li>\n<li>Khu v\u1ef1c M\u1ef9 \u0110\u00ecnh, C\u1ea7u Gi\u1ea5y<\/li>\n<\/ul>\n<p><strong>H\u00ccNH TH\u1ee8C N\u1ed8P H\u1ed2 S\u01a0:<\/strong><\/p>\n<p>N\u1ed9p h\u1ed3 s\u01a1 TR\u1ef0C TI\u1ebeP v\u1edbi PH\u00d2NG HCNS theo \u0111\u1ecba ch\u1ec9 :<\/p>\n<p><strong>C\u00f4ng ty c\u1ed5 ph\u1ea7n d\u1ecbch v\u1ee5 v\u00e0 \u0111\u1ecba \u1ed1c Vinahomes s\u1ed1 172 Ng\u1ecdc Kh\u00e1nh, Ba \u0110\u00ecnh, H\u00e0 N\u1ed9i<\/strong><\/p>\n<p>HO\u1eb6C g\u1eedi h\u1ed3 s\u01a1 qua \u0111\u1ecba ch\u1ec9 mail:\u00a0<strong>tuyendungvinahomes@gmail.com<\/strong><\/p>\n<p>Li\u00ean h\u1ec7 Ms.Trinh:\u00a00982.106.939<\/p>\n<p>H\u1ea1n cu\u1ed1i n\u1ed9p h\u1ed3 s\u01a1: 31\/07\/2017<\/p>\n<p>T\u1ea3i b\u1ea3n h\u1ed3 s\u01a1 d\u1eef li\u1ec7u \u1ee9ng vi\u00ean d\u01b0\u1edbi \u0111\u00e2y:\u00a0<a href=\"http:\/\/diaocvinahomes.vn\/wp-content\/uploads\/2017\/04\/BM-NS-02-05-Bang-du-lieu-ung-vien.doc\"><strong>\u0111\u00ednh k\u00e8m file \u0111i\u1ec1n th\u00f4ng tin \u1ee9ng vi\u00ean<\/strong><\/a><\/p>\n","protected":false},"excerpt":{"rendered":"<p>S\u1ed1 l\u01b0\u1ee3ng c\u1ea7n tuy\u1ec3n: 50 nh\u00e2n s\u1ef1 B\u1ea0N C\u00d3 \u0110\u01af\u1ee2C G\u00cc KHI L\u00c0M VI\u1ec6C T\u1ea0I VINAHOMES? 1. M\u1ee8C L\u01af\u01a0NG: Nh\u00e2n vi\u00ean kinh doanh B\u0110S th\u00f4ng th\u01b0\u1eddng kh\u00f4ng c\u00f3 l\u01b0\u01a1ng c\u1ee9ng ho\u1eb7c ch\u1ec9 c\u00f3 khi ho\u00e0n th\u00e0nh ch\u1ec9 ti\u00eau nh\u01b0ng \u1edf Vinahomes th\u00ec kh\u00e1c: B\u1ea1n s\u1ebd \u0111\u01b0\u1ee3c tr\u1ea3 l\u01b0\u01a1ng v\u00e0 ph\u1ee5 c\u1ea5p c\u1ee9ng k\u1ec3 c\u1ea3 khi [&#8230;]\n","protected":false},"author":1,"featured_media":0,"parent":0,"menu_order":0,"comment_status":"closed","ping_status":"closed","template":"","meta":[],"_links":{"self":[{"href":"https:\/\/demo.bmconnect.vn\/bds\/wp-json\/wp\/v2\/pages\/246"}],"collection":[{"href":"https:\/\/demo.bmconnect.vn\/bds\/wp-json\/wp\/v2\/pages"}],"about":[{"href":"https:\/\/demo.bmconnect.vn\/bds\/wp-json\/wp\/v2\/types\/page"}],"author":[{"embeddable":true,"href":"https:\/\/demo.bmconnect.vn\/bds\/wp-json\/wp\/v2\/users\/1"}],"replies":[{"embeddable":true,"href":"https:\/\/demo.bmconnect.vn\/bds\/wp-json\/wp\/v2\/comments?post=246"}],"version-history":[{"count":2,"href":"https:\/\/demo.bmconnect.vn\/bds\/wp-json\/wp\/v2\/pages\/246\/revisions"}],"predecessor-version":[{"id":250,"href":"https:\/\/demo.bmconnect.vn\/bds\/wp-json\/wp\/v2\/pages\/246\/revisions\/250"}],"wp:attachment":[{"href":"https:\/\/demo.bmconnect.vn\/bds\/wp-json\/wp\/v2\/media?parent=246"}],"curies":[{"name":"wp","href":"https:\/\/api.w.org\/{rel}","templated":true}]}}