{"id":8,"date":"2018-02-06T11:00:56","date_gmt":"2018-02-06T04:00:56","guid":{"rendered":"https:\/\/demo.bmconnect.vn\/bbq\/?page_id=8"},"modified":"2018-02-06T16:58:38","modified_gmt":"2018-02-06T09:58:38","slug":"tuyen-dung","status":"publish","type":"page","link":"https:\/\/demo.bmconnect.vn\/bbq\/tuyen-dung\/","title":{"rendered":"Tuy\u1ec3n d\u1ee5ng"},"content":{"rendered":"\t<div class=\"img has-hover x md-x lg-x y md-y lg-y\" id=\"image_545429134\">\n\t\t\t\t\t\t\t\t<div class=\"img-inner image-cover dark\" style=\"padding-top:16%;\">\n\t\t\t<img width=\"1920\" height=\"500\" src=\"https:\/\/demo.bmconnect.vn\/bbq\/wp-content\/uploads\/2018\/02\/banner-234.jpg\" class=\"attachment-original size-original\" alt=\"\" loading=\"lazy\" srcset=\"https:\/\/demo.bmconnect.vn\/bbq\/wp-content\/uploads\/2018\/02\/banner-234.jpg 1920w, https:\/\/demo.bmconnect.vn\/bbq\/wp-content\/uploads\/2018\/02\/banner-234-300x78.jpg 300w, https:\/\/demo.bmconnect.vn\/bbq\/wp-content\/uploads\/2018\/02\/banner-234-768x200.jpg 768w, https:\/\/demo.bmconnect.vn\/bbq\/wp-content\/uploads\/2018\/02\/banner-234-1024x267.jpg 1024w\" sizes=\"(max-width: 1920px) 100vw, 1920px\" \/>\t\t\t\t\t\t\n\t\t\t\t\t<\/div>\n\t\t\t\t\t\t\t\t\n<style scope=\"scope\">\n\n#image_545429134 {\n  width: 100%;\n}\n<\/style>\n\t<\/div>\n\t\n\t<section class=\"section\" id=\"section_1105437391\">\n\t\t<div class=\"bg section-bg fill bg-fill  bg-loaded\" >\n\n\t\t\t\n\t\t\t\n\t\t\t\n\n\t\t<\/div><!-- .section-bg -->\n\n\t\t<div class=\"section-content relative\">\n\t\t\t\n<div class=\"row row-small\"  id=\"row-1501366782\">\n<div class=\"col medium-6 small-12 large-6\"  ><div class=\"col-inner\"  >\n<div id=\"gt-src-c\" class=\"g-unit\">\u00a0<\/div>\n<div id=\"gt-res-c\" class=\"g-unit\">\n<div id=\"gt-res-p\">\n<div id=\"gt-res-data\">\n<div id=\"gt-res-wrap\">\n<div id=\"gt-res-content\">\n<h3 id=\"gt-res-dir-ctr\" class=\"trans-verified-button-large alt-font\" dir=\"ltr\"><span id=\"result_box\" class=\"short_text\" lang=\"en\" style=\"font-size: 130%; color: #000000;\"><span class=\"\">Recruitment<\/span><\/span><\/h3>\n<p><span style=\"font-size: 95%;\">L\u1ea9u n\u01b0\u1edbng H\u00e0n Qu\u1ed1c Sun Homes BBQ c\u00f3 nhu c\u1ea7u tuy\u1ec3n d\u1ee5ng c\u00e1c v\u1ecb tr\u00ed sau:<\/span><\/p>\n<ul>\n<li class=\"bullet-checkmark\"><span style=\"font-size: 95%;\">Gi\u00e1m \u0111\u1ed1c qu\u1ea3n tr\u1ecb kinh doanh: 1 ng\u01b0\u1eddi<\/span><\/li>\n<li class=\"bullet-checkmark\"><span style=\"font-size: 95%;\">Nh\u00e2n vi\u00ean kinh doanh: 4 ng\u01b0\u1eddi<\/span><\/li>\n<li class=\"bullet-checkmark\"><span style=\"font-size: 95%;\">Nh\u00e2n vi\u00ean l\u1ec5 t\u00e2n: 1 ng\u01b0\u1eddi<\/span><\/li>\n<li class=\"bullet-checkmark\"><span style=\"font-size: 95%;\">Nh\u00e2n vi\u00ean ph\u1ee5c v\u1ee5: 3 ng\u01b0\u1eddi<\/span><\/li>\n<\/ul>\n<p><span style=\"font-size: 95%;\"><strong>\u0110i\u1ec1u ki\u1ec7n \u1ee9ng tuy\u1ec3n:<\/strong> <a href=\"#\">xem t\u1ea1i \u0111\u00e2y<\/a><\/span><\/p>\n<p><span style=\"font-size: 95%;\"><strong>Th\u1eddi gian \u1ee9ng tuy\u1ec3n:<\/strong> \u0111\u1ebfn h\u1ebft ng\u00e0y 3.3.2018<\/span><\/p>\n<p><span style=\"font-size: 95%;\">\u1ee8ng vi\u00ean n\u1ed9p h\u1ed3 s\u01a1 tr\u1ef1c ti\u1ebfp t\u1ea1i \u0111\u1ecba ch\u1ec9 v\u0103n ph\u00f2ng: S\u1ed1 29 ng\u00f5 18 L\u01b0\u01a1ng Ng\u1ecdc Quy\u1ebfn, H\u00e0 \u0110\u00f4ng, H\u00e0 N\u1ed9i ho\u1eb7c g\u1eedi h\u1ed3 s\u01a1 online v\u00e0o email: webdesign@gmail.com<\/span><\/p>\n<\/div>\n<\/div>\n<\/div>\n<\/div>\n<\/div>\n<\/div><\/div>\n<div class=\"col medium-6 small-12 large-6\"  ><div class=\"col-inner\"  >\n\t<div class=\"img has-hover x md-x lg-x y md-y lg-y\" id=\"image_1061459744\">\n\t\t\t\t\t\t\t\t<div class=\"img-inner image-cover dark\" style=\"padding-top:80%;\">\n\t\t\t<img width=\"475\" height=\"550\" src=\"https:\/\/demo.bmconnect.vn\/bbq\/wp-content\/uploads\/2018\/02\/lau2.jpg\" class=\"attachment-original size-original\" alt=\"\" loading=\"lazy\" srcset=\"https:\/\/demo.bmconnect.vn\/bbq\/wp-content\/uploads\/2018\/02\/lau2.jpg 475w, https:\/\/demo.bmconnect.vn\/bbq\/wp-content\/uploads\/2018\/02\/lau2-259x300.jpg 259w\" sizes=\"(max-width: 475px) 100vw, 475px\" \/>\t\t\t\t\t\t\n\t\t\t\t\t<\/div>\n\t\t\t\t\t\t\t\t\n<style scope=\"scope\">\n\n#image_1061459744 {\n  width: 100%;\n}\n<\/style>\n\t<\/div>\n\t\n<\/div><\/div>\n\n<style scope=\"scope\">\n\n<\/style>\n<\/div>\n\t\t<\/div><!-- .section-content -->\n\n\t\t\n<style scope=\"scope\">\n\n#section_1105437391 {\n  padding-top: 30px;\n  padding-bottom: 30px;\n}\n<\/style>\n\t<\/section>\n\t\n","protected":false},"excerpt":{"rendered":"","protected":false},"author":1,"featured_media":0,"parent":0,"menu_order":0,"comment_status":"closed","ping_status":"closed","template":"page-blank.php","meta":[],"_links":{"self":[{"href":"https:\/\/demo.bmconnect.vn\/bbq\/wp-json\/wp\/v2\/pages\/8"}],"collection":[{"href":"https:\/\/demo.bmconnect.vn\/bbq\/wp-json\/wp\/v2\/pages"}],"about":[{"href":"https:\/\/demo.bmconnect.vn\/bbq\/wp-json\/wp\/v2\/types\/page"}],"author":[{"embeddable":true,"href":"https:\/\/demo.bmconnect.vn\/bbq\/wp-json\/wp\/v2\/users\/1"}],"replies":[{"embeddable":true,"href":"https:\/\/demo.bmconnect.vn\/bbq\/wp-json\/wp\/v2\/comments?post=8"}],"version-history":[{"count":8,"href":"https:\/\/demo.bmconnect.vn\/bbq\/wp-json\/wp\/v2\/pages\/8\/revisions"}],"predecessor-version":[{"id":343,"href":"https:\/\/demo.bmconnect.vn\/bbq\/wp-json\/wp\/v2\/pages\/8\/revisions\/343"}],"wp:attachment":[{"href":"https:\/\/demo.bmconnect.vn\/bbq\/wp-json\/wp\/v2\/media?parent=8"}],"curies":[{"name":"wp","href":"https:\/\/api.w.org\/{rel}","templated":true}]}}