{"id":47,"date":"2018-02-06T11:22:14","date_gmt":"2018-02-06T04:22:14","guid":{"rendered":"https:\/\/demo.bmconnect.vn\/bbq\/?page_id=47"},"modified":"2018-02-06T16:10:24","modified_gmt":"2018-02-06T09:10:24","slug":"thuc-don","status":"publish","type":"page","link":"https:\/\/demo.bmconnect.vn\/bbq\/thuc-don\/","title":{"rendered":"Th\u1ef1c \u0111\u01a1n"},"content":{"rendered":"\t<div class=\"img has-hover x md-x lg-x y md-y lg-y\" id=\"image_1212646154\">\n\t\t\t\t\t\t\t\t<div class=\"img-inner image-cover dark\" style=\"padding-top:15%;\">\n\t\t\t<img width=\"1920\" height=\"500\" src=\"https:\/\/demo.bmconnect.vn\/bbq\/wp-content\/uploads\/2018\/02\/banner-234.jpg\" class=\"attachment-original size-original\" alt=\"\" loading=\"lazy\" srcset=\"https:\/\/demo.bmconnect.vn\/bbq\/wp-content\/uploads\/2018\/02\/banner-234.jpg 1920w, https:\/\/demo.bmconnect.vn\/bbq\/wp-content\/uploads\/2018\/02\/banner-234-300x78.jpg 300w, https:\/\/demo.bmconnect.vn\/bbq\/wp-content\/uploads\/2018\/02\/banner-234-768x200.jpg 768w, https:\/\/demo.bmconnect.vn\/bbq\/wp-content\/uploads\/2018\/02\/banner-234-1024x267.jpg 1024w\" sizes=\"(max-width: 1920px) 100vw, 1920px\" \/>\t\t\t\t\t\t\n\t\t\t\t\t<\/div>\n\t\t\t\t\t\t\t\t\n<style scope=\"scope\">\n\n#image_1212646154 {\n  width: 100%;\n}\n<\/style>\n\t<\/div>\n\t\n\t<section class=\"section\" id=\"section_2040642176\">\n\t\t<div class=\"bg section-bg fill bg-fill  bg-loaded\" >\n\n\t\t\t\n\t\t\t\n\t\t\t\n\n\t\t<\/div><!-- .section-bg -->\n\n\t\t<div class=\"section-content relative\">\n\t\t\t\n<div class=\"row row-small\"  id=\"row-559571815\">\n<div class=\"col small-12 large-12\"  ><div class=\"col-inner\"  >\n\n\t\t<div class=\"tabbed-content\">\n\t\t\t<h4 class=\"uppercase text-center\">TH\u1ef0C \u0110\u01a0N T\u1ea0I H\u00c0 N\u1ed8I<\/h4>\n\t\t\t<ul class=\"nav nav-tabs nav-normal nav-size-normal nav-center\"><li class=\"tab active has-icon\"><a href=\"#tab_ch\u1ecdn-m\u00f3n-n\u01b0\u1edbng\"><span>Ch\u1ecdn m\u00f3n n\u01b0\u1edbng<\/span><\/a><\/li>\n<li class=\"tab has-icon\"><a href=\"#tab_combo-x\u00e8o-x\u00e8o\"><span>Combo x\u00e8o x\u00e8o<\/span><\/a><\/li><\/ul><div class=\"tab-panels\"><div class=\"panel active entry-content\" id=\"tab_ch\u1ecdn-m\u00f3n-n\u01b0\u1edbng\">\n<p><span style=\"font-size: 90%;\"><em>* \u00c1p d\u1ee5ng cho t\u1ea5t c\u1ea3 c\u00e1c ng\u00e0y trong tu\u1ea7n<\/em><\/span><\/p>\n<div class=\"row row-small\"  id=\"row-1300646315\">\n<div class=\"col medium-4 small-12 large-4\"  ><div class=\"col-inner\"  >\n\t<div class=\"img has-hover x md-x lg-x y md-y lg-y\" id=\"image_1241067773\">\n\t\t\t\t\t\t\t\t<div class=\"img-inner image-cover dark\" style=\"padding-top:50%;\">\n\t\t\t<img width=\"475\" height=\"550\" src=\"https:\/\/demo.bmconnect.vn\/bbq\/wp-content\/uploads\/2018\/02\/blackbean-noodles.png\" class=\"attachment-original size-original\" alt=\"\" loading=\"lazy\" srcset=\"https:\/\/demo.bmconnect.vn\/bbq\/wp-content\/uploads\/2018\/02\/blackbean-noodles.png 475w, https:\/\/demo.bmconnect.vn\/bbq\/wp-content\/uploads\/2018\/02\/blackbean-noodles-259x300.png 259w\" sizes=\"(max-width: 475px) 100vw, 475px\" \/>\t\t\t\t\t\t\n\t\t\t\t\t<\/div>\n\t\t\t\t\t\t\t\t\n<style scope=\"scope\">\n\n#image_1241067773 {\n  width: 100%;\n}\n<\/style>\n\t<\/div>\n\t\n<p><span style=\"font-size: 140%;\"><strong><span style=\"color: #000000;\">C\u00e1c lo\u1ea1i M\u1ef3<\/span><\/strong><\/span><\/p>\n<ul>\n<li class=\"bullet-checkmark\">M\u1ef3 tr\u1ed9n l\u1ea1nh<\/li>\n<li class=\"bullet-checkmark\">M\u1ef3 l\u1ea1nh n\u01b0\u1edbc<\/li>\n<li class=\"bullet-checkmark\">G\u00e0 x\u00e0o ph\u00f4 mai<\/li>\n<li class=\"bullet-checkmark\">M\u1ef3 \u0111en<\/li>\n<li class=\"bullet-checkmark\">M\u1ef3 b\u00f2 H\u00e0n Qu\u1ed1c<\/li>\n<li class=\"bullet-checkmark\">Mi\u1ebfn x\u00e0o H\u00e0n Qu\u1ed1c<\/li>\n<\/ul>\n<\/div><\/div>\n<div class=\"col medium-4 small-12 large-4\"  ><div class=\"col-inner\"  >\n\t<div class=\"img has-hover x md-x lg-x y md-y lg-y\" id=\"image_1002955367\">\n\t\t\t\t\t\t\t\t<div class=\"img-inner image-cover dark\" style=\"padding-top:50%;\">\n\t\t\t<img width=\"475\" height=\"550\" src=\"https:\/\/demo.bmconnect.vn\/bbq\/wp-content\/uploads\/2018\/02\/banh.png\" class=\"attachment-original size-original\" alt=\"\" loading=\"lazy\" srcset=\"https:\/\/demo.bmconnect.vn\/bbq\/wp-content\/uploads\/2018\/02\/banh.png 475w, https:\/\/demo.bmconnect.vn\/bbq\/wp-content\/uploads\/2018\/02\/banh-259x300.png 259w\" sizes=\"(max-width: 475px) 100vw, 475px\" \/>\t\t\t\t\t\t\n\t\t\t\t\t<\/div>\n\t\t\t\t\t\t\t\t\n<style scope=\"scope\">\n\n#image_1002955367 {\n  width: 100%;\n}\n<\/style>\n\t<\/div>\n\t\n<p><span style=\"font-size: 140%;\"><strong><span style=\"color: #000000;\">C\u01a1m v\u00e0 b\u00e1nh<\/span><\/strong><\/span><\/p>\n<ul>\n<li class=\"bullet-checkmark\">C\u01a1m tr\u1ed9n b\u00e1t \u0111\u00e1 n\u00f3ng<\/li>\n<li class=\"bullet-checkmark\">C\u01a1m tr\u1ed9n H\u00e0n Qu\u1ed1c<\/li>\n<li class=\"bullet-checkmark\">B\u00e1nh H\u1ea3i S\u1ea3n<\/li>\n<li class=\"bullet-checkmark\">B\u00e1nh Mandu<\/li>\n<li class=\"bullet-checkmark\">B\u00e1nh b\u00ed H\u00e0n Qu\u1ed1c<\/li>\n<li class=\"bullet-checkmark\">B\u00e1nh tr\u1ee9ng<\/li>\n<\/ul>\n<\/div><\/div>\n<div class=\"col medium-4 small-12 large-4\"  ><div class=\"col-inner\"  >\n\t<div class=\"img has-hover x md-x lg-x y md-y lg-y\" id=\"image_1961138158\">\n\t\t\t\t\t\t\t\t<div class=\"img-inner image-cover dark\" style=\"padding-top:50%;\">\n\t\t\t<img width=\"475\" height=\"550\" src=\"https:\/\/demo.bmconnect.vn\/bbq\/wp-content\/uploads\/2018\/02\/lau2.jpg\" class=\"attachment-original size-original\" alt=\"\" loading=\"lazy\" srcset=\"https:\/\/demo.bmconnect.vn\/bbq\/wp-content\/uploads\/2018\/02\/lau2.jpg 475w, https:\/\/demo.bmconnect.vn\/bbq\/wp-content\/uploads\/2018\/02\/lau2-259x300.jpg 259w\" sizes=\"(max-width: 475px) 100vw, 475px\" \/>\t\t\t\t\t\t\n\t\t\t\t\t<\/div>\n\t\t\t\t\t\t\t\t\n<style scope=\"scope\">\n\n#image_1961138158 {\n  width: 100%;\n}\n<\/style>\n\t<\/div>\n\t\n<p><span style=\"font-size: 140%;\"><strong><span style=\"color: #000000;\">L\u1ea9u<\/span><\/strong><\/span><\/p>\n<ul>\n<li class=\"bullet-checkmark\">L\u1ea9u Bulgogi<\/li>\n<li class=\"bullet-checkmark\">L\u1ea9u s\u01b0\u1eddn s\u1ee5n<\/li>\n<li class=\"bullet-checkmark\">L\u1ea9u s\u01b0\u1eddn heo kim chi<\/li>\n<li class=\"bullet-checkmark\">L\u1ea9u b\u00f2<\/li>\n<li class=\"bullet-checkmark\">L\u1ea9u kim chi<\/li>\n<li class=\"bullet-checkmark\">L\u1ea9u th\u00e1i cay<\/li>\n<\/ul>\n<\/div><\/div>\n\n<style scope=\"scope\">\n\n<\/style>\n<\/div>\n<div class=\"row row-small\"  id=\"row-621636570\">\n<div class=\"col medium-4 small-12 large-4\"  ><div class=\"col-inner\"  >\n\t<div class=\"img has-hover x md-x lg-x y md-y lg-y\" id=\"image_1780245231\">\n\t\t\t\t\t\t\t\t<div class=\"img-inner image-cover dark\" style=\"padding-top:50%;\">\n\t\t\t<img width=\"475\" height=\"550\" src=\"https:\/\/demo.bmconnect.vn\/bbq\/wp-content\/uploads\/2018\/02\/thit-heo-2-jpg.png\" class=\"attachment-original size-original\" alt=\"\" loading=\"lazy\" srcset=\"https:\/\/demo.bmconnect.vn\/bbq\/wp-content\/uploads\/2018\/02\/thit-heo-2-jpg.png 475w, https:\/\/demo.bmconnect.vn\/bbq\/wp-content\/uploads\/2018\/02\/thit-heo-2-jpg-259x300.png 259w\" sizes=\"(max-width: 475px) 100vw, 475px\" \/>\t\t\t\t\t\t\n\t\t\t\t\t<\/div>\n\t\t\t\t\t\t\t\t\n<style scope=\"scope\">\n\n#image_1780245231 {\n  width: 100%;\n}\n<\/style>\n\t<\/div>\n\t\n<p><span style=\"font-size: 140%;\"><strong><span style=\"color: #000000;\">Th\u1ecbt heo<\/span><\/strong><\/span><\/p>\n<ul>\n<li class=\"bullet-checkmark\">Ba ch\u1ec9 heo m\u1ef9<\/li>\n<li class=\"bullet-checkmark\">N\u1ea1c vai heo<\/li>\n<li class=\"bullet-checkmark\">S\u01b0\u1eddn heo<\/li>\n<li class=\"bullet-checkmark\">S\u1ee5n heo: 139K<\/li>\n<li class=\"bullet-checkmark\">Th\u1ecbt heo \u0111\u1eb7c bi\u1ec7t<\/li>\n<\/ul>\n<\/div><\/div>\n<div class=\"col medium-4 small-12 large-4\"  ><div class=\"col-inner\"  >\n\t<div class=\"img has-hover x md-x lg-x y md-y lg-y\" id=\"image_1110545609\">\n\t\t\t\t\t\t\t\t<div class=\"img-inner image-cover dark\" style=\"padding-top:50%;\">\n\t\t\t<img width=\"475\" height=\"550\" src=\"https:\/\/demo.bmconnect.vn\/bbq\/wp-content\/uploads\/2018\/02\/thit-bo-2.png\" class=\"attachment-original size-original\" alt=\"\" loading=\"lazy\" srcset=\"https:\/\/demo.bmconnect.vn\/bbq\/wp-content\/uploads\/2018\/02\/thit-bo-2.png 475w, https:\/\/demo.bmconnect.vn\/bbq\/wp-content\/uploads\/2018\/02\/thit-bo-2-259x300.png 259w\" sizes=\"(max-width: 475px) 100vw, 475px\" \/>\t\t\t\t\t\t\n\t\t\t\t\t<\/div>\n\t\t\t\t\t\t\t\t\n<style scope=\"scope\">\n\n#image_1110545609 {\n  width: 100%;\n}\n<\/style>\n\t<\/div>\n\t\n<p><span style=\"font-size: 140%;\"><strong><span style=\"color: #000000;\">Th\u1ecbt b\u00f2<\/span><\/strong><\/span><\/p>\n<ul>\n<li class=\"bullet-checkmark\">D\u1ebb s\u01b0\u1eddn b\u00f2 M\u1ef9 \u01b0\u1edbp s\u1ed1t<\/li>\n<li class=\"bullet-checkmark\">Ba ch\u1ec9 b\u00f2 M\u1ef9<\/li>\n<li class=\"bullet-checkmark\">C\u1ed5 b\u00f2 M\u1ef9 Gogi<\/li>\n<li class=\"bullet-checkmark\">N\u1ea1c vai b\u00f2 M\u1ef9<\/li>\n<li class=\"bullet-checkmark\">S\u01b0\u1eddn non b\u00f2 M\u1ef9<\/li>\n<li class=\"bullet-checkmark\">D\u1ebb s\u01b0\u1eddn b\u00f2 t\u01b0\u01a1i<\/li>\n<li class=\"bullet-checkmark\">G\u1ea7u b\u00f2 M\u1ef9 \u01b0\u1edbp mu\u1ed1i<\/li>\n<\/ul>\n<\/div><\/div>\n<div class=\"col medium-4 small-12 large-4\"  ><div class=\"col-inner\"  >\n\t<div class=\"img has-hover x md-x lg-x y md-y lg-y\" id=\"image_42260120\">\n\t\t\t\t\t\t\t\t<div class=\"img-inner image-cover dark\" style=\"padding-top:50%;\">\n\t\t\t<img width=\"475\" height=\"550\" src=\"https:\/\/demo.bmconnect.vn\/bbq\/wp-content\/uploads\/2018\/02\/canh1.jpg\" class=\"attachment-original size-original\" alt=\"\" loading=\"lazy\" srcset=\"https:\/\/demo.bmconnect.vn\/bbq\/wp-content\/uploads\/2018\/02\/canh1.jpg 475w, https:\/\/demo.bmconnect.vn\/bbq\/wp-content\/uploads\/2018\/02\/canh1-259x300.jpg 259w\" sizes=\"(max-width: 475px) 100vw, 475px\" \/>\t\t\t\t\t\t\n\t\t\t\t\t<\/div>\n\t\t\t\t\t\t\t\t\n<style scope=\"scope\">\n\n#image_42260120 {\n  width: 100%;\n}\n<\/style>\n\t<\/div>\n\t\n<p><span style=\"font-size: 140%;\"><strong><span style=\"color: #000000;\">Th\u1ecbt b\u00f2<\/span><\/strong><\/span><\/p>\n<ul>\n<li class=\"bullet-checkmark\">Canh kim chi<\/li>\n<li class=\"bullet-checkmark\">Canh b\u00f2 cay<\/li>\n<li class=\"bullet-checkmark\">Canh \u0111\u1eadu ph\u1ee5<\/li>\n<li class=\"bullet-checkmark\">Canh rong bi\u1ec3n<\/li>\n<li class=\"bullet-checkmark\">Canh rong bi\u1ec3n ngao<\/li>\n<li class=\"bullet-checkmark\">Canh th\u1ecbt ba ch\u1ec9 b\u00f2<\/li>\n<\/ul>\n<\/div><\/div>\n\n<style scope=\"scope\">\n\n<\/style>\n<\/div>\n<div class=\"row row-small\"  id=\"row-830330937\">\n<div class=\"col medium-4 small-12 large-4\"  ><div class=\"col-inner\"  >\n\t<div class=\"img has-hover x md-x lg-x y md-y lg-y\" id=\"image_760520043\">\n\t\t\t\t\t\t\t\t<div class=\"img-inner image-cover dark\" style=\"padding-top:50%;\">\n\t\t\t<img width=\"475\" height=\"550\" src=\"https:\/\/demo.bmconnect.vn\/bbq\/wp-content\/uploads\/2018\/02\/01-soda-alternatives-orange-juice.png\" class=\"attachment-original size-original\" alt=\"\" loading=\"lazy\" srcset=\"https:\/\/demo.bmconnect.vn\/bbq\/wp-content\/uploads\/2018\/02\/01-soda-alternatives-orange-juice.png 475w, https:\/\/demo.bmconnect.vn\/bbq\/wp-content\/uploads\/2018\/02\/01-soda-alternatives-orange-juice-259x300.png 259w\" sizes=\"(max-width: 475px) 100vw, 475px\" \/>\t\t\t\t\t\t\n\t\t\t\t\t<\/div>\n\t\t\t\t\t\t\t\t\n<style scope=\"scope\">\n\n#image_760520043 {\n  width: 100%;\n}\n<\/style>\n\t<\/div>\n\t\n<p><span style=\"color: #000000;\"><span style=\"font-size: 20.16px; line-height: 30.24px;\"><b>C\u00e1c lo\u1ea1i n\u01b0\u1edbc u\u1ed1ng<\/b><\/span><\/span><\/p>\n<ul>\n<li class=\"bullet-checkmark\">Passion Juice<\/li>\n<li class=\"bullet-checkmark\">Chanh \u0111\u00e1<\/li>\n<li class=\"bullet-checkmark\">Chanh mu\u1ed1i<\/li>\n<li class=\"bullet-checkmark\">N\u01b0\u1edbc cam<\/li>\n<li class=\"bullet-checkmark\">Sinh t\u1ed1 xo\u00e0i<\/li>\n<li class=\"bullet-checkmark\">Tr\u00e0 h\u1ed3 \u0111\u00e0o<\/li>\n<li class=\"bullet-checkmark\">BERRY COLADA<\/li>\n<li class=\"bullet-checkmark\">RED WINE SANGRIA<\/li>\n<\/ul>\n<\/div><\/div>\n<div class=\"col medium-4 small-12 large-4\"  ><div class=\"col-inner\"  >\n\t<div class=\"img has-hover x md-x lg-x y md-y lg-y\" id=\"image_1382620328\">\n\t\t\t\t\t\t\t\t<div class=\"img-inner image-cover dark\" style=\"padding-top:50%;\">\n\t\t\t<img width=\"475\" height=\"550\" src=\"https:\/\/demo.bmconnect.vn\/bbq\/wp-content\/uploads\/2018\/02\/nuoc-hoa-qua.png\" class=\"attachment-original size-original\" alt=\"\" loading=\"lazy\" srcset=\"https:\/\/demo.bmconnect.vn\/bbq\/wp-content\/uploads\/2018\/02\/nuoc-hoa-qua.png 475w, https:\/\/demo.bmconnect.vn\/bbq\/wp-content\/uploads\/2018\/02\/nuoc-hoa-qua-259x300.png 259w\" sizes=\"(max-width: 475px) 100vw, 475px\" \/>\t\t\t\t\t\t\n\t\t\t\t\t<\/div>\n\t\t\t\t\t\t\t\t\n<style scope=\"scope\">\n\n#image_1382620328 {\n  width: 100%;\n}\n<\/style>\n\t<\/div>\n\t\n<p><span style=\"font-size: 140%;\"><strong><span style=\"color: #000000;\">N\u01b0\u1edbc hoa qu\u1ea3<\/span><\/strong><\/span><\/p>\n<ul>\n<li class=\"bullet-checkmark\">SPARKLE H\u01af\u01a0NG T\u00c1O<\/li>\n<li class=\"bullet-checkmark\">GRANITA D\u00c2U<\/li>\n<li class=\"bullet-checkmark\">GRANITA KIWI<\/li>\n<li class=\"bullet-checkmark\">PASSION COLADA<\/li>\n<li class=\"bullet-checkmark\">BERRY COLADA<\/li>\n<li class=\"bullet-checkmark\">TR\u00c0 H\u1ed2 \u0110\u00c0O<\/li>\n<li class=\"bullet-checkmark\">GREEN APPLE RICE<\/li>\n<li class=\"bullet-checkmark\">WATER MELON RICE<\/li>\n<\/ul>\n<\/div><\/div>\n<div class=\"col medium-4 small-12 large-4\"  ><div class=\"col-inner\"  >\n\t<div class=\"img has-hover x md-x lg-x y md-y lg-y\" id=\"image_1670025665\">\n\t\t\t\t\t\t\t\t<div class=\"img-inner image-cover dark\" style=\"padding-top:50%;\">\n\t\t\t<img width=\"475\" height=\"550\" src=\"https:\/\/demo.bmconnect.vn\/bbq\/wp-content\/uploads\/2018\/02\/763sodaglasses-1.png\" class=\"attachment-original size-original\" alt=\"\" loading=\"lazy\" srcset=\"https:\/\/demo.bmconnect.vn\/bbq\/wp-content\/uploads\/2018\/02\/763sodaglasses-1.png 475w, https:\/\/demo.bmconnect.vn\/bbq\/wp-content\/uploads\/2018\/02\/763sodaglasses-1-259x300.png 259w\" sizes=\"(max-width: 475px) 100vw, 475px\" \/>\t\t\t\t\t\t\n\t\t\t\t\t<\/div>\n\t\t\t\t\t\t\t\t\n<style scope=\"scope\">\n\n#image_1670025665 {\n  width: 100%;\n}\n<\/style>\n\t<\/div>\n\t\n<p><span style=\"font-size: 140%;\"><strong><span style=\"color: #000000;\">Soft Drink<\/span><\/strong><\/span><\/p>\n<ul>\n<li class=\"bullet-checkmark\">PEPSI<\/li>\n<li class=\"bullet-checkmark\">PEPSI (LIGHT)<\/li>\n<li class=\"bullet-checkmark\">PEPSI T\u01af\u01a0I<\/li>\n<li class=\"bullet-checkmark\">MIRINDA<\/li>\n<li class=\"bullet-checkmark\">7UP<\/li>\n<li class=\"bullet-checkmark\">AQUAFINA<\/li>\n<li class=\"bullet-checkmark\">SODA<\/li>\n<\/ul>\n<\/div><\/div>\n\n<style scope=\"scope\">\n\n<\/style>\n<\/div>\n<\/div>\n<div class=\"panel entry-content\" id=\"tab_combo-x\u00e8o-x\u00e8o\">\n<p><span style=\"font-size: 90%;\"><em>*Combo x\u00e8o x\u00e8o th\u1ecfa th\u00edch d\u00e0nh cho t\u1ea5t c\u1ea3 c\u00e1c ng\u00e0y trong tu\u1ea7n:<\/em><\/span><\/p>\n<div class=\"row row-small\"  id=\"row-1790160343\">\n<div class=\"col medium-4 small-12 large-4\"  ><div class=\"col-inner\"  >\n\t<div class=\"img has-hover x md-x lg-x y md-y lg-y\" id=\"image_1008867915\">\n\t\t\t\t\t\t\t\t<div class=\"img-inner image-cover dark\" style=\"padding-top:50%;\">\n\t\t\t<img width=\"475\" height=\"550\" src=\"https:\/\/demo.bmconnect.vn\/bbq\/wp-content\/uploads\/2018\/02\/thit-heo-2-jpg.png\" class=\"attachment-original size-original\" alt=\"\" loading=\"lazy\" srcset=\"https:\/\/demo.bmconnect.vn\/bbq\/wp-content\/uploads\/2018\/02\/thit-heo-2-jpg.png 475w, https:\/\/demo.bmconnect.vn\/bbq\/wp-content\/uploads\/2018\/02\/thit-heo-2-jpg-259x300.png 259w\" sizes=\"(max-width: 475px) 100vw, 475px\" \/>\t\t\t\t\t\t\n\t\t\t\t\t<\/div>\n\t\t\t\t\t\t\t\t\n<style scope=\"scope\">\n\n#image_1008867915 {\n  width: 100%;\n}\n<\/style>\n\t<\/div>\n\t\n<p><span style=\"font-size: 140%;\"><strong><span style=\"color: #000000;\">Th\u1ecbt heo<\/span><\/strong><\/span><\/p>\n<ul>\n<li class=\"bullet-checkmark\">Ba ch\u1ec9 heo m\u1ef9<\/li>\n<li class=\"bullet-checkmark\">N\u1ea1c vai heo<\/li>\n<li class=\"bullet-checkmark\">S\u01b0\u1eddn heo<\/li>\n<li class=\"bullet-checkmark\">S\u1ee5n heo: 139K<\/li>\n<li class=\"bullet-checkmark\">Th\u1ecbt heo \u0111\u1eb7c bi\u1ec7t<\/li>\n<\/ul>\n<\/div><\/div>\n<div class=\"col medium-4 small-12 large-4\"  ><div class=\"col-inner\"  >\n\t<div class=\"img has-hover x md-x lg-x y md-y lg-y\" id=\"image_419193830\">\n\t\t\t\t\t\t\t\t<div class=\"img-inner image-cover dark\" style=\"padding-top:50%;\">\n\t\t\t<img width=\"475\" height=\"550\" src=\"https:\/\/demo.bmconnect.vn\/bbq\/wp-content\/uploads\/2018\/02\/thit-bo-2.png\" class=\"attachment-original size-original\" alt=\"\" loading=\"lazy\" srcset=\"https:\/\/demo.bmconnect.vn\/bbq\/wp-content\/uploads\/2018\/02\/thit-bo-2.png 475w, https:\/\/demo.bmconnect.vn\/bbq\/wp-content\/uploads\/2018\/02\/thit-bo-2-259x300.png 259w\" sizes=\"(max-width: 475px) 100vw, 475px\" \/>\t\t\t\t\t\t\n\t\t\t\t\t<\/div>\n\t\t\t\t\t\t\t\t\n<style scope=\"scope\">\n\n#image_419193830 {\n  width: 100%;\n}\n<\/style>\n\t<\/div>\n\t\n<p><span style=\"font-size: 140%;\"><strong><span style=\"color: #000000;\">Th\u1ecbt b\u00f2<\/span><\/strong><\/span><\/p>\n<ul>\n<li class=\"bullet-checkmark\">D\u1ebb s\u01b0\u1eddn b\u00f2 M\u1ef9 \u01b0\u1edbp s\u1ed1t<\/li>\n<li class=\"bullet-checkmark\">Ba ch\u1ec9 b\u00f2 M\u1ef9<\/li>\n<li class=\"bullet-checkmark\">C\u1ed5 b\u00f2 M\u1ef9 Gogi<\/li>\n<li class=\"bullet-checkmark\">N\u1ea1c vai b\u00f2 M\u1ef9<\/li>\n<li class=\"bullet-checkmark\">S\u01b0\u1eddn non b\u00f2 M\u1ef9<\/li>\n<li class=\"bullet-checkmark\">D\u1ebb s\u01b0\u1eddn b\u00f2 t\u01b0\u01a1i<\/li>\n<li class=\"bullet-checkmark\">G\u1ea7u b\u00f2 M\u1ef9 \u01b0\u1edbp mu\u1ed1i<\/li>\n<\/ul>\n<\/div><\/div>\n<div class=\"col medium-4 small-12 large-4\"  ><div class=\"col-inner\"  >\n\t<div class=\"img has-hover x md-x lg-x y md-y lg-y\" id=\"image_1596687709\">\n\t\t\t\t\t\t\t\t<div class=\"img-inner image-cover dark\" style=\"padding-top:50%;\">\n\t\t\t<img width=\"475\" height=\"550\" src=\"https:\/\/demo.bmconnect.vn\/bbq\/wp-content\/uploads\/2018\/02\/canh1.jpg\" class=\"attachment-original size-original\" alt=\"\" loading=\"lazy\" srcset=\"https:\/\/demo.bmconnect.vn\/bbq\/wp-content\/uploads\/2018\/02\/canh1.jpg 475w, https:\/\/demo.bmconnect.vn\/bbq\/wp-content\/uploads\/2018\/02\/canh1-259x300.jpg 259w\" sizes=\"(max-width: 475px) 100vw, 475px\" \/>\t\t\t\t\t\t\n\t\t\t\t\t<\/div>\n\t\t\t\t\t\t\t\t\n<style scope=\"scope\">\n\n#image_1596687709 {\n  width: 100%;\n}\n<\/style>\n\t<\/div>\n\t\n<p><span style=\"font-size: 140%;\"><strong><span style=\"color: #000000;\">Th\u1ecbt b\u00f2<\/span><\/strong><\/span><\/p>\n<ul>\n<li class=\"bullet-checkmark\">Canh kim chi<\/li>\n<li class=\"bullet-checkmark\">Canh b\u00f2 cay<\/li>\n<li class=\"bullet-checkmark\">Canh \u0111\u1eadu ph\u1ee5<\/li>\n<li class=\"bullet-checkmark\">Canh rong bi\u1ec3n<\/li>\n<li class=\"bullet-checkmark\">Canh rong bi\u1ec3n ngao<\/li>\n<li class=\"bullet-checkmark\">Canh th\u1ecbt ba ch\u1ec9 b\u00f2<\/li>\n<\/ul>\n<\/div><\/div>\n\n<style scope=\"scope\">\n\n<\/style>\n<\/div>\n<\/div><\/div><\/div>\n<\/div><\/div>\n\n<style scope=\"scope\">\n\n<\/style>\n<\/div>\n\t\t<\/div><!-- .section-content -->\n\n\t\t\n<style scope=\"scope\">\n\n#section_2040642176 {\n  padding-top: 30px;\n  padding-bottom: 30px;\n}\n<\/style>\n\t<\/section>\n\t\n","protected":false},"excerpt":{"rendered":"","protected":false},"author":1,"featured_media":0,"parent":0,"menu_order":0,"comment_status":"closed","ping_status":"closed","template":"page-blank.php","meta":[],"_links":{"self":[{"href":"https:\/\/demo.bmconnect.vn\/bbq\/wp-json\/wp\/v2\/pages\/47"}],"collection":[{"href":"https:\/\/demo.bmconnect.vn\/bbq\/wp-json\/wp\/v2\/pages"}],"about":[{"href":"https:\/\/demo.bmconnect.vn\/bbq\/wp-json\/wp\/v2\/types\/page"}],"author":[{"embeddable":true,"href":"https:\/\/demo.bmconnect.vn\/bbq\/wp-json\/wp\/v2\/users\/1"}],"replies":[{"embeddable":true,"href":"https:\/\/demo.bmconnect.vn\/bbq\/wp-json\/wp\/v2\/comments?post=47"}],"version-history":[{"count":31,"href":"https:\/\/demo.bmconnect.vn\/bbq\/wp-json\/wp\/v2\/pages\/47\/revisions"}],"predecessor-version":[{"id":273,"href":"https:\/\/demo.bmconnect.vn\/bbq\/wp-json\/wp\/v2\/pages\/47\/revisions\/273"}],"wp:attachment":[{"href":"https:\/\/demo.bmconnect.vn\/bbq\/wp-json\/wp\/v2\/media?parent=47"}],"curies":[{"name":"wp","href":"https:\/\/api.w.org\/{rel}","templated":true}]}}