{"id":300,"date":"2019-02-26T11:11:48","date_gmt":"2019-02-26T04:11:48","guid":{"rendered":"http:\/\/demo.bmconnect.vn\/baove\/?page_id=300"},"modified":"2019-02-26T11:11:48","modified_gmt":"2019-02-26T04:11:48","slug":"dich-vu-bao-ve-muc-tieu-co-dinh","status":"publish","type":"page","link":"https:\/\/demo.bmconnect.vn\/baove\/dich-vu-bao-ve-muc-tieu-co-dinh\/","title":{"rendered":"D\u1ecbch v\u1ee5 b\u1ea3o v\u1ec7 m\u1ee5c ti\u00eau c\u1ed1 \u0111\u1ecbnh"},"content":{"rendered":"<h1><strong>B\u1ea3o v\u1ec7 m\u1ee5c ti\u00eau c\u1ed1 \u0111\u1ecbnh<\/strong><\/h1>\n<p>La\u0300 ba\u0309o v\u00ea\u0323 ta\u0300i sa\u0309n thu\u00f4\u0323c quy\u00ea\u0300n s\u01a1\u0309 h\u01b0\u0303u h\u01a1\u0323p pha\u0301p cu\u0309a kha\u0301ch ha\u0300ng nh\u01b0: T\u00f2a nh\u00e0, v\u0103n ph\u00f2ng, nh\u00e0 m\u00e1y, kho ha\u0300ng, b\u00ea\u0301n ba\u0303i, c\u00f4ng tr\u01b0\u1eddng x\u00e2y d\u01b0\u0323ng, si\u00eau th\u1ecb, ng\u00e2n h\u00e0ng, tr\u01b0\u1eddng h\u1ecdc, b\u1ec7nh vi\u1ec7n, trung t\u00e2m th\u01b0\u01a1ng m\u1ea1i, nh\u00e0 xe, kh\u00e1ch s\u1ea1n, nh\u00e0 h\u00e0ng, nh\u00e0 \u1edf&#8230;<\/p>\n<p>D\u1ef1a tr\u00ean \u0111\u1eb7c \u0111i\u1ec3m v\u1ecb tr\u00ed v\u00e0 t\u00ecnh h\u00ecnh ho\u1ea1t \u0111\u1ed9ng s\u1ea3n xu\u1ea5t, kinh doanh th\u1ef1c t\u1ebf c\u1ee7a Kha\u0301ch ha\u0300ng va\u0300 c\u00e1c y\u00eau c\u1ea7u ri\u00eang c\u1ee5 th\u1ec3 cho l\u1ef1c l\u01b0\u1ee3ng b\u1ea3o v\u1ec7. Ba\u0309o V\u00ea\u0323 Nga\u0300y &amp; \u0110\u00eam kh\u1ea3o s\u00e1t v\u00e0 x\u00e2y d\u1ef1ng ph\u01b0\u01a1ng \u00e1n b\u1ea3o v\u1ec7 ri\u00eang cho t\u1eebng m\u1ee5c ti\u00eau c\u1ea7n b\u1ea3o v\u1ec7 va\u0300 \u0111\u01b0\u01a1\u0323c c\u00e2\u0323p nh\u00e2\u0323t ph\u01b0\u01a1ng \u00e1n la\u0323i theo th\u01a1\u0300i gian va\u0300 y\u00eau c\u00e2\u0300u cu\u0309a kha\u0301ch ha\u0300ng cho ph\u00f9 h\u1ee3p v\u1edbi th\u1ef1c t\u1ebf.<\/p>\n<h2>Nh\u01b0\u0303ng y\u00eau c\u1ea7u c\u01a1 ba\u0309n cho di\u0323ch vu\u0323 ba\u0309o v\u00ea\u0323 Nga\u0300y &amp;\u0110\u00eam bao g\u00f4\u0300m:<\/h2>\n<p>&#8211; Gi\u1eef g\u00ecn an ninh, tr\u1eadt t\u1ef1.<br \/>\n&#8211; B\u1ea3o v\u1ec7 t\u00e0i s\u1ea3n.<br \/>\n&#8211; Ph\u00f2ng ch\u1ed1ng ch\u00e1y n\u1ed5.<br \/>\n&#8211; Ki\u1ec3m so\u00e1t nh\u00e2n s\u1ef1.<br \/>\n&#8211; Qu\u1ea3n l\u00fd ph\u01b0\u01a1ng ti\u1ec7n.<br \/>\n&#8211; H\u01b0\u1edbng d\u1eabn kh\u00e1ch h\u00e0ng<\/p>\n<p><img src=\"https:\/\/baovengayvadem.com\/images\/dich-vu\/codinh.jpg\" alt=\"an to\u00e0n cho m\u1ecdi ho\u1ea1t \u0111\u1ed9ng c\u1ee7a kh\u00e1ch h\u00e0ng\" \/><\/p>\n<p>&nbsp;<\/p>\n<p>Ba\u0309o v\u00ea\u0323 Nga\u0300y &amp;\u0110\u00eam \u0111\u1ea3m b\u1ea3o an ninh, an to\u00e0n cho m\u1ecdi ho\u1ea1t \u0111\u1ed9ng c\u1ee7a kh\u00e1ch h\u00e0ng c\u0169ng nh\u01b0 giao d\u1ecbch v\u1edbi kh\u00e1ch h\u00e0ng \u0111\u01b0\u1ee3c thu\u1eadn l\u1ee3i d\u1ec5 d\u00e0ng, t\u1ea5t c\u1ea3 m\u1ecdi h\u00e0nh vi l\u1ee3i d\u1ee5ng g\u00e2y r\u1ed1i m\u1ea5t tr\u1eadt t\u1ef1, tr\u1ed9m c\u1eafp, ph\u00e1 ho\u1ea1i t\u00e0i s\u1ea3n \u0111\u1ec1u \u0111\u01b0\u1ee3c ph\u00e1t hi\u1ec7n ng\u0103n ch\u1eb7n v\u00e0 x\u1eed l\u00fd k\u1ecbp th\u1eddi va\u0300 \u0111\u01b0\u01a1\u0323c a\u0301p d\u1ee5ng c\u00e1c gi\u1ea3i ph\u00e1p, bi\u1ec7n ph\u00e1p c\u1ea7n thi\u1ebft v\u00e0 \u0111\u00fang lu\u1eadt ph\u00e1p Vi\u1ec7t Nam.<\/p>\n<p><strong>\u0110\u1ec3 \u01b0u \u00e1i v\u00e0 \u0111\u1ee9ng v\u1ec1 quy\u1ec1n l\u1ee3i c\u1ee7a kh\u00e1ch h\u00e0ng, C\u00f4ng ty b\u1ea3o v\u1ec7 Ng\u00e0y &amp; \u0110\u00eam \u0111\u00e3 mua b\u1ea3o hi\u1ec3m tr\u00e1ch nhi\u1ec7m ngh\u1ec1 nghi\u1ec7p v\u00e0 d\u00e2n s\u1ef1 tr\u1ecb gi\u00e1 22.000.000.000 VND (M\u00f4\u0323t tri\u00ea\u0323u USD) cho m\u00f4\u0303i m\u00f4\u0323t s\u01b0\u0323 c\u00f4\u0301. Ch\u00ednh v\u00ec th\u1ebf, khi c\u00f3 b\u1ea5t k\u1ef3 m\u1ea5t m\u00e1t n\u00e0o v\u1ec1 t\u00e0i s\u1ea3n thu\u1ed9c v\u1ec1 l\u1ed7i c\u1ee7a nh\u00e2n vi\u00ean b\u1ea3o v\u1ec7 \u0111\u1ec1u c\u00f3 s\u1ef1 tham gia c\u1ee7a b\u00ean th\u1ee9 ba (b\u1ea3o hi\u1ec3m). Kh\u00e1ch h\u00e0ng s\u1ebd y\u00ean t\u00e2m v\u1ec1 vi\u1ec7c \u0111\u1ec1n b\u00f9 c\u00e1c thi\u1ec7t h\u1ea1i t\u00e0i s\u1ea3n.<\/strong><br \/>\n<strong>Gi\u00e1 ph\u1ed5 th\u00f4ng cho d\u1ecbch v\u1ee5 n\u00e0y t\u1eeb 18.000.000 \u0111\/01 v\u1ecb tr\u00ed 24\/24h tr\u1edf l\u00ean v\u00e0 c\u00f3 th\u1ec3 t\u0103ng l\u00ean t\u00f9y theo t\u00ednh ch\u1ea5t c\u1ee7a m\u1ee5c ti\u00eau, \u0111\u1ecba \u0111i\u1ec3m v\u00e0 y\u00eau c\u1ea7u d\u1ecbch v\u1ee5 cao c\u1ea5p c\u1ee7a kh\u00e1ch h\u00e0ng.<\/strong><br \/>\n<strong>Doanh thu t\u1eeb d\u1ecbch v\u1ee5 n\u00e0y chi\u1ebfm 85% t\u1ed5ng doanh thu h\u00e0ng n\u0103m c\u1ee7a C\u00f4ng ty Ng\u00e0y &amp; \u0110\u00eam.<\/strong><\/p>\n","protected":false},"excerpt":{"rendered":"<p>B\u1ea3o v\u1ec7 m\u1ee5c ti\u00eau c\u1ed1 \u0111\u1ecbnh La\u0300 ba\u0309o v\u00ea\u0323 ta\u0300i sa\u0309n thu\u00f4\u0323c quy\u00ea\u0300n s\u01a1\u0309 h\u01b0\u0303u h\u01a1\u0323p pha\u0301p cu\u0309a kha\u0301ch ha\u0300ng nh\u01b0: T\u00f2a nh\u00e0, v\u0103n ph\u00f2ng, nh\u00e0 m\u00e1y, kho ha\u0300ng, b\u00ea\u0301n ba\u0303i, c\u00f4ng tr\u01b0\u1eddng x\u00e2y d\u01b0\u0323ng, si\u00eau th\u1ecb, ng\u00e2n h\u00e0ng, tr\u01b0\u1eddng h\u1ecdc, b\u1ec7nh vi\u1ec7n, trung t\u00e2m th\u01b0\u01a1ng m\u1ea1i, nh\u00e0 xe, kh\u00e1ch s\u1ea1n, nh\u00e0 h\u00e0ng, nh\u00e0 \u1edf&#8230; &#8230;<\/p>\n","protected":false},"author":1,"featured_media":0,"parent":0,"menu_order":0,"comment_status":"closed","ping_status":"closed","template":"page-right-sidebar.php","meta":[],"_links":{"self":[{"href":"https:\/\/demo.bmconnect.vn\/baove\/wp-json\/wp\/v2\/pages\/300"}],"collection":[{"href":"https:\/\/demo.bmconnect.vn\/baove\/wp-json\/wp\/v2\/pages"}],"about":[{"href":"https:\/\/demo.bmconnect.vn\/baove\/wp-json\/wp\/v2\/types\/page"}],"author":[{"embeddable":true,"href":"https:\/\/demo.bmconnect.vn\/baove\/wp-json\/wp\/v2\/users\/1"}],"replies":[{"embeddable":true,"href":"https:\/\/demo.bmconnect.vn\/baove\/wp-json\/wp\/v2\/comments?post=300"}],"version-history":[{"count":0,"href":"https:\/\/demo.bmconnect.vn\/baove\/wp-json\/wp\/v2\/pages\/300\/revisions"}],"wp:attachment":[{"href":"https:\/\/demo.bmconnect.vn\/baove\/wp-json\/wp\/v2\/media?parent=300"}],"curies":[{"name":"wp","href":"https:\/\/api.w.org\/{rel}","templated":true}]}}