{"id":50,"date":"2019-04-01T14:39:36","date_gmt":"2019-04-01T07:39:36","guid":{"rendered":"https:\/\/demo.bmconnect.vn\/?page_id=50"},"modified":"2019-04-03T11:55:59","modified_gmt":"2019-04-03T04:55:59","slug":"cau-hoi-thuong-gap","status":"publish","type":"page","link":"https:\/\/demo.bmconnect.vn\/baohiem\/ho-tro-khach-hang\/cau-hoi-thuong-gap\/","title":{"rendered":"C\u00e2u h\u1ecfi th\u01b0\u1eddng g\u1eb7p"},"content":{"rendered":"<div class=\"row\"  id=\"row-197908627\">\n\n\t<div id=\"col-819251223\" class=\"col small-12 large-12\"  >\n\t\t\t\t<div class=\"col-inner\"  >\n\t\t\t\n\t\t\t\n\n  <div class=\"banner has-hover\" id=\"banner-962886949\">\n          <div class=\"banner-inner fill\">\n        <div class=\"banner-bg fill\" >\n            <div class=\"bg fill bg-fill \"><\/div>\n                                    \n                    <\/div>\n        <div class=\"banner-layers container\">\n            <div class=\"fill banner-link\"><\/div>            \n   <div id=\"text-box-698559545\" class=\"text-box banner-layer x10 md-x10 lg-x10 y50 md-y50 lg-y50 res-text\">\n                                <div class=\"text-box-content text dark\">\n              \n              <div class=\"text-inner text-center\">\n                  \n<h3 class=\"uppercase\"><span style=\"font-size: 90%; color: #003366;\"><strong>C\u00c2U H\u1eceI TH\u01af\u1edcNG G\u1eb6P<\/strong><\/span><\/h3>\n              <\/div>\n           <\/div>\n                            \n<style>\n#text-box-698559545 {\n  width: 60%;\n}\n#text-box-698559545 .text-box-content {\n  font-size: 100%;\n}\n@media (min-width:550px) {\n  #text-box-698559545 {\n    width: 32%;\n  }\n}\n<\/style>\n    <\/div>\n \n        <\/div>\n      <\/div>\n\n              <div class=\"height-fix is-invisible\"><img width=\"1920\" height=\"350\" src=\"https:\/\/demo.bmconnect.vn\/baohiem\/wp-content\/uploads\/2019\/04\/lienhe.jpg\" class=\"attachment-original size-original\" alt=\"\" loading=\"lazy\" srcset=\"https:\/\/demo.bmconnect.vn\/baohiem\/wp-content\/uploads\/2019\/04\/lienhe.jpg 1920w, https:\/\/demo.bmconnect.vn\/baohiem\/wp-content\/uploads\/2019\/04\/lienhe-300x55.jpg 300w, https:\/\/demo.bmconnect.vn\/baohiem\/wp-content\/uploads\/2019\/04\/lienhe-768x140.jpg 768w, https:\/\/demo.bmconnect.vn\/baohiem\/wp-content\/uploads\/2019\/04\/lienhe-1024x187.jpg 1024w\" sizes=\"(max-width: 1920px) 100vw, 1920px\" \/><\/div>\n            \n<style>\n#banner-962886949 .bg.bg-loaded {\n  background-image: url(https:\/\/demo.bmconnect.vn\/baohiem\/wp-content\/uploads\/2019\/04\/lienhe.jpg);\n}\n<\/style>\n  <\/div>\n\n\n\t\t<\/div>\n\t\t\t\t\t<\/div>\n\n\t\n<\/div>\n<div class=\"row\"  id=\"row-1673501520\">\n\n\t<div id=\"col-106028097\" class=\"col small-12 large-12\"  >\n\t\t\t\t<div class=\"col-inner\"  >\n\t\t\t\n\t\t\t\n<div class=\"accordion\" rel=\"1\">\n<div class=\"accordion-item\"><a href=\"#\" class=\"accordion-title plain\"><button class=\"toggle\"><i class=\"icon-angle-down\"><\/i><\/button><span>L\u00e0m th\u1ebf n\u00e0o \u0111\u1ec3 nh\u1eadn h\u00f3a \u0111\u01a1n thu ph\u00ed b\u1ea3o hi\u1ec3m c\u1ee7a C\u00f4ng ty?<\/span><\/a><div class=\"accordion-inner\">\n<p><span style=\"font-size: 95%;\">\u0110\u1ec3 nh\u00e2\u0323n h\u00f3a \u0111\u01a1n thu ph\u00ed b\u1ea3o hi\u1ec3m, kh\u00e1ch h\u00e0ng \u0111\u0103ng ky\u0301 th\u00f4ng tin ho\u0300m th\u01b0 \u0111i\u00ea\u0323n t\u01b0\u0309 va\u0300 c\u00e2\u0300n th\u1ef1c hi\u1ec7n c\u00e1c thao t\u00e1c sau:<\/span><br \/>\n<span style=\"font-size: 95%;\">1. Truy c\u00e2\u0323p v\u00e0o C\u00f4\u0309ng th\u00f4ng tin kh\u00e1ch h\u00e0ng t\u1ea1i \u0111\u1ecba chi\u0309 :<\/span><\/p>\n<p><span style=\"font-size: 95%;\">\u00a0 \u00a0 \u00a0 \u00a0<a href=\"https:\/\/einvoice.aviva.com.vn\/Account\/LogOn?ReturnUrl=%2f\">https:\/\/einvoice.aviva.com.vn<\/a><\/span><\/p>\n<p><span style=\"font-size: 95%;\">2. \u0110\u0103ng nh\u00e2\u0323p b\u1eb1ng t\u00e0i kho\u1ea3n v\u00e0 m\u1eadt kh\u1ea9u \u0111\u01b0\u1ee3c g\u1eedi v\u00e0o e-mail c\u1ee7a Qu\u00fd kh\u00e1ch h\u00e0ng. Qu\u00fd kh\u00e1ch \u0111\u1ed5i m\u1eadt kh\u1ea9u cho l\u1ea7n \u0111\u0103ng nh\u1eadp \u0111\u1ea7u ti\u00ean. Tr\u01b0\u01a1\u0300ng h\u1ee3p Qu\u00fd kh\u00e1ch ch\u01b0a \u0111\u0103ng k\u00fd \u0111\u1ecba ch\u1ec9 e-mail th\u00ec Qu\u00fd kh\u00e1ch c\u1ea7n b\u1ed5 sung th\u00f4ng tin e-mail v\u00e0o M\u1eabu \u0111\u0103ng k\u00fd th\u00f4ng tin v\u00e0 g\u1eedi v\u1ec1 h\u00f2m th\u01b0\u00a0<strong>wecare@aviva.com.vn<\/strong>\u00a0ho\u1eb7c li\u00ean h\u1ec7 v\u1edbi c\u00e1c Trung t\u00e2m D\u1ecbch v\u1ee5 Kh\u00e1ch h\u00e0ng c\u1ee7a Aviva \u0111\u1ec3 \u0111\u01b0\u1ee3c h\u01b0\u1edbng d\u1eabn.\u00a0<\/span><\/p>\n<p><span style=\"font-size: 95%;\">3. Sau khi \u0111\u0103ng nh\u00e2\u0323p, Qu\u00fd kh\u00e1ch c\u00f3 th\u1ec3 tra c\u1ee9u H\u0110\u0110T c\u1ea7n xem. Qu\u00fd kh\u00e1ch h\u00e0ng c\u00f3 th\u1ec3 t\u1ea3i H\u0110\u0110T v\u1ec1 m\u00e1y t\u00ednh \u0111\u1ec3 l\u01b0u gi\u1eef.<\/span><br \/>\n<span style=\"font-size: 95%;\">N\u1ebfu c\u1ea7n gi\u1ea3i \u0111\u00e1p th\u1eafc m\u1eafc ho\u1eb7c h\u1ed7 tr\u1ee3 li\u00ean quan \u0111\u1ebfn H\u0110\u0110T ,Qu\u00fd kh\u00e1ch vui l\u00f2ng li\u00ean h\u1ec7 v\u1edbi ch\u00fang t\u00f4i theo T\u1ed5ng \u0111\u00e0i ch\u0103m s\u00f3c kh\u00e1ch h\u00e0ng\u00a0<strong>1900 633369<\/strong>, email:\u00a0<strong>wecare@aviva.com.vn<\/strong>\u00a0,website: https:\/\/www.aviva.com.vn \u0111\u1ec3 \u0111\u01b0\u1ee3c h\u01b0\u1edbng d\u1eabn ho\u1eb7c \u0111\u1ebfn tr\u1ef1c ti\u1ebfp c\u00e1c Trung t\u00e2m D\u1ecbch v\u1ee5 Kh\u00e1ch h\u00e0ng c\u1ee7a Aviva \u0111\u1ec3 \u0111\u01b0\u1ee3c ph\u1ee5c v\u1ee5.<\/span><\/p>\n<\/div><\/div>\n<div class=\"accordion-item\"><a href=\"#\" class=\"accordion-title plain\"><button class=\"toggle\"><i class=\"icon-angle-down\"><\/i><\/button><span>N\u00ea\u0301u mu\u00f4\u0301n \u0111\u0103ng ky\u0301 th\u00eam th\u00f4ng tin ho\u0300m th\u01b0 \u0111i\u00ea\u0323n t\u01b0\u0309 (email) \u0111\u00ea\u0309 nh\u00e2\u0323n ho\u0301a \u0111\u01a1n thi\u0300 li\u00ean h\u00ea\u0323 v\u01a1\u0301i ai?<\/span><\/a><div class=\"accordion-inner\">\n<p><span style=\"font-size: 95%;\">Qu\u00fd kh\u00e1ch vui l\u00f2ng li\u00ean h\u1ec7 v\u1edbi ch\u00fang t\u00f4i theo T\u1ed5ng \u0111\u00e0i ch\u0103m s\u00f3c kh\u00e1ch h\u00e0ng 1<strong>900 633369<\/strong>, email:\u00a0<strong>wecare@aviva.com.vn<\/strong>\u00a0,website: https:\/\/www.aviva.com.vn \u0111\u1ec3 \u0111\u01b0\u1ee3c h\u01b0\u1edbng d\u1eabn ho\u1eb7c \u0111\u1ebfn tr\u1ef1c ti\u1ebfp c\u00e1c Trung t\u00e2m D\u1ecbch v\u1ee5 Kh\u00e1ch h\u00e0ng c\u1ee7a Aviva \u0111\u1ec3 \u0111\u01b0\u1ee3c ph\u1ee5c v\u1ee5.<\/span><\/p>\n<\/div><\/div>\n<div class=\"accordion-item\"><a href=\"#\" class=\"accordion-title plain\"><button class=\"toggle\"><i class=\"icon-angle-down\"><\/i><\/button><span>L\u00e0m th\u1ebf n\u00e0o \u0111\u1ec3 tham gia b\u1ea3o hi\u1ec3m v\u1edbi Aviva?<\/span><\/a><div class=\"accordion-inner\">\n<p><span style=\"font-size: 95%;\">Qu\u00fd kh\u00e1ch vui l\u00f2ng li\u00ean h\u1ec7 \u0110\u01b0\u1eddng d\u00e2y n\u00f3ng (024) 3724 6699 \u0111\u1ec3 \u0111\u01b0\u1ee3c cung c\u1ea5p th\u00f4ng tin v\u1ec1 s\u1ea3n ph\u1ea9m, h\u01b0\u1edbng d\u1eabn th\u1ee7 t\u1ee5c y\u00eau c\u1ea7u b\u1ea3o hi\u1ec3m v\u00e0 \u0111\u01b0\u1ee3c gi\u1edbi thi\u1ec7u \u0111\u1ebfn \u0111\u1ed9i ng\u0169 Nh\u00e2n vi\u00ean t\u01b0 v\u1ea5n c\u1ee7a ch\u00fang t\u00f4i, ho\u1eb7c \u0111\u1ebfn tr\u1ef1c ti\u1ebfp V\u0103n ph\u00f2ng giao d\u1ecbch\/Chi nh\u00e1nh Vietinbank g\u1ea7n nh\u1ea5t \u0111\u1ec3 l\u00e0m th\u1ee7 t\u1ee5c y\u00eau c\u1ea7u b\u1ea3o hi\u1ec3m nh\u00e2n th\u1ecd v\u1edbi Aviva.<\/span><\/p>\n<\/div><\/div>\n<div class=\"accordion-item\"><a href=\"#\" class=\"accordion-title plain\"><button class=\"toggle\"><i class=\"icon-angle-down\"><\/i><\/button><span>T\u00f4i mu\u1ed1n tham gia b\u1ea3o hi\u1ec3m v\u1edbi Aviva, h\u1ed3 s\u01a1 y\u00eau c\u1ea7u b\u1ea3o hi\u1ec3m c\u1ee7a t\u00f4i c\u1ea7n c\u00f3 nh\u1eefng ch\u1ee9ng t\u1eeb g\u00ec?<\/span><\/a><div class=\"accordion-inner\">\n<p><span style=\"font-size: 95%;\">H\u1ed3 s\u01a1 y\u00eau c\u1ea7u b\u1ea3o hi\u1ec3m v\u1edbi Aviva bao g\u1ed3m nh\u1eefng ch\u1ee9ng t\u1eeb sau: &#8211; Gi\u1ea5y y\u00eau c\u1ea7u b\u1ea3o hi\u1ec3m (c\u00e1 nh\u00e2n\/t\u1ed5 ch\u1ee9c); &#8211; B\u1ea3n copy Gi\u1ea5y t\u1edd tu\u1ef3 th\u00e2n c\u1ee7a B\u00ean mua b\u1ea3o hi\u1ec3m, Ng\u01b0\u1eddi \u0111\u01b0\u1ee3c b\u1ea3o hi\u1ec3m, Ng\u01b0\u1eddi th\u1ee5 h\u01b0\u1edfng (CMND\/Gi\u1ea5y khai sinh\/H\u1ed9 chi\u1ebfu\u2026); &#8211; B\u1ea3ng minh h\u1ecda H\u1ee3p \u0111\u1ed3ng b\u1ea3o hi\u1ec3m; &#8211; B\u00e1o c\u00e1o c\u1ee7a Nh\u00e2n vi\u00ean t\u01b0 v\u1ea5n; &#8211; B\u1ea3n copy li\u00ean 1 c\u1ee7a Gi\u1ea5y n\u1ed9p ti\u1ec1n; &#8211; Gi\u1ea5y t\u1edd kh\u00e1c (n\u1ebfu c\u00f3): + \u0110\u1ec1 ngh\u1ecb b\u1ed5 sung ng\u00e0y\/th\u00e1ng sinh: N\u1ebfu kh\u00e1ch h\u00e0ng kh\u00f4ng c\u00f3 ng\u00e0y v\u00e0\/ho\u1eb7c th\u00e1ng sinh trong c\u00e1c lo\u1ea1i gi\u1ea5y t\u1edd tu\u1ef3 th\u00e2n \u0111\u01b0\u1ee3c ch\u1ea5p nh\u1eadn. + Gi\u1ea5y ra vi\u1ec7n, Gi\u1ea5y ch\u1ee9ng nh\u1eadn ph\u1eabu thu\u1eadt, H\u1ed3 s\u01a1 kh\u00e1m \u0111\u1ecbnh k\u1ef3, S\u1ed5 y b\u1ea1, Phi\u1ebfu x\u00e9t nghi\u1ec7m\u2026: N\u1ebfu kh\u00e1ch h\u00e0ng c\u00f3 ti\u1ec1n s\u1eed ph\u1eabu thu\u1eadt, n\u1eb1m vi\u1ec7n, \u0111i\u1ec1u tr\u1ecb b\u1ec7nh \u2026<\/span><\/p>\n<\/div><\/div>\n<div class=\"accordion-item\"><a href=\"#\" class=\"accordion-title plain\"><button class=\"toggle\"><i class=\"icon-angle-down\"><\/i><\/button><span>C\u00f4ng ty t\u00f4i mu\u1ed1n tham gia b\u1ea3o hi\u1ec3m cho nh\u00e2n vi\u00ean, t\u00f4i (\u0111\u1ea1i di\u1ec7n c\u00f4ng ty) ch\u1ec9 c\u1ea7n k\u00ea khai Gi\u1ea5y y\u00eau c\u1ea7u b\u1ea3o hi\u1ec3m d\u00e0nh cho B\u00ean mua b\u1ea3o hi\u1ec3m l\u00e0 t\u1ed5 ch\u1ee9c \u0111\u00fang kh\u00f4ng?<\/span><\/a><div class=\"accordion-inner\">\n<p><span style=\"font-size: 95%;\">Tr\u01b0\u1eddng h\u1ee3p B\u00ean mua b\u1ea3o hi\u1ec3m l\u00e0 t\u1ed5 ch\u1ee9c, Qu\u00fd kh\u00e1ch vui l\u00f2ng k\u00ea khai m\u1ed9t b\u1ea3n Gi\u1ea5y y\u00eau c\u1ea7u b\u1ea3o hi\u1ec3m d\u00e0nh cho B\u00ean mua b\u1ea3o hi\u1ec3m l\u00e0 t\u1ed5 ch\u1ee9c chung cho t\u1ea5t c\u1ea3 c\u00e1c tr\u01b0\u1eddng h\u1ee3p y\u00eau c\u1ea7u tham gia b\u1ea3o hi\u1ec3m \u1edf c\u00f9ng m\u1ed9t th\u1eddi \u0111i\u1ec3m, kh\u00f4ng ph\u1ee5 thu\u1ed9c v\u00e0o s\u1ed1 l\u01b0\u1ee3ng Ng\u01b0\u1eddi \u0111\u01b0\u1ee3c b\u1ea3o hi\u1ec3m. T\u1eebng c\u00e1 nh\u00e2n Ng\u01b0\u1eddi \u0111\u01b0\u1ee3c b\u1ea3o hi\u1ec3m v\u1eabn ph\u1ea3i k\u00ea khai Gi\u1ea5y y\u00eau c\u1ea7u b\u1ea3o hi\u1ec3m t\u01b0\u01a1ng \u1ee9ng.<\/span><\/p>\n<\/div><\/div>\n<div class=\"accordion-item\"><a href=\"#\" class=\"accordion-title plain\"><button class=\"toggle\"><i class=\"icon-angle-down\"><\/i><\/button><span>Gi\u1ea3i th\u00edch c\u00e1ch t\u00ednh tu\u1ed5i tham gia b\u1ea3o hi\u1ec3m c\u1ee7a Aviva?<\/span><\/a><div class=\"accordion-inner\">\n<p><span style=\"font-size: 95%;\">Tu\u1ed5i c\u1ee7a Ng\u01b0\u1eddi \u0111\u01b0\u1ee3c b\u1ea3o hi\u1ec3m l\u00e0 tu\u1ed5i t\u00ednh theo ng\u00e0y sinh nh\u1eadt v\u1eeba qua so v\u1edbi ng\u00e0y H\u1ee3p \u0111\u1ed3ng ph\u00e1t sinh hi\u1ec7u l\u1ef1c. V\u00ed d\u1ee5: Kh\u00e1ch h\u00e0ng c\u00f3 ng\u00e0y sinh 01\/11\/1984 tham gia b\u1ea3o hi\u1ec3m v\u1edbi Aviva v\u00e0o ng\u00e0y 01\/09\/2011 th\u00ec ng\u00e0y sinh nh\u1eadt v\u1eeba qua c\u1ee7a kh\u00e1ch h\u00e0ng l\u00e0 01\/11\/2010 v\u00e0 nh\u01b0 v\u1eady, tu\u1ed5i kh\u00e1ch h\u00e0ng khi tham gia s\u1ebd l\u00e0 26 tu\u1ed5i. C\u0169ng kh\u00e1ch h\u00e0ng \u0111\u00f3 n\u1ebfu tham gia b\u1ea3o hi\u1ec3m ng\u00e0y 01\/12\/2011 th\u00ec ng\u00e0y sinh nh\u1eadt v\u1eeba qua c\u1ee7a kh\u00e1ch h\u00e0ng l\u00e0 01\/11\/2011 v\u00e0 nh\u01b0 v\u1eady, tu\u1ed5i tham gia s\u1ebd l\u00e0 27 tu\u1ed5i.<\/span><\/p>\n<\/div><\/div>\n<div class=\"accordion-item\"><a href=\"#\" class=\"accordion-title plain\"><button class=\"toggle\"><i class=\"icon-angle-down\"><\/i><\/button><span>N\u1ebfu m\u1ea5t b\u1ea3n g\u1ed1c c\u1ee7a b\u1ed9 h\u1ee3p \u0111\u1ed3ng b\u1ea3o hi\u1ec3m, t\u00f4i c\u00f3 \u0111\u01b0\u1ee3c c\u1ea5p l\u1ea1i hay kh\u00f4ng?<\/span><\/a><div class=\"accordion-inner\">\n<p><span style=\"font-size: 95%;\">Tr\u01b0\u1eddng h\u1ee3p m\u1ea5t b\u1ed9 h\u1ee3p \u0111\u1ed3ng g\u1ed1c, ch\u00fang t\u00f4i s\u1ebd c\u1ea5p l\u1ea1i Gi\u1ea5y ch\u1ee9ng nh\u1eadn b\u1ea3o hi\u1ec3m nh\u00e2n th\u1ecd cho Qu\u00fd kh\u00e1ch, c\u00e1c v\u0103n b\u1ea3n kh\u00e1c (nh\u01b0 \u0110i\u1ec1u kho\u1ea3n b\u1ea3o hi\u1ec3m nh\u00e2n th\u1ecd, b\u1ea3n sao Gi\u1ea5y y\u00eau c\u1ea7u b\u1ea3o hi\u1ec3m\u2026) kh\u00f4ng \u0111\u01b0\u1ee3c c\u1ea5p l\u1ea1i. Qu\u00fd kh\u00e1ch c\u00f3 th\u1ec3 th\u00f4ng b\u00e1o v\u1edbi Nh\u00e2n vi\u00ean t\u01b0 v\u1ea5n \u0111\u1ec3 \u0111\u01b0\u1ee3c h\u01b0\u1edbng d\u1eabn th\u1ee7 t\u1ee5c y\u00eau c\u1ea7u c\u1ea5p l\u1ea1i Gi\u1ea5y ch\u1ee9ng nh\u1eadn b\u1ea3o hi\u1ec3m nh\u00e2n th\u1ecd ho\u1eb7c ho\u00e0n t\u1ea5t m\u1eabu \u0110\u01a1n xin c\u1ea5p l\u1ea1i gi\u1ea5y ch\u1ee9ng nh\u1eadn b\u1ea3o hi\u1ec3m nh\u00e2n th\u1ecd v\u00e0 g\u1eedi v\u1ec1 Aviva theo \u0111\u1ecba ch\u1ec9: T\u1ea7ng 13, T\u00f2a nh\u00e0 Mipec, 229 T\u00e2y S\u01a1n, Qu\u1eadn \u0110\u1ed1ng \u0110a, TP H\u00e0 N\u1ed9i.<\/span><\/p>\n<\/div><\/div>\n<div class=\"accordion-item\"><a href=\"#\" class=\"accordion-title plain\"><button class=\"toggle\"><i class=\"icon-angle-down\"><\/i><\/button><span>Th\u1eddi \u0111i\u1ec3m ph\u00e1t sinh hi\u1ec7u l\u1ef1c h\u1ee3p \u0111\u1ed3ng b\u1ea3o hi\u1ec3m \u0111\u01b0\u1ee3c x\u00e1c \u0111\u1ecbnh nh\u01b0 th\u1ebf n\u00e0o?<\/span><\/a><div class=\"accordion-inner\">\n<p><span style=\"font-size: 95%;\">Tr\u01b0\u1eddng h\u1ee3p Aviva ch\u1ea5p thu\u1eadn b\u1ea3o hi\u1ec3m c\u1ee7a Qu\u00fd kh\u00e1ch, h\u1ee3p \u0111\u1ed3ng ph\u00e1t sinh hi\u1ec7u l\u1ef1c k\u1ec3 t\u1eeb th\u1eddi \u0111i\u1ec3m Aviva nh\u1eadn \u0111\u01b0\u1ee3c \u0111\u1ea7y \u0111\u1ee7 Gi\u1ea5y y\u00eau c\u1ea7u b\u1ea3o hi\u1ec3m v\u00e0 Ph\u00ed b\u1ea3o hi\u1ec3m t\u1ea1m t\u00ednh c\u1ee7a h\u1ee3p \u0111\u1ed3ng. Tr\u00e1ch nhi\u1ec7m b\u1ea3o hi\u1ec3m c\u1ee7a Aviva ph\u00e1t sinh t\u1eeb th\u1eddi \u0111i\u1ec3m h\u1ee3p \u0111\u1ed3ng ph\u00e1t sinh hi\u1ec7u l\u1ef1c. Tuy nhi\u00ean, C\u00f4ng ty ch\u1ec9 b\u1ea3o hi\u1ec3m cho c\u00e1c r\u1ee7i ro theo \u0110i\u1ec1u kho\u1ea3n h\u1ee3p \u0111\u1ed3ng b\u1ea3o hi\u1ec3m k\u1ec3 t\u1eeb Ng\u00e0y ph\u00e1t h\u00e0nh h\u1ee3p \u0111\u1ed3ng \u0111\u01b0\u1ee3c ghi trong Gi\u1ea5y ch\u1ee9ng nh\u1eadn b\u1ea3o hi\u1ec3m. Th\u1eddi gian t\u1eeb ng\u00e0y hi\u1ec7u l\u1ef1c h\u1ee3p \u0111\u1ed3ng \u0111\u1ebfn ng\u00e0y ph\u00e1t h\u00e0nh h\u1ee3p \u0111\u1ed3ng, Qu\u00fd kh\u00e1ch \u0111\u01b0\u1ee3c b\u1ea3o hi\u1ec3m theo \u0111i\u1ec1u kho\u1ea3n B\u1ea3o hi\u1ec3m t\u1ea1m th\u1eddi.<\/span><\/p>\n<\/div><\/div>\n<\/div>\n\t\t<\/div>\n\t\t\t\t\t<\/div>\n\n\t\n<\/div>\n","protected":false},"excerpt":{"rendered":"","protected":false},"author":1,"featured_media":0,"parent":40,"menu_order":0,"comment_status":"closed","ping_status":"closed","template":"page-blank.php","meta":[],"_links":{"self":[{"href":"https:\/\/demo.bmconnect.vn\/baohiem\/wp-json\/wp\/v2\/pages\/50"}],"collection":[{"href":"https:\/\/demo.bmconnect.vn\/baohiem\/wp-json\/wp\/v2\/pages"}],"about":[{"href":"https:\/\/demo.bmconnect.vn\/baohiem\/wp-json\/wp\/v2\/types\/page"}],"author":[{"embeddable":true,"href":"https:\/\/demo.bmconnect.vn\/baohiem\/wp-json\/wp\/v2\/users\/1"}],"replies":[{"embeddable":true,"href":"https:\/\/demo.bmconnect.vn\/baohiem\/wp-json\/wp\/v2\/comments?post=50"}],"version-history":[{"count":0,"href":"https:\/\/demo.bmconnect.vn\/baohiem\/wp-json\/wp\/v2\/pages\/50\/revisions"}],"up":[{"embeddable":true,"href":"https:\/\/demo.bmconnect.vn\/baohiem\/wp-json\/wp\/v2\/pages\/40"}],"wp:attachment":[{"href":"https:\/\/demo.bmconnect.vn\/baohiem\/wp-json\/wp\/v2\/media?parent=50"}],"curies":[{"name":"wp","href":"https:\/\/api.w.org\/{rel}","templated":true}]}}