{"id":48,"date":"2019-04-01T14:39:27","date_gmt":"2019-04-01T07:39:27","guid":{"rendered":"https:\/\/demo.bmconnect.vn\/?page_id=48"},"modified":"2019-04-03T11:41:03","modified_gmt":"2019-04-03T04:41:03","slug":"giai-quyet-quyen-loi-bao-hiem","status":"publish","type":"page","link":"https:\/\/demo.bmconnect.vn\/baohiem\/ho-tro-khach-hang\/giai-quyet-quyen-loi-bao-hiem\/","title":{"rendered":"Gi\u1ea3i quy\u1ebft quy\u1ec1n l\u1ee3i b\u1ea3o hi\u1ec3m"},"content":{"rendered":"<div class=\"row\"  id=\"row-698900893\">\n\n\t<div id=\"col-1978307124\" class=\"col small-12 large-12\"  >\n\t\t\t\t<div class=\"col-inner\"  >\n\t\t\t\n\t\t\t\n\n  <div class=\"banner has-hover\" id=\"banner-1275538015\">\n          <div class=\"banner-inner fill\">\n        <div class=\"banner-bg fill\" >\n            <div class=\"bg fill bg-fill \"><\/div>\n                        <div class=\"overlay\"><\/div>            \n                    <\/div>\n        <div class=\"banner-layers container\">\n            <div class=\"fill banner-link\"><\/div>            \n   <div id=\"text-box-1282340492\" class=\"text-box banner-layer x10 md-x10 lg-x10 y50 md-y50 lg-y50 res-text\">\n                                <div class=\"text-box-content text dark\">\n              \n              <div class=\"text-inner text-center\">\n                  \n<h3 class=\"uppercase\"><span style=\"font-size: 90%; color: #ffffff;\"><strong>GI\u1ea2I QUY\u1ebeT QUY\u1ec0N L\u1ee2I B\u1ea2O HI\u1ec2M<\/strong><\/span><\/h3>\n              <\/div>\n           <\/div>\n                            \n<style>\n#text-box-1282340492 {\n  width: 60%;\n}\n#text-box-1282340492 .text-box-content {\n  font-size: 100%;\n}\n@media (min-width:550px) {\n  #text-box-1282340492 {\n    width: 32%;\n  }\n}\n<\/style>\n    <\/div>\n \n        <\/div>\n      <\/div>\n\n              <div class=\"height-fix is-invisible\"><img width=\"1200\" height=\"219\" src=\"https:\/\/demo.bmconnect.vn\/baohiem\/wp-content\/uploads\/2019\/04\/DOANH-NGHI\u1eb8P.jpg\" class=\"attachment-original size-original\" alt=\"\" loading=\"lazy\" srcset=\"https:\/\/demo.bmconnect.vn\/baohiem\/wp-content\/uploads\/2019\/04\/DOANH-NGHI\u1eb8P.jpg 1200w, https:\/\/demo.bmconnect.vn\/baohiem\/wp-content\/uploads\/2019\/04\/DOANH-NGHI\u1eb8P-300x55.jpg 300w, https:\/\/demo.bmconnect.vn\/baohiem\/wp-content\/uploads\/2019\/04\/DOANH-NGHI\u1eb8P-768x140.jpg 768w, https:\/\/demo.bmconnect.vn\/baohiem\/wp-content\/uploads\/2019\/04\/DOANH-NGHI\u1eb8P-1024x187.jpg 1024w\" sizes=\"(max-width: 1200px) 100vw, 1200px\" \/><\/div>\n            \n<style>\n#banner-1275538015 .bg.bg-loaded {\n  background-image: url(https:\/\/demo.bmconnect.vn\/baohiem\/wp-content\/uploads\/2019\/04\/DOANH-NGHI\u1eb8P.jpg);\n}\n#banner-1275538015 .overlay {\n  background-color: rgba(0, 0, 0, 0.44);\n}\n<\/style>\n  <\/div>\n\n\n\t\t<\/div>\n\t\t\t\t\t<\/div>\n\n\t\n<\/div>\n<div class=\"row row-dieu-chinh-ho-so\"  id=\"row-1966819394\">\n\n\t<div id=\"col-1441596776\" class=\"col small-12 large-12\"  >\n\t\t\t\t<div class=\"col-inner\"  >\n\t\t\t\n\t\t\t\n<h3 class=\"title-page\" style=\"text-align: center;\"><span style=\"color: #ff0000; font-size: 95%;\">GI\u1ea2I QUY\u1ebeT QUY\u1ec0N L\u1ee2I B\u1ea2O HI\u1ec2M<\/span><\/h3>\n<div class=\"fullContent\">\n<p><span style=\"font-size: 95%; color: #000000;\"><strong>Sau khi nh\u1eadn \u0111\u01b0\u1ee3c h\u1ed3 s\u01a1 y\u00eau c\u1ea7u Gi\u1ea3i quy\u1ebft quy\u1ec1n l\u1ee3i b\u1ea3o hi\u1ec3m \u0111\u1ea7y \u0111\u1ee7 v\u00e0 h\u1ee3p l\u1ec7, Aviva s\u1ebd ti\u1ebfn h\u00e0nh th\u1ea9m \u0111\u1ecbnh h\u1ed3 s\u01a1, ra quy\u1ebft \u0111\u1ecbnh gi\u1ea3i quy\u1ebft v\u00e0 g\u1eedi th\u00f4ng b\u00e1o tr\u1ef1c ti\u1ebfp t\u1edbi Ng\u01b0\u1eddi y\u00eau c\u1ea7u gi\u1ea3i quy\u1ebft quy\u1ec1n l\u1ee3i b\u1ea3o hi\u1ec3m v\u00e0 Ng\u01b0\u1eddi th\u1ee5 h\u01b0\u1edfng.<\/strong><\/span><\/p>\n<div class=\"fullContent\">\n<p><span style=\"font-size: 95%;\"><strong>Tr\u01b0\u1eddng h\u1ee3p Ch\u1ea5p thu\u1eadn chi tr\u1ea3 Quy\u1ec1n l\u1ee3i b\u1ea3o hi\u1ec3m, Aviva s\u1ebd ti\u1ebfn h\u00e0nh chi tr\u1ea3 theo c\u00e1ch th\u1ee9c kh\u00e1ch h\u00e0ng \u0111\u00e3 l\u1ef1a ch\u1ecdn tr\u00ean Phi\u1ebfu y\u00eau c\u1ea7u gi\u1ea3i quy\u1ebft quy\u1ec1n l\u1ee3i b\u1ea3o hi\u1ec3m. Quy\u1ec1n l\u1ee3i b\u1ea3o hi\u1ec3m\/C\u00e1c kho\u1ea3n \u0111\u01b0\u1ee3c chi tr\u1ea3\/ho\u00e0n tr\u1ea3 t\u1eeb H\u1ee3p \u0111\u1ed3ng b\u1ea3o hi\u1ec3m \u0111\u01b0\u1ee3c tr\u1ea3 theo m\u1ed9t trong nh\u1eefng c\u00e1ch sau:\u00a0<\/strong><\/span><\/p>\n<ul class=\"nav-left\">\n<li><span style=\"font-size: 95%;\">Chuy\u1ec3n \u0111\u00f3ng ph\u00ed cho h\u1ee3p \u0111\u1ed3ng kh\u00e1c;<\/span><\/li>\n<li><span style=\"font-size: 95%;\">Nh\u1eadn ti\u1ec1n m\u1eb7t t\u1ea1i c\u00e1c Trung T\u00e2m D\u1ecbch V\u1ee5 Kh\u00e1ch H\u00e0ng c\u1ee7a Aviva;<\/span><\/li>\n<li><span style=\"font-size: 95%;\">Chuy\u1ec3n ti\u1ec1n v\u00e0o t\u00e0i kho\u1ea3n t\u1ea1i ng\u00e2n h\u00e0ng;<\/span><\/li>\n<li><span style=\"font-size: 95%;\">Nh\u1eadn ti\u1ec1n m\u1eb7t t\u1ea1i c\u00e1c qu\u1ea7y Ng\u00e2n h\u00e0ng tr\u00ean to\u00e0n qu\u1ed1c.<\/span><\/li>\n<\/ul>\n<p><span style=\"font-size: 95%;\"><strong>Khi \u0111\u1ebfn c\u00e1c Trung T\u00e2m D\u1ecbch V\u1ee5 Kh\u00e1ch H\u00e0ng c\u1ee7a Aviva\/Ph\u00f2ng Giao d\u1ecbch\/Chi nh\u00e1nh Ng\u00e2n h\u00e0ng tr\u00ean to\u00e0n qu\u1ed1c \u0111\u1ec3 nh\u1eadn c\u00e1c kho\u1ea3n ti\u1ec1n chi tr\u1ea3 t\u1eeb h\u1ee3p \u0111\u1ed3ng, ng\u01b0\u1eddi \u0111\u1ebfn nh\u1eadn c\u1ea7n xu\u1ea5t tr\u00ecnh nh\u1eefng gi\u1ea5y t\u1edd sau:\u00a0\u00a0<\/strong><\/span><\/p>\n<ul class=\"nav-left\">\n<li><span style=\"font-size: 95%;\">Th\u00f4ng b\u00e1o gi\u1ea3i quy\u1ebft quy\u1ec1n l\u1ee3i b\u1ea3o hi\u1ec3m;<\/span><\/li>\n<li><span style=\"font-size: 95%;\">Ch\u1ee9ng minh nh\u00e2n d\u00e2n c\u1ee7a Ng\u01b0\u1eddi nh\u1eadn quy\u1ec1n l\u1ee3i b\u1ea3o hi\u1ec3m;<\/span><\/li>\n<li><span style=\"font-size: 95%;\">V\u0103n b\u1ea3n \u1ee7y quy\u1ec1n h\u1ee3p ph\u00e1p (n\u1ebfu Ng\u01b0\u1eddi \u0111\u1ebfn nh\u1eadn Quy\u1ec1n l\u1ee3i b\u1ea3o hi\u1ec3m l\u00e0 Ng\u01b0\u1eddi \u0111\u01b0\u1ee3c \u1ee7y quy\u1ec1n) \u2013 C\u00f4ng ty b\u1ea3o hi\u1ec3m thu h\u1ed3i khi chi tr\u1ea3.<\/span><\/li>\n<\/ul>\n<p><span style=\"font-size: 95%;\"><strong>gi\u1ea3i quy\u1ebft quy\u1ec1n l\u1ee3i b\u1ea3o hi\u1ec3m tr\u1ef1c tuy\u1ebfn:\u00a0\u00a0<\/strong><\/span><\/p>\n<p><span style=\"font-size: 95%;\">Kh\u00e1ch h\u00e0ng c\u00f3 th\u1ec3 n\u1ed9p h\u1ed3 s\u01a1 gi\u1ea3i quy\u1ebft quy\u1ec1n l\u1ee3i b\u1ea3o hi\u1ec3m tr\u1ef1c tuy\u1ebfn t\u1ea1i\u00a0<a href=\"#\">\u0111\u00e2y<\/a><\/span><\/p>\n<\/div>\n<\/div>\n\t\t<\/div>\n\t\t\t\t\t<\/div>\n\n\t\n<\/div>\n\t<div id=\"gap-1983945958\" class=\"gap-element clearfix\" style=\"display:block; height:auto;\">\n\t\t\n<style>\n#gap-1983945958 {\n  padding-top: 30px;\n}\n<\/style>\n\t<\/div>\n\t\n<div class=\"row row-small row-tai-mau-don\"  id=\"row-668965473\">\n\n\t<div id=\"col-265832621\" class=\"col medium-2 small-6 large-2\"  >\n\t\t\t\t<div class=\"col-inner\"  >\n\t\t\t\n\t\t\t\n\n\t<a class=\"plain\" href=\"#\"  >\t<div class=\"icon-box featured-box icon-box-center text-center\"  >\n\t\t\t\t\t<div class=\"icon-box-img\" style=\"width: 60px\">\n\t\t\t\t<div class=\"icon\">\n\t\t\t\t\t<div class=\"icon-inner\" >\n\t\t\t\t\t\t<img width=\"70\" height=\"70\" src=\"https:\/\/demo.bmconnect.vn\/baohiem\/wp-content\/uploads\/2019\/04\/icon12.png\" class=\"attachment-medium size-medium\" alt=\"\" loading=\"lazy\" \/>\t\t\t\t\t<\/div>\n\t\t\t\t<\/div>\n\t\t\t<\/div>\n\t\t\t\t<div class=\"icon-box-text last-reset\">\n\t\t\t\t\t\t\t\t\t\n<p style=\"text-align: center;\"><span style=\"font-size: 95%;\">\u0110\u01a1n y\u00eau c\u1ea7u chuy\u1ec3n nh\u01b0\u1ee3ng h\u1ee3p \u0111\u1ed3ng<\/span><\/p>\n\t\t<\/div>\n\t<\/div>\n\t<\/a>\n\t\n\t\t<\/div>\n\t\t\t\t\t<\/div>\n\n\t\n\n\t<div id=\"col-754877282\" class=\"col medium-2 small-6 large-2\"  >\n\t\t\t\t<div class=\"col-inner\"  >\n\t\t\t\n\t\t\t\n\n\t<a class=\"plain\" href=\"#\"  >\t<div class=\"icon-box featured-box icon-box-center text-center\"  >\n\t\t\t\t\t<div class=\"icon-box-img\" style=\"width: 60px\">\n\t\t\t\t<div class=\"icon\">\n\t\t\t\t\t<div class=\"icon-inner\" >\n\t\t\t\t\t\t<img width=\"70\" height=\"70\" src=\"https:\/\/demo.bmconnect.vn\/baohiem\/wp-content\/uploads\/2019\/04\/icon12.png\" class=\"attachment-medium size-medium\" alt=\"\" loading=\"lazy\" \/>\t\t\t\t\t<\/div>\n\t\t\t\t<\/div>\n\t\t\t<\/div>\n\t\t\t\t<div class=\"icon-box-text last-reset\">\n\t\t\t\t\t\t\t\t\t\n<p style=\"text-align: center;\"><span style=\"font-size: 95%;\">\u0110\u01a1n y\u00eau c\u1ea7u \u0111i\u1ec1u ch\u1ec9nh h\u1ee3p \u0111\u1ed3ng<\/span><\/p>\n\t\t<\/div>\n\t<\/div>\n\t<\/a>\n\t\n\t\t<\/div>\n\t\t\t\t\t<\/div>\n\n\t\n\n\t<div id=\"col-1459841750\" class=\"col medium-2 small-6 large-2\"  >\n\t\t\t\t<div class=\"col-inner\"  >\n\t\t\t\n\t\t\t\n\n\t<a class=\"plain\" href=\"#\"  >\t<div class=\"icon-box featured-box icon-box-center text-center\"  >\n\t\t\t\t\t<div class=\"icon-box-img\" style=\"width: 60px\">\n\t\t\t\t<div class=\"icon\">\n\t\t\t\t\t<div class=\"icon-inner\" >\n\t\t\t\t\t\t<img width=\"70\" height=\"70\" src=\"https:\/\/demo.bmconnect.vn\/baohiem\/wp-content\/uploads\/2019\/04\/icon12.png\" class=\"attachment-medium size-medium\" alt=\"\" loading=\"lazy\" \/>\t\t\t\t\t<\/div>\n\t\t\t\t<\/div>\n\t\t\t<\/div>\n\t\t\t\t<div class=\"icon-box-text last-reset\">\n\t\t\t\t\t\t\t\t\t\n<p style=\"text-align: center;\"><span style=\"font-size: 95%;\">\u0110\u01a1n y\u00eau c\u1ea7u \u0111i\u1ec1u ch\u1ec9nh ng\u01b0\u1eddi th\u1ee5 h\u01b0\u1edfng<\/span><\/p>\n\t\t<\/div>\n\t<\/div>\n\t<\/a>\n\t\n\t\t<\/div>\n\t\t\t\t\t<\/div>\n\n\t\n\n\t<div id=\"col-942283192\" class=\"col medium-2 small-6 large-2\"  >\n\t\t\t\t<div class=\"col-inner\"  >\n\t\t\t\n\t\t\t\n\n\t<a class=\"plain\" href=\"#\"  >\t<div class=\"icon-box featured-box icon-box-center text-center\"  >\n\t\t\t\t\t<div class=\"icon-box-img\" style=\"width: 60px\">\n\t\t\t\t<div class=\"icon\">\n\t\t\t\t\t<div class=\"icon-inner\" >\n\t\t\t\t\t\t<img width=\"70\" height=\"70\" src=\"https:\/\/demo.bmconnect.vn\/baohiem\/wp-content\/uploads\/2019\/04\/icon12.png\" class=\"attachment-medium size-medium\" alt=\"\" loading=\"lazy\" \/>\t\t\t\t\t<\/div>\n\t\t\t\t<\/div>\n\t\t\t<\/div>\n\t\t\t\t<div class=\"icon-box-text last-reset\">\n\t\t\t\t\t\t\t\t\t\n<p style=\"text-align: center;\"><span style=\"font-size: 95%;\">\u0110\u01a1n y\u00eau c\u1ea7u thay \u0111\u1ed5i b\u00ean mua b\u1ea3o hi\u1ec3m<\/span><\/p>\n\t\t<\/div>\n\t<\/div>\n\t<\/a>\n\t\n\t\t<\/div>\n\t\t\t\t\t<\/div>\n\n\t\n\n\t<div id=\"col-1382561459\" class=\"col medium-2 small-6 large-2\"  >\n\t\t\t\t<div class=\"col-inner\"  >\n\t\t\t\n\t\t\t\n\n\t<a class=\"plain\" href=\"#\"  >\t<div class=\"icon-box featured-box icon-box-center text-center\"  >\n\t\t\t\t\t<div class=\"icon-box-img\" style=\"width: 60px\">\n\t\t\t\t<div class=\"icon\">\n\t\t\t\t\t<div class=\"icon-inner\" >\n\t\t\t\t\t\t<img width=\"70\" height=\"70\" src=\"https:\/\/demo.bmconnect.vn\/baohiem\/wp-content\/uploads\/2019\/04\/icon12.png\" class=\"attachment-medium size-medium\" alt=\"\" loading=\"lazy\" \/>\t\t\t\t\t<\/div>\n\t\t\t\t<\/div>\n\t\t\t<\/div>\n\t\t\t\t<div class=\"icon-box-text last-reset\">\n\t\t\t\t\t\t\t\t\t\n<p style=\"text-align: center;\"><span style=\"font-size: 95%;\">T\u1edd khai s\u1ee9c kh\u1ecfe b\u1ea3n chu\u1ea9n VIVA<\/span><\/p>\n\t\t<\/div>\n\t<\/div>\n\t<\/a>\n\t\n\t\t<\/div>\n\t\t\t\t\t<\/div>\n\n\t\n\n\t<div id=\"col-739695087\" class=\"col medium-2 small-6 large-2\"  >\n\t\t\t\t<div class=\"col-inner\"  >\n\t\t\t\n\t\t\t\n\n\t<a class=\"plain\" href=\"#\"  >\t<div class=\"icon-box featured-box icon-box-center text-center\"  >\n\t\t\t\t\t<div class=\"icon-box-img\" style=\"width: 60px\">\n\t\t\t\t<div class=\"icon\">\n\t\t\t\t\t<div class=\"icon-inner\" >\n\t\t\t\t\t\t<img width=\"70\" height=\"70\" src=\"https:\/\/demo.bmconnect.vn\/baohiem\/wp-content\/uploads\/2019\/04\/icon12.png\" class=\"attachment-medium size-medium\" alt=\"\" loading=\"lazy\" \/>\t\t\t\t\t<\/div>\n\t\t\t\t<\/div>\n\t\t\t<\/div>\n\t\t\t\t<div class=\"icon-box-text last-reset\">\n\t\t\t\t\t\t\t\t\t\n<p style=\"text-align: center;\"><span style=\"font-size: 95%;\">Phi\u1ebfu b\u00e1o s\u1ef1 ki\u1ec7n b\u1ea3o hi\u1ec3m<\/span><\/p>\n\t\t<\/div>\n\t<\/div>\n\t<\/a>\n\t\n\t\t<\/div>\n\t\t\t\t\t<\/div>\n\n\t\n<\/div>\n","protected":false},"excerpt":{"rendered":"","protected":false},"author":1,"featured_media":0,"parent":40,"menu_order":0,"comment_status":"closed","ping_status":"closed","template":"page-blank.php","meta":[],"_links":{"self":[{"href":"https:\/\/demo.bmconnect.vn\/baohiem\/wp-json\/wp\/v2\/pages\/48"}],"collection":[{"href":"https:\/\/demo.bmconnect.vn\/baohiem\/wp-json\/wp\/v2\/pages"}],"about":[{"href":"https:\/\/demo.bmconnect.vn\/baohiem\/wp-json\/wp\/v2\/types\/page"}],"author":[{"embeddable":true,"href":"https:\/\/demo.bmconnect.vn\/baohiem\/wp-json\/wp\/v2\/users\/1"}],"replies":[{"embeddable":true,"href":"https:\/\/demo.bmconnect.vn\/baohiem\/wp-json\/wp\/v2\/comments?post=48"}],"version-history":[{"count":0,"href":"https:\/\/demo.bmconnect.vn\/baohiem\/wp-json\/wp\/v2\/pages\/48\/revisions"}],"up":[{"embeddable":true,"href":"https:\/\/demo.bmconnect.vn\/baohiem\/wp-json\/wp\/v2\/pages\/40"}],"wp:attachment":[{"href":"https:\/\/demo.bmconnect.vn\/baohiem\/wp-json\/wp\/v2\/media?parent=48"}],"curies":[{"name":"wp","href":"https:\/\/api.w.org\/{rel}","templated":true}]}}