{"id":46,"date":"2019-04-01T14:38:28","date_gmt":"2019-04-01T07:38:28","guid":{"rendered":"https:\/\/demo.bmconnect.vn\/?page_id=46"},"modified":"2019-04-03T12:00:11","modified_gmt":"2019-04-03T05:00:11","slug":"dong-phi-bao-hiem","status":"publish","type":"page","link":"https:\/\/demo.bmconnect.vn\/baohiem\/ho-tro-khach-hang\/dong-phi-bao-hiem\/","title":{"rendered":"\u0110\u00f3ng ph\u00ed b\u1ea3o hi\u1ec3m"},"content":{"rendered":"<div class=\"row\"  id=\"row-1325021904\">\n\n\t<div id=\"col-61164317\" class=\"col small-12 large-12\"  >\n\t\t\t\t<div class=\"col-inner\"  >\n\t\t\t\n\t\t\t\n\n  <div class=\"banner has-hover\" id=\"banner-1090574840\">\n          <div class=\"banner-inner fill\">\n        <div class=\"banner-bg fill\" >\n            <div class=\"bg fill bg-fill \"><\/div>\n                                    \n                    <\/div>\n        <div class=\"banner-layers container\">\n            <div class=\"fill banner-link\"><\/div>            \n   <div id=\"text-box-1843453760\" class=\"text-box banner-layer x10 md-x10 lg-x10 y50 md-y50 lg-y50 res-text\">\n                                <div class=\"text-box-content text dark\">\n              \n              <div class=\"text-inner text-center\">\n                  \n<h3 class=\"uppercase\"><span style=\"font-size: 90%; color: #003366;\"><strong>\u0110\u00d3NG PH\u00cd B\u1ea2O HI\u1ec2M<\/strong><\/span><\/h3>\n              <\/div>\n           <\/div>\n                            \n<style>\n#text-box-1843453760 {\n  width: 60%;\n}\n#text-box-1843453760 .text-box-content {\n  font-size: 100%;\n}\n@media (min-width:550px) {\n  #text-box-1843453760 {\n    width: 32%;\n  }\n}\n<\/style>\n    <\/div>\n \n        <\/div>\n      <\/div>\n\n              <div class=\"height-fix is-invisible\"><img width=\"1920\" height=\"350\" src=\"https:\/\/demo.bmconnect.vn\/baohiem\/wp-content\/uploads\/2019\/04\/lienhe.jpg\" class=\"attachment-original size-original\" alt=\"\" loading=\"lazy\" srcset=\"https:\/\/demo.bmconnect.vn\/baohiem\/wp-content\/uploads\/2019\/04\/lienhe.jpg 1920w, https:\/\/demo.bmconnect.vn\/baohiem\/wp-content\/uploads\/2019\/04\/lienhe-300x55.jpg 300w, https:\/\/demo.bmconnect.vn\/baohiem\/wp-content\/uploads\/2019\/04\/lienhe-768x140.jpg 768w, https:\/\/demo.bmconnect.vn\/baohiem\/wp-content\/uploads\/2019\/04\/lienhe-1024x187.jpg 1024w\" sizes=\"(max-width: 1920px) 100vw, 1920px\" \/><\/div>\n            \n<style>\n#banner-1090574840 .bg.bg-loaded {\n  background-image: url(https:\/\/demo.bmconnect.vn\/baohiem\/wp-content\/uploads\/2019\/04\/lienhe.jpg);\n}\n<\/style>\n  <\/div>\n\n\n\t\t<\/div>\n\t\t\t\t\t<\/div>\n\n\t\n<\/div>\n<div class=\"row\"  id=\"row-688282093\">\n\n\t<div id=\"col-1869440560\" class=\"col small-12 large-12\"  >\n\t\t\t\t<div class=\"col-inner\"  >\n\t\t\t\n\t\t\t\n<h3 class=\"title-news\" style=\"text-align: center;\">\u0110\u00d3NG PH\u00cd B\u1ea2O HI\u1ec2M \u0110\u1ecaNH K\u1ef2<\/h3>\n<p><strong>1.C\u00e1c th\u00f4ng b\u00e1o v\u1ec1 ph\u00ed b\u1ea3o hi\u1ec3m \u0111\u1ecbnh k\u1ef3<\/strong><\/p>\n<p><span style=\"font-size: 95%;\">\u0110\u1ec3 gi\u00fap kh\u00e1ch h\u00e0ng c\u1eadp nh\u1eadt k\u1ecbp th\u1eddi th\u00f4ng tin ph\u00ed B\u1ea3o hi\u1ec3m \u0111\u1ebfn h\u1ea1n, c\u00e1c th\u00f4ng b\u00e1o\/nh\u1eafc ph\u00ed \u0111\u01b0\u1ee3c g\u1eedi \u0111\u1ebfn kh\u00e1ch h\u00e0ng theo tr\u00ecnh t\u1ef1 th\u1eddi gian sau:<\/span><\/p>\n\t<div class=\"img has-hover x md-x lg-x y md-y lg-y\" id=\"image_1413944164\">\n\t\t\t\t\t\t\t\t<div class=\"img-inner dark\" >\n\t\t\t<img width=\"1200\" height=\"304\" src=\"https:\/\/demo.bmconnect.vn\/baohiem\/wp-content\/uploads\/2019\/04\/CONTACT.jpg\" class=\"attachment-original size-original\" alt=\"\" loading=\"lazy\" srcset=\"https:\/\/demo.bmconnect.vn\/baohiem\/wp-content\/uploads\/2019\/04\/CONTACT.jpg 1200w, https:\/\/demo.bmconnect.vn\/baohiem\/wp-content\/uploads\/2019\/04\/CONTACT-300x76.jpg 300w, https:\/\/demo.bmconnect.vn\/baohiem\/wp-content\/uploads\/2019\/04\/CONTACT-768x195.jpg 768w, https:\/\/demo.bmconnect.vn\/baohiem\/wp-content\/uploads\/2019\/04\/CONTACT-1024x259.jpg 1024w\" sizes=\"(max-width: 1200px) 100vw, 1200px\" \/>\t\t\t\t\t\t\n\t\t\t\t\t<\/div>\n\t\t\t\t\t\t\t\t\n<style>\n#image_1413944164 {\n  width: 100%;\n}\n<\/style>\n\t<\/div>\n\t\n<p><span style=\"font-size: 95%;\"><strong>1.1 Tin nh\u1eafn SMS<\/strong><\/span><\/p>\n<p><span style=\"font-size: 95%;\">V\u1edbi c\u00e1c h\u1ee3p \u0111\u1ed3ng b\u1ea3o hi\u1ec3m ch\u01b0a \u0111\u00f3ng ph\u00ed \u0111\u1ecbnh k\u1ef3, kh\u00e1ch h\u00e0ng s\u1ebd nh\u1eadn \u0111\u01b0\u1ee3c t\u1ed1i \u0111a 3 l\u1ea7n th\u00f4ng b\u00e1o b\u1eb1ng SMS:<\/span><\/p>\n<ul>\n<li><span style=\"font-size: 95%;\">Th\u00f4ng b\u00e1o ph\u00ed b\u1ea3o hi\u1ec3m \u0111\u1ebfn h\u1ea1n &#8211; 15 ng\u00e0y tr\u01b0\u1edbc ng\u00e0y \u0111\u1ebfn h\u1ea1n \u0111\u00f3ng ph\u00ed<\/span><\/li>\n<li><span style=\"font-size: 95%;\">Th\u00f4ng b\u00e1o \u0111\u1ebfn h\u1ea1n \u0111\u00f3ng ph\u00ed v\u00e0o ng\u00e0y \u0111\u1ebfn h\u1ea1n \u0111\u00f3ng ph\u00ed<\/span><\/li>\n<li><span style=\"font-size: 95%;\">Th\u00f4ng b\u00e1o ph\u00ed b\u1ea3o hi\u1ec3m qu\u00e1 h\u1ea1n l\u1ea7n 1 &#8211; 30 ng\u00e0y sau ng\u00e0y \u0111\u1ebfn h\u1ea1n \u0111\u00f3ng \u0111\u00f3ng ph\u00ed<\/span><\/li>\n<li><span style=\"font-size: 95%;\">Th\u00f4ng b\u00e1o ph\u00ed b\u1ea3o hi\u1ec3m qu\u00e1 h\u1ea1n l\u1ea7n 2 &#8211; 45 ng\u00e0y sau ng\u00e0y \u0111\u1ebfn h\u1ea1n \u0111\u00f3ng \u0111\u00f3ng ph\u00ed.<\/span><span style=\"font-size: 95%;\"><strong>1.2 Th\u01b0 b\u00e1o \u0111\u01b0\u1ee3c g\u1eedi qua B\u01b0u \u0111i\u1ec7n<\/strong><\/span>\n<p><span style=\"font-size: 95%;\">Th\u01b0 b\u00e1o s\u1ebd \u0111\u01b0\u1ee3c g\u1eedi v\u00e0o ng\u00e0y th\u1ee9 30 sau ng\u00e0y \u0111\u1ebfn h\u1ea1n \u0111\u00f3ng ph\u00ed n\u1ebfu Aviva ch\u01b0a nh\u1eadn \u0111\u01b0\u1ee3c ph\u00ed b\u1ea3o hi\u1ec3m \u0111\u1ecbnh k\u1ef3.<\/span><\/p>\n<p><span style=\"font-size: 95%;\"><strong>1.3 \u0110i\u1ec7n tho\u1ea1i tr\u1ef1c ti\u1ebfp \u0111\u1ebfn kh\u00e1ch h\u00e0ng<\/strong><\/span><\/p>\n<p><span style=\"font-size: 95%;\">30 ng\u00e0y k\u1ec3 t\u1eeb ng\u00e0y \u0111\u1ebfn h\u1ea1n \u0111\u00f3ng ph\u00ed v\u00e0 ph\u00ed \u0111\u1ecbnh k\u00fd ch\u01b0a \u0111\u01b0\u1ee3c \u0111\u00f3ng, Nh\u00e2n vi\u00ean D\u1ecbch v\u1ee5 kh\u00e1ch h\u00e0ng Aviva s\u1ebd \u0111i\u1ec7n tho\u1ea1i trao \u0111\u1ed5i v\u1edbi B\u00ean mua b\u1ea3o hi\u1ec3m \u0111\u1ec3 h\u1ed7 tr\u1ee3 v\u00e0 h\u01b0\u1edbng d\u1eabn c\u00e1c k\u00eanh \u0111\u00f3ng ph\u00ed ph\u00f9 h\u1ee3p v\u00e0 thu\u1eadn ti\u1ec7n nh\u1ea5t cho kh\u00e1ch h\u00e0ng.<\/span><\/p>\n<p><span style=\"font-size: 95%;\"><strong>2. C\u00e1c ph\u01b0\u01a1ng th\u1ee9c \u0111\u00f3ng ph\u00ed b\u1ea3o hi\u1ec3m \u0111\u1ecbnh k\u1ef3<\/strong><\/span><\/p>\n<p><span style=\"font-size: 95%;\">Hi\u1ec7n nay t\u1ea1i Aviva cung c\u1ea5p cho Qu\u00fd kh\u00e1ch 5 h\u00ecnh th\u1ee9c \u0111\u00f3ng ph\u00ed b\u1ea3o hi\u1ec3m \u0111\u1ecbnh k\u1ef3:<\/span><\/p>\n<p><span style=\"font-size: 95%;\"><strong>2.1 \u0110\u00f3ng ph\u00ed t\u1ea1i qu\u1ea7y Ng\u00e2n h\u00e0ng Vietinbank<\/strong><\/span><\/p>\n<p><span style=\"font-size: 95%;\">Qu\u00fd kh\u00e1ch c\u00f3 th\u1ec3 \u0111\u00f3ng ti\u1ec1n tr\u1ef1c ti\u1ebfp v\u00e0o t\u00e0i kho\u1ea3n c\u1ee7a Aviva t\u1ea1i b\u1ea5t k\u1ef3 V\u0103n ph\u00f2ng giao d\u1ecbch\/Chi nh\u00e1nh n\u00e0o c\u1ee7a Ng\u00e2n h\u00e0ng TMCP C\u00f4ng th\u01b0\u01a1ng Vi\u1ec7t Nam (Vietinbank).<\/span><\/li>\n<\/ul>\n\t\t<\/div>\n\t\t\t\t\t<\/div>\n\n\t\n<\/div>\n","protected":false},"excerpt":{"rendered":"","protected":false},"author":1,"featured_media":0,"parent":40,"menu_order":0,"comment_status":"closed","ping_status":"closed","template":"page-blank.php","meta":[],"_links":{"self":[{"href":"https:\/\/demo.bmconnect.vn\/baohiem\/wp-json\/wp\/v2\/pages\/46"}],"collection":[{"href":"https:\/\/demo.bmconnect.vn\/baohiem\/wp-json\/wp\/v2\/pages"}],"about":[{"href":"https:\/\/demo.bmconnect.vn\/baohiem\/wp-json\/wp\/v2\/types\/page"}],"author":[{"embeddable":true,"href":"https:\/\/demo.bmconnect.vn\/baohiem\/wp-json\/wp\/v2\/users\/1"}],"replies":[{"embeddable":true,"href":"https:\/\/demo.bmconnect.vn\/baohiem\/wp-json\/wp\/v2\/comments?post=46"}],"version-history":[{"count":0,"href":"https:\/\/demo.bmconnect.vn\/baohiem\/wp-json\/wp\/v2\/pages\/46\/revisions"}],"up":[{"embeddable":true,"href":"https:\/\/demo.bmconnect.vn\/baohiem\/wp-json\/wp\/v2\/pages\/40"}],"wp:attachment":[{"href":"https:\/\/demo.bmconnect.vn\/baohiem\/wp-json\/wp\/v2\/media?parent=46"}],"curies":[{"name":"wp","href":"https:\/\/api.w.org\/{rel}","templated":true}]}}