{"id":44,"date":"2019-04-01T14:38:10","date_gmt":"2019-04-01T07:38:10","guid":{"rendered":"https:\/\/demo.bmconnect.vn\/?page_id=44"},"modified":"2019-04-03T11:48:53","modified_gmt":"2019-04-03T04:48:53","slug":"thuat-ngu-bao-hiem","status":"publish","type":"page","link":"https:\/\/demo.bmconnect.vn\/baohiem\/ho-tro-khach-hang\/thuat-ngu-bao-hiem\/","title":{"rendered":"Thu\u1eadt ng\u1eef b\u1ea3o hi\u1ec3m"},"content":{"rendered":"<div class=\"row\"  id=\"row-312395512\">\n\n\t<div id=\"col-1185783699\" class=\"col small-12 large-12\"  >\n\t\t\t\t<div class=\"col-inner\"  >\n\t\t\t\n\t\t\t\n\n  <div class=\"banner has-hover\" id=\"banner-506315912\">\n          <div class=\"banner-inner fill\">\n        <div class=\"banner-bg fill\" >\n            <div class=\"bg fill bg-fill \"><\/div>\n                                    \n                    <\/div>\n        <div class=\"banner-layers container\">\n            <div class=\"fill banner-link\"><\/div>            \n   <div id=\"text-box-1944858572\" class=\"text-box banner-layer x10 md-x10 lg-x10 y50 md-y50 lg-y50 res-text\">\n                                <div class=\"text-box-content text dark\">\n              \n              <div class=\"text-inner text-center\">\n                  \n<h3 class=\"uppercase\"><span style=\"font-size: 90%; color: #003366;\"><strong>THU\u1eacT NG\u1eee B\u1ea2O HI\u1ec2M<\/strong><\/span><\/h3>\n              <\/div>\n           <\/div>\n                            \n<style>\n#text-box-1944858572 {\n  width: 60%;\n}\n#text-box-1944858572 .text-box-content {\n  font-size: 100%;\n}\n@media (min-width:550px) {\n  #text-box-1944858572 {\n    width: 32%;\n  }\n}\n<\/style>\n    <\/div>\n \n        <\/div>\n      <\/div>\n\n              <div class=\"height-fix is-invisible\"><img width=\"1920\" height=\"350\" src=\"https:\/\/demo.bmconnect.vn\/baohiem\/wp-content\/uploads\/2019\/04\/lienhe.jpg\" class=\"attachment-original size-original\" alt=\"\" loading=\"lazy\" srcset=\"https:\/\/demo.bmconnect.vn\/baohiem\/wp-content\/uploads\/2019\/04\/lienhe.jpg 1920w, https:\/\/demo.bmconnect.vn\/baohiem\/wp-content\/uploads\/2019\/04\/lienhe-300x55.jpg 300w, https:\/\/demo.bmconnect.vn\/baohiem\/wp-content\/uploads\/2019\/04\/lienhe-768x140.jpg 768w, https:\/\/demo.bmconnect.vn\/baohiem\/wp-content\/uploads\/2019\/04\/lienhe-1024x187.jpg 1024w\" sizes=\"(max-width: 1920px) 100vw, 1920px\" \/><\/div>\n            \n<style>\n#banner-506315912 .bg.bg-loaded {\n  background-image: url(https:\/\/demo.bmconnect.vn\/baohiem\/wp-content\/uploads\/2019\/04\/lienhe.jpg);\n}\n<\/style>\n  <\/div>\n\n\n\t\t<\/div>\n\t\t\t\t\t<\/div>\n\n\t\n<\/div>\n<div class=\"row\"  id=\"row-768471812\">\n\n\t<div id=\"col-249122831\" class=\"col small-12 large-12\"  >\n\t\t\t\t<div class=\"col-inner\"  >\n\t\t\t\n\t\t\t\n<div class=\"accordion\" rel=\"1\">\n<div class=\"accordion-item\"><a href=\"#\" class=\"accordion-title plain\"><button class=\"toggle\"><i class=\"icon-angle-down\"><\/i><\/button><span>H\u1ed3 s\u01a1 y\u00eau c\u1ea7u b\u1ea3o hi\u1ec3m<\/span><\/a><div class=\"accordion-inner\">\n<p><span style=\"font-size: 95%;\">l\u00e0 m\u1eabu \u0111\u0103ng k\u00fd mua b\u1ea3o hi\u1ec3m do C\u00f4ng ty b\u1ea3o hi\u1ec3m ph\u00e1t h\u00e0nh. B\u00ean mua b\u1ea3o hi\u1ec3m c\u00f3 ngh\u0129a v\u1ee5 \u0111i\u1ec1n \u0111\u1ea7y \u0111\u1ee7, trung th\u1ef1c v\u00e0o h\u1ed3 s\u01a1 y\u00eau c\u1ea7u b\u1ea3o hi\u1ec3m. H\u1ed3 s\u01a1 y\u00eau c\u1ea7u b\u1ea3o hi\u1ec3m \u0111\u01b0\u1ee3c xem l\u00e0 m\u1ed9t ph\u1ea7n kh\u00f4ng th\u1ec3 t\u00e1ch r\u1eddi c\u1ee7a b\u1ed9 h\u1ee3p \u0111\u1ed3ng b\u1ea3o hi\u1ec3m nh\u00e2n th\u1ecd.<\/span><\/p>\n<\/div><\/div>\n<div class=\"accordion-item\"><a href=\"#\" class=\"accordion-title plain\"><button class=\"toggle\"><i class=\"icon-angle-down\"><\/i><\/button><span>B\u00ean mua b\u1ea3o hi\u1ec3m<\/span><\/a><div class=\"accordion-inner\">\n<ul>\n<li><span style=\"font-size: 95%;\">L\u00e0 c\u00e1 nh\u00e2n hi\u1ec7n \u0111ang c\u01b0 tr\u00fa t\u1ea1i Vi\u1ec7t Nam, tu\u1ed5i t\u1eeb \u0111\u1ee7 18 tr\u1edf l\u00ean v\u00e0o th\u1eddi \u0111i\u1ec3m h\u1ee3p \u0111\u1ed3ng ph\u00e1t sinh hi\u1ec7u l\u1ef1c v\u00e0 c\u00f3 n\u0103ng l\u1ef1c h\u00e0nh vi d\u00e2n s\u1ef1 \u0111\u1ea7y \u0111\u1ee7; ho\u1eb7c\u00a0\u00a0<\/span><\/li>\n<li><span style=\"font-size: 95%;\">\u00a0L\u00e0 t\u1ed5 ch\u1ee9c \u0111\u01b0\u1ee3c th\u00e0nh l\u1eadp v\u00e0 ho\u1ea1t \u0111\u1ed9ng h\u1ee3p ph\u00e1p t\u1ea1i Vi\u1ec7t Nam.\u00a0<\/span><\/li>\n<\/ul>\n<p><span style=\"font-size: 95%;\">B\u00ean mua b\u1ea3o hi\u1ec3m ph\u1ea3i c\u00f3 quy\u1ec1n l\u1ee3i c\u00f3 th\u1ec3 \u0111\u01b0\u1ee3c b\u1ea3o hi\u1ec3m v\u1edbi Ng\u01b0\u1eddi \u0111\u01b0\u1ee3c b\u1ea3o hi\u1ec3m v\u00e0 c\u00f3 tr\u00e1ch nhi\u1ec7m k\u00ea khai, k\u00fd t\u00ean tr\u00ean Gi\u1ea5y y\u00eau c\u1ea7u b\u1ea3o hi\u1ec3m v\u00e0 \u0111\u00f3ng Ph\u00ed b\u1ea3o hi\u1ec3m.\u00a0<\/span><\/p>\n<\/div><\/div>\n<div class=\"accordion-item\"><a href=\"#\" class=\"accordion-title plain\"><button class=\"toggle\"><i class=\"icon-angle-down\"><\/i><\/button><span>Ng\u01b0\u1eddi \u0111\u01b0\u1ee3c b\u1ea3o hi\u1ec3m<\/span><\/a><div class=\"accordion-inner\">\n<p><span style=\"font-size: 95%;\">l\u00e0 c\u00e1 nh\u00e2n hi\u1ec7n \u0111ang c\u01b0 tr\u00fa t\u1ea1i Vi\u1ec7t Nam \u0111\u01b0\u1ee3c C\u00f4ng ty b\u1ea3o hi\u1ec3m ch\u1ea5p thu\u1eadn b\u1ea3o hi\u1ec3m theo h\u1ee3p \u0111\u1ed3ng b\u1ea3o hi\u1ec3m.<\/span><\/p>\n<\/div><\/div>\n<div class=\"accordion-item\"><a href=\"#\" class=\"accordion-title plain\"><button class=\"toggle\"><i class=\"icon-angle-down\"><\/i><\/button><span>Ng\u01b0\u1eddi th\u1ee5 h\u01b0\u1edfng<\/span><\/a><div class=\"accordion-inner\">\n<p><span style=\"font-size: 95%;\">l\u00e0 c\u00e1 nh\u00e2n ho\u1eb7c t\u1ed5 ch\u1ee9c do B\u00ean mua b\u1ea3o hi\u1ec3m ch\u1ec9 \u0111\u1ecbnh \u0111\u1ec3 nh\u1eadn quy\u1ec1n l\u1ee3i b\u1ea3o hi\u1ec3m theo quy \u0111\u1ecbnh c\u1ee7a h\u1ee3p \u0111\u1ed3ng b\u1ea3o hi\u1ec3m.<\/span><\/p>\n<\/div><\/div>\n<div class=\"accordion-item\"><a href=\"#\" class=\"accordion-title plain\"><button class=\"toggle\"><i class=\"icon-angle-down\"><\/i><\/button><span>Quy\u1ec1n l\u1ee3i c\u00f3 th\u1ec3 \u0111\u01b0\u1ee3c b\u1ea3o hi\u1ec3m<\/span><\/a><div class=\"accordion-inner\">\n<p><span style=\"font-size: 95%;\">l\u00e0 m\u1ed1i quan h\u1ec7 gi\u1eefa B\u00ean mua b\u1ea3o hi\u1ec3m v\u00e0 Ng\u01b0\u1eddi \u0111\u01b0\u1ee3c b\u1ea3o hi\u1ec3m, trong \u0111\u00f3 s\u1ef1 r\u1ee7i ro c\u1ee7a Ng\u01b0\u1eddi \u0111\u01b0\u1ee3c b\u1ea3o hi\u1ec3m s\u1ebd g\u00e2y t\u1ed5n th\u1ea5t v\u1ec1 t\u00e0i ch\u00ednh ho\u1eb7c tinh th\u1ea7n cho B\u00ean mua b\u1ea3o hi\u1ec3m.<\/span><\/p>\n<p><span style=\"font-size: 95%;\">B\u00ean mua b\u1ea3o hi\u1ec3m c\u00f3 quy\u1ec1n l\u1ee3i c\u00f3 th\u1ec3 b\u1ea3o hi\u1ec3m \u0111\u1ed1i v\u1edbi nh\u1eefng ng\u01b0\u1eddi sau \u0111\u00e2y:<\/span><\/p>\n<ul>\n<li><span style=\"font-size: 95%;\">B\u1ea3n th\u00e2n b\u00ean mua b\u1ea3o hi\u1ec3m;<\/span><\/li>\n<li><span style=\"font-size: 95%;\">V\u1ee3, ch\u1ed3ng, con, cha, m\u1eb9 h\u1ee3p ph\u00e1p c\u1ee7a b\u00ean mua b\u1ea3o hi\u1ec3m;<\/span><\/li>\n<li><span style=\"font-size: 95%;\">Anh ch\u1ecb em ru\u1ed9t, ng\u01b0\u1eddi c\u00f3 quan h\u1ec7 nu\u00f4i d\u01b0\u1ee1ng\/gi\u00e1m h\u1ed9 h\u1ee3p ph\u00e1p;<\/span><\/li>\n<li><span style=\"font-size: 95%;\">Ch\u00e1u tr\u1ef1c h\u1ec7 c\u1ee7a b\u00ean mua b\u1ea3o hi\u1ec3m;<\/span><\/li>\n<li><span style=\"font-size: 95%;\">Ng\u01b0\u1eddi kh\u00e1c n\u1ebfu b\u00ean mua b\u1ea3o hi\u1ec3m ph\u1ea3i ch\u1ecbu m\u1ed9t t\u1ed5n th\u1ea5t t\u00e0i ch\u00ednh th\u1eadt s\u1ef1 khi ng\u01b0\u1eddi \u0111\u01b0\u1ee3c b\u1ea3o hi\u1ec3m ch\u1ebft.<\/span><\/li>\n<\/ul>\n<\/div><\/div>\n<div class=\"accordion-item\"><a href=\"#\" class=\"accordion-title plain\"><button class=\"toggle\"><i class=\"icon-angle-down\"><\/i><\/button><span>Ph\u00ed b\u1ea3o hi\u1ec3m<\/span><\/a><div class=\"accordion-inner\">\n<p><span style=\"font-size: 95%;\">l\u00e0 kho\u1ea3n ti\u1ec1n B\u00ean mua b\u1ea3o hi\u1ec3m n\u1ed9p \u0111\u1ecbnh k\u1ef3 cho C\u00f4ng ty b\u1ea3o hi\u1ec3m \u0111\u1ec3 \u0111\u01b0\u1ee3c b\u1ea3o hi\u1ec3m theo th\u1eddi h\u1ea1n v\u00e0 ph\u01b0\u01a1ng th\u1ee9c do c\u00e1c b\u00ean th\u1ecfa thu\u1eadn trong h\u1ee3p \u0111\u1ed3ng b\u1ea3o hi\u1ec3m.<\/span><\/p>\n<\/div><\/div>\n<div class=\"accordion-item\"><a href=\"#\" class=\"accordion-title plain\"><button class=\"toggle\"><i class=\"icon-angle-down\"><\/i><\/button><span>Ph\u00ed b\u1ea3o hi\u1ec3m t\u1ea1m t\u00ednh<\/span><\/a><div class=\"accordion-inner\">\n<p>l\u00e0 kho\u1ea3n ph\u00ed b\u1ea3o hi\u1ec3m B\u00ean mua b\u1ea3o hi\u1ec3m n\u1ed9p c\u00f9ng v\u1edbi Gi\u1ea5y y\u00eau c\u1ea7u b\u1ea3o hi\u1ec3m.<\/p>\n<\/div><\/div>\n<div class=\"accordion-item\"><a href=\"#\" class=\"accordion-title plain\"><button class=\"toggle\"><i class=\"icon-angle-down\"><\/i><\/button><span>S\u1ed1 ti\u1ec1n b\u1ea3o hi\u1ec3m<\/span><\/a><div class=\"accordion-inner\">\n<p><span style=\"font-size: 95%;\">l\u00e0 s\u1ed1 ti\u1ec1n \u0111\u01b0\u1ee3c d\u00f9ng l\u00e0m c\u01a1 s\u1edf \u0111\u1ec3 x\u00e1c \u0111\u1ecbnh quy\u1ec1n l\u1ee3i b\u1ea3o hi\u1ec3m thanh to\u00e1n theo \u0110i\u1ec1u kho\u1ea3n h\u1ee3p \u0111\u1ed3ng. S\u1ed1 ti\u1ec1n b\u1ea3o hi\u1ec3m do B\u00ean mua b\u1ea3o hi\u1ec3m l\u1ef1a ch\u1ecdn ph\u00f9 h\u1ee3p v\u1edbi quy \u0111\u1ecbnh c\u1ee7a C\u00f4ng ty b\u1ea3o hi\u1ec3m v\u00e0 \u0111\u01b0\u1ee3c ghi t\u1ea1i Gi\u1ea5y y\u00eau c\u1ea7u b\u1ea3o hi\u1ec3m v\u00e0 Gi\u1ea5y ch\u1ee9ng nh\u1eadn b\u1ea3o hi\u1ec3m nh\u00e2n th\u1ecd.<\/span><\/p>\n<\/div><\/div>\n<\/div>\n\t\t<\/div>\n\t\t\t\t\t<\/div>\n\n\t\n<\/div>\n","protected":false},"excerpt":{"rendered":"","protected":false},"author":1,"featured_media":0,"parent":40,"menu_order":0,"comment_status":"closed","ping_status":"closed","template":"page-blank.php","meta":[],"_links":{"self":[{"href":"https:\/\/demo.bmconnect.vn\/baohiem\/wp-json\/wp\/v2\/pages\/44"}],"collection":[{"href":"https:\/\/demo.bmconnect.vn\/baohiem\/wp-json\/wp\/v2\/pages"}],"about":[{"href":"https:\/\/demo.bmconnect.vn\/baohiem\/wp-json\/wp\/v2\/types\/page"}],"author":[{"embeddable":true,"href":"https:\/\/demo.bmconnect.vn\/baohiem\/wp-json\/wp\/v2\/users\/1"}],"replies":[{"embeddable":true,"href":"https:\/\/demo.bmconnect.vn\/baohiem\/wp-json\/wp\/v2\/comments?post=44"}],"version-history":[{"count":0,"href":"https:\/\/demo.bmconnect.vn\/baohiem\/wp-json\/wp\/v2\/pages\/44\/revisions"}],"up":[{"embeddable":true,"href":"https:\/\/demo.bmconnect.vn\/baohiem\/wp-json\/wp\/v2\/pages\/40"}],"wp:attachment":[{"href":"https:\/\/demo.bmconnect.vn\/baohiem\/wp-json\/wp\/v2\/media?parent=44"}],"curies":[{"name":"wp","href":"https:\/\/api.w.org\/{rel}","templated":true}]}}