{"id":411,"date":"2019-04-02T23:42:00","date_gmt":"2019-04-02T16:42:00","guid":{"rendered":"https:\/\/demo.bmconnect.vn\/?page_id=411"},"modified":"2019-04-03T00:50:55","modified_gmt":"2019-04-02T17:50:55","slug":"nop-ho-so-truc-tuyen","status":"publish","type":"page","link":"https:\/\/demo.bmconnect.vn\/baohiem\/nop-ho-so-truc-tuyen\/","title":{"rendered":"N\u1ed9p h\u1ed3 s\u01a1 tr\u1ef1c tuy\u1ebfn"},"content":{"rendered":"\t<section class=\"section nop-ho-so-truc-tuyen\" id=\"section_2088766145\">\n\t\t<div class=\"bg section-bg fill bg-fill  bg-loaded\" >\n\n\t\t\t\n\t\t\t\n\t\t\t\n\n\t\t<\/div>\n\n\t\t<div class=\"section-content relative\">\n\t\t\t\n<div class=\"row\"  id=\"row-1502360912\">\n\n\t<div id=\"col-223207756\" class=\"col small-12 large-12\"  >\n\t\t\t\t<div class=\"col-inner\"  >\n\t\t\t\n\t\t\t\n\t<div class=\"img has-hover x md-x lg-x y md-y lg-y\" id=\"image_1086242966\">\n\t\t\t\t\t\t\t\t<div class=\"img-inner dark\" >\n\t\t\t<img width=\"1920\" height=\"339\" src=\"https:\/\/demo.bmconnect.vn\/baohiem\/wp-content\/uploads\/2019\/04\/banner-page-1.jpg\" class=\"attachment-original size-original\" alt=\"\" loading=\"lazy\" srcset=\"https:\/\/demo.bmconnect.vn\/baohiem\/wp-content\/uploads\/2019\/04\/banner-page-1.jpg 1920w, https:\/\/demo.bmconnect.vn\/baohiem\/wp-content\/uploads\/2019\/04\/banner-page-1-300x53.jpg 300w, https:\/\/demo.bmconnect.vn\/baohiem\/wp-content\/uploads\/2019\/04\/banner-page-1-768x136.jpg 768w, https:\/\/demo.bmconnect.vn\/baohiem\/wp-content\/uploads\/2019\/04\/banner-page-1-1024x181.jpg 1024w\" sizes=\"(max-width: 1920px) 100vw, 1920px\" \/>\t\t\t\t\t\t\n\t\t\t\t\t<\/div>\n\t\t\t\t\t\t\t\t\n<style>\n#image_1086242966 {\n  width: 100%;\n}\n<\/style>\n\t<\/div>\n\t\n\t\t<\/div>\n\t\t\t\t\t<\/div>\n\n\t\n<\/div>\n<div class=\"row\"  id=\"row-1109207711\">\n\n\t<div id=\"col-603114184\" class=\"col medium-6 small-12 large-6\"  >\n\t\t\t\t<div class=\"col-inner\"  >\n\t\t\t\n\t\t\t\n<h2><span style=\"color: #000000;\">\u0110\u1ed0I T\u01af\u1ee2NG \u00c1P D\u1ee4NG<\/span><\/h2>\n<p>T\u1ea5t c\u1ea3 c\u00e1c kh\u00e1ch h\u00e0ng hi\u1ec7n h\u1eefu \u0111ang tham gia b\u1ea3o hi\u1ec3m v\u1edbi Aviva c\u00f3 y\u00eau c\u1ea7u gi\u1ea3i quy\u1ebft 1 trong 4 Quy\u1ec1n l\u1ee3i b\u1ea3o hi\u1ec3m sau:<\/p>\n<div class=\"row row-small\"  id=\"row-382060122\">\n\n\t<div id=\"col-1776998263\" class=\"col medium-6 small-12 large-6\"  >\n\t\t\t\t<div class=\"col-inner\"  >\n\t\t\t\n\t\t\t\n\n\t\t<div class=\"icon-box featured-box icon-box-center text-center\"  >\n\t\t\t\t\t<div class=\"icon-box-img\" style=\"width: 45px\">\n\t\t\t\t<div class=\"icon\">\n\t\t\t\t\t<div class=\"icon-inner\" >\n\t\t\t\t\t\t<img width=\"53\" height=\"50\" src=\"https:\/\/demo.bmconnect.vn\/baohiem\/wp-content\/uploads\/2019\/04\/ICON-1.jpg\" class=\"attachment-medium size-medium\" alt=\"\" loading=\"lazy\" \/>\t\t\t\t\t<\/div>\n\t\t\t\t<\/div>\n\t\t\t<\/div>\n\t\t\t\t<div class=\"icon-box-text last-reset\">\n\t\t\t\t\t\t\t\t\t\n<p style=\"text-align: center;\"><span style=\"color: #008000; font-size: 90%;\">H\u1ed7 tr\u1ee3 chi ph\u00ed n\u1eb1m vi\u1ec7n\/ ph\u1eabu thu\u1eadt<\/span><\/p>\n\t\t<\/div>\n\t<\/div>\n\t\n\t\n\t<div id=\"gap-1005549762\" class=\"gap-element clearfix\" style=\"display:block; height:auto;\">\n\t\t\n<style>\n#gap-1005549762 {\n  padding-top: 23px;\n}\n<\/style>\n\t<\/div>\n\t\n\n\t\t<div class=\"icon-box featured-box icon-box-center text-center\"  >\n\t\t\t\t\t<div class=\"icon-box-img\" style=\"width: 45px\">\n\t\t\t\t<div class=\"icon\">\n\t\t\t\t\t<div class=\"icon-inner\" >\n\t\t\t\t\t\t<img width=\"53\" height=\"50\" src=\"https:\/\/demo.bmconnect.vn\/baohiem\/wp-content\/uploads\/2019\/04\/ICON-3.jpg\" class=\"attachment-medium size-medium\" alt=\"\" loading=\"lazy\" \/>\t\t\t\t\t<\/div>\n\t\t\t\t<\/div>\n\t\t\t<\/div>\n\t\t\t\t<div class=\"icon-box-text last-reset\">\n\t\t\t\t\t\t\t\t\t\n<p style=\"text-align: center;\"><span style=\"color: #008000; font-size: 90%;\">Th\u01b0\u01a1ng t\u1eadt to\u00e0n b\u1ed9 v\u0129nh vi\u1ec5n<\/span><\/p>\n\t\t<\/div>\n\t<\/div>\n\t\n\t\n\t\t<\/div>\n\t\t\t\t\t<\/div>\n\n\t\n\n\t<div id=\"col-795515476\" class=\"col medium-6 small-12 large-6\"  >\n\t\t\t\t<div class=\"col-inner\"  >\n\t\t\t\n\t\t\t\n\n\t\t<div class=\"icon-box featured-box icon-box-center text-center\"  >\n\t\t\t\t\t<div class=\"icon-box-img\" style=\"width: 45px\">\n\t\t\t\t<div class=\"icon\">\n\t\t\t\t\t<div class=\"icon-inner\" >\n\t\t\t\t\t\t<img width=\"53\" height=\"50\" src=\"https:\/\/demo.bmconnect.vn\/baohiem\/wp-content\/uploads\/2019\/04\/ICON-2.jpg\" class=\"attachment-medium size-medium\" alt=\"\" loading=\"lazy\" \/>\t\t\t\t\t<\/div>\n\t\t\t\t<\/div>\n\t\t\t<\/div>\n\t\t\t\t<div class=\"icon-box-text last-reset\">\n\t\t\t\t\t\t\t\t\t\n<p style=\"text-align: center;\"><span style=\"color: #008000; font-size: 90%;\">B\u1ec7nh hi\u1ec3m ngh\u00e8o<\/span><\/p>\n\t\t<\/div>\n\t<\/div>\n\t\n\t\n\t<div id=\"gap-372324044\" class=\"gap-element clearfix\" style=\"display:block; height:auto;\">\n\t\t\n<style>\n#gap-372324044 {\n  padding-top: 23px;\n}\n<\/style>\n\t<\/div>\n\t\n\n\t\t<div class=\"icon-box featured-box icon-box-center text-center\"  >\n\t\t\t\t\t<div class=\"icon-box-img\" style=\"width: 45px\">\n\t\t\t\t<div class=\"icon\">\n\t\t\t\t\t<div class=\"icon-inner\" >\n\t\t\t\t\t\t<img width=\"53\" height=\"50\" src=\"https:\/\/demo.bmconnect.vn\/baohiem\/wp-content\/uploads\/2019\/04\/ICON-4.jpg\" class=\"attachment-medium size-medium\" alt=\"\" loading=\"lazy\" \/>\t\t\t\t\t<\/div>\n\t\t\t\t<\/div>\n\t\t\t<\/div>\n\t\t\t\t<div class=\"icon-box-text last-reset\">\n\t\t\t\t\t\t\t\t\t\n<p style=\"text-align: center;\"><span style=\"color: #008000; font-size: 90%;\">T\u1eed vong<\/span><\/p>\n\t\t<\/div>\n\t<\/div>\n\t\n\t\n\t\t<\/div>\n\t\t\t\t\t<\/div>\n\n\t\n<\/div>\n\t\t<\/div>\n\t\t\t\t\t<\/div>\n\n\t\n\n\t<div id=\"col-846123234\" class=\"col medium-6 small-12 large-6\"  >\n\t\t\t\t<div class=\"col-inner\"  >\n\t\t\t\n\t\t\t\n\t<div class=\"img has-hover x md-x lg-x y md-y lg-y\" id=\"image_1929959728\">\n\t\t\t\t\t\t\t\t<div class=\"img-inner dark\" >\n\t\t\t<img width=\"500\" height=\"333\" src=\"https:\/\/demo.bmconnect.vn\/baohiem\/wp-content\/uploads\/2019\/04\/bac-sy.jpg\" class=\"attachment-original size-original\" alt=\"\" loading=\"lazy\" srcset=\"https:\/\/demo.bmconnect.vn\/baohiem\/wp-content\/uploads\/2019\/04\/bac-sy.jpg 500w, https:\/\/demo.bmconnect.vn\/baohiem\/wp-content\/uploads\/2019\/04\/bac-sy-300x200.jpg 300w\" sizes=\"(max-width: 500px) 100vw, 500px\" \/>\t\t\t\t\t\t\n\t\t\t\t\t<\/div>\n\t\t\t\t\t\t\t\t\n<style>\n#image_1929959728 {\n  width: 100%;\n}\n<\/style>\n\t<\/div>\n\t\n\t\t<\/div>\n\t\t\t\t\t<\/div>\n\n\t\n<\/div>\n<div class=\"row row-small chung-tu\"  id=\"row-196881212\">\n\n\t<div id=\"col-1199266868\" class=\"col chi-phi-nam-vien medium-3 small-6 large-3\"  >\n\t\t\t\t<div class=\"col-inner\"  >\n\t\t\t\n\t\t\t\n<h3>H\u1ed7 tr\u1ee3 chi ph\u00ed n\u1eb1m vi\u1ec7n\/ ph\u1eabu thu\u1eadn<\/h3>\n<ol>\n<li>\u0110\u01a1n y\u00eau c\u1ea7u gi\u1ea3i quy\u1ebft quy\u1ec1n l\u1ee3i b\u1ea3o hi\u1ec3m (theo m\u1eabu)<\/li>\n<li>Gi\u1ea5y ra vi\u1ec7n<\/li>\n<li>Gi\u1ea5y t\u1edd y t\u1ebf \u0111\u1ed1i v\u1edbi Quy\u1ec1n l\u1ee3i H\u1ed7 tr\u1ee3 ph\u1eabu thu\u1eadt : Gi\u1ea5y ra vi\u1ec7n, Gi\u1ea5y ch\u1ee9ng nh\u1eadn ph\u1eabu thu\u1eadt, B\u1ea3ng k\u00ea chi ti\u1ebft vi\u1ec7n ph\u00ed, S\u1ed5 y b\u1ea1<\/li>\n<li>C\u00e1c ch\u1ee9ng t\u1eeb y t\u1ebf kh\u00e1c c\u00f3 li\u00ean quan (n\u1ebfu c\u00f3)<\/li>\n<\/ol>\n\t\t<\/div>\n\t\t\t\t\t<\/div>\n\n\t\n\n\t<div id=\"col-2132585398\" class=\"col benh-hiem-ngheo medium-3 small-6 large-3\"  >\n\t\t\t\t<div class=\"col-inner\"  >\n\t\t\t\n\t\t\t\n<h3>B\u1ec7nh hi\u1ec3m ngh\u00e8o<\/h3>\n<ol>\n<li>\u0110\u01a1n y\u00eau c\u1ea7u gi\u1ea3i quy\u1ebft quy\u1ec1n l\u1ee3i b\u1ea3o hi\u1ec3m (theo m\u1eabu)<\/li>\n<li>Gi\u1ea5y t\u1edd y t\u1ebf: H\u1ed3 s\u01a1 kh\u00e1m b\u1ec7nh, K\u1ebft qu\u1ea3 gi\u1ea3i ph\u1eabu b\u1ec7nh ho\u1eb7c k\u1ebft qu\u1ea3 sinh thi\u1ebft<\/li>\n<li>C\u00e1c ch\u1ee9ng t\u1eeb y t\u1ebf kh\u00e1c c\u00f3 li\u00ean quan (n\u1ebfu c\u00f3)<\/li>\n<\/ol>\n\t\t<\/div>\n\t\t\t\t\t<\/div>\n\n\t\n\n\t<div id=\"col-733521009\" class=\"col thuong-tat medium-3 small-6 large-3\"  >\n\t\t\t\t<div class=\"col-inner\"  >\n\t\t\t\n\t\t\t\n<h3>Th\u01b0\u01a1ng t\u1eadt to\u00e0n b\u1ed9 v\u0129nh vi\u00ean<\/h3>\n<ol>\n<li>\u0110\u01a1n y\u00eau c\u1ea7u gi\u1ea3i quy\u1ebft quy\u1ec1n l\u1ee3i b\u1ea3o hi\u1ec3m (theo m\u1eabu)<\/li>\n<li>Bi\u00ean b\u1ea3n v\u1ec1 t\u1ea1i n\u1ea1n c\u1ee7a c\u01a1 quan c\u00f3 th\u1ea9m quy\u1ec1n<\/li>\n<li>Gi\u1ea5y t\u1edd y t\u1ebf: To\u00e0n b\u1ed9 ch\u1ee9ng t\u1eeb y t\u1ebf li\u00ean quan \u0111\u1ebfn tai n\u1ea1n (h\u1ed3 s\u01a1 kh\u00e1m b\u1ec7nh gi\u1ea5y ra vi\u1ec7n, t\u00f3m t\u1eaft b\u1ec7nh \u00e1n \u2026)<\/li>\n<li>B\u1ea3n g\u1ed1c h\u1ee3p \u0111\u1ed3ng b\u1ea3o hi\u1ec3m<\/li>\n<\/ol>\n\t\t<\/div>\n\t\t\t\t\t<\/div>\n\n\t\n\n\t<div id=\"col-1141984932\" class=\"col tu-vong medium-3 small-6 large-3\"  >\n\t\t\t\t<div class=\"col-inner\"  >\n\t\t\t\n\t\t\t\n<h3>Tr\u01b0\u1eddng h\u1ee3p t\u1eed vong<\/h3>\n<ol>\n<li>\u0110\u01a1n y\u00eau c\u1ea7u gi\u1ea3i quy\u1ebft quy\u1ec1n l\u1ee3i b\u1ea3o hi\u1ec3m (theo m\u1eabu)<\/li>\n<li>Tr\u00edch l\u1ee5c khai t\u1eed<\/li>\n<li>Bi\u00ean b\u1ea3n v\u1ec1 t\u1ea1i n\u1ea1n c\u1ee7a c\u01a1 quan th\u1ea9m quy\u1ec1n (tr\u01b0\u1eddng h\u1ee3p tai n\u1ea1n)<\/li>\n<li>Gi\u1ea5y t\u1edd y t\u1ebf : To\u00e0n b\u1ed9 ch\u1ee9ng t\u1eeb y t\u1ebf li\u00ean quan \u0111\u1ebfn s\u1ef1 ki\u1ec7n t\u1eed vong (h\u1ed3 s\u01a1 kh\u00e1m b\u1ec7nh, gi\u1ea5y ra vi\u1ec7n, t\u00f3m t\u1eaft b\u1ec7nh \u00e1n&#8230;)<\/li>\n<li>B\u1ea3n g\u1ed1c h\u1ee3p \u0111\u1ed3ng b\u1ea3o hi\u1ec3m<\/li>\n<\/ol>\n\t\t<\/div>\n\t\t\t\t\t<\/div>\n\n\t\n<\/div>\n\t<div id=\"gap-378795048\" class=\"gap-element clearfix\" style=\"display:block; height:auto;\">\n\t\t\n<style>\n#gap-378795048 {\n  padding-top: 30px;\n}\n<\/style>\n\t<\/div>\n\t\n<div class=\"row giai-quyet-quyen-loi\"  id=\"row-1595130047\">\n\n\t<div id=\"col-74061774\" class=\"col small-12 large-12\"  >\n\t\t\t\t<div class=\"col-inner\"  >\n\t\t\t\n\t\t\t\n\t<div id=\"gap-1087373656\" class=\"gap-element clearfix\" style=\"display:block; height:auto;\">\n\t\t\n<style>\n#gap-1087373656 {\n  padding-top: 30px;\n}\n<\/style>\n\t<\/div>\n\t\n<div class=\"container section-title-container\" ><h2 class=\"section-title section-title-center\"><b><\/b><span class=\"section-title-main\" style=\"color:rgb(0, 0, 0);\">Gi\u1ea3i quy\u1ebft quy\u1ec1n l\u1ee3i b\u1ea3o hi\u1ec3m ch\u1ec9 trong 3 b\u01b0\u1edbc<\/span><b><\/b><\/h2><\/div>\n\t\t<\/div>\n\t\t\t\t\t<\/div>\n\n\t\n\n\t<div id=\"col-761000406\" class=\"col buoc1 medium-4 small-12 large-4\"  >\n\t\t\t\t<div class=\"col-inner\"  >\n\t\t\t\n\t\t\t\n\n\t\t<div class=\"icon-box featured-box icon-box-left text-left\"  >\n\t\t\t\t\t<div class=\"icon-box-img\" style=\"width: 60px\">\n\t\t\t\t<div class=\"icon\">\n\t\t\t\t\t<div class=\"icon-inner\" >\n\t\t\t\t\t\t<img width=\"70\" height=\"70\" src=\"https:\/\/demo.bmconnect.vn\/baohiem\/wp-content\/uploads\/2019\/04\/icon12.png\" class=\"attachment-medium size-medium\" alt=\"\" loading=\"lazy\" \/>\t\t\t\t\t<\/div>\n\t\t\t\t<\/div>\n\t\t\t<\/div>\n\t\t\t\t<div class=\"icon-box-text last-reset\">\n\t\t\t\t\t\t\t\t\t\n<h3><span style=\"font-size: 170%;\">01<\/span><\/h3>\n<p>Nh\u1eadp th\u00f4ng tin y\u00eau c\u1ea7u GQQLBH, bao g\u1ed3m th\u00f4ng tin v\u1ec1 b\u00ean mua b\u1ea3o hi\u1ec3m<\/p>\n\t\t<\/div>\n\t<\/div>\n\t\n\t\n\t\t<\/div>\n\t\t\t\t\t<\/div>\n\n\t\n\n\t<div id=\"col-834277969\" class=\"col buoc2 medium-4 small-12 large-4\"  >\n\t\t\t\t<div class=\"col-inner\"  >\n\t\t\t\n\t\t\t\n\n\t\t<div class=\"icon-box featured-box icon-box-left text-left\"  >\n\t\t\t\t\t<div class=\"icon-box-img\" style=\"width: 60px\">\n\t\t\t\t<div class=\"icon\">\n\t\t\t\t\t<div class=\"icon-inner\" >\n\t\t\t\t\t\t<img width=\"87\" height=\"70\" src=\"https:\/\/demo.bmconnect.vn\/baohiem\/wp-content\/uploads\/2019\/04\/icon13.png\" class=\"attachment-medium size-medium\" alt=\"\" loading=\"lazy\" \/>\t\t\t\t\t<\/div>\n\t\t\t\t<\/div>\n\t\t\t<\/div>\n\t\t\t\t<div class=\"icon-box-text last-reset\">\n\t\t\t\t\t\t\t\t\t\n<h3><span style=\"font-size: 170%;\">02<\/span><\/h3>\n<p>Ch\u1ecdn QLBH y\u00eau c\u1ea7u, \u0111\u00ednh k\u00e8m c\u00e1c \u1ea3nh ch\u1ee5p c\u00e1c ch\u1ee9ng t\u1eeb li\u00ean quan Qu\u00fd kh\u00e1ch \u0111\u00e3 chu\u1ea9n b\u1ecb<\/p>\n\t\t<\/div>\n\t<\/div>\n\t\n\t\n\t\t<\/div>\n\t\t\t\t\t<\/div>\n\n\t\n\n\t<div id=\"col-1747608825\" class=\"col buoc3 medium-4 small-12 large-4\"  >\n\t\t\t\t<div class=\"col-inner\"  >\n\t\t\t\n\t\t\t\n\n\t\t<div class=\"icon-box featured-box icon-box-left text-left\"  >\n\t\t\t\t\t<div class=\"icon-box-img\" style=\"width: 60px\">\n\t\t\t\t<div class=\"icon\">\n\t\t\t\t\t<div class=\"icon-inner\" >\n\t\t\t\t\t\t<img width=\"53\" height=\"70\" src=\"https:\/\/demo.bmconnect.vn\/baohiem\/wp-content\/uploads\/2019\/04\/icon14.png\" class=\"attachment-medium size-medium\" alt=\"\" loading=\"lazy\" \/>\t\t\t\t\t<\/div>\n\t\t\t\t<\/div>\n\t\t\t<\/div>\n\t\t\t\t<div class=\"icon-box-text last-reset\">\n\t\t\t\t\t\t\t\t\t\n<h3><span style=\"font-size: 170%;\">03<\/span><\/h3>\n<p>Nh\u1eadp s\u1ed1 \u0111i\u1ec7n tho\u1ea1i c\u1ee7a B\u00ean mua b\u1ea3o hi\u1ec3m \u0111\u1ec3 x\u00e1c nh\u1eadn vi\u1ec7c n\u1ed9p y\u00eau c\u1ea7u GQQLBH \u0111\u00e3 ho\u00e0n t\u1ea5t<\/p>\n\t\t<\/div>\n\t<\/div>\n\t\n\t\n\t\t<\/div>\n\t\t\t\t\t<\/div>\n\n\t\n<\/div>\n\t<div id=\"gap-298282909\" class=\"gap-element clearfix\" style=\"display:block; height:auto;\">\n\t\t\n<style>\n#gap-298282909 {\n  padding-top: 48px;\n}\n<\/style>\n\t<\/div>\n\t\n<div class=\"row thoi-gian-phuc-dap\"  id=\"row-669994997\">\n\n\t<div id=\"col-904902189\" class=\"col medium-6 small-12 large-6\"  >\n\t\t\t\t<div class=\"col-inner\"  >\n\t\t\t\n\t\t\t\n\t<div class=\"img has-hover x md-x lg-x y md-y lg-y\" id=\"image_529927476\">\n\t\t\t\t\t\t\t\t<div class=\"img-inner dark\" >\n\t\t\t<img width=\"617\" height=\"412\" src=\"https:\/\/demo.bmconnect.vn\/baohiem\/wp-content\/uploads\/2019\/04\/hinh2.jpg\" class=\"attachment-original size-original\" alt=\"\" loading=\"lazy\" srcset=\"https:\/\/demo.bmconnect.vn\/baohiem\/wp-content\/uploads\/2019\/04\/hinh2.jpg 617w, https:\/\/demo.bmconnect.vn\/baohiem\/wp-content\/uploads\/2019\/04\/hinh2-300x200.jpg 300w\" sizes=\"(max-width: 617px) 100vw, 617px\" \/>\t\t\t\t\t\t\n\t\t\t\t\t<\/div>\n\t\t\t\t\t\t\t\t\n<style>\n#image_529927476 {\n  width: 100%;\n}\n<\/style>\n\t<\/div>\n\t\n\t\t<\/div>\n\t\t\t\t\t<\/div>\n\n\t\n\n\t<div id=\"col-1157695171\" class=\"col medium-6 small-12 large-6\"  >\n\t\t\t\t<div class=\"col-inner\"  >\n\t\t\t\n\t\t\t\n\t<div id=\"gap-554581998\" class=\"gap-element clearfix\" style=\"display:block; height:auto;\">\n\t\t\n<style>\n#gap-554581998 {\n  padding-top: 21px;\n}\n<\/style>\n\t<\/div>\n\t\n<h2>TH\u1edcI GIAN PH\u00daC \u0110\u00c1P C\u1ee6A CH\u00daNG T\u00d4I<\/h2>\n<p>Ngay sau khi g\u1eedi y\u00eau c\u1ea7u GQQLBH th\u00e0nh c\u00f4ng:<\/p>\n<ul>\n<li>M\u00e0n h\u00ecnh s\u1ebd hi\u1ec7n th\u00f4ng b\u00e1o Qu\u00fd kh\u00e1ch \u0111\u00e3 ho\u00e0n t\u1ea5t N\u1ed9p h\u1ed3 s\u01a1 GQQLBH<\/li>\n<li>Tin nh\u1eafn (SMS) x\u00e1c nh\u1eadn t\u1eeb Aviva s\u1ebd \u0111\u01b0\u1ee3c g\u1eedi \u0111\u1ebfn s\u1ed1 \u0111i\u1ec7n tho\u1ea1i Qu\u00fd kh\u00e1ch \u0111\u00e3 cung c\u1ea5p.<\/li>\n<li>\u0110\u1ed1i v\u1edbi y\u00eau c\u1ea7u Quy\u1ec1n l\u1ee3i H\u1ed7 tr\u1ee3 chi ph\u00ed n\u1eb1m vi\u1ec7n\/ph\u1eabu thu\u1eadt, Aviva s\u1ebd g\u1eedi th\u01b0 ph\u00fac \u0111\u00e1p trong v\u00f2ng 5 ng\u00e0y l\u00e0m vi\u1ec7c<\/li>\n<li>\u0110\u1ed1i v\u1edbi y\u00eau c\u1ea7u Quy\u1ec1n l\u1ee3i t\u1eed vong\/Quy\u1ec1n l\u1ee3i B\u1ec7nh hi\u1ec3m ngh\u00e8o\/Quy\u1ec1n l\u1ee3i th\u01b0\u01a1ng t\u1eadt to\u00e0n b\u1ed9 v\u0129nh vi\u1ec5n, Aviva s\u1ebd g\u1eedi th\u01b0 ph\u00fac \u0111\u00e1p trong v\u00f2ng 7 ng\u00e0y l\u00e0m vi\u1ec7c.<\/li>\n<\/ul>\n\t\t<\/div>\n\t\t\t\t\t<\/div>\n\n\t\n\n\t<div id=\"col-1175209224\" class=\"col small-12 large-12\"  >\n\t\t\t\t<div class=\"col-inner text-center\"  >\n\t\t\t\n\t\t\t\n\t<div id=\"gap-181670901\" class=\"gap-element clearfix\" style=\"display:block; height:auto;\">\n\t\t\n<style>\n#gap-181670901 {\n  padding-top: 30px;\n}\n<\/style>\n\t<\/div>\n\t\n<a href=\"#dang-ky\" target=\"_self\" class=\"button primary lowercase reveal-icon\"  style=\"border-radius:99px;\">\n    <span>B\u1eaft \u0111\u1ea7u n\u1ed9p h\u1ed3 s\u01a1<\/span>\n  <i class=\"icon-user\" ><\/i><\/a>\n\n\t\t<\/div>\n\t\t\t\t\t<\/div>\n\n\t\n<\/div>\n\t\t<\/div>\n\n\t\t\n<style>\n#section_2088766145 {\n  padding-top: 0px;\n  padding-bottom: 0px;\n}\n<\/style>\n\t<\/section>\n\t\n","protected":false},"excerpt":{"rendered":"","protected":false},"author":1,"featured_media":0,"parent":0,"menu_order":0,"comment_status":"closed","ping_status":"closed","template":"page-blank.php","meta":[],"_links":{"self":[{"href":"https:\/\/demo.bmconnect.vn\/baohiem\/wp-json\/wp\/v2\/pages\/411"}],"collection":[{"href":"https:\/\/demo.bmconnect.vn\/baohiem\/wp-json\/wp\/v2\/pages"}],"about":[{"href":"https:\/\/demo.bmconnect.vn\/baohiem\/wp-json\/wp\/v2\/types\/page"}],"author":[{"embeddable":true,"href":"https:\/\/demo.bmconnect.vn\/baohiem\/wp-json\/wp\/v2\/users\/1"}],"replies":[{"embeddable":true,"href":"https:\/\/demo.bmconnect.vn\/baohiem\/wp-json\/wp\/v2\/comments?post=411"}],"version-history":[{"count":0,"href":"https:\/\/demo.bmconnect.vn\/baohiem\/wp-json\/wp\/v2\/pages\/411\/revisions"}],"wp:attachment":[{"href":"https:\/\/demo.bmconnect.vn\/baohiem\/wp-json\/wp\/v2\/media?parent=411"}],"curies":[{"name":"wp","href":"https:\/\/api.w.org\/{rel}","templated":true}]}}