{"id":38,"date":"2019-04-01T14:37:36","date_gmt":"2019-04-01T07:37:36","guid":{"rendered":"https:\/\/demo.bmconnect.vn\/?page_id=38"},"modified":"2019-04-03T14:49:51","modified_gmt":"2019-04-03T07:49:51","slug":"giai-phap-dau-tu-tai-chinh-cho-doanh-nghiep","status":"publish","type":"page","link":"https:\/\/demo.bmconnect.vn\/baohiem\/san-pham\/doanh-nghiep\/giai-phap-dau-tu-tai-chinh-cho-doanh-nghiep\/","title":{"rendered":"Gi\u1ea3i ph\u00e1p \u0111\u1ea7u t\u01b0 t\u00e0i ch\u00ednh cho doanh nghi\u1ec7p"},"content":{"rendered":"<div class=\"row banner-row\"  id=\"row-1664579363\">\n\n\t<div id=\"col-1693864701\" class=\"col small-12 large-12\"  >\n\t\t\t\t<div class=\"col-inner\"  >\n\t\t\t\n\t\t\t\n\n  <div class=\"banner has-hover\" id=\"banner-153901802\">\n          <div class=\"banner-inner fill\">\n        <div class=\"banner-bg fill\" >\n            <div class=\"bg fill bg-fill \"><\/div>\n                        <div class=\"overlay\"><\/div>            \n                    <\/div>\n        <div class=\"banner-layers container\">\n            <div class=\"fill banner-link\"><\/div>            \n   <div id=\"text-box-1386764712\" class=\"text-box banner-layer x15 md-x15 lg-x15 y50 md-y50 lg-y50 res-text\">\n                                <div class=\"text-box-content text dark\">\n              \n              <div class=\"text-inner text-center\">\n                  \n<h3 class=\"uppercase\"><strong>DOANH NGHI\u1ec6P<\/strong><\/h3>\n              <\/div>\n           <\/div>\n                            \n<style>\n#text-box-1386764712 {\n  width: 36%;\n}\n#text-box-1386764712 .text-box-content {\n  font-size: 100%;\n}\n<\/style>\n    <\/div>\n \n        <\/div>\n      <\/div>\n\n              <div class=\"height-fix is-invisible\"><img width=\"1200\" height=\"219\" src=\"https:\/\/demo.bmconnect.vn\/baohiem\/wp-content\/uploads\/2019\/04\/DOANH-NGHI\u1eb8P.jpg\" class=\"attachment-original size-original\" alt=\"\" loading=\"lazy\" srcset=\"https:\/\/demo.bmconnect.vn\/baohiem\/wp-content\/uploads\/2019\/04\/DOANH-NGHI\u1eb8P.jpg 1200w, https:\/\/demo.bmconnect.vn\/baohiem\/wp-content\/uploads\/2019\/04\/DOANH-NGHI\u1eb8P-300x55.jpg 300w, https:\/\/demo.bmconnect.vn\/baohiem\/wp-content\/uploads\/2019\/04\/DOANH-NGHI\u1eb8P-768x140.jpg 768w, https:\/\/demo.bmconnect.vn\/baohiem\/wp-content\/uploads\/2019\/04\/DOANH-NGHI\u1eb8P-1024x187.jpg 1024w\" sizes=\"(max-width: 1200px) 100vw, 1200px\" \/><\/div>\n            \n<style>\n#banner-153901802 .bg.bg-loaded {\n  background-image: url(https:\/\/demo.bmconnect.vn\/baohiem\/wp-content\/uploads\/2019\/04\/DOANH-NGHI\u1eb8P.jpg);\n}\n#banner-153901802 .overlay {\n  background-color: rgba(0, 0, 0, 0.17);\n}\n<\/style>\n  <\/div>\n\n\n\t\t<\/div>\n\t\t\t\t\t<\/div>\n\n\t\n<\/div>\n<div class=\"row row-small row-tieu-de doanh-nghiep\"  id=\"row-739352605\">\n\n\t<div id=\"col-1337331711\" class=\"col medium-2 small-6 large-2\"  >\n\t\t\t\t<div class=\"col-inner\"  >\n\t\t\t\n\t\t\t\n\t\t<\/div>\n\t\t\t\t\t<\/div>\n\n\t\n\n\t<div id=\"col-368726470\" class=\"col medium-2 small-6 large-2\"  >\n\t\t\t\t<div class=\"col-inner\"  >\n\t\t\t\n\t\t\t\n\n\t<a class=\"plain\" href=\"\/san-pham\/ca-nhan\/\"  >\t<div class=\"icon-box featured-box ca-nhan icon-box-left text-left\"  >\n\t\t\t\t\t<div class=\"icon-box-img\" style=\"width: 30px\">\n\t\t\t\t<div class=\"icon\">\n\t\t\t\t\t<div class=\"icon-inner\" >\n\t\t\t\t\t\t<img width=\"70\" height=\"70\" src=\"https:\/\/demo.bmconnect.vn\/baohiem\/wp-content\/uploads\/2019\/04\/icon12.png\" class=\"attachment-medium size-medium\" alt=\"\" loading=\"lazy\" \/>\t\t\t\t\t<\/div>\n\t\t\t\t<\/div>\n\t\t\t<\/div>\n\t\t\t\t<div class=\"icon-box-text last-reset\">\n\t\t\t\t\t\t\t\t\t\n<p style=\"text-align: left;\">C\u00e1 nh\u00e2n<\/p>\n\t\t<\/div>\n\t<\/div>\n\t<\/a>\n\t\n\t\t<\/div>\n\t\t\t\t\t<\/div>\n\n\t\n\n\t<div id=\"col-489810154\" class=\"col cot2 medium-2 small-6 large-2\"  >\n\t\t\t\t<div class=\"col-inner\"  >\n\t\t\t\n\t\t\t\n\n\t\t<div class=\"icon-box featured-box ca-nhan icon-box-left text-left\"  >\n\t\t\t\t\t<div class=\"icon-box-img\" style=\"width: 30px\">\n\t\t\t\t<div class=\"icon\">\n\t\t\t\t\t<div class=\"icon-inner\" >\n\t\t\t\t\t\t<img width=\"87\" height=\"70\" src=\"https:\/\/demo.bmconnect.vn\/baohiem\/wp-content\/uploads\/2019\/04\/icon13.png\" class=\"attachment-medium size-medium\" alt=\"\" loading=\"lazy\" \/>\t\t\t\t\t<\/div>\n\t\t\t\t<\/div>\n\t\t\t<\/div>\n\t\t\t\t<div class=\"icon-box-text last-reset\">\n\t\t\t\t\t\t\t\t\t\n<p style=\"text-align: left;\">Doanh nghi\u1ec7p<\/p>\n\t\t<\/div>\n\t<\/div>\n\t\n\t\n\t\t<\/div>\n\t\t\t\t\t<\/div>\n\n\t\n\n\t<div id=\"col-1584388839\" class=\"col medium-2 small-6 large-2\"  >\n\t\t\t\t<div class=\"col-inner\"  >\n\t\t\t\n\t\t\t\n\n\t<a class=\"plain\" href=\"\/lai-suat-cong-bo\/\"  >\t<div class=\"icon-box featured-box ca-nhan icon-box-left text-left\"  >\n\t\t\t\t\t<div class=\"icon-box-img\" style=\"width: 30px\">\n\t\t\t\t<div class=\"icon\">\n\t\t\t\t\t<div class=\"icon-inner\" >\n\t\t\t\t\t\t<img width=\"53\" height=\"70\" src=\"https:\/\/demo.bmconnect.vn\/baohiem\/wp-content\/uploads\/2019\/04\/icon14.png\" class=\"attachment-medium size-medium\" alt=\"\" loading=\"lazy\" \/>\t\t\t\t\t<\/div>\n\t\t\t\t<\/div>\n\t\t\t<\/div>\n\t\t\t\t<div class=\"icon-box-text last-reset\">\n\t\t\t\t\t\t\t\t\t\n<p style=\"text-align: left;\">L\u00e3i su\u1ea5t c\u00f4ng b\u1ed1<\/p>\n\t\t<\/div>\n\t<\/div>\n\t<\/a>\n\t\n\t\t<\/div>\n\t\t\t\t\t<\/div>\n\n\t\n\n\t<div id=\"col-1077355548\" class=\"col medium-2 small-6 large-2\"  >\n\t\t\t\t<div class=\"col-inner\"  >\n\t\t\t\n\t\t\t\n\t\t<\/div>\n\t\t\t\t\t<\/div>\n\n\t\n<\/div>\n<div class=\"row row-small row-tieu-de-2\"  id=\"row-666912962\">\n\n\t<div id=\"col-422137216\" class=\"col medium-6 small-6 large-6\"  >\n\t\t\t\t<div class=\"col-inner\"  >\n\t\t\t\n\t\t\t\n<p><span style=\"color: #4376b7;\"><a style=\"color: #4376b7;\" href=\"\/san-pham\/doanh-nghiep\/bao-ve-nguoi-lao-dong-truoc-rui-ro-lao-dong\/\">B\u1ea3o v\u1ec7 ng\u01b0\u1eddi lao \u0111\u1ed9ng tr\u01b0\u1edbc nh\u1eefng r\u1ee7i ro cu\u1ed9c s\u1ed1ng<\/a><\/span><\/p>\n\t\t<\/div>\n\t\t\t\t\t<\/div>\n\n\t\n\n\t<div id=\"col-1796179824\" class=\"col medium-6 small-6 large-6\"  >\n\t\t\t\t<div class=\"col-inner\"  >\n\t\t\t\n\t\t\t\n<p><span style=\"color: #83b614;\"><a style=\"color: #83b614;\" href=\"\/san-pham\/doanh-nghiep\/giai-phap-dau-tu-tai-chinh-cho-doanh-nghiep\/\">Gi\u1ea3i ph\u00e1p \u0111\u1ea7u t\u01b0 t\u00e0i ch\u00ednh cho doanh nghi\u1ec7p<\/a><\/span><\/p>\n\t\t<\/div>\n\t\t\t\t\t<\/div>\n\n\t\n<\/div>\n\t<div id=\"gap-253092571\" class=\"gap-element clearfix\" style=\"display:block; height:auto;\">\n\t\t\n<style>\n#gap-253092571 {\n  padding-top: 30px;\n}\n<\/style>\n\t<\/div>\n\t\n<div class=\"row row-noi-dung\"  id=\"row-1819330844\">\n\n\t<div id=\"col-545823364\" class=\"col medium-6 small-12 large-6\"  >\n\t\t\t\t<div class=\"col-inner\"  >\n\t\t\t\n\t\t\t\n\t<div class=\"img has-hover x md-x lg-x y md-y lg-y\" id=\"image_70788260\">\n\t\t<a class=\"\" href=\"\/phat-nghiep-hung-vuong\/\"  >\t\t\t\t\t\t<div class=\"img-inner dark\" >\n\t\t\t<img width=\"600\" height=\"336\" src=\"https:\/\/demo.bmconnect.vn\/baohiem\/wp-content\/uploads\/2019\/04\/0223.jpg\" class=\"attachment-original size-original\" alt=\"\" loading=\"lazy\" srcset=\"https:\/\/demo.bmconnect.vn\/baohiem\/wp-content\/uploads\/2019\/04\/0223.jpg 600w, https:\/\/demo.bmconnect.vn\/baohiem\/wp-content\/uploads\/2019\/04\/0223-300x168.jpg 300w\" sizes=\"(max-width: 600px) 100vw, 600px\" \/>\t\t\t\t\t\t\n\t\t\t\t\t<\/div>\n\t\t\t\t\t\t<\/a>\t\t\n<style>\n#image_70788260 {\n  width: 100%;\n}\n<\/style>\n\t<\/div>\n\t\n<h3 class=\"cate-name\"><a href=\"\/phat-nghiep-hung-vuong\/\" >PH\u00c1T NGHI\u1ec6P H\u01afNG V\u01af\u1ee2NG<\/a><\/h3>\n<div class=\"desc\">\n<p>Gi\u1ea3i ph\u00e1p thi\u1ebft th\u1ef1c v\u1ec1 t\u00e0i ch\u00ednh v\u00e0 ch\u00ednh s\u00e1ch nh\u00e2n s\u1ef1 gi\u00fap Doanh nghi\u1ec7p ch\u1ee7 \u0111\u1ed9ng v\u00e0 hi\u1ec7u qu\u1ea3 trong c\u1ea1nh tranh v\u00e0 ph\u00e1t tri\u1ec3n.<\/p>\n<\/div>\n\t\t<\/div>\n\t\t\t\t\t<\/div>\n\n\t\n<\/div>\n","protected":false},"excerpt":{"rendered":"","protected":false},"author":1,"featured_media":0,"parent":26,"menu_order":0,"comment_status":"closed","ping_status":"closed","template":"page-blank.php","meta":[],"_links":{"self":[{"href":"https:\/\/demo.bmconnect.vn\/baohiem\/wp-json\/wp\/v2\/pages\/38"}],"collection":[{"href":"https:\/\/demo.bmconnect.vn\/baohiem\/wp-json\/wp\/v2\/pages"}],"about":[{"href":"https:\/\/demo.bmconnect.vn\/baohiem\/wp-json\/wp\/v2\/types\/page"}],"author":[{"embeddable":true,"href":"https:\/\/demo.bmconnect.vn\/baohiem\/wp-json\/wp\/v2\/users\/1"}],"replies":[{"embeddable":true,"href":"https:\/\/demo.bmconnect.vn\/baohiem\/wp-json\/wp\/v2\/comments?post=38"}],"version-history":[{"count":0,"href":"https:\/\/demo.bmconnect.vn\/baohiem\/wp-json\/wp\/v2\/pages\/38\/revisions"}],"up":[{"embeddable":true,"href":"https:\/\/demo.bmconnect.vn\/baohiem\/wp-json\/wp\/v2\/pages\/26"}],"wp:attachment":[{"href":"https:\/\/demo.bmconnect.vn\/baohiem\/wp-json\/wp\/v2\/media?parent=38"}],"curies":[{"name":"wp","href":"https:\/\/api.w.org\/{rel}","templated":true}]}}