{"id":32,"date":"2019-04-01T14:36:53","date_gmt":"2019-04-01T07:36:53","guid":{"rendered":"https:\/\/demo.bmconnect.vn\/?page_id=32"},"modified":"2019-04-03T14:40:32","modified_gmt":"2019-04-03T07:40:32","slug":"bao-ve-truoc-nhung-rui-ro-cuoc-song","status":"publish","type":"page","link":"https:\/\/demo.bmconnect.vn\/baohiem\/san-pham\/ca-nhan\/bao-ve-truoc-nhung-rui-ro-cuoc-song\/","title":{"rendered":"B\u1ea3o v\u1ec7 tr\u01b0\u1edbc nh\u1eefng r\u1ee7i ro cu\u1ed9c s\u1ed1ng"},"content":{"rendered":"<div class=\"row banner-row\"  id=\"row-292915121\">\n\n\t<div id=\"col-385464975\" class=\"col small-12 large-12\"  >\n\t\t\t\t<div class=\"col-inner\"  >\n\t\t\t\n\t\t\t\n\n  <div class=\"banner has-hover\" id=\"banner-1184973494\">\n          <div class=\"banner-inner fill\">\n        <div class=\"banner-bg fill\" >\n            <div class=\"bg fill bg-fill \"><\/div>\n                        <div class=\"overlay\"><\/div>            \n                    <\/div>\n        <div class=\"banner-layers container\">\n            <div class=\"fill banner-link\"><\/div>            \n   <div id=\"text-box-218045592\" class=\"text-box banner-layer x15 md-x15 lg-x15 y50 md-y50 lg-y50 res-text\">\n                                <div class=\"text-box-content text dark\">\n              \n              <div class=\"text-inner text-center\">\n                  \n<h3 class=\"uppercase\"><strong>C\u00c1 NH\u00c2N<\/strong><\/h3>\n              <\/div>\n           <\/div>\n                            \n<style>\n#text-box-218045592 {\n  width: 36%;\n}\n#text-box-218045592 .text-box-content {\n  font-size: 100%;\n}\n<\/style>\n    <\/div>\n \n        <\/div>\n      <\/div>\n\n              <div class=\"height-fix is-invisible\"><img width=\"1200\" height=\"219\" src=\"https:\/\/demo.bmconnect.vn\/baohiem\/wp-content\/uploads\/2019\/04\/san-phan.jpg\" class=\"attachment-original size-original\" alt=\"\" loading=\"lazy\" srcset=\"https:\/\/demo.bmconnect.vn\/baohiem\/wp-content\/uploads\/2019\/04\/san-phan.jpg 1200w, https:\/\/demo.bmconnect.vn\/baohiem\/wp-content\/uploads\/2019\/04\/san-phan-300x55.jpg 300w, https:\/\/demo.bmconnect.vn\/baohiem\/wp-content\/uploads\/2019\/04\/san-phan-768x140.jpg 768w, https:\/\/demo.bmconnect.vn\/baohiem\/wp-content\/uploads\/2019\/04\/san-phan-1024x187.jpg 1024w\" sizes=\"(max-width: 1200px) 100vw, 1200px\" \/><\/div>\n            \n<style>\n#banner-1184973494 .bg.bg-loaded {\n  background-image: url(https:\/\/demo.bmconnect.vn\/baohiem\/wp-content\/uploads\/2019\/04\/san-phan.jpg);\n}\n#banner-1184973494 .overlay {\n  background-color: rgba(0, 0, 0, 0.17);\n}\n<\/style>\n  <\/div>\n\n\n\t\t<\/div>\n\t\t\t\t\t<\/div>\n\n\t\n<\/div>\n<div class=\"row row-small row-tieu-de ca-nhan\"  id=\"row-1632900520\">\n\n\t<div id=\"col-180454603\" class=\"col medium-2 small-6 large-2\"  >\n\t\t\t\t<div class=\"col-inner\"  >\n\t\t\t\n\t\t\t\n\t\t<\/div>\n\t\t\t\t\t<\/div>\n\n\t\n\n\t<div id=\"col-1326192480\" class=\"col cot1 medium-2 small-6 large-2\"  >\n\t\t\t\t<div class=\"col-inner\"  >\n\t\t\t\n\t\t\t\n\n\t\t<div class=\"icon-box featured-box ca-nhan icon-box-left text-left\"  >\n\t\t\t\t\t<div class=\"icon-box-img\" style=\"width: 30px\">\n\t\t\t\t<div class=\"icon\">\n\t\t\t\t\t<div class=\"icon-inner\" >\n\t\t\t\t\t\t<img width=\"70\" height=\"70\" src=\"https:\/\/demo.bmconnect.vn\/baohiem\/wp-content\/uploads\/2019\/04\/icon12.png\" class=\"attachment-medium size-medium\" alt=\"\" loading=\"lazy\" \/>\t\t\t\t\t<\/div>\n\t\t\t\t<\/div>\n\t\t\t<\/div>\n\t\t\t\t<div class=\"icon-box-text last-reset\">\n\t\t\t\t\t\t\t\t\t\n<p style=\"text-align: left;\">C\u00e1 nh\u00e2n<\/p>\n\t\t<\/div>\n\t<\/div>\n\t\n\t\n\t\t<\/div>\n\t\t\t\t\t<\/div>\n\n\t\n\n\t<div id=\"col-1346539893\" class=\"col medium-2 small-6 large-2\"  >\n\t\t\t\t<div class=\"col-inner\"  >\n\t\t\t\n\t\t\t\n\n\t<a class=\"plain\" href=\"\/san-pham\/doanh-nghiep\/\"  >\t<div class=\"icon-box featured-box ca-nhan icon-box-left text-left\"  >\n\t\t\t\t\t<div class=\"icon-box-img\" style=\"width: 30px\">\n\t\t\t\t<div class=\"icon\">\n\t\t\t\t\t<div class=\"icon-inner\" >\n\t\t\t\t\t\t<img width=\"87\" height=\"70\" src=\"https:\/\/demo.bmconnect.vn\/baohiem\/wp-content\/uploads\/2019\/04\/icon13.png\" class=\"attachment-medium size-medium\" alt=\"\" loading=\"lazy\" \/>\t\t\t\t\t<\/div>\n\t\t\t\t<\/div>\n\t\t\t<\/div>\n\t\t\t\t<div class=\"icon-box-text last-reset\">\n\t\t\t\t\t\t\t\t\t\n<p style=\"text-align: left;\">Doanh nghi\u1ec7p<\/p>\n\t\t<\/div>\n\t<\/div>\n\t<\/a>\n\t\n\t\t<\/div>\n\t\t\t\t\t<\/div>\n\n\t\n\n\t<div id=\"col-1592168119\" class=\"col medium-2 small-6 large-2\"  >\n\t\t\t\t<div class=\"col-inner\"  >\n\t\t\t\n\t\t\t\n\n\t<a class=\"plain\" href=\"\/lai-suat-cong-bo\/\"  >\t<div class=\"icon-box featured-box ca-nhan icon-box-left text-left\"  >\n\t\t\t\t\t<div class=\"icon-box-img\" style=\"width: 30px\">\n\t\t\t\t<div class=\"icon\">\n\t\t\t\t\t<div class=\"icon-inner\" >\n\t\t\t\t\t\t<img width=\"53\" height=\"70\" src=\"https:\/\/demo.bmconnect.vn\/baohiem\/wp-content\/uploads\/2019\/04\/icon14.png\" class=\"attachment-medium size-medium\" alt=\"\" loading=\"lazy\" \/>\t\t\t\t\t<\/div>\n\t\t\t\t<\/div>\n\t\t\t<\/div>\n\t\t\t\t<div class=\"icon-box-text last-reset\">\n\t\t\t\t\t\t\t\t\t\n<p style=\"text-align: left;\">L\u00e3i su\u1ea5t c\u00f4ng b\u1ed1<\/p>\n\t\t<\/div>\n\t<\/div>\n\t<\/a>\n\t\n\t\t<\/div>\n\t\t\t\t\t<\/div>\n\n\t\n\n\t<div id=\"col-1106841898\" class=\"col medium-2 small-6 large-2\"  >\n\t\t\t\t<div class=\"col-inner\"  >\n\t\t\t\n\t\t\t\n\t\t<\/div>\n\t\t\t\t\t<\/div>\n\n\t\n<\/div>\n<div class=\"row row-small row-tieu-de-2\"  id=\"row-1228443899\">\n\n\t<div id=\"col-631123783\" class=\"col medium-3 small-6 large-3\"  >\n\t\t\t\t<div class=\"col-inner\"  >\n\t\t\t\n\t\t\t\n<p><span style=\"color: #83b614;\"><a style=\"color: #83b614;\" href=\"\/san-pham\/ca-nhan\/tao-dung-tai-san-va-dau-tu-hieu-qua\/\">B\u1ea3o v\u1ec7 tr\u01b0\u1edbc nh\u1eefng r\u1ee7i ro c\u1ee7a cu\u1ed9c s\u1ed1ng<\/a><\/span><\/p>\n\t\t<\/div>\n\t\t\t\t\t<\/div>\n\n\t\n\n\t<div id=\"col-1882091174\" class=\"col medium-3 small-6 large-3\"  >\n\t\t\t\t<div class=\"col-inner\"  >\n\t\t\t\n\t\t\t\n<p><a href=\"\/san-pham\/ca-nhan\/tao-dung-tai-san-va-dau-tu-hieu-qua\/\">T\u1ea1o d\u1ef1ng t\u00e0i s\u1ea3n v\u00e0 \u0111\u1ea7u t\u01b0 hi\u1ec7u qu\u1ea3<\/a><\/p>\n\t\t<\/div>\n\t\t\t\t\t<\/div>\n\n\t\n\n\t<div id=\"col-992461670\" class=\"col medium-3 small-6 large-3\"  >\n\t\t\t\t<div class=\"col-inner\"  >\n\t\t\t\n\t\t\t\n<p><a href=\"\/san-pham\/ca-nhan\/tich-luy-cho-tuong-lai-hoc-van-cua-con\/\">T\u00edch l\u0169y t\u01b0\u01a1ng lai v\u00e0 h\u1ecdc v\u1ea5n cho con<\/a><\/p>\n\t\t<\/div>\n\t\t\t\t\t<\/div>\n\n\t\n\n\t<div id=\"col-1106009238\" class=\"col medium-3 small-6 large-3\"  >\n\t\t\t\t<div class=\"col-inner\"  >\n\t\t\t\n\t\t\t\n<p><a href=\"\/san-pham\/ca-nhan\/cham-soc-suc-khoe\/\">Ch\u0103m s\u00f3c s\u1ee9c kh\u1ecfe<\/a><\/p>\n\t\t<\/div>\n\t\t\t\t\t<\/div>\n\n\t\n<\/div>\n\t<div id=\"gap-823317605\" class=\"gap-element clearfix\" style=\"display:block; height:auto;\">\n\t\t\n<style>\n#gap-823317605 {\n  padding-top: 30px;\n}\n<\/style>\n\t<\/div>\n\t\n<div class=\"row\"  id=\"row-187415678\">\n\n\t<div id=\"col-449533253\" class=\"col small-12 large-12\"  >\n\t\t\t\t<div class=\"col-inner\"  >\n\t\t\t\n\t\t\t\n<div class=\"tieu-de-box\">\n<h2>B\u1ea2O V\u1ec6 TR\u01af\u1edaC NH\u1eeeNG R\u1ee6I RO TRONG CU\u1ed8C S\u1ed0NG<\/h2>\n<p>Gi\u1eefa nh\u1eefng h\u1ed1i h\u1ea3, ng\u01b0\u1ee3c xu\u00f4i kh\u00f4ng ng\u1eebng, cu\u1ed9c s\u1ed1ng c\u1ee7a ai \u0111\u00f3 c\u00f3 th\u1ec3 b\u01b0\u1edbc qua l\u1eb1n ranh gi\u1edbi gi\u1eefa h\u1ea1nh ph\u00fac v\u00e0 b\u1ea5t h\u1ea1nh ch\u1ec9 sau m\u1ed9t t\u00edch t\u1eafc kh\u00f4ng may n\u00e0o \u0111\u00f3. Th\u1ea5u hi\u1ec3u \u0111i\u1ec1u \u0111\u00f3, Aviva \u0111\u01b0a t\u1edbi m\u1ed9t gi\u1ea3i ph\u00e1p b\u1ea3o hi\u1ec3m tr\u01b0\u1edbc r\u1ee7i ro tai n\u1ea1n v\u00e0 th\u01b0\u01a1ng t\u00edch, gi\u00fap b\u1ea1n n\u1eafm tr\u1ecdn h\u1ea1nh ph\u00fac trong t\u1eebng kho\u1ea3nh kh\u1eafc c\u1ee7a cu\u1ed9c s\u1ed1ng<\/p>\n<\/div>\n\t\t<\/div>\n\t\t\t\t\t<\/div>\n\n\t\n<\/div>\n<div class=\"row\"  id=\"row-560612556\">\n\n\t<div id=\"col-1112204949\" class=\"col medium-6 small-12 large-6\"  >\n\t\t\t\t<div class=\"col-inner\"  >\n\t\t\t\n\t\t\t\n\t<div class=\"img has-hover x md-x lg-x y md-y lg-y\" id=\"image_1452699114\">\n\t\t<a class=\"\" href=\"\/bao-hiem-phat-an-binh\/\"  >\t\t\t\t\t\t<div class=\"img-inner dark\" >\n\t\t\t<img width=\"600\" height=\"336\" src=\"https:\/\/demo.bmconnect.vn\/baohiem\/wp-content\/uploads\/2019\/04\/ph\u00e1t-an-b\u00ecnh.jpg\" class=\"attachment-original size-original\" alt=\"\" loading=\"lazy\" srcset=\"https:\/\/demo.bmconnect.vn\/baohiem\/wp-content\/uploads\/2019\/04\/ph\u00e1t-an-b\u00ecnh.jpg 600w, https:\/\/demo.bmconnect.vn\/baohiem\/wp-content\/uploads\/2019\/04\/ph\u00e1t-an-b\u00ecnh-300x168.jpg 300w\" sizes=\"(max-width: 600px) 100vw, 600px\" \/>\t\t\t\t\t\t\n\t\t\t\t\t<\/div>\n\t\t\t\t\t\t<\/a>\t\t\n<style>\n#image_1452699114 {\n  width: 100%;\n}\n<\/style>\n\t<\/div>\n\t\n<h3 class=\"cate-name\"><a  href=\"\/bao-hiem-phat-an-binh\/\" >PH\u00c1T AN B\u00ccNH<\/a><\/h3>\n<div class=\"desc\">\n<p>Gi\u1ea3i ph\u00e1p b\u1ea3o v\u1ec7 t\u00e0i ch\u00ednh an to\u00e0n cho b\u1ea1n &#8211; tr\u1ee5 c\u1ed9t gia \u0111\u00ecnh &#8211; tr\u1ee5 c\u1ed9t doanh nghi\u1ec7p<\/p>\n<\/div>\n\t\t<\/div>\n\t\t\t\t\t<\/div>\n\n\t\n\n\t<div id=\"col-562720048\" class=\"col medium-6 small-12 large-6\"  >\n\t\t\t\t<div class=\"col-inner\"  >\n\t\t\t\n\t\t\t\n\t<div class=\"img has-hover x md-x lg-x y md-y lg-y\" id=\"image_1436387536\">\n\t\t<a class=\"\" href=\"\/bao-hiem-phat-an-binh\/\"  >\t\t\t\t\t\t<div class=\"img-inner dark\" >\n\t\t\t<img width=\"600\" height=\"336\" src=\"https:\/\/demo.bmconnect.vn\/baohiem\/wp-content\/uploads\/2019\/04\/ph\u00e1t-b\u00ecnh-an.jpg\" class=\"attachment-original size-original\" alt=\"\" loading=\"lazy\" srcset=\"https:\/\/demo.bmconnect.vn\/baohiem\/wp-content\/uploads\/2019\/04\/ph\u00e1t-b\u00ecnh-an.jpg 600w, https:\/\/demo.bmconnect.vn\/baohiem\/wp-content\/uploads\/2019\/04\/ph\u00e1t-b\u00ecnh-an-300x168.jpg 300w\" sizes=\"(max-width: 600px) 100vw, 600px\" \/>\t\t\t\t\t\t\n\t\t\t\t\t<\/div>\n\t\t\t\t\t\t<\/a>\t\t\n<style>\n#image_1436387536 {\n  width: 100%;\n}\n<\/style>\n\t<\/div>\n\t\n<h3 class=\"cate-name\"><a href=\"\/bao-hiem-phat-an-binh\/\">PH\u00c1T B\u00ccNH AN<\/a><\/h3>\n<div class=\"desc\">\n<p><span style=\"font-size: 95%;\">Gi\u1ea3i ph\u00e1p b\u1ea3o hi\u1ec3m tr\u01b0\u1edbc r\u1ee7i ro tai n\u1ea1n v\u00e0 th\u01b0\u01a1ng t\u00edch, gi\u00fap b\u1ea1n n\u1eafm tr\u1ecdn h\u1ea1nh ph\u00fac trong t\u1eebng kho\u1ea3nh kh\u1eafc c\u1ee7a cu\u1ed9c s\u1ed1ng<\/span><\/p>\n<\/div>\n\t\t<\/div>\n\t\t\t\t\t<\/div>\n\n\t\n<\/div>\n","protected":false},"excerpt":{"rendered":"","protected":false},"author":1,"featured_media":0,"parent":24,"menu_order":0,"comment_status":"closed","ping_status":"closed","template":"page-blank.php","meta":[],"_links":{"self":[{"href":"https:\/\/demo.bmconnect.vn\/baohiem\/wp-json\/wp\/v2\/pages\/32"}],"collection":[{"href":"https:\/\/demo.bmconnect.vn\/baohiem\/wp-json\/wp\/v2\/pages"}],"about":[{"href":"https:\/\/demo.bmconnect.vn\/baohiem\/wp-json\/wp\/v2\/types\/page"}],"author":[{"embeddable":true,"href":"https:\/\/demo.bmconnect.vn\/baohiem\/wp-json\/wp\/v2\/users\/1"}],"replies":[{"embeddable":true,"href":"https:\/\/demo.bmconnect.vn\/baohiem\/wp-json\/wp\/v2\/comments?post=32"}],"version-history":[{"count":0,"href":"https:\/\/demo.bmconnect.vn\/baohiem\/wp-json\/wp\/v2\/pages\/32\/revisions"}],"up":[{"embeddable":true,"href":"https:\/\/demo.bmconnect.vn\/baohiem\/wp-json\/wp\/v2\/pages\/24"}],"wp:attachment":[{"href":"https:\/\/demo.bmconnect.vn\/baohiem\/wp-json\/wp\/v2\/media?parent=32"}],"curies":[{"name":"wp","href":"https:\/\/api.w.org\/{rel}","templated":true}]}}