{"id":26,"date":"2019-04-01T14:36:09","date_gmt":"2019-04-01T07:36:09","guid":{"rendered":"https:\/\/demo.bmconnect.vn\/?page_id=26"},"modified":"2019-04-03T17:56:09","modified_gmt":"2019-04-03T10:56:09","slug":"doanh-nghiep","status":"publish","type":"page","link":"https:\/\/demo.bmconnect.vn\/baohiem\/san-pham\/doanh-nghiep\/","title":{"rendered":"Doanh nghi\u1ec7p"},"content":{"rendered":"<div class=\"row banner-row\"  id=\"row-1576639730\">\n\n\t<div id=\"col-624591978\" class=\"col small-12 large-12\"  >\n\t\t\t\t<div class=\"col-inner\"  >\n\t\t\t\n\t\t\t\n\n  <div class=\"banner has-hover\" id=\"banner-107941149\">\n          <div class=\"banner-inner fill\">\n        <div class=\"banner-bg fill\" >\n            <div class=\"bg fill bg-fill \"><\/div>\n                        <div class=\"overlay\"><\/div>            \n                    <\/div>\n        <div class=\"banner-layers container\">\n            <div class=\"fill banner-link\"><\/div>            \n   <div id=\"text-box-958586644\" class=\"text-box banner-layer x15 md-x15 lg-x15 y50 md-y50 lg-y50 res-text\">\n                                <div class=\"text-box-content text dark\">\n              \n              <div class=\"text-inner text-center\">\n                  \n<h3 class=\"uppercase\"><strong>DOANH NGHI\u1ec6P<\/strong><\/h3>\n              <\/div>\n           <\/div>\n                            \n<style>\n#text-box-958586644 {\n  width: 36%;\n}\n#text-box-958586644 .text-box-content {\n  font-size: 100%;\n}\n<\/style>\n    <\/div>\n \n        <\/div>\n      <\/div>\n\n              <div class=\"height-fix is-invisible\"><img width=\"1200\" height=\"219\" src=\"https:\/\/demo.bmconnect.vn\/baohiem\/wp-content\/uploads\/2019\/04\/DOANH-NGHI\u1eb8P.jpg\" class=\"attachment-original size-original\" alt=\"\" loading=\"lazy\" srcset=\"https:\/\/demo.bmconnect.vn\/baohiem\/wp-content\/uploads\/2019\/04\/DOANH-NGHI\u1eb8P.jpg 1200w, https:\/\/demo.bmconnect.vn\/baohiem\/wp-content\/uploads\/2019\/04\/DOANH-NGHI\u1eb8P-300x55.jpg 300w, https:\/\/demo.bmconnect.vn\/baohiem\/wp-content\/uploads\/2019\/04\/DOANH-NGHI\u1eb8P-768x140.jpg 768w, https:\/\/demo.bmconnect.vn\/baohiem\/wp-content\/uploads\/2019\/04\/DOANH-NGHI\u1eb8P-1024x187.jpg 1024w\" sizes=\"(max-width: 1200px) 100vw, 1200px\" \/><\/div>\n            \n<style>\n#banner-107941149 .bg.bg-loaded {\n  background-image: url(https:\/\/demo.bmconnect.vn\/baohiem\/wp-content\/uploads\/2019\/04\/DOANH-NGHI\u1eb8P.jpg);\n}\n#banner-107941149 .overlay {\n  background-color: rgba(0, 0, 0, 0.17);\n}\n<\/style>\n  <\/div>\n\n\n\t\t<\/div>\n\t\t\t\t\t<\/div>\n\n\t\n<\/div>\n<div class=\"row row-small row-tieu-de doanh-nghiep\"  id=\"row-2062536277\">\n\n\t<div id=\"col-884818290\" class=\"col medium-2 small-6 large-2\"  >\n\t\t\t\t<div class=\"col-inner\"  >\n\t\t\t\n\t\t\t\n\t\t<\/div>\n\t\t\t\t\t<\/div>\n\n\t\n\n\t<div id=\"col-1314011835\" class=\"col medium-2 small-6 large-2\"  >\n\t\t\t\t<div class=\"col-inner\"  >\n\t\t\t\n\t\t\t\n\n\t<a class=\"plain\" href=\"\/san-pham\/ca-nhan\/\"  >\t<div class=\"icon-box featured-box ca-nhan icon-box-left text-left\"  >\n\t\t\t\t\t<div class=\"icon-box-img\" style=\"width: 30px\">\n\t\t\t\t<div class=\"icon\">\n\t\t\t\t\t<div class=\"icon-inner\" >\n\t\t\t\t\t\t<img width=\"70\" height=\"70\" src=\"https:\/\/demo.bmconnect.vn\/baohiem\/wp-content\/uploads\/2019\/04\/icon12.png\" class=\"attachment-medium size-medium\" alt=\"\" loading=\"lazy\" \/>\t\t\t\t\t<\/div>\n\t\t\t\t<\/div>\n\t\t\t<\/div>\n\t\t\t\t<div class=\"icon-box-text last-reset\">\n\t\t\t\t\t\t\t\t\t\n<p style=\"text-align: left;\">C\u00e1 nh\u00e2n<\/p>\n\t\t<\/div>\n\t<\/div>\n\t<\/a>\n\t\n\t\t<\/div>\n\t\t\t\t\t<\/div>\n\n\t\n\n\t<div id=\"col-284497516\" class=\"col cot2 medium-2 small-6 large-2\"  >\n\t\t\t\t<div class=\"col-inner\"  >\n\t\t\t\n\t\t\t\n\n\t\t<div class=\"icon-box featured-box ca-nhan icon-box-left text-left\"  >\n\t\t\t\t\t<div class=\"icon-box-img\" style=\"width: 30px\">\n\t\t\t\t<div class=\"icon\">\n\t\t\t\t\t<div class=\"icon-inner\" >\n\t\t\t\t\t\t<img width=\"87\" height=\"70\" src=\"https:\/\/demo.bmconnect.vn\/baohiem\/wp-content\/uploads\/2019\/04\/icon13.png\" class=\"attachment-medium size-medium\" alt=\"\" loading=\"lazy\" \/>\t\t\t\t\t<\/div>\n\t\t\t\t<\/div>\n\t\t\t<\/div>\n\t\t\t\t<div class=\"icon-box-text last-reset\">\n\t\t\t\t\t\t\t\t\t\n<p style=\"text-align: left;\">Doanh nghi\u1ec7p<\/p>\n\t\t<\/div>\n\t<\/div>\n\t\n\t\n\t\t<\/div>\n\t\t\t\t\t<\/div>\n\n\t\n\n\t<div id=\"col-1102453956\" class=\"col medium-2 small-6 large-2\"  >\n\t\t\t\t<div class=\"col-inner\"  >\n\t\t\t\n\t\t\t\n\n\t<a class=\"plain\" href=\"\/lai-suat-cong-bo\/\"  >\t<div class=\"icon-box featured-box ca-nhan icon-box-left text-left\"  >\n\t\t\t\t\t<div class=\"icon-box-img\" style=\"width: 30px\">\n\t\t\t\t<div class=\"icon\">\n\t\t\t\t\t<div class=\"icon-inner\" >\n\t\t\t\t\t\t<img width=\"53\" height=\"70\" src=\"https:\/\/demo.bmconnect.vn\/baohiem\/wp-content\/uploads\/2019\/04\/icon14.png\" class=\"attachment-medium size-medium\" alt=\"\" loading=\"lazy\" \/>\t\t\t\t\t<\/div>\n\t\t\t\t<\/div>\n\t\t\t<\/div>\n\t\t\t\t<div class=\"icon-box-text last-reset\">\n\t\t\t\t\t\t\t\t\t\n<p style=\"text-align: left;\">L\u00e3i su\u1ea5t c\u00f4ng b\u1ed1<\/p>\n\t\t<\/div>\n\t<\/div>\n\t<\/a>\n\t\n\t\t<\/div>\n\t\t\t\t\t<\/div>\n\n\t\n\n\t<div id=\"col-227576363\" class=\"col medium-2 small-6 large-2\"  >\n\t\t\t\t<div class=\"col-inner\"  >\n\t\t\t\n\t\t\t\n\t\t<\/div>\n\t\t\t\t\t<\/div>\n\n\t\n<\/div>\n\t<div id=\"gap-1808856814\" class=\"gap-element clearfix\" style=\"display:block; height:auto;\">\n\t\t\n<style>\n#gap-1808856814 {\n  padding-top: 30px;\n}\n<\/style>\n\t<\/div>\n\t\n<div class=\"row row-noi-dung\"  id=\"row-593358475\">\n\n\t<div id=\"col-1182435369\" class=\"col medium-6 small-12 large-6\"  >\n\t\t\t\t<div class=\"col-inner\"  >\n\t\t\t\n\t\t\t\n\t<div class=\"img has-hover x md-x lg-x y md-y lg-y\" id=\"image_1542908194\">\n\t\t\t\t\t\t\t\t<div class=\"img-inner dark\" >\n\t\t\t<img width=\"600\" height=\"336\" src=\"https:\/\/demo.bmconnect.vn\/baohiem\/wp-content\/uploads\/2019\/04\/DOANH-NGHIEP-1.jpg\" class=\"attachment-original size-original\" alt=\"\" loading=\"lazy\" srcset=\"https:\/\/demo.bmconnect.vn\/baohiem\/wp-content\/uploads\/2019\/04\/DOANH-NGHIEP-1.jpg 600w, https:\/\/demo.bmconnect.vn\/baohiem\/wp-content\/uploads\/2019\/04\/DOANH-NGHIEP-1-300x168.jpg 300w\" sizes=\"(max-width: 600px) 100vw, 600px\" \/>\t\t\t\t\t\t\n\t\t\t\t\t<\/div>\n\t\t\t\t\t\t\t\t\n<style>\n#image_1542908194 {\n  width: 100%;\n}\n<\/style>\n\t<\/div>\n\t\n<h3 class=\"cate-name\"><a title=\"B\u1ea3o v\u1ec7 ng\u01b0\u1eddi lao \u0111\u1ed9ng tr\u01b0\u1edbc c\u00e1c r\u1ee7i ro trong cu\u1ed9c s\u1ed1ng\" href=\"\/doanh-nghiep\/bao-ve-nguoi-lao-dong-truoc-rui-ro-lao-dong\/\" target=\"_self\" rel=\"noopener noreferrer\">B\u1ea2O V\u1ec6 NG\u01af\u1edcI LAO \u0110\u1ed8NG TR\u01af\u1edaC C\u00c1C R\u1ee6I RO TRONG CU\u1ed8C S\u1ed0NG<\/a><\/h3>\n<div class=\"desc\">\n<p><span style=\"font-size: 95%;\">N\u1ebfu v\u00ed cu\u1ed9c \u0111\u1eddi l\u00e0 m\u1ed9t h\u00e0nh tr\u00ecnh c\u1ee7a nh\u1eefng s\u1ef1 ki\u1ec7n n\u1ed1i ti\u1ebfp, th\u00ec m\u1ed7i k\u1ebf ho\u1ea1ch \u0111\u01b0\u1ee3c hi\u1ec7n th\u1ef1c h\u00f3a l\u00e0 m\u1ed9t d\u1ea5u m\u1ed1c v\u00f4 c\u00f9ng quan tr\u1ecdng trong cu\u1ed9c \u0111\u1eddi con ng\u01b0\u1eddi. V\u00e0 hi\u1ec3u r\u1eb1ng ch\u1ec9 khi an t\u00e2m v\u1ec1 s\u1ee9c kho\u1ebb v\u00e0 t\u00e0i ch\u00ednh, bi\u1ebft y\u00eau th\u01b0\u01a1ng b\u1ea3n th\u00e2n th\u00ec ta m\u1edbi c\u00f3 th\u1ec3 b\u00ecnh t\u00e2m ch\u0103m lo cho gia \u0111\u00ecnh v\u00e0 c\u1ed1ng hi\u1ebfn cho s\u1ef1 nghi\u1ec7p, Aviva mang \u0111\u1ebfn nh\u1eefng s\u1ea3n ph\u1ea9m b\u1ea3o v\u1ec7 v\u00e0 \u0111\u1ea7u t\u01b0 gi\u00fap b\u1ea1n c\u00f3 \u0111i\u1ec3m t\u1ef1a t\u00e0i ch\u00ednh v\u1eefng v\u00e0ng v\u00e0 t\u1eadn h\u01b0\u1edfng cu\u1ed9c s\u1ed1ng b\u00ecnh an b\u00ean nh\u1eefng ng\u01b0\u1eddi th\u00e2n y\u00eau b\u1eb1ng gi\u1ea3i ph\u00e1p\u00a0<strong>B\u1ea3o v\u1ec7 \u2013 Ti\u1ebft ki\u1ec7m- \u0110\u1ea7u t\u01b0<\/strong>to\u00e0n di\u1ec7n. <\/span><a title=\"Ph\u00e1t Nghi\u1ec7p B\u1ea3o Nh\u00e2n\" href=\"#\" target=\"_self\" rel=\"noopener noreferrer\">Ph\u00e1t Nghi\u1ec7p B\u1ea3o Nh\u00e2n<\/a><\/p>\n<\/div>\n\t\t<\/div>\n\t\t\t\t\t<\/div>\n\n\t\n\n\t<div id=\"col-689558536\" class=\"col medium-6 small-12 large-6\"  >\n\t\t\t\t<div class=\"col-inner\"  >\n\t\t\t\n\t\t\t\n\t<div class=\"img has-hover x md-x lg-x y md-y lg-y\" id=\"image_1043767293\">\n\t\t\t\t\t\t\t\t<div class=\"img-inner dark\" >\n\t\t\t<img width=\"600\" height=\"336\" src=\"https:\/\/demo.bmconnect.vn\/baohiem\/wp-content\/uploads\/2019\/04\/DOANH-NGHIEP-2.jpg\" class=\"attachment-original size-original\" alt=\"\" loading=\"lazy\" srcset=\"https:\/\/demo.bmconnect.vn\/baohiem\/wp-content\/uploads\/2019\/04\/DOANH-NGHIEP-2.jpg 600w, https:\/\/demo.bmconnect.vn\/baohiem\/wp-content\/uploads\/2019\/04\/DOANH-NGHIEP-2-300x168.jpg 300w\" sizes=\"(max-width: 600px) 100vw, 600px\" \/>\t\t\t\t\t\t\n\t\t\t\t\t<\/div>\n\t\t\t\t\t\t\t\t\n<style>\n#image_1043767293 {\n  width: 100%;\n}\n<\/style>\n\t<\/div>\n\t\n<h3 class=\"cate-name\"><a title=\"Chu to\u00e0n c\u00e1c gi\u1ea3i ph\u00e1p t\u00e0i ch\u00ednh v\u00e0 \u0111\u1ea7u t\u01b0 doanh nghi\u1ec7p\" href=\"\/san-pham\/doanh-nghiep\/giai-phap-dau-tu-tai-chinh-cho-doanh-nghiep\/\" target=\"_self\" rel=\"noopener noreferrer\">CHU TO\u00c0N C\u00c1C GI\u1ea2I PH\u00c1P T\u00c0I CH\u00cdNH V\u00c0 \u0110\u1ea6U T\u01af DOANH NGHI\u1ec6P<\/a><\/h3>\n<div class=\"desc\">\n<p><span style=\"font-size: 95%;\">\u0110\u1ed1i v\u1edbi cha m\u1eb9, con c\u00e1i lu\u00f4n l\u00e0 m\u00f3n qu\u00e0 tuy\u1ec7t v\u1eddi nh\u1ea5t m\u00e0 t\u1ea1o h\u00f3a \u0111\u00e3 d\u00e0nh t\u1eb7ng. Kho\u1ea3nh kh\u1eafc \u0111\u00f3n nh\u1eadn sinh linh nh\u1ecf b\u00e9 \u0111\u1ebfn v\u1edbi th\u1ebf gi\u1edbi s\u1ebd kh\u00f4ng bao gi\u1edd c\u00f3 th\u1ec3 qu\u00ean v\u1edbi m\u1ed7i ng\u01b0\u1eddi. V\u00e0 k\u1ec3 t\u1eeb gi\u00e2y ph\u00fat \u0111\u00f3, cha m\u1eb9 b\u1eaft \u0111\u1ea7u b\u01b0\u1edbc v\u00e0o m\u1ed9t h\u00e0nh tr\u00ecnh \u0111\u1ea7y m\u1edbi m\u1ebb v\u00e0 th\u00fa v\u1ecb &#8211; m\u1ed9t h\u00e0nh tr\u00ecnh \u0111ong \u0111\u1ea7y nh\u1eefng y\u00eau th\u01b0\u01a1ng. Th\u1ea5u hi\u1ec3u v\u00e0 tr\u00e2n tr\u1ecdng nh\u1eefng gi\u00e1 tr\u1ecb nh\u00e2n v\u0103n \u0111\u00f3, Aviva s\u1eb5n l\u00f2ng chia s\u1ebb c\u00f9ng b\u1ea1n m\u1ed9t k\u1ebf ho\u1ea1ch b\u1ea3o v\u1ec7 v\u00e0 t\u00e0i ch\u00ednh v\u1eefng v\u00e0ng nh\u1ea5t cho \u0111\u1ee9a con th\u00e2n y\u00eau c\u1ee7a m\u00ecnh tr\u00ean t\u1eebng ch\u1eb7ng \u0111\u01b0\u1eddng c\u1ee7a h\u00e0nh tr\u00ecnh ki\u1ebfn t\u1ea1o nh\u00e2n c\u00e1ch v\u00e0 m\u1ed9t t\u01b0\u01a1ng lai t\u01b0\u01a1i s\u00e1ng. <a title=\"Ph\u00e1t Nghi\u1ec7p H\u01b0ng V\u01b0\u1ee3ng\" href=\"#\" target=\"_self\" rel=\"noopener noreferrer\">Ph\u00e1t Nghi\u1ec7p H\u01b0ng V\u01b0\u1ee3ng<\/a><\/span><\/p>\n<\/div>\n\t\t<\/div>\n\t\t\t\t\t<\/div>\n\n\t\n<\/div>\n","protected":false},"excerpt":{"rendered":"","protected":false},"author":1,"featured_media":0,"parent":22,"menu_order":0,"comment_status":"closed","ping_status":"closed","template":"page-blank.php","meta":[],"_links":{"self":[{"href":"https:\/\/demo.bmconnect.vn\/baohiem\/wp-json\/wp\/v2\/pages\/26"}],"collection":[{"href":"https:\/\/demo.bmconnect.vn\/baohiem\/wp-json\/wp\/v2\/pages"}],"about":[{"href":"https:\/\/demo.bmconnect.vn\/baohiem\/wp-json\/wp\/v2\/types\/page"}],"author":[{"embeddable":true,"href":"https:\/\/demo.bmconnect.vn\/baohiem\/wp-json\/wp\/v2\/users\/1"}],"replies":[{"embeddable":true,"href":"https:\/\/demo.bmconnect.vn\/baohiem\/wp-json\/wp\/v2\/comments?post=26"}],"version-history":[{"count":1,"href":"https:\/\/demo.bmconnect.vn\/baohiem\/wp-json\/wp\/v2\/pages\/26\/revisions"}],"predecessor-version":[{"id":1397,"href":"https:\/\/demo.bmconnect.vn\/baohiem\/wp-json\/wp\/v2\/pages\/26\/revisions\/1397"}],"up":[{"embeddable":true,"href":"https:\/\/demo.bmconnect.vn\/baohiem\/wp-json\/wp\/v2\/pages\/22"}],"wp:attachment":[{"href":"https:\/\/demo.bmconnect.vn\/baohiem\/wp-json\/wp\/v2\/media?parent=26"}],"curies":[{"name":"wp","href":"https:\/\/api.w.org\/{rel}","templated":true}]}}