{"id":24,"date":"2019-04-01T14:36:03","date_gmt":"2019-04-01T07:36:03","guid":{"rendered":"https:\/\/demo.bmconnect.vn\/?page_id=24"},"modified":"2019-04-03T15:58:02","modified_gmt":"2019-04-03T08:58:02","slug":"ca-nhan","status":"publish","type":"page","link":"https:\/\/demo.bmconnect.vn\/baohiem\/san-pham\/ca-nhan\/","title":{"rendered":"C\u00e1 nh\u00e2n"},"content":{"rendered":"<div class=\"row banner-row\"  id=\"row-1976838125\">\n\n\t<div id=\"col-1624285616\" class=\"col small-12 large-12\"  >\n\t\t\t\t<div class=\"col-inner\"  >\n\t\t\t\n\t\t\t\n\n  <div class=\"banner has-hover\" id=\"banner-108684805\">\n          <div class=\"banner-inner fill\">\n        <div class=\"banner-bg fill\" >\n            <div class=\"bg fill bg-fill \"><\/div>\n                        <div class=\"overlay\"><\/div>            \n                    <\/div>\n        <div class=\"banner-layers container\">\n            <div class=\"fill banner-link\"><\/div>            \n   <div id=\"text-box-1380181145\" class=\"text-box banner-layer x15 md-x15 lg-x15 y50 md-y50 lg-y50 res-text\">\n                                <div class=\"text-box-content text dark\">\n              \n              <div class=\"text-inner text-center\">\n                  \n<h3 class=\"uppercase\"><strong>C\u00c1 NH\u00c2N<\/strong><\/h3>\n              <\/div>\n           <\/div>\n                            \n<style>\n#text-box-1380181145 {\n  width: 36%;\n}\n#text-box-1380181145 .text-box-content {\n  font-size: 100%;\n}\n<\/style>\n    <\/div>\n \n        <\/div>\n      <\/div>\n\n              <div class=\"height-fix is-invisible\"><img width=\"1200\" height=\"219\" src=\"https:\/\/demo.bmconnect.vn\/baohiem\/wp-content\/uploads\/2019\/04\/san-phan.jpg\" class=\"attachment-original size-original\" alt=\"\" loading=\"lazy\" srcset=\"https:\/\/demo.bmconnect.vn\/baohiem\/wp-content\/uploads\/2019\/04\/san-phan.jpg 1200w, https:\/\/demo.bmconnect.vn\/baohiem\/wp-content\/uploads\/2019\/04\/san-phan-300x55.jpg 300w, https:\/\/demo.bmconnect.vn\/baohiem\/wp-content\/uploads\/2019\/04\/san-phan-768x140.jpg 768w, https:\/\/demo.bmconnect.vn\/baohiem\/wp-content\/uploads\/2019\/04\/san-phan-1024x187.jpg 1024w\" sizes=\"(max-width: 1200px) 100vw, 1200px\" \/><\/div>\n            \n<style>\n#banner-108684805 .bg.bg-loaded {\n  background-image: url(https:\/\/demo.bmconnect.vn\/baohiem\/wp-content\/uploads\/2019\/04\/san-phan.jpg);\n}\n#banner-108684805 .overlay {\n  background-color: rgba(0, 0, 0, 0.17);\n}\n<\/style>\n  <\/div>\n\n\n\t\t<\/div>\n\t\t\t\t\t<\/div>\n\n\t\n<\/div>\n<div class=\"row row-small row-tieu-de ca-nhan hide-for-small\"  id=\"row-1600735966\">\n\n\t<div id=\"col-326593335\" class=\"col cot-an medium-2 small-6 large-2\"  >\n\t\t\t\t<div class=\"col-inner\"  >\n\t\t\t\n\t\t\t\n\t\t<\/div>\n\t\t\t\t\t<\/div>\n\n\t\n\n\t<div id=\"col-2036198555\" class=\"col cot1 medium-2 small-6 large-2\"  >\n\t\t\t\t<div class=\"col-inner\"  >\n\t\t\t\n\t\t\t\n\n\t\t<div class=\"icon-box featured-box ca-nhan icon-box-left text-left\"  >\n\t\t\t\t\t<div class=\"icon-box-img\" style=\"width: 30px\">\n\t\t\t\t<div class=\"icon\">\n\t\t\t\t\t<div class=\"icon-inner\" >\n\t\t\t\t\t\t<img width=\"70\" height=\"70\" src=\"https:\/\/demo.bmconnect.vn\/baohiem\/wp-content\/uploads\/2019\/04\/icon12.png\" class=\"attachment-medium size-medium\" alt=\"\" loading=\"lazy\" \/>\t\t\t\t\t<\/div>\n\t\t\t\t<\/div>\n\t\t\t<\/div>\n\t\t\t\t<div class=\"icon-box-text last-reset\">\n\t\t\t\t\t\t\t\t\t\n<p style=\"text-align: left;\">C\u00e1 nh\u00e2n<\/p>\n\t\t<\/div>\n\t<\/div>\n\t\n\t\n\t\t<\/div>\n\t\t\t\t\t<\/div>\n\n\t\n\n\t<div id=\"col-465628465\" class=\"col medium-2 small-6 large-2\"  >\n\t\t\t\t<div class=\"col-inner\"  >\n\t\t\t\n\t\t\t\n\n\t<a class=\"plain\" href=\"\/san-pham\/doanh-nghiep\/\"  >\t<div class=\"icon-box featured-box ca-nhan icon-box-left text-left\"  >\n\t\t\t\t\t<div class=\"icon-box-img\" style=\"width: 30px\">\n\t\t\t\t<div class=\"icon\">\n\t\t\t\t\t<div class=\"icon-inner\" >\n\t\t\t\t\t\t<img width=\"87\" height=\"70\" src=\"https:\/\/demo.bmconnect.vn\/baohiem\/wp-content\/uploads\/2019\/04\/icon13.png\" class=\"attachment-medium size-medium\" alt=\"\" loading=\"lazy\" \/>\t\t\t\t\t<\/div>\n\t\t\t\t<\/div>\n\t\t\t<\/div>\n\t\t\t\t<div class=\"icon-box-text last-reset\">\n\t\t\t\t\t\t\t\t\t\n<p style=\"text-align: left;\">Doanh nghi\u1ec7p<\/p>\n\t\t<\/div>\n\t<\/div>\n\t<\/a>\n\t\n\t\t<\/div>\n\t\t\t\t\t<\/div>\n\n\t\n\n\t<div id=\"col-2125314912\" class=\"col medium-2 small-6 large-2\"  >\n\t\t\t\t<div class=\"col-inner\"  >\n\t\t\t\n\t\t\t\n\n\t<a class=\"plain\" href=\"\/lai-suat-cong-bo\/\"  >\t<div class=\"icon-box featured-box ca-nhan icon-box-left text-left\"  >\n\t\t\t\t\t<div class=\"icon-box-img\" style=\"width: 30px\">\n\t\t\t\t<div class=\"icon\">\n\t\t\t\t\t<div class=\"icon-inner\" >\n\t\t\t\t\t\t<img width=\"53\" height=\"70\" src=\"https:\/\/demo.bmconnect.vn\/baohiem\/wp-content\/uploads\/2019\/04\/icon14.png\" class=\"attachment-medium size-medium\" alt=\"\" loading=\"lazy\" \/>\t\t\t\t\t<\/div>\n\t\t\t\t<\/div>\n\t\t\t<\/div>\n\t\t\t\t<div class=\"icon-box-text last-reset\">\n\t\t\t\t\t\t\t\t\t\n<p style=\"text-align: left;\">L\u00e3i su\u1ea5t c\u00f4ng b\u1ed1<\/p>\n\t\t<\/div>\n\t<\/div>\n\t<\/a>\n\t\n\t\t<\/div>\n\t\t\t\t\t<\/div>\n\n\t\n\n\t<div id=\"col-172745475\" class=\"col cot-an medium-2 small-6 large-2\"  >\n\t\t\t\t<div class=\"col-inner\"  >\n\t\t\t\n\t\t\t\n\t\t<\/div>\n\t\t\t\t\t<\/div>\n\n\t\n<\/div>\n<div class=\"row row-small row-tieu-de ca-nhan show-for-small\"  id=\"row-390679416\">\n\n\t<div id=\"col-530354461\" class=\"col cot-an medium-2 small-6 large-2\"  >\n\t\t\t\t<div class=\"col-inner\"  >\n\t\t\t\n\t\t\t\n\t\t<\/div>\n\t\t\t\t\t<\/div>\n\n\t\n\n\t<div id=\"col-928966781\" class=\"col cot1 medium-2 small-6 large-2\"  >\n\t\t\t\t<div class=\"col-inner\"  >\n\t\t\t\n\t\t\t\n\n\t\t<div class=\"icon-box featured-box ca-nhan icon-box-center text-center\"  >\n\t\t\t\t\t<div class=\"icon-box-img\" style=\"width: 30px\">\n\t\t\t\t<div class=\"icon\">\n\t\t\t\t\t<div class=\"icon-inner\" >\n\t\t\t\t\t\t<img width=\"70\" height=\"70\" src=\"https:\/\/demo.bmconnect.vn\/baohiem\/wp-content\/uploads\/2019\/04\/icon12.png\" class=\"attachment-medium size-medium\" alt=\"\" loading=\"lazy\" \/>\t\t\t\t\t<\/div>\n\t\t\t\t<\/div>\n\t\t\t<\/div>\n\t\t\t\t<div class=\"icon-box-text last-reset\">\n\t\t\t\t\t\t\t\t\t\n<p style=\"text-align: left;\">C\u00e1 nh\u00e2n<\/p>\n\t\t<\/div>\n\t<\/div>\n\t\n\t\n\t\t<\/div>\n\t\t\t\t\t<\/div>\n\n\t\n\n\t<div id=\"col-375924232\" class=\"col medium-2 small-6 large-2\"  >\n\t\t\t\t<div class=\"col-inner\"  >\n\t\t\t\n\t\t\t\n\n\t<a class=\"plain\" href=\"\/san-pham\/doanh-nghiep\/\"  >\t<div class=\"icon-box featured-box ca-nhan icon-box-center text-center\"  >\n\t\t\t\t\t<div class=\"icon-box-img\" style=\"width: 30px\">\n\t\t\t\t<div class=\"icon\">\n\t\t\t\t\t<div class=\"icon-inner\" >\n\t\t\t\t\t\t<img width=\"87\" height=\"70\" src=\"https:\/\/demo.bmconnect.vn\/baohiem\/wp-content\/uploads\/2019\/04\/icon13.png\" class=\"attachment-medium size-medium\" alt=\"\" loading=\"lazy\" \/>\t\t\t\t\t<\/div>\n\t\t\t\t<\/div>\n\t\t\t<\/div>\n\t\t\t\t<div class=\"icon-box-text last-reset\">\n\t\t\t\t\t\t\t\t\t\n<p style=\"text-align: left;\">Doanh nghi\u1ec7p<\/p>\n\t\t<\/div>\n\t<\/div>\n\t<\/a>\n\t\n\t\t<\/div>\n\t\t\t\t\t<\/div>\n\n\t\n\n\t<div id=\"col-1348459685\" class=\"col medium-2 small-6 large-2\"  >\n\t\t\t\t<div class=\"col-inner\"  >\n\t\t\t\n\t\t\t\n\n\t<a class=\"plain\" href=\"\/lai-suat-cong-bo\/\"  >\t<div class=\"icon-box featured-box ca-nhan icon-box-center text-center\"  >\n\t\t\t\t\t<div class=\"icon-box-img\" style=\"width: 30px\">\n\t\t\t\t<div class=\"icon\">\n\t\t\t\t\t<div class=\"icon-inner\" >\n\t\t\t\t\t\t<img width=\"53\" height=\"70\" src=\"https:\/\/demo.bmconnect.vn\/baohiem\/wp-content\/uploads\/2019\/04\/icon14.png\" class=\"attachment-medium size-medium\" alt=\"\" loading=\"lazy\" \/>\t\t\t\t\t<\/div>\n\t\t\t\t<\/div>\n\t\t\t<\/div>\n\t\t\t\t<div class=\"icon-box-text last-reset\">\n\t\t\t\t\t\t\t\t\t\n<p style=\"text-align: left;\">L\u00e3i su\u1ea5t c\u00f4ng b\u1ed1<\/p>\n\t\t<\/div>\n\t<\/div>\n\t<\/a>\n\t\n\t\t<\/div>\n\t\t\t\t\t<\/div>\n\n\t\n\n\t<div id=\"col-1843180242\" class=\"col cot-an medium-2 small-6 large-2\"  >\n\t\t\t\t<div class=\"col-inner\"  >\n\t\t\t\n\t\t\t\n\t\t<\/div>\n\t\t\t\t\t<\/div>\n\n\t\n<\/div>\n\t<div id=\"gap-1467559618\" class=\"gap-element clearfix\" style=\"display:block; height:auto;\">\n\t\t\n<style>\n#gap-1467559618 {\n  padding-top: 30px;\n}\n<\/style>\n\t<\/div>\n\t\n<div class=\"row row-noi-dung\"  id=\"row-1810272593\">\n\n\t<div id=\"col-1946980943\" class=\"col medium-6 small-12 large-6\"  >\n\t\t\t\t<div class=\"col-inner\"  >\n\t\t\t\n\t\t\t\n\t<div class=\"img has-hover x md-x lg-x y md-y lg-y\" id=\"image_778684290\">\n\t\t<a class=\"\" href=\"\/san-pham\/ca-nhan\/tao-dung-tai-san-va-dau-tu-hieu-qua\/\"  >\t\t\t\t\t\t<div class=\"img-inner dark\" >\n\t\t\t<img width=\"600\" height=\"377\" src=\"https:\/\/demo.bmconnect.vn\/baohiem\/wp-content\/uploads\/2019\/04\/1234556.jpg\" class=\"attachment-original size-original\" alt=\"\" loading=\"lazy\" srcset=\"https:\/\/demo.bmconnect.vn\/baohiem\/wp-content\/uploads\/2019\/04\/1234556.jpg 600w, https:\/\/demo.bmconnect.vn\/baohiem\/wp-content\/uploads\/2019\/04\/1234556-300x189.jpg 300w\" sizes=\"(max-width: 600px) 100vw, 600px\" \/>\t\t\t\t\t\t\n\t\t\t\t\t<\/div>\n\t\t\t\t\t\t<\/a>\t\t\n<style>\n#image_778684290 {\n  width: 100%;\n}\n<\/style>\n\t<\/div>\n\t\n<h3 class=\"cate-name\"><a title=\"T\u1ea1o d\u1ef1ng t\u00e0i s\u1ea3n v\u00e0 \u0111\u1ea7u t\u01b0 hi\u1ec7u qu\u1ea3\" href=\"\/san-pham\/ca-nhan\/tao-dung-tai-san-va-dau-tu-hieu-qua\/\" target=\"_self\" rel=\"noopener noreferrer\">T\u1ea0O D\u1ef0NG T\u00c0I S\u1ea2N V\u00c0 \u0110\u1ea6U T\u01af HI\u1ec6U QU\u1ea2<\/a><\/h3>\n<div class=\"desc\">\n<p><span style=\"font-size: 95%;\">N\u1ebfu v\u00ed cu\u1ed9c \u0111\u1eddi l\u00e0 m\u1ed9t h\u00e0nh tr\u00ecnh c\u1ee7a nh\u1eefng s\u1ef1 ki\u1ec7n n\u1ed1i ti\u1ebfp, th\u00ec m\u1ed7i k\u1ebf ho\u1ea1ch \u0111\u01b0\u1ee3c hi\u1ec7n th\u1ef1c h\u00f3a l\u00e0 m\u1ed9t d\u1ea5u m\u1ed1c v\u00f4 c\u00f9ng quan tr\u1ecdng trong cu\u1ed9c \u0111\u1eddi con ng\u01b0\u1eddi. V\u00e0 hi\u1ec3u r\u1eb1ng ch\u1ec9 khi an t\u00e2m v\u1ec1 s\u1ee9c kho\u1ebb v\u00e0 t\u00e0i ch\u00ednh, bi\u1ebft y\u00eau th\u01b0\u01a1ng b\u1ea3n th\u00e2n th\u00ec ta m\u1edbi c\u00f3 th\u1ec3 b\u00ecnh t\u00e2m ch\u0103m lo cho gia \u0111\u00ecnh v\u00e0 c\u1ed1ng hi\u1ebfn cho s\u1ef1 nghi\u1ec7p, Aviva mang \u0111\u1ebfn nh\u1eefng s\u1ea3n ph\u1ea9m b\u1ea3o v\u1ec7 v\u00e0 \u0111\u1ea7u t\u01b0 gi\u00fap b\u1ea1n c\u00f3 \u0111i\u1ec3m t\u1ef1a t\u00e0i ch\u00ednh v\u1eefng v\u00e0ng v\u00e0 t\u1eadn h\u01b0\u1edfng cu\u1ed9c s\u1ed1ng b\u00ecnh an b\u00ean nh\u1eefng ng\u01b0\u1eddi th\u00e2n y\u00eau b\u1eb1ng gi\u1ea3i ph\u00e1p\u00a0<strong>B\u1ea3o v\u1ec7 \u2013 Ti\u1ebft ki\u1ec7m- \u0110\u1ea7u t\u01b0<\/strong>to\u00e0n di\u1ec7n<\/span><\/p>\n<\/div>\n\t\t<\/div>\n\t\t\t\t\t<\/div>\n\n\t\n\n\t<div id=\"col-1845836311\" class=\"col medium-6 small-12 large-6\"  >\n\t\t\t\t<div class=\"col-inner\"  >\n\t\t\t\n\t\t\t\n\t<div class=\"img has-hover x md-x lg-x y md-y lg-y\" id=\"image_742349180\">\n\t\t<a class=\"\" href=\"\/san-pham\/ca-nhan\/tich-luy-cho-tuong-lai-hoc-van-cua-con\/\"  >\t\t\t\t\t\t<div class=\"img-inner dark\" >\n\t\t\t<img width=\"600\" height=\"377\" src=\"https:\/\/demo.bmconnect.vn\/baohiem\/wp-content\/uploads\/2019\/04\/img2.jpg\" class=\"attachment-original size-original\" alt=\"\" loading=\"lazy\" srcset=\"https:\/\/demo.bmconnect.vn\/baohiem\/wp-content\/uploads\/2019\/04\/img2.jpg 600w, https:\/\/demo.bmconnect.vn\/baohiem\/wp-content\/uploads\/2019\/04\/img2-300x189.jpg 300w\" sizes=\"(max-width: 600px) 100vw, 600px\" \/>\t\t\t\t\t\t\n\t\t\t\t\t<\/div>\n\t\t\t\t\t\t<\/a>\t\t\n<style>\n#image_742349180 {\n  width: 100%;\n}\n<\/style>\n\t<\/div>\n\t\n<h3 class=\"cate-name\"><a title=\"T\u00edch l\u0169y cho t\u01b0\u01a1ng lai h\u1ecdc v\u1ea5n c\u1ee7a con\" href=\"\/san-pham\/ca-nhan\/tich-luy-cho-tuong-lai-hoc-van-cua-con\/\" target=\"_self\" rel=\"noopener noreferrer\">T\u00cdCH L\u0168Y CHO T\u01af\u01a0NG LAI H\u1eccC V\u1ea4N C\u1ee6A CON<\/a><\/h3>\n<div class=\"desc\">\n<p><span style=\"font-size: 95%;\">\u0110\u1ed1i v\u1edbi cha m\u1eb9, con c\u00e1i lu\u00f4n l\u00e0 m\u00f3n qu\u00e0 tuy\u1ec7t v\u1eddi nh\u1ea5t m\u00e0 t\u1ea1o h\u00f3a \u0111\u00e3 d\u00e0nh t\u1eb7ng. Kho\u1ea3nh kh\u1eafc \u0111\u00f3n nh\u1eadn sinh linh nh\u1ecf b\u00e9 \u0111\u1ebfn v\u1edbi th\u1ebf gi\u1edbi s\u1ebd kh\u00f4ng bao gi\u1edd c\u00f3 th\u1ec3 qu\u00ean v\u1edbi m\u1ed7i ng\u01b0\u1eddi. V\u00e0 k\u1ec3 t\u1eeb gi\u00e2y ph\u00fat \u0111\u00f3, cha m\u1eb9 b\u1eaft \u0111\u1ea7u b\u01b0\u1edbc v\u00e0o m\u1ed9t h\u00e0nh tr\u00ecnh \u0111\u1ea7y m\u1edbi m\u1ebb v\u00e0 th\u00fa v\u1ecb &#8211; m\u1ed9t h\u00e0nh tr\u00ecnh \u0111ong \u0111\u1ea7y nh\u1eefng y\u00eau th\u01b0\u01a1ng. Th\u1ea5u hi\u1ec3u v\u00e0 tr\u00e2n tr\u1ecdng nh\u1eefng gi\u00e1 tr\u1ecb nh\u00e2n v\u0103n \u0111\u00f3, Aviva s\u1eb5n l\u00f2ng chia s\u1ebb c\u00f9ng b\u1ea1n m\u1ed9t k\u1ebf ho\u1ea1ch b\u1ea3o v\u1ec7 v\u00e0 t\u00e0i ch\u00ednh v\u1eefng v\u00e0ng nh\u1ea5t cho \u0111\u1ee9a con th\u00e2n y\u00eau c\u1ee7a m\u00ecnh tr\u00ean t\u1eebng ch\u1eb7ng \u0111\u01b0\u1eddng c\u1ee7a <\/span><\/p>\n<\/div>\n\t\t<\/div>\n\t\t\t\t\t<\/div>\n\n\t\n<\/div>\n<div class=\"row row-noi-dung\"  id=\"row-1066809472\">\n\n\t<div id=\"col-2134213799\" class=\"col medium-6 small-12 large-6\"  >\n\t\t\t\t<div class=\"col-inner\"  >\n\t\t\t\n\t\t\t\n\t<div class=\"img has-hover x md-x lg-x y md-y lg-y\" id=\"image_2108598147\">\n\t\t<a class=\"\" href=\"\/san-pham\/ca-nhan\/bao-ve-truoc-nhung-rui-ro-cuoc-song\/\"  >\t\t\t\t\t\t<div class=\"img-inner dark\" >\n\t\t\t<img width=\"600\" height=\"377\" src=\"https:\/\/demo.bmconnect.vn\/baohiem\/wp-content\/uploads\/2019\/04\/img3.jpg\" class=\"attachment-original size-original\" alt=\"\" loading=\"lazy\" srcset=\"https:\/\/demo.bmconnect.vn\/baohiem\/wp-content\/uploads\/2019\/04\/img3.jpg 600w, https:\/\/demo.bmconnect.vn\/baohiem\/wp-content\/uploads\/2019\/04\/img3-300x189.jpg 300w\" sizes=\"(max-width: 600px) 100vw, 600px\" \/>\t\t\t\t\t\t\n\t\t\t\t\t<\/div>\n\t\t\t\t\t\t<\/a>\t\t\n<style>\n#image_2108598147 {\n  width: 100%;\n}\n<\/style>\n\t<\/div>\n\t\n<h3 class=\"cate-name\"><a href=\"\/san-pham\/ca-nhan\/bao-ve-truoc-nhung-rui-ro-cuoc-song\/\" target=\"_self\" rel=\"noopener noreferrer\">B\u1ea2O V\u1ec6 TR\u01af\u1edaC NH\u1eeeNG R\u1ee6I RO TRONG CU\u1ed8C S\u1ed0NG<\/a><\/h3>\n<div class=\"desc\">\n<p><span style=\"font-size: 95%;\">Gi\u1eefa nh\u1eefng h\u1ed1i h\u1ea3, ng\u01b0\u1ee3c xu\u00f4i kh\u00f4ng ng\u1eebng, cu\u1ed9c s\u1ed1ng c\u1ee7a ai \u0111\u00f3 c\u00f3 th\u1ec3 b\u01b0\u1edbc qua l\u1eb1n ranh gi\u1edbi gi\u1eefa h\u1ea1nh ph\u00fac v\u00e0 b\u1ea5t h\u1ea1nh ch\u1ec9 sau m\u1ed9t t\u00edch t\u1eafc kh\u00f4ng may n\u00e0o \u0111\u00f3.<\/span><br \/><span style=\"font-size: 95%;\">Th\u1ea5u hi\u1ec3u \u0111i\u1ec1u \u0111\u00f3, Aviva \u0111\u01b0a t\u1edbi m\u1ed9t gi\u1ea3i ph\u00e1p b\u1ea3o hi\u1ec3m tr\u01b0\u1edbc r\u1ee7i ro tai n\u1ea1n v\u00e0 th\u01b0\u01a1ng t\u00edch, gi\u00fap b\u1ea1n n\u1eafm tr\u1ecdn h\u1ea1nh ph\u00fac trong t\u1eebng kho\u1ea3nh kh\u1eafc c\u1ee7a cu\u1ed9c s\u1ed1ng<\/span><\/p>\n<\/div>\n\t\t<\/div>\n\t\t\t\t\t<\/div>\n\n\t\n\n\t<div id=\"col-1954736591\" class=\"col medium-6 small-12 large-6\"  >\n\t\t\t\t<div class=\"col-inner\"  >\n\t\t\t\n\t\t\t\n\t<div class=\"img has-hover x md-x lg-x y md-y lg-y\" id=\"image_1908833068\">\n\t\t<a class=\"\" href=\"\/san-pham\/ca-nhan\/cham-soc-suc-khoe\/\"  >\t\t\t\t\t\t<div class=\"img-inner dark\" >\n\t\t\t<img width=\"600\" height=\"377\" src=\"https:\/\/demo.bmconnect.vn\/baohiem\/wp-content\/uploads\/2019\/04\/img4.jpg\" class=\"attachment-original size-original\" alt=\"\" loading=\"lazy\" srcset=\"https:\/\/demo.bmconnect.vn\/baohiem\/wp-content\/uploads\/2019\/04\/img4.jpg 600w, https:\/\/demo.bmconnect.vn\/baohiem\/wp-content\/uploads\/2019\/04\/img4-300x189.jpg 300w\" sizes=\"(max-width: 600px) 100vw, 600px\" \/>\t\t\t\t\t\t\n\t\t\t\t\t<\/div>\n\t\t\t\t\t\t<\/a>\t\t\n<style>\n#image_1908833068 {\n  width: 100%;\n}\n<\/style>\n\t<\/div>\n\t\n<h3 class=\"cate-name\"><a title=\"Ch\u0103m s\u00f3c s\u1ee9c kh\u1ecfe\" href=\"\/san-pham\/ca-nhan\/cham-soc-suc-khoe\/\" target=\"_self\" rel=\"noopener noreferrer\">CH\u0102M S\u00d3C S\u1ee8C KH\u1eceE<\/a><\/h3>\n<div class=\"desc\">\n<p><span style=\"font-size: 95%;\">\u201cCh\u00ednh s\u1ee9c kh\u1ecfe m\u1edbi l\u00e0 s\u1ef1 gi\u00e0u c\u00f3 th\u1ef1c s\u1ef1, kh\u00f4ng ph\u1ea3i v\u00e0ng v\u00e0 b\u1ea1c.\u201d &#8211; Mahatma Gandhi<\/span><br \/><span style=\"font-size: 95%;\">T\u1ea1i Aviva, ch\u00fang t\u00f4i quan t\u00e2m v\u00e0 th\u1ea5u hi\u1ec3u nh\u1eefng mong \u01b0\u1edbc c\u1ee7a b\u1ea1n v\u1ec1 m\u1ed9t cu\u1ed9c s\u1ed1ng b\u00ecnh an b\u1edfi s\u1ee9c kh\u1ecfe l\u00e0 th\u1ee9 duy nh\u1ea5t kh\u00f4ng \u0111\u1ec3 \u0111\u00e1nh \u0111\u1ed5i. V\u1edbi nh\u1eefng h\u1ed7 tr\u1ee3 y t\u1ebf to\u00e0n di\u1ec7n v\u00e0 m\u1ed9t kho\u1ea3n cam k\u1ebft t\u00edch lu\u1ef9 cho t\u01b0\u01a1ng lai, Aviva Vietnam s\u1ebd gi\u00fap b\u1ea1n v\u00e0 gia \u0111\u00ecnh g\u1ea1t \u0111i nh\u1eefng \u00e2u lo, t\u1eadn h\u01b0\u1edfng cu\u1ed9c s\u1ed1ng v\u00e0 v\u01b0\u01a1n xa h\u01a1n t\u1edbi \u0111\u00edch \u0111\u1ebfn th\u00e0nh c\u00f4ng<\/span><\/p>\n<\/div>\n\t\t<\/div>\n\t\t\t\t\t<\/div>\n\n\t\n<\/div>\n","protected":false},"excerpt":{"rendered":"","protected":false},"author":1,"featured_media":0,"parent":22,"menu_order":0,"comment_status":"closed","ping_status":"closed","template":"page-blank.php","meta":[],"_links":{"self":[{"href":"https:\/\/demo.bmconnect.vn\/baohiem\/wp-json\/wp\/v2\/pages\/24"}],"collection":[{"href":"https:\/\/demo.bmconnect.vn\/baohiem\/wp-json\/wp\/v2\/pages"}],"about":[{"href":"https:\/\/demo.bmconnect.vn\/baohiem\/wp-json\/wp\/v2\/types\/page"}],"author":[{"embeddable":true,"href":"https:\/\/demo.bmconnect.vn\/baohiem\/wp-json\/wp\/v2\/users\/1"}],"replies":[{"embeddable":true,"href":"https:\/\/demo.bmconnect.vn\/baohiem\/wp-json\/wp\/v2\/comments?post=24"}],"version-history":[{"count":0,"href":"https:\/\/demo.bmconnect.vn\/baohiem\/wp-json\/wp\/v2\/pages\/24\/revisions"}],"up":[{"embeddable":true,"href":"https:\/\/demo.bmconnect.vn\/baohiem\/wp-json\/wp\/v2\/pages\/22"}],"wp:attachment":[{"href":"https:\/\/demo.bmconnect.vn\/baohiem\/wp-json\/wp\/v2\/media?parent=24"}],"curies":[{"name":"wp","href":"https:\/\/api.w.org\/{rel}","templated":true}]}}