{"id":20,"date":"2019-04-01T14:35:15","date_gmt":"2019-04-01T07:35:15","guid":{"rendered":"https:\/\/demo.bmconnect.vn\/?page_id=20"},"modified":"2019-04-03T13:27:09","modified_gmt":"2019-04-03T06:27:09","slug":"ve-chung-toi","status":"publish","type":"page","link":"https:\/\/demo.bmconnect.vn\/baohiem\/ve-chung-toi\/","title":{"rendered":"V\u1ec1 ch\u00fang t\u00f4i"},"content":{"rendered":"<div class=\"row\"  id=\"row-873845274\">\n\n\t<div id=\"col-1703757617\" class=\"col small-12 large-12\"  >\n\t\t\t\t<div class=\"col-inner\"  >\n\t\t\t\n\t\t\t\n\t<div class=\"img has-hover x md-x lg-x y md-y lg-y\" id=\"image_1218688768\">\n\t\t\t\t\t\t\t\t<div class=\"img-inner dark\" >\n\t\t\t<img width=\"1200\" height=\"388\" src=\"https:\/\/demo.bmconnect.vn\/baohiem\/wp-content\/uploads\/2019\/04\/bg05.jpg\" class=\"attachment-original size-original\" alt=\"\" loading=\"lazy\" srcset=\"https:\/\/demo.bmconnect.vn\/baohiem\/wp-content\/uploads\/2019\/04\/bg05.jpg 1200w, https:\/\/demo.bmconnect.vn\/baohiem\/wp-content\/uploads\/2019\/04\/bg05-300x97.jpg 300w, https:\/\/demo.bmconnect.vn\/baohiem\/wp-content\/uploads\/2019\/04\/bg05-768x248.jpg 768w, https:\/\/demo.bmconnect.vn\/baohiem\/wp-content\/uploads\/2019\/04\/bg05-1024x331.jpg 1024w\" sizes=\"(max-width: 1200px) 100vw, 1200px\" \/>\t\t\t\t\t\t\n\t\t\t\t\t<\/div>\n\t\t\t\t\t\t\t\t\n<style>\n#image_1218688768 {\n  width: 100%;\n}\n<\/style>\n\t<\/div>\n\t\n\t<div id=\"gap-341590761\" class=\"gap-element clearfix\" style=\"display:block; height:auto;\">\n\t\t\n<style>\n#gap-341590761 {\n  padding-top: 30px;\n}\n<\/style>\n\t<\/div>\n\t\n<div class=\"container section-title-container\" ><h2 class=\"section-title section-title-center\"><b><\/b><span class=\"section-title-main\" style=\"color:rgb(0, 0, 0);\">T\u1ea1i sao l\u1ef1a ch\u1ecdn ch\u00fang t\u00f4i<\/span><b><\/b><\/h2><\/div>\n<p style=\"text-align: center;\">V\u1edbi l\u1ecbch s\u1eed l\u1eebng l\u1eaby c\u1ee7a ch\u00fang t\u00f4i trong ng\u00e0nh, ch\u00fang t\u00f4i tin t\u01b0\u1edfng v\u00e0o kh\u1ea3 n\u0103ng v\u00e0 chuy\u00ean m\u00f4n c\u1ee7a m\u00ecnh \u0111\u1ec3 mang l\u1ea1i s\u1ef1 b\u00ecnh an tr\u01b0\u1edbc m\u1ecdi bi\u1ebfn \u0111\u1ed9ng cho kh\u00e1ch h\u00e0ng th\u00f4ng qua c\u00e1c s\u1ea3n ph\u1ea9m v\u00e0 d\u1ecbch v\u1ee5 c\u1ee7a ch\u00fang t\u00f4i.<\/p>\n<div class=\"row row-small\"  id=\"row-1128892335\">\n\n\t<div id=\"col-390435781\" class=\"col medium-3 small-6 large-3\"  >\n\t\t\t\t<div class=\"col-inner\"  >\n\t\t\t\n\t\t\t\n\n\t\t<div class=\"icon-box featured-box icon-box-center text-center\"  >\n\t\t\t\t\t<div class=\"icon-box-img\" style=\"width: 80px\">\n\t\t\t\t<div class=\"icon\">\n\t\t\t\t\t<div class=\"icon-inner\" >\n\t\t\t\t\t\t<img width=\"100\" height=\"100\" src=\"https:\/\/demo.bmconnect.vn\/baohiem\/wp-content\/uploads\/2019\/04\/icon_3000-nam.png\" class=\"attachment-medium size-medium\" alt=\"\" loading=\"lazy\" \/>\t\t\t\t\t<\/div>\n\t\t\t\t<\/div>\n\t\t\t<\/div>\n\t\t\t\t<div class=\"icon-box-text last-reset\">\n\t\t\t\t\t\t\t\t\t\n<h3 style=\"text-align: center;\">32 n\u0103m<\/h3>\n<p style=\"text-align: center;\"><span style=\"font-size: 95%;\">L\u00e0 t\u1eadp \u0111o\u00e0n b\u1ea3o hi\u1ec3m \u0111\u1ebfn t\u1eeb V\u01b0\u01a1ng qu\u1ed1c Anh v\u1edbi h\u01a1n 322 n\u0103m kinh nghi\u1ec7m ho\u1ea1t \u0111\u1ed9ng trong l\u0129nh v\u1ef1c b\u1ea3o hi\u1ec3m<\/span><\/p>\n\t\t<\/div>\n\t<\/div>\n\t\n\t\n\t\t<\/div>\n\t\t\t\t\t<\/div>\n\n\t\n\n\t<div id=\"col-277733272\" class=\"col medium-3 small-6 large-3\"  >\n\t\t\t\t<div class=\"col-inner\"  >\n\t\t\t\n\t\t\t\n\n\t\t<div class=\"icon-box featured-box icon-box-center text-center\"  >\n\t\t\t\t\t<div class=\"icon-box-img\" style=\"width: 80px\">\n\t\t\t\t<div class=\"icon\">\n\t\t\t\t\t<div class=\"icon-inner\" >\n\t\t\t\t\t\t<img width=\"100\" height=\"100\" src=\"https:\/\/demo.bmconnect.vn\/baohiem\/wp-content\/uploads\/2019\/04\/chien-l\u01b0\u01a1c_phan-khuc-thi-truong-100x100.png\" class=\"attachment-medium size-medium\" alt=\"\" loading=\"lazy\" \/>\t\t\t\t\t<\/div>\n\t\t\t\t<\/div>\n\t\t\t<\/div>\n\t\t\t\t<div class=\"icon-box-text last-reset\">\n\t\t\t\t\t\t\t\t\t\n<h3 style=\"text-align: center;\">14 qu\u1ed1c gia<\/h3>\n<p style=\"text-align: center;\"><span style=\"font-size: 95%;\">C\u00f3 m\u1eb7t tr\u00ean 14 th\u1ecb tr\u01b0\u1eddng tr\u00ean to\u00e0n th\u1ebf gi\u1edbi<\/span><\/p>\n\t\t<\/div>\n\t<\/div>\n\t\n\t\n\t\t<\/div>\n\t\t\t\t\t<\/div>\n\n\t\n\n\t<div id=\"col-557693736\" class=\"col medium-3 small-6 large-3\"  >\n\t\t\t\t<div class=\"col-inner\"  >\n\t\t\t\n\t\t\t\n\n\t\t<div class=\"icon-box featured-box icon-box-center text-center\"  >\n\t\t\t\t\t<div class=\"icon-box-img\" style=\"width: 80px\">\n\t\t\t\t<div class=\"icon\">\n\t\t\t\t\t<div class=\"icon-inner\" >\n\t\t\t\t\t\t<img width=\"100\" height=\"100\" src=\"https:\/\/demo.bmconnect.vn\/baohiem\/wp-content\/uploads\/2019\/04\/icon_33-trieu-kh.png\" class=\"attachment-medium size-medium\" alt=\"\" loading=\"lazy\" \/>\t\t\t\t\t<\/div>\n\t\t\t\t<\/div>\n\t\t\t<\/div>\n\t\t\t\t<div class=\"icon-box-text last-reset\">\n\t\t\t\t\t\t\t\t\t\n<h3 style=\"text-align: center;\">33 tri\u1ec7u kh\u00e1ch<\/h3>\n<p style=\"text-align: center;\"><span style=\"font-size: 95%;\">Ph\u1ee5c v\u1ee5 h\u01a1n 33 tri\u1ec7u kh\u00e1ch h\u00e0ng tr\u00ean to\u00e0n th\u1ebf gi\u1edbi<\/span><\/p>\n\t\t<\/div>\n\t<\/div>\n\t\n\t\n\t\t<\/div>\n\t\t\t\t\t<\/div>\n\n\t\n\n\t<div id=\"col-301772320\" class=\"col medium-3 small-6 large-3\"  >\n\t\t\t\t<div class=\"col-inner\"  >\n\t\t\t\n\t\t\t\n\n\t\t<div class=\"icon-box featured-box icon-box-center text-center\"  >\n\t\t\t\t\t<div class=\"icon-box-img\" style=\"width: 80px\">\n\t\t\t\t<div class=\"icon\">\n\t\t\t\t\t<div class=\"icon-inner\" >\n\t\t\t\t\t\t<img width=\"100\" height=\"100\" src=\"https:\/\/demo.bmconnect.vn\/baohiem\/wp-content\/uploads\/2019\/04\/icon_1-4-anh.png\" class=\"attachment-medium size-medium\" alt=\"\" loading=\"lazy\" \/>\t\t\t\t\t<\/div>\n\t\t\t\t<\/div>\n\t\t\t<\/div>\n\t\t\t\t<div class=\"icon-box-text last-reset\">\n\t\t\t\t\t\t\t\t\t\n<h3 style=\"text-align: center;\">1\/4 d\u00e2n s\u1ed1 Anh<\/h3>\n<p style=\"text-align: center;\"><span style=\"font-size: 95%;\">T\u1ea1i Anh qu\u1ed1c, ch\u00fang t\u00f4i l\u00e0 nh\u00e0 cung c\u1ea5p d\u1ecbch v\u1ee5 b\u1ea3o hi\u1ec3m h\u00e0ng \u0111\u1ea7u, ph\u1ee5c v\u1ee5 \u00bc d\u00e2n s\u1ed1 v\u00e0 ph\u00e1t tri\u1ec3n r\u1ea5t m\u1ea1nh t\u1ea1i c\u00e1c th\u1ecb tr\u01b0\u1eddng Ch\u00e2u \u00c2u, Ch\u00e2u \u00c1 v\u00e0 Canada<\/span><\/p>\n\t\t<\/div>\n\t<\/div>\n\t\n\t\n\t\t<\/div>\n\t\t\t\t\t<\/div>\n\n\t\n<\/div>\n\t\t<\/div>\n\t\t\t\t\t<\/div>\n\n\t\n<\/div>\n<div class=\"row row-small row-gioi-thieu\"  id=\"row-1684964141\">\n\n\t<div id=\"col-1285770729\" class=\"col cot4 medium-4 small-12 large-4\"  >\n\t\t\t\t<div class=\"col-inner dark\" style=\"background-color:rgb(37, 185, 34);\" >\n\t\t\t\n\t\t\t\n<ul>\n<li><a href=\"#\">T\u1ea7m nh\u00ecn<\/a><\/li>\n<li><a href=\"#\">S\u1ee9 m\u1ec7nh ph\u00e1t tri\u1ec3n<\/a><\/li>\n<li><a href=\"#\">Gi\u00e1 tr\u1ecb c\u1ed1t l\u00f5i<\/a><\/li>\n<li><a href=\"#\">Chi\u1ebfn l\u01b0\u1ee3c ph\u00e1t tri\u1ec3n<\/a><\/li>\n<\/ul>\n\t\t<\/div>\n\t\t\t\t\n<style>\n#col-1285770729 > .col-inner {\n  padding: 41px 33px 29px 45px;\n}\n<\/style>\n\t<\/div>\n\n\t\n\n\t<div id=\"col-392069412\" class=\"col cot8 medium-8 small-12 large-8\"  >\n\t\t\t\t<div class=\"col-inner dark\" style=\"background-color:rgb(31, 127, 191);\" >\n\t\t\t\n\t\t\t\n<h3>L\u1ecbch s\u1eed ph\u00e1t tri\u1ec3n c\u1ee7a ch\u00fang t\u00f4i<\/h3>\n<p>T\u1ea1i Anh qu\u1ed1c, ch\u00fang t\u00f4i l\u00e0 nh\u00e0 cung c\u1ea5p d\u1ecbch v\u1ee5 b\u1ea3o hi\u1ec3m<br \/> h\u00e0ng \u0111\u1ea7u, ph\u1ee5c v\u1ee5 \u00bc d\u00e2n s\u1ed1 v\u00e0 ph\u00e1t tri\u1ec3n r\u1ea5t m\u1ea1nh t\u1ea1i c\u00e1c th\u1ecb tr\u01b0\u1eddng<br \/> Ch\u00e2u \u00c2u, Ch\u00e2u \u00c1 v\u00e0 Canada<\/p>\n\t\t<\/div>\n\t\t\t\t\n<style>\n#col-392069412 > .col-inner {\n  padding: 41px 39px 40px 42px;\n}\n<\/style>\n\t<\/div>\n\n\t\n<\/div>\n<div class=\"row row-small row-gioi-thieu2\"  id=\"row-451984321\">\n\n\t<div id=\"col-1959190084\" class=\"col cot1 medium-4 small-12 large-4\"  >\n\t\t\t\t<div class=\"col-inner dark\" style=\"background-color:rgb(84, 38, 165);\" >\n\t\t\t\n\t\t\t\n<h3 class=\"title-ab\">AVIVA VI\u1ec6T NAM H\u01af\u1edaNG \u0110\u1ebeN VI\u1ec6C T\u1ea0O RA S\u1ef0 KH\u00c1C BI\u1ec6T V\u00c0 N\u1ed6 L\u1ef0C KH\u00d4NG NG\u1eeaNG.<\/h3>\n<div class=\"brief\">Ch\u00fang t\u00f4i \u0111\u1eb7t \u01b0u ti\u00ean c\u00f4ng ngh\u1ec7 l\u00e0m tr\u1ecdng t\u00e2m c\u1ee7a chi\u1ebfn l\u01b0\u1ee3c ph\u00e1t tri\u1ec3n \u0111\u1ec3 \u0111\u1ea9y m\u1ea1nh c\u00e1c d\u1ecbch v\u1ee5 d\u1ef1a tr\u00ean n\u1ec1n t\u1ea3ng k\u1ef9 thu\u1eadt s\u1ed1<\/div>\n\t\t<\/div>\n\t\t\t\t\n<style>\n#col-1959190084 > .col-inner {\n  padding: 38px 42px 41px 41px;\n}\n<\/style>\n\t<\/div>\n\n\t\n\n\t<div id=\"col-1030515192\" class=\"col cot2 medium-4 small-12 large-4\"  >\n\t\t\t\t<div class=\"col-inner dark\" style=\"background-color:rgb(248, 144, 0);\" >\n\t\t\t\n\t\t\t\n<h3 class=\"title-ab\">PH\u00c1T TRI\u1ec2N C\u1ed8NG \u0110\u1ed2NG<\/h3>\n<div class=\"brief\">\n<p>Song song v\u1edbi nh\u1eefng m\u1ee5c ti\u00eau kinh doanh, Aviva Vi\u1ec7t Nam c\u0169ng t\u1eadp trung x\u00e2y d\u1ef1ng c\u00e1c d\u1ef1 \u00e1n ph\u00e1t tri\u1ec3n c\u1ed9ng \u0111\u1ed3ng, \u0111i\u1ec3n h\u00ecnh l\u00e0 Ch\u01b0\u01a1ng tr\u00ecnh Qu\u1ef9 C\u1ed9ng \u0110\u1ed3ng Aviva (Aviva Community Fund) v\u00e0 Ch\u01b0\u01a1ng tr\u00ecnh H\u1ecdc b\u1ed5ng Aviva (Aviva Scholarship)<\/p>\n<\/div>\n\t\t<\/div>\n\t\t\t\t\n<style>\n#col-1030515192 > .col-inner {\n  padding: 41px 43px 7px 43px;\n}\n<\/style>\n\t<\/div>\n\n\t\n\n\t<div id=\"col-950031031\" class=\"col cot3 medium-4 small-12 large-4\"  >\n\t\t\t\t<div class=\"col-inner dark\" style=\"background-color:rgb(39, 178, 89);\" >\n\t\t\t\n\t\t\t\n<h3 class=\"title-ab\">TUY\u1ec2N D\u1ee4NG<\/h3>\n<div class=\"brief\">\n<p>V\u1edbi tinh th\u1ea7n kh\u1edfi nghi\u1ec7p nh\u1eb1m t\u1ea1o ra m\u1ed9t m\u00f4i tr\u01b0\u1eddng tho\u1ea3i m\u00e1i, n\u0103ng \u0111\u1ed9ng v\u00e0 gi\u00e0u s\u00e1ng t\u1ea1o, t\u1ea1i Aviva Vi\u1ec7t Nam lu\u00f4n m\u1edf ra nh\u1eefng c\u01a1 h\u1ed9i m\u1edbi \u0111\u1ec3 ch\u00e0o \u0111\u00f3n c\u00e1c \u1ee9ng vi\u00ean ti\u1ec1m n\u0103ng gia nh\u1eadp \u0111\u1ea1i gia \u0111\u00ecnh Aviva.<\/p>\n<p>\u00a0<\/p>\n<\/div>\n\t\t<\/div>\n\t\t\t\t\n<style>\n#col-950031031 > .col-inner {\n  padding: 45px 38px 7px 27px;\n}\n<\/style>\n\t<\/div>\n\n\t\n<\/div>\n","protected":false},"excerpt":{"rendered":"","protected":false},"author":1,"featured_media":0,"parent":0,"menu_order":0,"comment_status":"closed","ping_status":"closed","template":"page-blank.php","meta":[],"_links":{"self":[{"href":"https:\/\/demo.bmconnect.vn\/baohiem\/wp-json\/wp\/v2\/pages\/20"}],"collection":[{"href":"https:\/\/demo.bmconnect.vn\/baohiem\/wp-json\/wp\/v2\/pages"}],"about":[{"href":"https:\/\/demo.bmconnect.vn\/baohiem\/wp-json\/wp\/v2\/types\/page"}],"author":[{"embeddable":true,"href":"https:\/\/demo.bmconnect.vn\/baohiem\/wp-json\/wp\/v2\/users\/1"}],"replies":[{"embeddable":true,"href":"https:\/\/demo.bmconnect.vn\/baohiem\/wp-json\/wp\/v2\/comments?post=20"}],"version-history":[{"count":0,"href":"https:\/\/demo.bmconnect.vn\/baohiem\/wp-json\/wp\/v2\/pages\/20\/revisions"}],"wp:attachment":[{"href":"https:\/\/demo.bmconnect.vn\/baohiem\/wp-json\/wp\/v2\/media?parent=20"}],"curies":[{"name":"wp","href":"https:\/\/api.w.org\/{rel}","templated":true}]}}