{"id":150,"date":"2018-06-02T23:35:40","date_gmt":"2018-06-02T16:35:40","guid":{"rendered":"https:\/\/demo.bmconnect.vn\/?post_type=product&#038;p=150"},"modified":"2018-06-02T23:35:41","modified_gmt":"2018-06-02T16:35:41","slug":"bo-do-boi-2-day-lien-vay-cho-be-gai","status":"publish","type":"product","link":"https:\/\/demo.bmconnect.vn\/babyshop\/san-pham\/bo-do-boi-2-day-lien-vay-cho-be-gai\/","title":{"rendered":"B\u1ed9 \u0111\u1ed3 b\u01a1i 2 d\u00e2y li\u1ec1n v\u00e1y cho b\u00e9 g\u00e1i"},"content":{"rendered":"<p>B\u1ed1 m\u1eb9 c\u00f3 \u00fd \u0111\u1ecbnh mua s\u1eafm qu\u1ea7n \u00e1o v\u1ec1 m\u00f9a h\u00e8, m\u00f9a \u0111\u00f4ng th\u00ec h\u00e3y nhanh ch\u00f3ng gh\u00e9 mua c\u00e1c m\u1eabu \u0111i nh\u00e9, s\u1ed1 l\u01b0\u1ee3ng c\u00f3 h\u1ea1n nh\u01b0ng ch\u1ea5t li\u1ec7u v\u00e0 m\u1eabu m\u00e3 th\u00ec r\u1ea5t l\u00e0 ok v\u00e0 \u0111\u01b0\u1ee3c b\u1ed1 m\u1eb9 \u0111\u00e1nh gi\u00e1 t\u1ed1t \u0111\u1ea5y nh\u00e9!<\/p>\n","protected":false},"excerpt":{"rendered":"<p>B\u1ed1 m\u1eb9 c\u00f3 \u00fd \u0111\u1ecbnh mua s\u1eafm qu\u1ea7n \u00e1o v\u1ec1 m\u00f9a h\u00e8, m\u00f9a \u0111\u00f4ng th\u00ec h\u00e3y nhanh ch\u00f3ng gh\u00e9 mua c\u00e1c m\u1eabu \u0111i nh\u00e9, s\u1ed1 l\u01b0\u1ee3ng c\u00f3 h\u1ea1n nh\u01b0ng ch\u1ea5t li\u1ec7u v\u00e0 m\u1eabu m\u00e3 th\u00ec r\u1ea5t l\u00e0 ok v\u00e0 \u0111\u01b0\u1ee3c b\u1ed1 m\u1eb9 \u0111\u00e1nh gi\u00e1 t\u1ed1t \u0111\u1ea5y nh\u00e9!<\/p>\n","protected":false},"featured_media":151,"comment_status":"open","ping_status":"closed","template":"","meta":[],"product_cat":[21,18],"product_tag":[24],"_links":{"self":[{"href":"https:\/\/demo.bmconnect.vn\/babyshop\/wp-json\/wp\/v2\/product\/150"}],"collection":[{"href":"https:\/\/demo.bmconnect.vn\/babyshop\/wp-json\/wp\/v2\/product"}],"about":[{"href":"https:\/\/demo.bmconnect.vn\/babyshop\/wp-json\/wp\/v2\/types\/product"}],"replies":[{"embeddable":true,"href":"https:\/\/demo.bmconnect.vn\/babyshop\/wp-json\/wp\/v2\/comments?post=150"}],"wp:featuredmedia":[{"embeddable":true,"href":"https:\/\/demo.bmconnect.vn\/babyshop\/wp-json\/wp\/v2\/media\/151"}],"wp:attachment":[{"href":"https:\/\/demo.bmconnect.vn\/babyshop\/wp-json\/wp\/v2\/media?parent=150"}],"wp:term":[{"taxonomy":"product_cat","embeddable":true,"href":"https:\/\/demo.bmconnect.vn\/babyshop\/wp-json\/wp\/v2\/product_cat?post=150"},{"taxonomy":"product_tag","embeddable":true,"href":"https:\/\/demo.bmconnect.vn\/babyshop\/wp-json\/wp\/v2\/product_tag?post=150"}],"curies":[{"name":"wp","href":"https:\/\/api.w.org\/{rel}","templated":true}]}}