{"id":766,"date":"2018-11-27T23:43:54","date_gmt":"2018-11-27T16:43:54","guid":{"rendered":"https:\/\/demo.bmconnect.vn\/?page_id=766"},"modified":"2018-11-27T23:49:13","modified_gmt":"2018-11-27T16:49:13","slug":"lien-he","status":"publish","type":"page","link":"https:\/\/demo.bmconnect.vn\/babyshop\/lien-he\/","title":{"rendered":"Li\u00ean h\u1ec7"},"content":{"rendered":"<div class=\"row row-lien-he\"  id=\"row-504312332\">\n<div class=\"col small-12 large-12\"  ><div class=\"col-inner\"  >\n\t<div class=\"img has-hover x md-x lg-x y md-y lg-y\" id=\"image_2072157915\">\n\t\t\t\t\t\t\t\t<div class=\"img-inner dark\" >\n\t\t\t<img width=\"1200\" height=\"220\" src=\"https:\/\/demo.bmconnect.vn\/babyshop\/wp-content\/uploads\/2018\/06\/slider2.jpg\" class=\"attachment-original size-original\" alt=\"\" loading=\"lazy\" srcset=\"https:\/\/demo.bmconnect.vn\/babyshop\/wp-content\/uploads\/2018\/06\/slider2.jpg 1200w, https:\/\/demo.bmconnect.vn\/babyshop\/wp-content\/uploads\/2018\/06\/slider2-300x55.jpg 300w, https:\/\/demo.bmconnect.vn\/babyshop\/wp-content\/uploads\/2018\/06\/slider2-768x141.jpg 768w, https:\/\/demo.bmconnect.vn\/babyshop\/wp-content\/uploads\/2018\/06\/slider2-1024x188.jpg 1024w, https:\/\/demo.bmconnect.vn\/babyshop\/wp-content\/uploads\/2018\/06\/slider2-600x110.jpg 600w\" sizes=\"(max-width: 1200px) 100vw, 1200px\" \/>\t\t\t\t\t\t\n\t\t\t\t\t<\/div>\n\t\t\t\t\t\t\t\t\n<style scope=\"scope\">\n\n#image_2072157915 {\n  width: 100%;\n}\n<\/style>\n\t<\/div>\n\t\n<\/div><\/div>\n<div class=\"col medium-6 small-12 large-6\"  ><div class=\"col-inner\"  >\n<h2>Th\u00f4ng tin li\u00ean h\u1ec7:<\/h2>\n<ul>\n<li>\n<p><span style=\"color: #00ccff;\"><strong>M&amp;M Shoes (Th\u1eddi trang gi\u00e0y d\u00e9p cho b\u00e9)<\/strong><\/span><\/p>\n<\/li>\n<li>\n<p>\u0110\u1ecba ch\u1ec9: TM03, t\u1ea7ng 1, CT6, K\u0110T V\u0103n Kh\u00ea, H\u00e0 \u0110\u00f4ng\u00a0<\/p>\n<\/li>\n<li>\u0110i\u1ec7n tho\u1ea1i: 0329630512<\/li>\n<li>Fanpage:\u00a0https:\/\/fb.com\/giaytreemxuatkhauchinhhang\/<\/li>\n<li>STK:\u00a0 0021001114804<\/li>\n<li>Ch\u1ee7 t\u00e0i kho\u1ea3n: Nguy\u1ec5n Th\u1ecb Thu Thu\u1ef7<\/li>\n<li>Ng\u00e2n h\u00e0ng Vietcombank Chi nh\u00e1nh B\u00e0 Tri\u1ec7u, H\u00e0 N\u1ed9i<\/li>\n<\/ul>\n<\/div><\/div>\n<div class=\"col medium-6 small-12 large-6\"  ><div class=\"col-inner\"  >\n<div role=\"form\" class=\"wpcf7\" id=\"wpcf7-f772-o1\" lang=\"vi\" dir=\"ltr\">\n<div class=\"screen-reader-response\"><p role=\"status\" aria-live=\"polite\" aria-atomic=\"true\"><\/p> <ul><\/ul><\/div>\n<form action=\"\/babyshop\/wp-json\/wp\/v2\/pages\/766#wpcf7-f772-o1\" method=\"post\" class=\"wpcf7-form init\" novalidate=\"novalidate\" data-status=\"init\">\n<div style=\"display: none;\">\n<input type=\"hidden\" name=\"_wpcf7\" value=\"772\" \/>\n<input type=\"hidden\" name=\"_wpcf7_version\" value=\"5.4.2\" \/>\n<input type=\"hidden\" name=\"_wpcf7_locale\" value=\"vi\" \/>\n<input type=\"hidden\" name=\"_wpcf7_unit_tag\" value=\"wpcf7-f772-o1\" \/>\n<input type=\"hidden\" name=\"_wpcf7_container_post\" value=\"0\" \/>\n<input type=\"hidden\" name=\"_wpcf7_posted_data_hash\" value=\"\" \/>\n<\/div>\n<p><span class=\"wpcf7-form-control-wrap text-813\"><input type=\"text\" name=\"text-813\" value=\"\" size=\"40\" class=\"wpcf7-form-control wpcf7-text wpcf7-validates-as-required\" aria-required=\"true\" aria-invalid=\"false\" placeholder=\"H\u1ecd v\u00e0 t\u00ean...\" \/><\/span><br \/>\n<span class=\"wpcf7-form-control-wrap email-560\"><input type=\"email\" name=\"email-560\" value=\"\" size=\"40\" class=\"wpcf7-form-control wpcf7-text wpcf7-email wpcf7-validates-as-email\" aria-invalid=\"false\" placeholder=\"\u0110\u1ecba ch\u1ec9 email...\" \/><\/span><br \/>\n<span class=\"wpcf7-form-control-wrap tel-467\"><input type=\"tel\" name=\"tel-467\" value=\"\" size=\"40\" class=\"wpcf7-form-control wpcf7-text wpcf7-tel wpcf7-validates-as-required wpcf7-validates-as-tel\" aria-required=\"true\" aria-invalid=\"false\" placeholder=\"S\u1ed1 \u0111i\u1ec7n tho\u1ea1i...\" \/><\/span><br \/>\n<span class=\"wpcf7-form-control-wrap text-8134\"><input type=\"text\" name=\"text-8134\" value=\"\" size=\"40\" class=\"wpcf7-form-control wpcf7-text\" aria-invalid=\"false\" placeholder=\"\u0110\u1ecba ch\u1ec9 c\u1ee7a b\u1ea1n...\" \/><\/span><br \/>\n<span class=\"wpcf7-form-control-wrap textarea-754\"><textarea name=\"textarea-754\" cols=\"40\" rows=\"10\" class=\"wpcf7-form-control wpcf7-textarea\" aria-invalid=\"false\" placeholder=\"N\u1ed9i dung li\u00ean h\u1ec7...\"><\/textarea><\/span><br \/>\n<input type=\"submit\" value=\"G\u1eedi li\u00ean h\u1ec7\" class=\"wpcf7-form-control wpcf7-submit\" \/><\/p>\n<div class=\"wpcf7-response-output\" aria-hidden=\"true\"><\/div><\/form><\/div>\n<\/div><\/div>\n<div class=\"col small-12 large-12\"  ><div class=\"col-inner\"  >\n<p><iframe loading=\"lazy\" style=\"border: 0;\" src=\"https:\/\/www.google.com\/maps\/embed?pb=!1m18!1m12!1m3!1d3725.2130170374944!2d105.79226011521641!3d20.984096594676814!2m3!1f0!2f0!3f0!3m2!1i1024!2i768!4f13.1!3m3!1m2!1s0x3135acc6066cb537%3A0x4fc1c256d7cdb4d!2zR2l1c2VBcnQgLSBUaGnhur90IGvhur8gxJHhu5MgaOG7jWEgdsOgIHdlYnNpdGUgY2h1ecOqbiBuZ2hp4buHcA!5e0!3m2!1svi!2s!4v1543057941688\" width=\"100%\" height=\"250\" frameborder=\"0\" allowfullscreen=\"allowfullscreen\" data-mce-fragment=\"1\"><\/iframe><\/p>\n<\/div><\/div>\n\n<style scope=\"scope\">\n\n<\/style>\n<\/div>\n","protected":false},"excerpt":{"rendered":"","protected":false},"author":1,"featured_media":0,"parent":0,"menu_order":0,"comment_status":"closed","ping_status":"closed","template":"","meta":[],"_links":{"self":[{"href":"https:\/\/demo.bmconnect.vn\/babyshop\/wp-json\/wp\/v2\/pages\/766"}],"collection":[{"href":"https:\/\/demo.bmconnect.vn\/babyshop\/wp-json\/wp\/v2\/pages"}],"about":[{"href":"https:\/\/demo.bmconnect.vn\/babyshop\/wp-json\/wp\/v2\/types\/page"}],"author":[{"embeddable":true,"href":"https:\/\/demo.bmconnect.vn\/babyshop\/wp-json\/wp\/v2\/users\/1"}],"replies":[{"embeddable":true,"href":"https:\/\/demo.bmconnect.vn\/babyshop\/wp-json\/wp\/v2\/comments?post=766"}],"version-history":[{"count":6,"href":"https:\/\/demo.bmconnect.vn\/babyshop\/wp-json\/wp\/v2\/pages\/766\/revisions"}],"predecessor-version":[{"id":776,"href":"https:\/\/demo.bmconnect.vn\/babyshop\/wp-json\/wp\/v2\/pages\/766\/revisions\/776"}],"wp:attachment":[{"href":"https:\/\/demo.bmconnect.vn\/babyshop\/wp-json\/wp\/v2\/media?parent=766"}],"curies":[{"name":"wp","href":"https:\/\/api.w.org\/{rel}","templated":true}]}}