{"id":500,"date":"2017-08-19T00:53:41","date_gmt":"2017-08-18T17:53:41","guid":{"rendered":"https:\/\/demo.bmconnect.vn\/aomua\/?post_type=product&#038;p=500"},"modified":"2017-08-19T00:53:41","modified_gmt":"2017-08-18T17:53:41","slug":"o-tu-dong-cao-cap-cho-nu-audi-mau-den","status":"publish","type":"product","link":"https:\/\/demo.bmconnect.vn\/aomua\/cua-hang\/o-tu-dong-cao-cap-cho-nu-audi-mau-den\/","title":{"rendered":"\u00d4 t\u1ef1 \u0111\u1ed9ng cao c\u1ea5p cho n\u1eef AUDI m\u00e0u \u0111en"},"content":{"rendered":"<h2><strong>\u00d4 T\u1ef0\u00a0\u0110\u1ed8NG AUDI M\u00c0U\u00a0\u0110EN<\/strong><\/h2>\n<p><strong><img src=\"http:\/\/odutudong.com\/images\/o-nam\/audi\/o-tu-dong-dong-mo-2-chieu-audi-08.jpg\" alt=\"o-tu-dong-dong-mo-2-chieu-audi-08\" \/><\/strong><\/p>\n<p><em>\u00d4 \u0111\u00f3ng m\u1edf t\u1ef1 \u0111\u1ed9ng Audi m\u00e0u \u0111en<\/em><\/p>\n<p><img loading=\"lazy\" src=\"http:\/\/odutudong.com\/images\/o-nam\/audi\/o-tu-dong-dong-mo-2-chieu-audi-06.jpg\" alt=\"o-tu-dong-dong-mo-2-chieu-audi-06\" width=\"753\" height=\"526\" \/><\/p>\n<p><em>\u00d4 t\u1ef1 \u0111\u1ed9ng Audi v\u1edbi khung x\u01b0\u01a1ng 8 nan v\u1eefng ch\u1eafc<\/em><\/p>\n<p><em><img src=\"http:\/\/odutudong.com\/images\/o-nam\/audi\/o-tu-dong-dong-mo-2-chieu-audi-08.jpg\" alt=\"o-tu-dong-dong-mo-2-chieu-audi-08\" \/><\/em><\/p>\n<p><em>\u00d4 t\u1ef1 \u0111\u1ed9ng 2 chi\u1ec1u Audi c\u00f3 k\u1ebft c\u1ea5u khung x\u01b0\u01a1ng v\u1eefng ch\u1eafc<\/em><\/p>\n<p>Kh\u00e1c v\u1edbi c\u00e1c lo\u1ea1i \u00f4 th\u00f4ng th\u01b0\u1eddng kh\u00e1c tr\u00ean th\u1ecb tr\u01b0\u1eddng, <strong>\u00d4 T\u1ef0 \u0110\u1ed8NG\u00a0AUD<\/strong>I \u0111\u01b0\u1ee3c thi\u1ebft k\u1ebf v\u1edbi r\u1ea5t nhi\u1ec1u ti\u1ec7n \u00edch. \u00d4 s\u1eed d\u1ee5ng lo\u1ea1i v\u1ea3i nh\u1eadp kh\u1ea9u t\u1eeb Italia,<\/p>\n<p>v\u1ea3i cao su ch\u1ed1ng th\u1ea5m n\u01b0\u1edbc, ch\u1ed1ng tia c\u1ef1c t\u00edm 99.9%\u00a0b\u1ea3o v\u1ec7 s\u1ee9c kh\u1ecfe v\u00e0 l\u00e0n da, cho b\u1ea1n s\u1ef1 y\u00ean t\u00e2m khi ra ngo\u00e0i trong c\u00e1i n\u00f3ng m\u00f9a h\u00e8 nhi\u1ec7t \u0111\u1edbi.<\/p>\n<p><img loading=\"lazy\" src=\"http:\/\/odutudong.com\/images\/o-nam\/audi\/o-tu-dong-audi-01.jpg\" alt=\"o-tu-dong-audi-01\" width=\"749\" height=\"774\" \/><\/p>\n<p>Khung x\u01b0\u01a1ng C\u1ef0C CH\u1eaeC CH\u1eaeN\u00a0\u0111\u01b0\u1ee3c s\u1ea3n xu\u1ea5t b\u1eb1ng h\u1ee3p kim nh\u00f4m + nh\u1ef1a cao c\u1ea5p + c\u1ea5u tr\u00fac s\u1ee3i th\u1ee7y tinh c\u00f3 t\u00e1c d\u1ee5ng t\u0103ng kh\u1ea3 n\u0103ng ch\u1ecbu l\u1ef1c<\/p>\n<p>d\u01b0\u1edbi t\u00e1c \u0111\u1ed9ng m\u1ea1nh c\u1ee7a gi\u00f3. Ch\u1ed1ng r\u1ec9 s\u00e9t, \u1ed5n \u0111\u1ecbnh k\u1ebft c\u1ea5u d\u01b0\u1edbi c\u00e1c t\u00e1c \u0111\u1ed9ng b\u00ean ngo\u00e0i.<\/p>\n<p><strong><img src=\"http:\/\/odutudong.com\/images\/o-nam\/audi\/o-tu-dong-audi-07.jpg\" alt=\"o-tu-dong-audi-07\" \/><\/strong><\/p>\n<p>\u00d4 \u0111\u01b0\u1ee3c thi\u1ebft k\u1ebf \u0111\u00f3ng m\u1edf t\u1ef1 \u0111\u1ed9ng, \u0111\u01a1n gi\u1ea3n, d\u1ec5 s\u1eed d\u1ee5ng. V\u1edbi \u0111\u1eb7c t\u00ednh khung x\u01b0\u01a1ng cao c\u1ea5p, \u00d4 AUDI d\u1ec5 d\u00e0ng g\u1ea5p m\u1edf b\u1edfi k\u1ebft c\u1ea5u tr\u01b0\u1ee3t nh\u1eb9 v\u00e0 c\u00e1c n\u1ebfp g\u1ea5p \u0111\u1ecbnh h\u00ecnh.<\/p>\n<div>Ngo\u00e0i ra \u00f4 c\u00f2n \u0111\u01b0\u1ee3c in logo AUDI l\u00e0 d\u1ea5u hi\u1ec7u ch\u1ee9ng t\u1ecf s\u1ef1 sang tr\u1ecdng v\u00e0 ch\u1ea5t l\u01b0\u1ee3ng h\u00e0ng \u0111\u1ea7u.<\/div>\n<div><\/div>\n<div><img src=\"http:\/\/odutudong.com\/images\/o-nam\/audi\/o-tu-dong-dong-mo-2-chieu-audi-02.jpg\" alt=\"o-tu-dong-dong-mo-2-chieu-audi-02\" \/><\/div>\n<div><\/div>\n<div>Hi\u1ec7n \u00f4 t\u1ef1 \u0111\u1ed9ng\u00a0Audi \u0111\u00e3 v\u00e0o\u00a0th\u1ecb tr\u01b0\u1eddng Vi\u1ec7t Nam h\u01a1n 5 n\u0103m v\u00e0 l\u00e0 1 trong nh\u1eefng s\u1ea3n ph\u1ea9m <strong>\u00f4 t\u1ef1 \u0111\u1ed9ng \u0111\u00f3ng m\u1edf 2 chi\u1ec1u<\/strong> \u0111\u01b0\u1ee3c \u01b0a chu\u1ed9ng nh\u1ea5t \u1edf Vi\u1ec7t Nam.<\/div>\n<div>S\u1ea3n ph\u1ea9m ch\u1ea5t l\u01b0\u1ee3ng th\u1ec3 hi\u1ec7n \u0111\u01b0\u1ee3c s\u1ef1 s\u00e0nh \u0111i\u1ec7u v\u00e0 sang tr\u1ecdng, b\u1ea3o v\u1ec7 b\u1ea1n v\u00e0 gia \u0111\u00ecnh kh\u1ecfi s\u1ef1 t\u00e1c \u0111\u1ed9ng c\u1ee7a tia c\u1ef1c t\u00edm.<\/div>\n<div><\/div>\n","protected":false},"excerpt":{"rendered":"<p>\u00d4 t\u1ef1 \u0111\u1ed9ng 2 chi\u1ec1u Audi n\u1ed5i ti\u1ebfng v\u1edbi thi\u1ebft k\u1ebf v\u1eefng ch\u1eafc, sang tr\u1ecdng, ch\u1ed1ng n\u01b0\u1edbc v\u00e0 UV c\u1ef1c t\u1ed1t. \u00d4 Audi li\u00ean t\u1ee5c l\u00e0 s\u1ea3n ph\u1ea9m \u00f4 b\u00e1n ch\u1ea1y nh\u1ea5t t\u1eeb n\u0103m 2012 \u0111\u1ebfn 2015<\/p>\n<p>&#8211; \u0110\u01b0\u1eddng k\u00ednh: 104cm<\/p>\n<p>&#8211; Chi\u1ec1u d\u00e0i: 65cm (khi bung \u00f4), 34cm (khi g\u1ea5p g\u1ecdn)<\/p>\n<p>&#8211; Tr\u1ecdng l\u01b0\u1ee3ng: 520gr<\/p>\n","protected":false},"featured_media":501,"template":"","meta":[],"product_cat":[18],"product_tag":[],"_links":{"self":[{"href":"https:\/\/demo.bmconnect.vn\/aomua\/wp-json\/wp\/v2\/product\/500"}],"collection":[{"href":"https:\/\/demo.bmconnect.vn\/aomua\/wp-json\/wp\/v2\/product"}],"about":[{"href":"https:\/\/demo.bmconnect.vn\/aomua\/wp-json\/wp\/v2\/types\/product"}],"wp:featuredmedia":[{"embeddable":true,"href":"https:\/\/demo.bmconnect.vn\/aomua\/wp-json\/wp\/v2\/media\/501"}],"wp:attachment":[{"href":"https:\/\/demo.bmconnect.vn\/aomua\/wp-json\/wp\/v2\/media?parent=500"}],"wp:term":[{"taxonomy":"product_cat","embeddable":true,"href":"https:\/\/demo.bmconnect.vn\/aomua\/wp-json\/wp\/v2\/product_cat?post=500"},{"taxonomy":"product_tag","embeddable":true,"href":"https:\/\/demo.bmconnect.vn\/aomua\/wp-json\/wp\/v2\/product_tag?post=500"}],"curies":[{"name":"wp","href":"https:\/\/api.w.org\/{rel}","templated":true}]}}