{"id":495,"date":"2017-08-19T00:50:45","date_gmt":"2017-08-18T17:50:45","guid":{"rendered":"https:\/\/demo.bmconnect.vn\/aomua\/?post_type=product&#038;p=495"},"modified":"2017-08-19T00:50:45","modified_gmt":"2017-08-18T17:50:45","slug":"o-tu-dong-ardeco-cao-cap-cho-nu-chong-uv","status":"publish","type":"product","link":"https:\/\/demo.bmconnect.vn\/aomua\/cua-hang\/o-tu-dong-ardeco-cao-cap-cho-nu-chong-uv\/","title":{"rendered":"\u00d4 t\u1ef1 \u0111\u1ed9ng Ardeco cao c\u1ea5p cho n\u1eef ch\u1ed1ng UV"},"content":{"rendered":"<p>\u00d4 Ardeco l\u00e0 d\u00f2ng \u00f4 t\u1ef1 \u0111\u1ed9ng m\u1edbi ra nh\u1eadp th\u1ecb tr\u01b0\u1eddng \u00f4 d\u00f9. C\u00e1i t\u00ean n\u00f3i l\u00ean ti\u00eau ch\u00ed c\u1ee7a s\u1ea3n ph\u1ea9m. V\u1edbi tri\u1ebft l\u00fd t\u00f4n vinh t\u00ednh thanh l\u1ecbch, c\u00f4ng n\u0103ng, v\u1ebb \u0111\u1eb9p v\u00e0 s\u1ef1 hi\u1ec7n \u0111\u1ea1i.\u00a0Ardeco l\u00e0 m\u1ed9t s\u1ea3n ph\u1ea9m \u00f4 d\u00f9 si\u00eau nh\u1ecf g\u1ecdn thu\u1ed9c d\u00f2ng<strong> \u00f4 t\u1ef1 \u0111\u1ed9ng hai chi\u1ec1u<\/strong> ti\u1ec7n \u00edch v\u1edbi ki\u1ec3u d\u00e1ng th\u1eddi trang c\u00e1 t\u00ednh \u0111\u01b0\u1ee3c nhi\u1ec1u ng\u01b0\u1eddi y\u00eau th\u00edch.<\/p>\n<h2><strong>C\u1ea5u t\u1ea1o \u00f4 t\u1ef1 \u0111\u1ed9ng hai chi\u1ec1u Ardeco<\/strong><\/h2>\n<p>C\u0169ng gi\u1ed1ng nh\u01b0 nh\u1eefng lo\u1ea1i \u00f4 d\u00f9 c\u00e1n ng\u1eafn th\u00f4ng th\u01b0\u1eddng, <strong>\u00f4 t\u1ef1 \u0111\u1ed9ng hai chi\u1ec1u <\/strong>Ardeco c\u00f3 c\u1ea5u t\u1ea1o g\u1ed3m 3 ph\u1ea7n: tay n\u1eafm \u00f4, khung \u00f4 v\u00e0 v\u1ea3i \u00f4<\/p>\n<p>Ph\u1ea7n tay n\u1eafm \u0111\u01b0\u1ee3c thi\u1ebft k\u1ebf v\u00f4 c\u00f9ng tinh t\u1ebf v\u1edbi ki\u1ec3u d\u00e1ng tay n\u1eafm h\u00ecnh tr\u00f2n, thu\u00f4n d\u00e0i k\u00edch th\u01b0\u1edbc t\u01b0\u01a1ng \u0111\u1ed1i nh\u1ecf nh\u1eafn ti\u1ec7n l\u1ee3i cho b\u1ea1n n\u1eafm v\u1eeba l\u1ecdt l\u00f2ng b\u00e0n tay.<\/p>\n<p>C\u00e1n \u00f4\u00a0t\u1ef1 \u0111\u1ed9ng Ardeco c\u00f3 thi\u1ebft k\u1ebf tr\u00f2n, nh\u1eb5n, thu\u00f4n d\u00e0i v\u1eeba v\u1eb7n v\u1edbi l\u00f2ng b\u00e0n tay ng\u01b0\u1eddi s\u1eed d\u1ee5ng.<\/p>\n<p>N\u00fat b\u1ea5m h\u01a1i nh\u00f4 l\u00ean so v\u1edbi b\u1ec1 m\u1eb7t chung gi\u00fap b\u1ea5m m\u1edf \u00f4 d\u1ec5 d\u00e0ng<\/p>\n<p>\u00d4 s\u1eed d\u1ee5ng c\u1ea5u t\u1ea1o khung x\u01b0\u01a1ng 10 nan b\u1eb1ng h\u1ee3p kim th\u00e9p, k\u1ebft h\u1ee3p v\u1edbi x\u01b0\u01a1ng s\u1ee3i th\u1ee7y tinh gi\u00fap gia t\u0103ng kh\u1ea3 n\u0103ng ch\u1ecbu gi\u00f3 n\u01b0\u1edbc.<\/p>\n<p>Ngo\u00e0i ra, \u00f4 s\u1eed d\u1ee5ng v\u1ea3i Carom m\u1eadt \u0111\u1ed9 cao, k\u1ebft h\u1ee3p v\u1edbi nh\u1ef1a vinyl gi\u00fap \u00f4 c\u00f3 kh\u1ea3 n\u0103ng ch\u1ed1ng UV v\u00e0 ch\u1ed1ng th\u1ea5m c\u1ef1c t\u1ed1t<\/p>\n<p><img src=\"http:\/\/odutudong.com\/images\/o-nam\/o-ardeco\/o-tu-dong-10-nan-ardeco-mau-xanh-01.jpg\" alt=\"o-tu-dong-10-nan-ardeco-mau-xanh-01\" \/><\/p>\n<div id=\"attachment_6516\" class=\"wp-caption aligncenter\"><em>\u00d4 t\u1ef1 \u0111\u1ed9ng 10 nan Ardeco m\u00e0u xanh<\/em><\/div>\n<div class=\"wp-caption aligncenter\"><\/div>\n<div class=\"wp-caption aligncenter\"><\/div>\n<div class=\"wp-caption aligncenter\"><em><img src=\"http:\/\/odutudong.com\/images\/o-nam\/o-ardeco\/o-tu-dong-10-nan-ardeco-mau-tim-01.jpg\" alt=\"o-tu-dong-10-nan-ardeco-mau-tim-01\" \/><\/em><\/div>\n<div id=\"attachment_6515\" class=\"wp-caption aligncenter\"><em>\u00d4 t\u1ef1 \u0111\u1ed9ng 10 nan Ardeco m\u00e0u t\u00edm<\/em><\/div>\n<div class=\"wp-caption aligncenter\"><\/div>\n<div class=\"wp-caption aligncenter\">\n<h2><strong>\u01afu \u0111i\u1ec3m c\u1ee7a \u00f4 d\u00f9 Ardeco<\/strong><\/h2>\n<p>M\u1eabu s\u1ea3n ph\u1ea9m<strong> \u00f4 t\u1ef1 \u0111\u1ed9ng hai chi\u1ec1u<\/strong> n\u00e0y c\u00f3 nh\u1eefng \u01b0u \u0111i\u1ec3m n\u1ed5i b\u1eadt sau:<\/p>\n<p>&#8211; C\u00f3 t\u00ednh th\u1ea9m m\u1ef9 cao<\/p>\n<p>&#8211; C\u00f4ng n\u0103ng s\u1eed d\u1ee5ng l\u1edbn c\u00f3 th\u1ec3 gi\u00fap b\u1ea1n che m\u01b0a che n\u1eafng, \u0111\u1eb7c bi\u1ec7t ch\u1ed1ng tia UV c\u1ef1c t\u1ed1t.<\/p>\n<p>&#8211; Ki\u1ec3u d\u00e1ng th\u1eddi sang, b\u1eaft m\u1eaft sang tr\u1ecdng, duy\u00ean d\u00e1ng.<\/p>\n<p>&#8211; Thi\u1ebft k\u1ebf nh\u1ecf g\u1ecdn, ti\u1ec7n l\u1ee3i b\u1ecf t\u00fai mang \u0111i b\u1ea5t c\u1ee9 n\u01a1i \u0111\u00e2u.<\/p>\n<\/div>\n","protected":false},"excerpt":{"rendered":"<p>\u00d4 Ardeco l\u00e0 d\u00f2ng \u00f4 t\u1ef1 \u0111\u1ed9ng m\u1edbi ra nh\u1eadp th\u1ecb tr\u01b0\u1eddng \u00f4 d\u00f9. C\u00e1i t\u00ean n\u00f3i l\u00ean ti\u00eau ch\u00ed c\u1ee7a s\u1ea3n ph\u1ea9m. V\u1edbi tri\u1ebft l\u00fd t\u00f4n vinh t\u00ednh thanh l\u1ecbch, c\u00f4ng n\u0103ng, v\u1ebb \u0111\u1eb9p v\u00e0 s\u1ef1 hi\u1ec7n \u0111\u1ea1i.\u00a0Ardeco l\u00e0 m\u1ed9t s\u1ea3n ph\u1ea9m \u00f4 d\u00f9 si\u00eau nh\u1ecf g\u1ecdn thu\u1ed9c d\u00f2ng<strong> \u00f4 t\u1ef1 \u0111\u1ed9ng hai chi\u1ec1u<\/strong> ti\u1ec7n \u00edch v\u1edbi ki\u1ec3u d\u00e1ng th\u1eddi trang c\u00e1 t\u00ednh \u0111\u01b0\u1ee3c nhi\u1ec1u ng\u01b0\u1eddi y\u00eau th\u00edch.<\/p>\n","protected":false},"featured_media":496,"template":"","meta":[],"product_cat":[18],"product_tag":[],"_links":{"self":[{"href":"https:\/\/demo.bmconnect.vn\/aomua\/wp-json\/wp\/v2\/product\/495"}],"collection":[{"href":"https:\/\/demo.bmconnect.vn\/aomua\/wp-json\/wp\/v2\/product"}],"about":[{"href":"https:\/\/demo.bmconnect.vn\/aomua\/wp-json\/wp\/v2\/types\/product"}],"wp:featuredmedia":[{"embeddable":true,"href":"https:\/\/demo.bmconnect.vn\/aomua\/wp-json\/wp\/v2\/media\/496"}],"wp:attachment":[{"href":"https:\/\/demo.bmconnect.vn\/aomua\/wp-json\/wp\/v2\/media?parent=495"}],"wp:term":[{"taxonomy":"product_cat","embeddable":true,"href":"https:\/\/demo.bmconnect.vn\/aomua\/wp-json\/wp\/v2\/product_cat?post=495"},{"taxonomy":"product_tag","embeddable":true,"href":"https:\/\/demo.bmconnect.vn\/aomua\/wp-json\/wp\/v2\/product_tag?post=495"}],"curies":[{"name":"wp","href":"https:\/\/api.w.org\/{rel}","templated":true}]}}