{"id":211,"date":"2017-08-18T22:15:46","date_gmt":"2017-08-18T15:15:46","guid":{"rendered":"https:\/\/demo.bmconnect.vn\/aomua\/?post_type=product&#038;p=211"},"modified":"2017-08-18T22:30:37","modified_gmt":"2017-08-18T15:30:37","slug":"o-tu-dong-lotosblume-can-go-mau-xanh","status":"publish","type":"product","link":"https:\/\/demo.bmconnect.vn\/aomua\/cua-hang\/o-tu-dong-lotosblume-can-go-mau-xanh\/","title":{"rendered":"\u00d4 t\u1ef1 \u0111\u1ed9ng Lotosblume c\u00e1n g\u1ed7 m\u00e0u xanh"},"content":{"rendered":"<h2 class=\"description\"><strong>\u00d4 D\u00d9 LOTOSBLUME H\u00c0NG HI\u1ec6U &#8211; KH\u1eb2NG \u0110\u1ecaNH \u0110\u1eb2NG C\u1ea4P C\u1ee6A B\u1ea0N<\/strong><\/h2>\n<p>S\u1ea3n ph\u1ea9m \u00f4 t\u1ef1 \u0111\u1ed9ng Lotosblume c\u00e1n g\u1ed7 l\u00e0 m\u1eabu <strong>\u00f4 d\u00f9 h\u00e0ng hi\u1ec7u<\/strong> \u0111\u01b0\u1ee3c c\u00e1c \u0111\u1ea1i gia \u0111\u1eb7c bi\u1ec7t tin d\u00f9ng kh\u00f4ng ch\u1ec9 b\u1edfi t\u00ednh n\u0103ng ti\u1ec7n \u00edch m\u00e0 n\u00f3 mang l\u1ea1i m\u00e0 c\u00f2n b\u1edfi t\u00ednh th\u1ea9m m\u1ef9, sang tr\u1ecdng th\u1eddi th\u01b0\u1ee3ng m\u00e0 n\u00f3 to\u00e1t l\u00ean. \u0110\u00e2y l\u00e0 m\u1eabu \u00f4 d\u00f9 c\u00f3 kh\u1ea3 n\u0103ng ch\u1ed1ng tia UV th\u00e2n thi\u1ec7n v\u1edbi con ng\u01b0\u1eddi h\u00e0ng \u0111\u1ea7u trong nh\u1eefng m\u1eabu <strong>\u00f4 d\u00f9 t\u1ef1 \u0111\u1ed9ng h\u00e0ng hi\u1ec7u <\/strong>tr\u00ean th\u1ecb tr\u01b0\u1eddng hi\u1ec7n nay.<\/p>\n<p><img class=\"aligncenter\" src=\"http:\/\/odutudong.com\/images\/o-nam\/Loto-go-xanh\/o-tu-dong-lotosblume-can-go-09.jpg\" alt=\"o-tu-dong-lotosblume-can-go-09\" \/><\/p>\n<div class=\"description\">\n<div id=\"attachment_5618\" class=\"wp-caption aligncenter\"><em>\u00d4 Lotosblume c\u00e1n g\u1ed7 m\u00e0u xanh<\/em><\/div>\n<div class=\"wp-caption aligncenter\"><\/div>\n<div class=\"wp-caption aligncenter\">\u00d4 ch\u1ed1ng UV l\u00e0 d\u00f2ng \u00f4 c\u00f3 m\u1eadt \u0111\u1ed9 s\u1ee3i v\u1ea3i cao, ph\u1ee7 l\u1edbp ch\u1ed1ng UV gi\u00fap ng\u0103n ch\u1eb7n t\u00e1c \u0111\u1ed9ng c\u1ee7a tia UV\u00a0 t\u1edbi ng\u01b0\u1eddi s\u1eed d\u1ee5ng.<\/div>\n<p>\u00d4 ch\u1ed1ng UV Lotosblume c\u00e1n g\u1ed7 c\u00f3 c\u1ea5u t\u1ea1o khung x\u01b0\u01a1ng 10 nan x\u01b0\u01a1ng s\u1ee3i h\u1ee3p kim. K\u1ebft h\u1ee3p v\u1edbi t\u00e1n \u00f4 l\u00e0m b\u1eb1ng v\u1ea3i d\u00f9 210T c\u00f3 ph\u1ee7 nh\u1ef1a Vinyl gi\u00fap \u00f4 c\u00f3 kh\u1ea3 n\u0103ng ch\u1ed1ng n\u1eafng, ch\u1ed1ng th\u1ea5m, ch\u1ed1ng gi\u00f3 l\u1eadt c\u1ef1c t\u1ed1t.<\/p>\n<p><img class=\"aligncenter\" src=\"http:\/\/odutudong.com\/images\/o-nam\/Loto-go-xanh\/o-tu-dong-lotosblume-can-go-08.jpg\" alt=\"o-tu-dong-lotosblume-can-go-08\" \/><\/p>\n<div id=\"attachment_5617\" class=\"wp-caption aligncenter\"><em>\u00d4 Lotosblume c\u00e1n g\u1ed7 10 nan ph\u00e2n t\u00e1n \u0111\u1ec1u gi\u00fap t\u00e1n \u00f4 c\u0103ng, tr\u00f4i n\u01b0\u1edbc nhanh<\/em><\/div>\n<div class=\"wp-caption aligncenter\"><\/div>\n<div class=\"wp-caption aligncenter\"><\/div>\n<div class=\"wp-caption alignnone\"><em><img src=\"http:\/\/odutudong.com\/images\/o-nam\/Loto-go-xanh\/o-tu-dong-lotosblume-can-go-07.jpg\" alt=\"o-tu-dong-lotosblume-can-go-07\" \/><\/em><\/div>\n<div id=\"attachment_5616\" class=\"wp-caption aligncenter\"><em>\u00d4 Lotosblume c\u00e1n g\u1ed7 10 nan ph\u00e2n t\u00e1n \u0111\u1ec1u gi\u00fap t\u00e1n \u00f4 c\u0103ng, tr\u00f4i n\u01b0\u1edbc nhanh<\/em><\/div>\n<div class=\"wp-caption aligncenter\"><\/div>\n<div class=\"wp-caption aligncenter\">\n<h2><strong>Nh\u1eefng \u0111i\u1ec3m n\u1ed5i b\u1eadt c\u1ee7a \u00f4 Lotosblume<\/strong><\/h2>\n<p>S\u1ea3n ph\u1ea9m \u0111\u01b0\u1ee3c thi\u1ebft k\u1ebf v\u1edbi ki\u1ec3u d\u00e1ng nh\u1ecf g\u1ecdn, th\u1eddi trang, k\u00edch th\u01b0\u1edbc khi g\u1ea5p g\u1ecdn ch\u1ec9 d\u00e0i kho\u1ea3ng 30cm, \u0111\u01b0\u1eddng k\u00ednh 6cm.<\/p>\n<p>&#8211; T\u00e1n \u00f4 r\u1ed9ng 101cm c\u00f3 th\u1ec3 s\u1eed d\u1ee5ng t\u1ed1i \u0111a 2 ng\u01b0\u1eddi.<\/p>\n<p>&#8211; Tay n\u1eafm \u00f4 \u0111\u01b0\u1ee3c thi\u1ebft k\u1ebf b\u1eb1ng c\u00e1n g\u1ed7, thu\u00f4n nh\u1eafn v\u1edbi k\u00edch th\u01b0\u1edbc nh\u1ecf v\u1eeba l\u00f2ng b\u00e0n tay mang l\u1ea1i s\u1ef1 kh\u1ecfe kho\u1eafn, sang tr\u1ecdng cho ng\u01b0\u1eddi s\u1eed d\u1ee5ng.<\/p>\n<p>&#8211; M\u1eabu<strong> \u00f4 d\u00f9 h\u00e0ng hi\u1ec7u<\/strong> n\u00e0y s\u1eed d\u1ee5ng ch\u1ea5t li\u1ec7u v\u1ea3i cao c\u1ea5p v\u1edbi m\u1eadt \u0111\u1ed9 210T c\u00f3 kh\u1ea3 n\u0103ng ch\u1ed1ng th\u1ea5m n\u01b0\u1edbc v\u00e0 ch\u1ed1ng tia UV b\u1ea3o b\u1ea3o v\u1ec7 ng\u01b0\u1eddi s\u1eed d\u1ee5ng c\u1ef1c t\u1ed1t .<\/p>\n<p>&#8211; \u0110\u1eb7c bi\u1ec7t m\u1eabu \u00f4 d\u00f9 t\u1ef1 \u0111\u1ed9ng n\u00e0y c\u00f2n \u0111\u01b0\u1ee3c k\u1ebft c\u1ea5u v\u1edbi khung x\u01b0\u01a1ng g\u1ed3m 10 nam ch\u1eafc kh\u1ecfe \u0111\u1ea3m b\u1ea3o b\u1ea1n \u0111i tho\u1ea3i m\u00e1i trong ti\u1ebft tr\u1eddi m\u01b0a gi\u00f3 b\u00e3o b\u00f9ng m\u00e0 kh\u00f4ng lo b\u1ecb l\u1eadt.<\/p>\n<\/div>\n<div class=\"wp-caption aligncenter\"><em><img src=\"http:\/\/odutudong.com\/images\/o-nam\/Loto-go-xanh\/o-tu-dong-lotosblume-can-go-03.jpg\" alt=\"o-tu-dong-lotosblume-can-go-03\" \/><\/em><\/div>\n<div id=\"attachment_5615\" class=\"wp-caption aligncenter\"><em>\u00d4 ch\u1ed1ng UV Lotosblume c\u00e1n g\u1ed7 sang tr\u1ecdng<\/em><\/div>\n<div class=\"wp-caption aligncenter\"><\/div>\n<div class=\"wp-caption aligncenter\"><\/div>\n<div class=\"wp-caption aligncenter\"><em><img src=\"http:\/\/odutudong.com\/images\/o-nam\/Loto-go-xanh\/o-tu-dong-lotosblume-can-go-02.jpg\" alt=\"o-tu-dong-lotosblume-can-go-02\" \/><\/em><\/div>\n<div id=\"attachment_5614\" class=\"wp-caption aligncenter\"><em>\u00d4 ch\u1ed1ng UV c\u1ee7a Lotosblume c\u00f3 2 m\u00e0u xanh v\u00e0 \u0111en<\/em><\/div>\n<div class=\"wp-caption aligncenter\"><\/div>\n<div class=\"wp-caption aligncenter\">\n<p>D\u00f2ng<strong> \u00f4 d\u00f9 h\u00e0ng hi\u1ec7u<\/strong> Lotosblume c\u00e1n g\u1ed7 th\u00edch h\u1ee3p s\u1eed d\u1ee5ng cho nam gi\u1edbi, s\u1ea3n ph\u1ea9m n\u00e0y \u0111\u01b0\u1ee3c c\u00e1c qu\u00fd \u00f4ng \u0111\u1eb7c bi\u1ec7t y\u00eau th\u00edch mang theo khi ra ngo\u00e0i, n\u00f3 g\u00f3p ph\u1ea7n l\u00e0m to\u00e1t l\u00ean phong th\u00e1i tr\u1ebb trung, \u0111\u0129nh \u0111\u1ea1c m\u00e0 kh\u1ecfe m\u1ea1nh cho ng\u01b0\u1eddi \u0111\u00e0n \u00f4ng.<\/p>\n<p>&nbsp;<\/p>\n<\/div>\n<div class=\"wp-caption aligncenter\">\u00a0<img src=\"http:\/\/odutudong.com\/images\/o-nam\/Loto-go-xanh\/o-tu-dong-lotosblume-can-go-010.jpg\" alt=\"o-tu-dong-lotosblume-can-go-010\" \/><\/div>\n<div id=\"attachment_5619\" class=\"wp-caption aligncenter\"><em>\u00d4 Lotosblume c\u00e1n g\u1ed7 m\u00e0u xanh khi g\u1ea5p g\u1ecdn<\/em><\/div>\n<div class=\"wp-caption aligncenter\"><\/div>\n<div class=\"wp-caption aligncenter\"><em><img src=\"http:\/\/odutudong.com\/images\/o-nam\/Loto-go-xanh\/o-tu-dong-lotosblume-can-go-011.jpg\" alt=\"o-tu-dong-lotosblume-can-go-011\" \/><\/em><\/div>\n<div id=\"attachment_5620\" class=\"wp-caption aligncenter\"><em>\u00d4 Lotosblume c\u00e1n g\u1ed7 m\u00e0u xanh \u2013 \u1ea3nh ch\u1ee5p trong \u0111i\u1ec1u ki\u1ec7n \u00e1nh s\u00e1ng trong nh\u00e0<\/em><\/div>\n<div class=\"wp-caption aligncenter\"><\/div>\n<div class=\"wp-caption aligncenter\"><em><img src=\"http:\/\/odutudong.com\/images\/o-nam\/Loto-go-xanh\/o-tu-dong-lotosblume-can-go-013.jpg\" alt=\"o-tu-dong-lotosblume-can-go-013\" \/><\/em><\/div>\n<div id=\"attachment_5621\" class=\"wp-caption aligncenter\"><em>\u00d4 Lotosblume c\u00e1n g\u1ed7 m\u00e0u xanh \u2013 \u1ea3nh ch\u1ee5p trong \u0111i\u1ec1u ki\u1ec7n \u00e1nh s\u00e1ng ngo\u00e0i tr\u1eddi<\/em><\/div>\n<p>&nbsp;<\/p>\n<p>Tay c\u1ea7m \u00f4 Lotosblume l\u00e0m b\u1eb1ng g\u1ed7 t\u1ef1 nhi\u00ean, thu\u00f4n nh\u1eb5n, d\u1ec5 c\u1ea7m n\u1eafm, ch\u1eafc ch\u1eafn. N\u00fat b\u1ea5m t\u1ef1 \u0111\u1ed9ng \u0111\u01b0\u1ee3c b\u1ed1 tr\u00ed thu\u1eadn ti\u1ec7n \u1edf tay c\u1ea7m. Khi b\u1ea5m m\u1edf, \u00f4 c\u00f3 l\u1ef1c b\u1ea5m t\u1ed1t, t\u00e1n \u00f4 bung nhanh, kh\u1ecfe. Thu g\u1ecdn \u00f4 tr\u01a1n, m\u01b0\u1ee3t, kh\u00f4ng b\u1ecb k\u00e9o r\u00edt, kh\u00f4ng b\u1ecb n\u1eb7ng tay.<\/p>\n<p>\u00d4 Lotosblume c\u00e1n g\u1ed7 \u0111\u1eb7c bi\u1ec7t \u0111\u01b0\u1ee3c nam gi\u1edbi y\u00eau th\u00edch b\u1edfi \u00f4 thu\u1eadn ti\u1ec7n, sang tr\u1ecdng khi s\u1eed d\u1ee5ng. T\u1eebng chi ti\u1ebft c\u1ee7a \u00f4 \u0111\u01b0\u1ee3c chau chu\u1ed1t c\u1ea9n th\u1eadn, t\u1ea1o n\u00ean \u0111\u1eb3ng c\u1ea5p c\u1ee7a ng\u01b0\u1eddi s\u1eed d\u1ee5ng.<\/p>\n<p>&nbsp;<\/p>\n<p><img loading=\"lazy\" src=\"http:\/\/odutudong.com\/images\/o-nam\/Loto-go-xanh\/o-tu-dong-lotosblume-can-go-015.jpg\" alt=\"o-tu-dong-lotosblume-can-go-015\" width=\"698\" height=\"469\" \/><\/p>\n<div id=\"attachment_5623\" class=\"wp-caption aligncenter\"><em>\u00d4 Lotosblume c\u00e1n g\u1ed7 m\u00e0u xanh<\/em><\/div>\n<div class=\"wp-caption aligncenter\"><\/div>\n<div class=\"wp-caption aligncenter\"><\/div>\n<div class=\"wp-caption aligncenter\"><em><img src=\"http:\/\/odutudong.com\/images\/o-nam\/Loto-go-xanh\/o-tu-dong-lotosblume-can-go-017.jpg\" alt=\"o-tu-dong-lotosblume-can-go-017\" \/><\/em><\/div>\n<div id=\"attachment_5624\" class=\"wp-caption aligncenter\"><em>B\u1ed9 khung x\u01b0\u01a1ng ch\u1eafc ch\u1eafn c\u1ee7a \u00f4 Lotosblume c\u00e1n g\u1ed7<\/em><\/div>\n<div class=\"wp-caption aligncenter\"><\/div>\n<div class=\"wp-caption aligncenter\"><\/div>\n<div class=\"wp-caption aligncenter\">N\u1ebfu b\u1ea1n mu\u1ed1n mua <strong>\u00f4 t\u1ef1 \u0111\u1ed9ng cao c\u1ea5p, ch\u00ednh h\u00e3ng <\/strong>v\u1edbi gi\u00e1 th\u00e0nh h\u1ee3p l\u00fd th\u00ec h\u00e3y li\u00ean h\u1ec7 v\u1edbi ch\u00fang t\u00f4i.<\/div>\n<\/div>\n","protected":false},"excerpt":{"rendered":"<p>S\u1ea3n ph\u1ea9m \u00f4 t\u1ef1 \u0111\u1ed9ng Lotosblume c\u00e1n g\u1ed7 l\u00e0 m\u1eabu <strong>\u00f4 d\u00f9 h\u00e0ng hi\u1ec7u<\/strong> \u0111\u01b0\u1ee3c c\u00e1c \u0111\u1ea1i gia \u0111\u1eb7c bi\u1ec7t tin d\u00f9ng kh\u00f4ng ch\u1ec9 b\u1edfi t\u00ednh n\u0103ng ti\u1ec7n \u00edch m\u00e0 n\u00f3 mang l\u1ea1i m\u00e0 c\u00f2n b\u1edfi t\u00ednh th\u1ea9m m\u1ef9, sang tr\u1ecdng th\u1eddi th\u01b0\u1ee3ng m\u00e0 n\u00f3 to\u00e1t l\u00ean.<\/p>\n","protected":false},"featured_media":213,"template":"","meta":[],"product_cat":[19],"product_tag":[],"_links":{"self":[{"href":"https:\/\/demo.bmconnect.vn\/aomua\/wp-json\/wp\/v2\/product\/211"}],"collection":[{"href":"https:\/\/demo.bmconnect.vn\/aomua\/wp-json\/wp\/v2\/product"}],"about":[{"href":"https:\/\/demo.bmconnect.vn\/aomua\/wp-json\/wp\/v2\/types\/product"}],"wp:featuredmedia":[{"embeddable":true,"href":"https:\/\/demo.bmconnect.vn\/aomua\/wp-json\/wp\/v2\/media\/213"}],"wp:attachment":[{"href":"https:\/\/demo.bmconnect.vn\/aomua\/wp-json\/wp\/v2\/media?parent=211"}],"wp:term":[{"taxonomy":"product_cat","embeddable":true,"href":"https:\/\/demo.bmconnect.vn\/aomua\/wp-json\/wp\/v2\/product_cat?post=211"},{"taxonomy":"product_tag","embeddable":true,"href":"https:\/\/demo.bmconnect.vn\/aomua\/wp-json\/wp\/v2\/product_tag?post=211"}],"curies":[{"name":"wp","href":"https:\/\/api.w.org\/{rel}","templated":true}]}}